{"id":3570,"date":"2020-11-21T23:41:25","date_gmt":"2020-11-21T22:41:25","guid":{"rendered":"https:\/\/nigossusare.rs\/?page_id=3570"},"modified":"2026-04-22T12:27:37","modified_gmt":"2026-04-22T10:27:37","slug":"glowna","status":"publish","type":"page","link":"https:\/\/nigossusare.rs\/pl\/","title":{"rendered":"G\u0142\u00f3wna"},"content":{"rendered":"<div class=\"wpb-content-wrapper\"><p>[vc_row css_animation=\u201d\u201d row_type=\u201drow\u201d use_row_as_full_screen_section=\u201dno\u201d type=\u201dgrid\u201d angled_section=\u201dno\u201d text_align=\u201dcenter\u201d background_image_as_pattern=\u201dwithout_pattern\u201d z_index=\u201d\u201d css=\u201d.vc_custom_1593033305930{padding-top: 6px !important;}\u201d][vc_column offset=\u201dvc_hidden-sm vc_hidden-xs\u201d][vc_empty_space height=\u201d16px\u201d el_class=\u201dsakriveno-responsive\u201d][vc_single_image image=\u201d3597\u2033 img_size=\u201dfull\u201d alignment=\u201dcenter\u201d qode_css_animation=\u201d\u201d][vc_empty_space height=\u201d16px\u201d el_class=\u201dsakriveno-responsive\u201d][\/vc_column][\/vc_row][vc_row css_animation=\u201d\u201d row_type=\u201drow\u201d use_row_as_full_screen_section=\u201dno\u201d type=\u201dgrid\u201d angled_section=\u201dno\u201d text_align=\u201dleft\u201d background_image_as_pattern=\u201dwithout_pattern\u201d z_index=\u201d\u201d css=\u201d.vc_custom_1593033160364{padding-top: 0px !important;}\u201d][vc_column offset=\u201dvc_hidden-lg vc_hidden-md\u201d][vc_empty_space el_class=\u201dsakriveno-responsive\u201d][vc_single_image image=\u201d3593\u2033 img_size=\u201dfull\u201d qode_css_animation=\u201d\u201d][\/vc_column][\/vc_row][vc_row css_animation=\u201d\u201d row_type=\u201drow\u201d use_row_as_full_screen_section=\u201dno\u201d type=\u201dfull_width\u201d angled_section=\u201dno\u201d text_align=\u201dleft\u201d background_image_as_pattern=\u201dwithout_pattern\u201d css=\u201d.vc_custom_1591565518640{background-color: #6d6d6d !important;}\u201d z_index=\u201d\u201d][vc_column width=\u201d1\/4\u2033][vc_single_image image=\u201d3572\u2033 img_size=\u201d40\u00d740\u2033 alignment=\u201dcenter\u201d qode_css_animation=\u201d\u201d css=\u201d.vc_custom_1591564361425{padding-top: 30px !important;}\u201d][vc_column_text]<\/p>\n<h4 style=\"color: #ffffff; text-align: center; padding: 40px 20px;\">Gwarancja<\/h4>\n<p>[\/vc_column_text][vc_column_text]<\/p>\n<p style=\"color: #ffffff; text-align: center; padding: 20px 20px;\">Gwarancja wynosi 2 lata na kompletn\u0105 suszarni\u0119 i 5 lat na sterownik automatyczny<\/p>\n<p>[\/vc_column_text][\/vc_column][vc_column width=\u201d1\/4\u2033][vc_single_image image=\u201d3572\u2033 img_size=\u201d40\u00d740\u2033 alignment=\u201dcenter\u201d qode_css_animation=\u201d\u201d css=\u201d.vc_custom_1591564367660{padding-top: 30px !important;}\u201d][vc_column_text]<\/p>\n<h4 style=\"color: #ffffff; text-align: center; padding: 40px 20px;\">Oszcz\u0119dzanie energii<\/h4>\n<p>[\/vc_column_text][vc_column_text]<\/p>\n<p style=\"color: #ffffff; text-align: center; padding: 20px 20px;\">Instalacja systemu odzysku ciep\u0142a umo\u017cliwia znaczne oszcz\u0119dno\u015bci energii<\/p>\n<p>[\/vc_column_text][\/vc_column][vc_column width=\u201d1\/4\u2033][vc_single_image image=\u201d3572\u2033 img_size=\u201d40\u00d740\u2033 alignment=\u201dcenter\u201d qode_css_animation=\u201d\u201d css=\u201d.vc_custom_1591564373449{padding-top: 30px !important;}\u201d][vc_column_text]<\/p>\n<h4 style=\"color: #ffffff; text-align: center; padding: 40px 20px;\">Obs\u0142uga klienta<\/h4>\n<p>[\/vc_column_text][vc_column_text]<\/p>\n<p style=\"color: #ffffff; text-align: center; padding: 20px 20px;\">Jeste\u015bmy do Twojej dyspozycji 24\/7<\/p>\n<p>[\/vc_column_text][\/vc_column][vc_column width=\u201d1\/4\u2033][vc_single_image image=\u201d3572\u2033 img_size=\u201d40\u00d740\u2033 alignment=\u201dcenter\u201d qode_css_animation=\u201d\u201d css=\u201d.vc_custom_1591564379597{padding-top: 30px !important;}\u201d][vc_column_text]<\/p>\n<h4 style=\"color: #ffffff; text-align: center; padding: 40px 20px;\">Wszystko przez nas wyprodukowane<\/h4>\n<p>[\/vc_column_text][vc_column_text]<\/p>\n<p style=\"color: #ffffff; text-align: center; padding: 20px 20px;\">W\u0142asne R&D, produkcja sterownik\u00f3w i wszystkich innych komponent\u00f3w, wybrani dostawcy<\/p>\n<p>[\/vc_column_text][\/vc_column][\/vc_row][vc_row css_animation=\u201d\u201d row_type=\u201drow\u201d use_row_as_full_screen_section=\u201dno\u201d type=\u201dfull_width\u201d angled_section=\u201dno\u201d text_align=\u201dleft\u201d background_image_as_pattern=\u201dwithout_pattern\u201d][vc_column][vc_empty_space][\/vc_column][\/vc_row][vc_row css_animation=\u201d\u201d row_type=\u201drow\u201d use_row_as_full_screen_section=\u201dno\u201d type=\u201dgrid\u201d angled_section=\u201dno\u201d text_align=\u201dleft\u201d background_image_as_pattern=\u201dwithout_pattern\u201d z_index=\u201d\u201d][vc_column width=\u201d1\/3\u2033]<div class=\"q_image_with_text_over q_iwto_hover\"><div class=\"shader\" ><\/div><div class=\"shader_hover\" style=\"background-color: #ff9b03\"><\/div><img decoding=\"async\" itemprop=\"image\" data-src=\"https:\/\/nigossusare.rs\/wp-content\/uploads\/2020\/06\/Naslovna-Zasto-Nigos.jpg\" alt=\"\" src=\"data:image\/svg+xml;base64,PHN2ZyB3aWR0aD0iMSIgaGVpZ2h0PSIxIiB4bWxucz0iaHR0cDovL3d3dy53My5vcmcvMjAwMC9zdmciPjwvc3ZnPg==\" class=\"lazyload\" style=\"--smush-placeholder-width: 800px; --smush-placeholder-aspect-ratio: 800\/534;\" \/><div class=\"text\"><table><tr><td><h3 class=\"caption no_icon\" style=\"color: #ffffff;font-size: 22px;\"><\/h3><\/td><\/tr><\/table><table><tr><td><div class=\"desc\"><a style=\"color: #28395b!important; font-size: 24px; font-weight: 600;\" href=\"\/pl\/o-nas\/dlaczego-nigos\/\">O nas<\/a><\/div><\/td><\/tr><\/table><\/div><\/div>[\/vc_column][vc_column width=\u201d1\/3\u2033]<div class=\"q_image_with_text_over q_iwto_hover\"><div class=\"shader\" ><\/div><div class=\"shader_hover\" style=\"background-color: #ff9b03\"><\/div><img decoding=\"async\" itemprop=\"image\" data-src=\"https:\/\/nigossusare.rs\/wp-content\/uploads\/2020\/06\/Naslovna-sistem-kljuc-u-ruke.jpg\" alt=\"\" src=\"data:image\/svg+xml;base64,PHN2ZyB3aWR0aD0iMSIgaGVpZ2h0PSIxIiB4bWxucz0iaHR0cDovL3d3dy53My5vcmcvMjAwMC9zdmciPjwvc3ZnPg==\" class=\"lazyload\" style=\"--smush-placeholder-width: 800px; --smush-placeholder-aspect-ratio: 800\/534;\" \/><div class=\"text\"><table><tr><td><h3 class=\"caption no_icon\" style=\"color: #ffffff;font-size: 22px;\"><\/h3><\/td><\/tr><\/table><table><tr><td><div class=\"desc\"><a style=\"color: #28395b!important; font-size: 24px; font-weight: 600;\" href=\"\/pl\/komory-do-parowania-posredniego\/\">Us\u0142ugi<\/a><\/div><\/td><\/tr><\/table><\/div><\/div>[\/vc_column][vc_column width=\u201d1\/3\u2033]<div class=\"q_image_with_text_over q_iwto_hover\"><div class=\"shader\" ><\/div><div class=\"shader_hover\" style=\"background-color: #ff9b03\"><\/div><img decoding=\"async\" itemprop=\"image\" data-src=\"https:\/\/nigossusare.rs\/wp-content\/uploads\/2020\/06\/Naslovna-Usluge.jpg\" alt=\"\" src=\"data:image\/svg+xml;base64,PHN2ZyB3aWR0aD0iMSIgaGVpZ2h0PSIxIiB4bWxucz0iaHR0cDovL3d3dy53My5vcmcvMjAwMC9zdmciPjwvc3ZnPg==\" class=\"lazyload\" style=\"--smush-placeholder-width: 800px; --smush-placeholder-aspect-ratio: 800\/534;\" \/><div class=\"text\"><table><tr><td><h3 class=\"caption no_icon\" style=\"color: #ffffff;font-size: 22px;\"><\/h3><\/td><\/tr><\/table><table><tr><td><div class=\"desc\"><a style=\"color: #28395b!important; font-size: 24px; font-weight: 600;\" href=\"\/pl\/uslugi\/automatyka-i-modernizacja\/\">Automatyzacja i modernizacja<\/a><\/div><\/td><\/tr><\/table><\/div><\/div>[\/vc_column][\/vc_row][vc_row css_animation=\u201d\u201d row_type=\u201drow\u201d use_row_as_full_screen_section=\u201dno\u201d type=\u201dgrid\u201d angled_section=\u201dno\u201d text_align=\u201dleft\u201d background_image_as_pattern=\u201dwithout_pattern\u201d z_index=\u201d\u201d css=\u201d.vc_custom_1584006854916{margin-top: 25px !important;}\u201d][vc_column width=\u201d1\/3\u2033]<div class=\"q_image_with_text_over q_iwto_hover\"><div class=\"shader\" ><\/div><div class=\"shader_hover\" style=\"background-color: #ff9b03\"><\/div><img decoding=\"async\" itemprop=\"image\" data-src=\"https:\/\/nigossusare.rs\/wp-content\/uploads\/2020\/06\/Naslovna-ISPM15.jpg\" alt=\"\" src=\"data:image\/svg+xml;base64,PHN2ZyB3aWR0aD0iMSIgaGVpZ2h0PSIxIiB4bWxucz0iaHR0cDovL3d3dy53My5vcmcvMjAwMC9zdmciPjwvc3ZnPg==\" class=\"lazyload\" style=\"--smush-placeholder-width: 800px; --smush-placeholder-aspect-ratio: 800\/534;\" \/><div class=\"text\"><table><tr><td><h3 class=\"caption no_icon\" style=\"color: #ffffff;font-size: 22px;\"><\/h3><\/td><\/tr><\/table><table><tr><td><div class=\"desc\"><a style=\"color: #28395b!important; font-size: 24px; font-weight: 600;\" href=\"\/pl\/jednostki-sterujace\/oprogramowanie\/\">Oprogramowanie<\/a><\/div><\/td><\/tr><\/table><\/div><\/div>[\/vc_column][vc_column width=\u201d1\/3\u2033]<div class=\"q_image_with_text_over q_iwto_hover\"><div class=\"shader\" ><\/div><div class=\"shader_hover\" style=\"background-color: #ff9b03\"><\/div><img decoding=\"async\" itemprop=\"image\" data-src=\"https:\/\/nigossusare.rs\/wp-content\/uploads\/2020\/06\/Naslovna-Vlagomeri.jpg\" alt=\"\" src=\"data:image\/svg+xml;base64,PHN2ZyB3aWR0aD0iMSIgaGVpZ2h0PSIxIiB4bWxucz0iaHR0cDovL3d3dy53My5vcmcvMjAwMC9zdmciPjwvc3ZnPg==\" class=\"lazyload\" style=\"--smush-placeholder-width: 800px; --smush-placeholder-aspect-ratio: 800\/534;\" \/><div class=\"text\"><table><tr><td><h3 class=\"caption no_icon\" style=\"color: #ffffff;font-size: 22px;\"><\/h3><\/td><\/tr><\/table><table><tr><td><div class=\"desc\"><a style=\"color: #28395b!important; font-size: 24px; font-weight: 600;\" href=\"\/pl\/jednostki-sterujace\/mierniki-wilgotnosci\/\">Jednostki steruj\u0105ce<\/a><\/div><\/td><\/tr><\/table><\/div><\/div>[\/vc_column][vc_column width=\u201d1\/3\u2033]<div class=\"q_image_with_text_over q_iwto_hover\"><div class=\"shader\" ><\/div><div class=\"shader_hover\" style=\"background-color: #ff9b03\"><\/div><img decoding=\"async\" itemprop=\"image\" data-src=\"https:\/\/nigossusare.rs\/wp-content\/uploads\/2020\/06\/Naslovna-Rezervni-delovi.jpg\" alt=\"\" src=\"data:image\/svg+xml;base64,PHN2ZyB3aWR0aD0iMSIgaGVpZ2h0PSIxIiB4bWxucz0iaHR0cDovL3d3dy53My5vcmcvMjAwMC9zdmciPjwvc3ZnPg==\" class=\"lazyload\" style=\"--smush-placeholder-width: 800px; --smush-placeholder-aspect-ratio: 800\/534;\" \/><div class=\"text\"><table><tr><td><h3 class=\"caption no_icon\" style=\"color: #ffffff;font-size: 22px;\"><\/h3><\/td><\/tr><\/table><table><tr><td><div class=\"desc\"><a style=\"color: #28395b!important; font-size: 24px; font-weight: 600;\" href=\"\/pl\/suszenie-drewna\/elementy-pieca\/\">Sk\u0142adniki<\/a><\/div><\/td><\/tr><\/table><\/div><\/div>[\/vc_column][\/vc_row][vc_row css_animation=\u201d\u201d row_type=\u201drow\u201d use_row_as_full_screen_section=\u201dno\u201d type=\u201dfull_width\u201d angled_section=\u201dno\u201d text_align=\u201dleft\u201d background_image_as_pattern=\u201dwithout_pattern\u201d][vc_column][vc_empty_space][\/vc_column][\/vc_row][vc_row css_animation=\u201d\u201d row_type=\u201drow\u201d use_row_as_full_screen_section=\u201dno\u201d type=\u201dfull_width\u201d angled_section=\u201dno\u201d text_align=\u201dcenter\u201d background_image_as_pattern=\u201dwithout_pattern\u201d background_image=\u201d1951\u2033 background_color=\u201d#f4f4f4\u2033 css=\u201d.vc_custom_1592944705679{padding-top: 32px !important;padding-bottom: 32px !important;background-color: #f4f4f4 !important;}\u201d z_index=\u201d\u201d el_class=\u201dnigos-map-row\u201d][vc_column css=\u201d.vc_custom_1491992990511{padding-top: 139px !important;padding-bottom: 116px !important;}\u201d][vc_empty_space height=\u201d100px\u201d][vc_column_text]<\/p>\n<h2><span style=\"color: #28395b;\">NIGOS ELEKTRONIK<\/span><\/h2>\n<p>[\/vc_column_text][vc_empty_space height=\u201d21px\u201d][vc_column_text]<\/p>\n<p style=\"text-align: center;\"><span style=\"color: #28395b;\">Na ca\u0142ym \u015bwiecie<\/span><\/p>\n<p>[\/vc_column_text][vc_empty_space height=\u201d60px\u201d][vc_row_inner row_type=\u201drow\u201d type=\u201dfull_width\u201d text_align=\u201dcenter\u201d css_animation=\u201d\u201d][vc_column_inner width=\u201d1\/5\u2033 offset=\u201dvc_col-lg-1\/5 vc_col-md-1\/5\u2033]<div class=\"q_counter_holder  center\" style=\"\" data-digit=\"1100\"><span class=\"counter  zero\" style=\"color: #28395b;font-size: 65px;font-weight: 400;\">1100<\/span><\/div>[vc_empty_space height=\u201d2px\u201d][vc_column_text]<\/p>\n<h3><span style=\"color: #28395b;\">suszarni drewna<\/span><\/h3>\n<p>[\/vc_column_text][vc_empty_space height=\u201d50px\u201d][\/vc_column_inner][vc_column_inner width=\u201d1\/5\u2033 offset=\u201dvc_col-lg-1\/5 vc_col-md-1\/5\u2033]<div class=\"q_counter_holder  center\" style=\"\" data-digit=\"950\"><span class=\"counter  zero\" style=\"color: #28395b;font-size: 65px;font-weight: 400;\">950<\/span><\/div>[vc_empty_space height=\u201d2px\u201d][vc_column_text]<\/p>\n<h3><span style=\"color: #28395b;\">zadowolonych klient\u00f3w<\/span><\/h3>\n<p>[\/vc_column_text][\/vc_column_inner][vc_column_inner width=\u201d1\/5\u2033 offset=\u201dvc_col-lg-1\/5 vc_col-md-1\/5\u2033]<div class=\"q_counter_holder  center\" style=\"\" data-digit=\"40\"><span class=\"counter  zero\" style=\"color: #28395b;font-size: 65px;font-weight: 400;\">40<\/span><\/div>[vc_empty_space height=\u201d2px\u201d][vc_column_text]<\/p>\n<h3><span style=\"color: #28395b;\">kraj\u00f3w na 5 kontynentach<\/span><\/h3>\n<p>[\/vc_column_text][vc_empty_space height=\u201d50px\u201d][\/vc_column_inner][vc_column_inner width=\u201d1\/5\u2033 offset=\u201dvc_col-lg-1\/5 vc_col-md-1\/5\u2033]<div class=\"q_counter_holder  center\" style=\"\" data-digit=\"33\"><span class=\"counter  zero\" style=\"color: #28395b;font-size: 65px;font-weight: 400;\">33<\/span><\/div>[vc_empty_space height=\u201d2px\u201d][vc_column_text]<\/p>\n<h3><span style=\"color: #28395b;\">lat do\u015bwiadczenia, 5 lat gwarancji<\/span><\/h3>\n<p>[\/vc_column_text][vc_empty_space height=\u201d50px\u201d][\/vc_column_inner][vc_column_inner width=\u201d1\/5\u2033]<div class=\"q_counter_holder  center\" style=\"\" data-digit=\"60\"><span class=\"counter  zero\" style=\"color: #28395b;font-size: 65px;font-weight: 400;\">60<\/span><\/div>[vc_empty_space height=\u201d2px\u201d][vc_column_text]<\/p>\n<h3><span style=\"color: #28395b;\">pracownik\u00f3w, 1 rodzina<\/span><\/h3>\n<p>[\/vc_column_text][vc_empty_space height=\u201d50px\u201d][\/vc_column_inner][\/vc_row_inner][\/vc_column][\/vc_row][vc_row css_animation=\u201d\u201d row_type=\u201drow\u201d use_row_as_full_screen_section=\u201dno\u201d type=\u201dfull_width\u201d angled_section=\u201dno\u201d text_align=\u201dleft\u201d background_image_as_pattern=\u201dwithout_pattern\u201d][vc_column][vc_empty_space][\/vc_column][\/vc_row][vc_row css_animation=\u201d\u201d row_type=\u201drow\u201d use_row_as_full_screen_section=\u201dno\u201d type=\u201dfull_width\u201d angled_section=\u201dno\u201d text_align=\u201dcenter\u201d background_image_as_pattern=\u201dwithout_pattern\u201d css=\u201d.vc_custom_1492000470041{padding-top: 42px !important;background-color: #ffffff !important;}\u201d][vc_column][vc_single_image image=\u201d3605\u2033 img_size=\u201dfull\u201d alignment=\u201dcenter\u201d qode_css_animation=\u201d\u201d][vc_empty_space height=\u201d45px\u201d][vc_gallery type=\u201dimage_grid\u201d images=\u201d3581,3582,3583,3584,3585,3586\u2033 img_size=\u201d600\u00d7401\u2033 column_number=\u201d6\u2033 grayscale=\u201dno\u201d images_space=\u201dgallery_without_space\u201d][\/vc_column][\/vc_row]<\/p>\n<\/div>","protected":false},"excerpt":{"rendered":"<p>[vc_row css_animation=\u201d\u201d row_type=\u201drow\u201d use_row_as_full_screen_section=\u201dno\u201d type=\u201dgrid\u201d angled_section=\u201dno\u201d text_align=\u201dcenter\u201d background_image_as_pattern=\u201dwithout_pattern\u201d z_index=\u201d\u201d css=\u201d.vc_custom_1593033305930{padding-top: 6px !important;}\u201d][vc_column offset=\u201dvc_hidden-sm vc_hidden-xs\u201d][vc_empty_space height=\u201d16px\u201d el_class=\u201dsakriveno-responsive\u201d][vc_single_image image=\u201d3597\u2033 img_size=\u201dfull\u201d alignment=\u201dcenter\u201d qode_css_animation=\u201d\u201d][vc_empty_space height=\u201d16px\u201d el_class=\u201dsakriveno-responsive\u201d][\/vc_column][\/vc_row][vc_row css_animation=\u201d\u201d row_type=\u201drow\u201d use_row_as_full_screen_section=\u201dno\u201d type=\u201dgrid\u201d angled_section=\u201dno\u201d text_align=\u201dleft\u201d background_image_as_pattern=\u201dwithout_pattern\u201d z_index=\u201d\u201d css=\u201d.vc_custom_1593033160364{padding-top: 0px !important;}\u201d][vc_column offset=\u201dvc_hidden-lg vc_hidden-md\u201d][vc_empty_space el_class=\u201dsakriveno-responsive\u201d][vc_single_image image=\u201d3593\u2033 img_size=\u201dfull\u201d qode_css_animation=\u201d\u201d][\/vc_column][\/vc_row][vc_row css_animation=\u201d\u201d row_type=\u201drow\u201d use_row_as_full_screen_section=\u201dno\u201d type=\u201dfull_width\u201d angled_section=\u201dno\u201d text_align=\u201dleft\u201d\u2026<\/p>\n","protected":false},"author":1,"featured_media":0,"parent":0,"menu_order":0,"comment_status":"closed","ping_status":"closed","template":"full_width.php","meta":{"footnotes":"","_links_to":"","_links_to_target":""},"class_list":["post-3570","page","type-page","status-publish","hentry"],"yoast_head":"<!-- This site is optimized with the Yoast SEO plugin v27.4 - https:\/\/yoast.com\/product\/yoast-seo-wordpress\/ -->\n<title>G\u0142\u00f3wna - Nigos elektronik<\/title>\n<meta name=\"robots\" content=\"index, follow, max-snippet:-1, max-image-preview:large, max-video-preview:-1\" \/>\n<link rel=\"canonical\" href=\"https:\/\/nigossusare.rs\/\" \/>\n<meta property=\"og:locale\" content=\"pl_PL\" \/>\n<meta property=\"og:type\" content=\"article\" \/>\n<meta property=\"og:title\" content=\"G\u0142\u00f3wna - Nigos elektronik\" \/>\n<meta property=\"og:description\" content=\"[vc_row css_animation=\u201d\u201d row_type=\u201drow\u201d use_row_as_full_screen_section=\u201dno\u201d type=\u201dgrid\u201d angled_section=\u201dno\u201d text_align=\u201dcenter\u201d background_image_as_pattern=\u201dwithout_pattern\u201d z_index=\u201d\u201d css=\u201d.vc_custom_1593033305930{padding-top: 6px !important;}\u201d][vc_column offset=\u201dvc_hidden-sm vc_hidden-xs\u201d][vc_empty_space height=\u201d16px\u201d el_class=\u201dsakriveno-responsive\u201d][vc_single_image image=\u201d3597\u2033 img_size=\u201dfull\u201d alignment=\u201dcenter\u201d qode_css_animation=\u201d\u201d][vc_empty_space height=\u201d16px\u201d el_class=\u201dsakriveno-responsive\u201d][\/vc_column][\/vc_row][vc_row css_animation=\u201d\u201d row_type=\u201drow\u201d use_row_as_full_screen_section=\u201dno\u201d type=\u201dgrid\u201d angled_section=\u201dno\u201d text_align=\u201dleft\u201d background_image_as_pattern=\u201dwithout_pattern\u201d z_index=\u201d\u201d css=\u201d.vc_custom_1593033160364{padding-top: 0px !important;}\u201d][vc_column offset=\u201dvc_hidden-lg vc_hidden-md\u201d][vc_empty_space el_class=\u201dsakriveno-responsive\u201d][vc_single_image image=\u201d3593\u2033 img_size=\u201dfull\u201d qode_css_animation=\u201d\u201d][\/vc_column][\/vc_row][vc_row css_animation=\u201d\u201d row_type=\u201drow\u201d use_row_as_full_screen_section=\u201dno\u201d type=\u201dfull_width\u201d angled_section=\u201dno\u201d text_align=\u201dleft\u201d...\" \/>\n<meta property=\"og:url\" content=\"https:\/\/nigossusare.rs\/\" \/>\n<meta property=\"og:site_name\" content=\"Nigos elektronik\" \/>\n<meta property=\"article:modified_time\" content=\"2026-04-22T10:27:37+00:00\" \/>\n<meta property=\"og:image\" content=\"https:\/\/nigossusare.rs\/wp-content\/uploads\/2020\/06\/3-SDO.jpg\" \/>\n<meta name=\"twitter:card\" content=\"summary_large_image\" \/>\n<meta name=\"twitter:image\" content=\"https:\/\/nigossusare.rs\/wp-content\/uploads\/2020\/06\/13-Mini.jpg\" \/>\n<meta name=\"twitter:label1\" content=\"Est. reading time\" \/>\n\t<meta name=\"twitter:data1\" content=\"3 minuty\" \/>\n<script type=\"application\/ld+json\" class=\"yoast-schema-graph\">{\"@context\":\"https:\\\/\\\/schema.org\",\"@graph\":[{\"@type\":\"WebPage\",\"@id\":\"https:\\\/\\\/nigossusare.rs\\\/\",\"url\":\"https:\\\/\\\/nigossusare.rs\\\/\",\"name\":\"G\u0142\u00f3wna - Nigos elektronik\",\"isPartOf\":{\"@id\":\"https:\\\/\\\/nigossusare.rs\\\/#website\"},\"datePublished\":\"2020-11-21T22:41:25+00:00\",\"dateModified\":\"2026-04-22T10:27:37+00:00\",\"breadcrumb\":{\"@id\":\"https:\\\/\\\/nigossusare.rs\\\/#breadcrumb\"},\"inLanguage\":\"pl-PL\",\"potentialAction\":[{\"@type\":\"ReadAction\",\"target\":[\"https:\\\/\\\/nigossusare.rs\\\/\"]}]},{\"@type\":\"BreadcrumbList\",\"@id\":\"https:\\\/\\\/nigossusare.rs\\\/#breadcrumb\",\"itemListElement\":[{\"@type\":\"ListItem\",\"position\":1,\"name\":\"Home\",\"item\":\"https:\\\/\\\/nigossusare.rs\\\/\"},{\"@type\":\"ListItem\",\"position\":2,\"name\":\"G\u0142\u00f3wna\"}]},{\"@type\":\"WebSite\",\"@id\":\"https:\\\/\\\/nigossusare.rs\\\/#website\",\"url\":\"https:\\\/\\\/nigossusare.rs\\\/\",\"name\":\"Nigos elektronik\",\"description\":\"Susare za drvo, wood dryers, drying kilns, moisture meters\",\"publisher\":{\"@id\":\"https:\\\/\\\/nigossusare.rs\\\/#organization\"},\"alternateName\":\"Nigos-elektronik\",\"potentialAction\":[{\"@type\":\"SearchAction\",\"target\":{\"@type\":\"EntryPoint\",\"urlTemplate\":\"https:\\\/\\\/nigossusare.rs\\\/?s={search_term_string}\"},\"query-input\":{\"@type\":\"PropertyValueSpecification\",\"valueRequired\":true,\"valueName\":\"search_term_string\"}}],\"inLanguage\":\"pl-PL\"},{\"@type\":\"Organization\",\"@id\":\"https:\\\/\\\/nigossusare.rs\\\/#organization\",\"name\":\"Nigos elektronik\",\"url\":\"https:\\\/\\\/nigossusare.rs\\\/\",\"logo\":{\"@type\":\"ImageObject\",\"inLanguage\":\"pl-PL\",\"@id\":\"https:\\\/\\\/nigossusare.rs\\\/#\\\/schema\\\/logo\\\/image\\\/\",\"url\":\"https:\\\/\\\/nigossusare.rs\\\/wp-content\\\/uploads\\\/2020\\\/06\\\/NIGOS-elektronik-logo.png\",\"contentUrl\":\"https:\\\/\\\/nigossusare.rs\\\/wp-content\\\/uploads\\\/2020\\\/06\\\/NIGOS-elektronik-logo.png\",\"width\":205,\"height\":70,\"caption\":\"Nigos elektronik\"},\"image\":{\"@id\":\"https:\\\/\\\/nigossusare.rs\\\/#\\\/schema\\\/logo\\\/image\\\/\"},\"sameAs\":[\"https:\\\/\\\/rs.linkedin.com\\\/in\\\/nigos-elektronik-nis-b82b2037\",\"https:\\\/\\\/www.youtube.com\\\/watch?v=2LPdHiVUvu8\"]}]}<\/script>\n<!-- \/ Yoast SEO plugin. -->","yoast_head_json":{"title":"G\u0142\u00f3wna - Nigos elektronik","robots":{"index":"index","follow":"follow","max-snippet":"max-snippet:-1","max-image-preview":"max-image-preview:large","max-video-preview":"max-video-preview:-1"},"canonical":"https:\/\/nigossusare.rs\/","og_locale":"pl_PL","og_type":"article","og_title":"G\u0142\u00f3wna - Nigos elektronik","og_description":"[vc_row css_animation=\u201d\u201d row_type=\u201drow\u201d use_row_as_full_screen_section=\u201dno\u201d type=\u201dgrid\u201d angled_section=\u201dno\u201d text_align=\u201dcenter\u201d background_image_as_pattern=\u201dwithout_pattern\u201d z_index=\u201d\u201d css=\u201d.vc_custom_1593033305930{padding-top: 6px !important;}\u201d][vc_column offset=\u201dvc_hidden-sm vc_hidden-xs\u201d][vc_empty_space height=\u201d16px\u201d el_class=\u201dsakriveno-responsive\u201d][vc_single_image image=\u201d3597\u2033 img_size=\u201dfull\u201d alignment=\u201dcenter\u201d qode_css_animation=\u201d\u201d][vc_empty_space height=\u201d16px\u201d el_class=\u201dsakriveno-responsive\u201d][\/vc_column][\/vc_row][vc_row css_animation=\u201d\u201d row_type=\u201drow\u201d use_row_as_full_screen_section=\u201dno\u201d type=\u201dgrid\u201d angled_section=\u201dno\u201d text_align=\u201dleft\u201d background_image_as_pattern=\u201dwithout_pattern\u201d z_index=\u201d\u201d css=\u201d.vc_custom_1593033160364{padding-top: 0px !important;}\u201d][vc_column offset=\u201dvc_hidden-lg vc_hidden-md\u201d][vc_empty_space el_class=\u201dsakriveno-responsive\u201d][vc_single_image image=\u201d3593\u2033 img_size=\u201dfull\u201d qode_css_animation=\u201d\u201d][\/vc_column][\/vc_row][vc_row css_animation=\u201d\u201d row_type=\u201drow\u201d use_row_as_full_screen_section=\u201dno\u201d type=\u201dfull_width\u201d angled_section=\u201dno\u201d text_align=\u201dleft\u201d...","og_url":"https:\/\/nigossusare.rs\/","og_site_name":"Nigos elektronik","article_modified_time":"2026-04-22T10:27:37+00:00","og_image":[{"url":"https:\/\/nigossusare.rs\/wp-content\/uploads\/2020\/06\/3-SDO.jpg","type":"","width":"","height":""}],"twitter_card":"summary_large_image","twitter_image":"https:\/\/nigossusare.rs\/wp-content\/uploads\/2020\/06\/13-Mini.jpg","twitter_misc":{"Est. reading time":"3 minuty"},"schema":{"@context":"https:\/\/schema.org","@graph":[{"@type":"WebPage","@id":"https:\/\/nigossusare.rs\/","url":"https:\/\/nigossusare.rs\/","name":"G\u0142\u00f3wna - Nigos elektronik","isPartOf":{"@id":"https:\/\/nigossusare.rs\/#website"},"datePublished":"2020-11-21T22:41:25+00:00","dateModified":"2026-04-22T10:27:37+00:00","breadcrumb":{"@id":"https:\/\/nigossusare.rs\/#breadcrumb"},"inLanguage":"pl-PL","potentialAction":[{"@type":"ReadAction","target":["https:\/\/nigossusare.rs\/"]}]},{"@type":"BreadcrumbList","@id":"https:\/\/nigossusare.rs\/#breadcrumb","itemListElement":[{"@type":"ListItem","position":1,"name":"Home","item":"https:\/\/nigossusare.rs\/"},{"@type":"ListItem","position":2,"name":"G\u0142\u00f3wna"}]},{"@type":"WebSite","@id":"https:\/\/nigossusare.rs\/#website","url":"https:\/\/nigossusare.rs\/","name":"Nigos elektronik","description":"Susare za drvo, wood dryers, drying kilns, moisture meters","publisher":{"@id":"https:\/\/nigossusare.rs\/#organization"},"alternateName":"Nigos-elektronik","potentialAction":[{"@type":"SearchAction","target":{"@type":"EntryPoint","urlTemplate":"https:\/\/nigossusare.rs\/?s={search_term_string}"},"query-input":{"@type":"PropertyValueSpecification","valueRequired":true,"valueName":"search_term_string"}}],"inLanguage":"pl-PL"},{"@type":"Organization","@id":"https:\/\/nigossusare.rs\/#organization","name":"Nigos elektronik","url":"https:\/\/nigossusare.rs\/","logo":{"@type":"ImageObject","inLanguage":"pl-PL","@id":"https:\/\/nigossusare.rs\/#\/schema\/logo\/image\/","url":"https:\/\/nigossusare.rs\/wp-content\/uploads\/2020\/06\/NIGOS-elektronik-logo.png","contentUrl":"https:\/\/nigossusare.rs\/wp-content\/uploads\/2020\/06\/NIGOS-elektronik-logo.png","width":205,"height":70,"caption":"Nigos elektronik"},"image":{"@id":"https:\/\/nigossusare.rs\/#\/schema\/logo\/image\/"},"sameAs":["https:\/\/rs.linkedin.com\/in\/nigos-elektronik-nis-b82b2037","https:\/\/www.youtube.com\/watch?v=2LPdHiVUvu8"]}]}},"_links":{"self":[{"href":"https:\/\/nigossusare.rs\/pl\/wp-json\/wp\/v2\/pages\/3570","targetHints":{"allow":["GET"]}}],"collection":[{"href":"https:\/\/nigossusare.rs\/pl\/wp-json\/wp\/v2\/pages"}],"about":[{"href":"https:\/\/nigossusare.rs\/pl\/wp-json\/wp\/v2\/types\/page"}],"author":[{"embeddable":true,"href":"https:\/\/nigossusare.rs\/pl\/wp-json\/wp\/v2\/users\/1"}],"replies":[{"embeddable":true,"href":"https:\/\/nigossusare.rs\/pl\/wp-json\/wp\/v2\/comments?post=3570"}],"version-history":[{"count":12,"href":"https:\/\/nigossusare.rs\/pl\/wp-json\/wp\/v2\/pages\/3570\/revisions"}],"predecessor-version":[{"id":5784,"href":"https:\/\/nigossusare.rs\/pl\/wp-json\/wp\/v2\/pages\/3570\/revisions\/5784"}],"wp:attachment":[{"href":"https:\/\/nigossusare.rs\/pl\/wp-json\/wp\/v2\/media?parent=3570"}],"curies":[{"name":"wp","href":"https:\/\/api.w.org\/{rel}","templated":true}]}}