{"id":3487,"date":"2020-11-21T21:57:46","date_gmt":"2020-11-21T20:57:46","guid":{"rendered":"https:\/\/nigossusare.rs\/?page_id=3487"},"modified":"2026-04-22T12:28:02","modified_gmt":"2026-04-22T10:28:02","slug":"suszarnie-do-palet","status":"publish","type":"page","link":"https:\/\/nigossusare.rs\/pl\/suszenie-drewna\/suszarnie-do-palet\/","title":{"rendered":"Suszarnie do palet"},"content":{"rendered":"<div class=\"wpb-content-wrapper\"><p>[vc_row css_animation=\u201d\u201d row_type=\u201drow\u201d use_row_as_full_screen_section=\u201dno\u201d type=\u201dfull_width\u201d angled_section=\u201dno\u201d text_align=\u201dleft\u201d background_image_as_pattern=\u201dwithout_pattern\u201d][vc_column][vc_empty_space height=\u201d40px\u201d][vc_column_text css=\u201d.vc_custom_1605992292681{margin-bottom: 32px !important;border-left-width: 4px !important;padding-top: 30px !important;padding-right: 15px !important;padding-bottom: 30px !important;padding-left: 15px !important;background-color: #dcdcdc !important;border-left-color: #fe9900 !important;border-left-style: solid !important;}\u201d]Zgodnie ze standardem ISPM-15 wszystkie \u201eeuro palety\u201d musz\u0105 by\u0107 poddane obr\u00f3bce termicznej. Procedura polega na podgrzaniu palety do 56 st.C i utrzymaniu jej w tej temperaturze przez 30 minut. W komorach NIGOS opr\u00f3cz tej procedury istnieje mo\u017cliwo\u015b\u0107 suszenia palet do wilgotno\u015bci ko\u0144cowej zgodnie z \u017cyczeniem klienta.[\/vc_column_text][\/vc_column][\/vc_row][vc_row css_animation=\u201d\u201d row_type=\u201drow\u201d use_row_as_full_screen_section=\u201dno\u201d type=\u201dfull_width\u201d angled_section=\u201dno\u201d text_align=\u201dleft\u201d background_image_as_pattern=\u201dwithout_pattern\u201d][vc_column width=\u201d1\/2\u2033][vc_empty_space height=\u201d50px\u201d][vc_single_image image=\u201d3496\u2033 img_size=\u201dlarge\u201d alignment=\u201dcenter\u201d onclick=\u201dzoom\u201d qode_css_animation=\u201d\u201d][vc_empty_space][\/vc_column][vc_column width=\u201d1\/2\u2033][vc_empty_space][vc_column_text]<\/p>\n<h3><span class=\"arhiva\">CHARAKTERYSTYKA:<\/span><\/h3>\n<ul>\n<li>Suszarnie do palet s\u0142u\u017c\u0105 do suszenia i obr\u00f3bki termicznej palet oraz wszelkiego rodzaju element\u00f3w drewnianych<\/li>\n<li>Pojemno\u015b\u0107 komory od 200 do 3500 palet na cykl suszenia<\/li>\n<li>Zainstalowany sprz\u0119t do obr\u00f3bki cieplnej palet zgodnie z norm\u0105 ISPM-15<\/li>\n<li>Czynnik roboczy: uk\u0142ad gor\u0105cej wody 90\/70 st.C (max 120 st.C) lub para wodna 2,5 bar<\/li>\n<li>Standardowa szeroko\u015b\u0107 suszarni: 4,6 \/ 6,6 \/ 8,6 \/ 10,6 \/ 13,0 m<\/li>\n<li>Standardowa g\u0142\u0119boko\u015b\u0107 suszarki: 4,5 \/ 6,3 \/ 7,0 m<\/li>\n<li>Wysoko\u015b\u0107 sk\u0142adowania: 2,4 \/ 3,2 \/ 4,1 m<\/li>\n<li>Suszarnie mog\u0105 by\u0107 zbudowane zgodnie z \u017cyczeniem klienta<\/li>\n<li>Automatyczne sterowanie procesem suszenia poprzez automatyczne sterowniki MC-2000 lub MC-504 zainstalowane dla ka\u017cdej suszarni indywidualnie oraz sterownik obr\u00f3bki termicznej MKS-05<\/li>\n<li>Zdalne monitorowanie i sterowanie na komputerze PC za pomoc\u0105 oprogramowania Nigos DryerManager, za po\u015brednictwem standardu RS485<\/li>\n<\/ul>\n<p>[\/vc_column_text][vc_empty_space][\/vc_column][\/vc_row][vc_row css_animation=\u201d\u201d row_type=\u201drow\u201d use_row_as_full_screen_section=\u201dno\u201d type=\u201dfull_width\u201d angled_section=\u201dno\u201d text_align=\u201dleft\u201d background_image_as_pattern=\u201dwithout_pattern\u201d][vc_column][vc_empty_space][vc_column_text]Wszystkie nasze suszarnie posiadaj\u0105: wysoko izolowan\u0105 konstrukcj\u0119 aluminiow\u0105, rewersyjn\u0105 technologi\u0119 ogrzewania i wentylacji, maksymaln\u0105 jako\u015b\u0107 i wydajno\u015b\u0107 suszenia, rozwi\u0105zania przyjazne dla \u015brodowiska i zapewniaj\u0105ce energooszcz\u0119dno\u015b\u0107.[\/vc_column_text][vc_empty_space height=\u201d16px\u201d][vc_column_text]Zu\u017cycie energii ogranicza r\u00f3wnie\u017c wykorzystanie odpad\u00f3w drzewnych lub trocin jako paliwa do ogrzewania kot\u0142a, dlatego ten typ suszarni polecany jest odbiorcom dysponuj\u0105cym kot\u0142em na odpady drzewne i dysponuj\u0105cym odpadami produkcyjnymi w znacznych ilo\u015bciach.[\/vc_column_text][vc_empty_space height=\u201d16px\u201d][vc_column_text]Suszarnie do palet przeprowadzaj\u0105 obr\u00f3bk\u0119 termiczn\u0105 palet, jednocze\u015bnie susz\u0105c drewno do po\u017c\u0105danej wilgotno\u015bci.[\/vc_column_text][vc_empty_space height=\u201d16px\u201d][vc_column_text]Firma \u201eNIGOS \u2013 Electronik\u201d udziela swoim klientom 3-letniej gwarancji na ca\u0142\u0105 suszarni\u0119 oraz 5 lat gwarancji na jednostk\u0119 steruj\u0105c\u0105[\/vc_column_text][\/vc_column][\/vc_row][vc_row css_animation=\u201d\u201d row_type=\u201drow\u201d use_row_as_full_screen_section=\u201dno\u201d type=\u201dfull_width\u201d angled_section=\u201dno\u201d text_align=\u201dleft\u201d background_image_as_pattern=\u201dwithout_pattern\u201d][vc_column width=\u201d1\/4\u2033][\/vc_column][vc_column width=\u201d1\/2\u2033][vc_empty_space height=\u201d50px\u201d][vc_column_text]<\/p>\n<h2 style=\"text-align: center\"><span class=\"arhiva\">Schemat PALETE<\/span><\/h2>\n<p>[\/vc_column_text][vc_separator type=\u201dsmall\u201d position=\u201dcenter\u201d color=\u201d#ff9b03\u2033][vc_empty_space][vc_single_image image=\u201d3488\u2033 img_size=\u201dfull\u201d alignment=\u201dcenter\u201d qode_css_animation=\u201d\u201d][vc_empty_space][\/vc_column][vc_column width=\u201d1\/4\u2033][\/vc_column][\/vc_row][vc_row css_animation=\u201d\u201d row_type=\u201drow\u201d use_row_as_full_screen_section=\u201dno\u201d type=\u201dfull_width\u201d angled_section=\u201dno\u201d text_align=\u201dleft\u201d background_image_as_pattern=\u201dwithout_pattern\u201d][vc_column][vc_column_text]<\/p>\n<h3><span class=\"arhiva\">CHARAKTERYSTYKA TECHNICZNA:<\/span><\/h3>\n<ul>\n<li>Kompletna konstrukcja z pe\u0142nych profili aluminiowych pozwala na du\u017ce obci\u0105\u017cenia dachu (do 250 kg\/m2 \u015bniegu) oraz odporno\u015b\u0107 suszarni na podmuchy wiatru 150 km\/h<\/li>\n<li>\u015aciany suszarni wykonane z aluminiowych kaset po\u0142\u0105czonych \u015brubami ze stali nierdzewnej i silikonu o wysokiej odporno\u015bci na temperatur\u0119 i kwasy z drewna<\/li>\n<li>Izolacja z twardej we\u0142ny prasowanej o grubo\u015bci 10 cm<\/li>\n<li>Elewacja zewn\u0119trzna z sinusoidalnych blach aluminiowych<\/li>\n<li>Aluminiowy sufit podwieszany umo\u017cliwia r\u00f3wnomiern\u0105 cyrkulacj\u0119 przez wszystkie warstwy<\/li>\n<li>Wymienniki ciep\u0142a wykonane ze stali nierdzewnej i rur bimetalicznych stal nierdzewna \/ aluminium 25\/54<\/li>\n<li>Wentylatory rewersyjne o wysokiej sprawno\u015bci (silniki klasy H)<\/li>\n<li>Oszcz\u0119dno\u015b\u0107 energii dzi\u0119ki zmianie pr\u0119dko\u015bci wentylatora za pomoc\u0105 falownik\u00f3w dla ka\u017cdego wentylatora oddzielnie<\/li>\n<li>Klapy serwa zamontowane na przedniej stronie dachu i tylnej \u015bcianie suszarni<\/li>\n<li>Mo\u017cliwo\u015b\u0107 monta\u017cu urz\u0105dze\u0144, drzwi i system\u00f3w sterowania w murowanym budynku klienta<\/li>\n<\/ul>\n<p>[\/vc_column_text][vc_empty_space][\/vc_column][\/vc_row][vc_row css_animation=\u201d\u201d row_type=\u201drow\u201d use_row_as_full_screen_section=\u201dno\u201d type=\u201dfull_width\u201d angled_section=\u201dno\u201d text_align=\u201dleft\u201d background_image_as_pattern=\u201dwithout_pattern\u201d][vc_column][vc_empty_space height=\u201d10px\u201d][vc_gallery type=\u201dimage_grid\u201d images=\u201d3489,3490,3491,3492,3493,3494\u2033 img_size=\u201dmedium\u201d column_number=\u201d4\u2033 grayscale=\u201dno\u201d images_space=\u201dgallery_with_space\u201d][\/vc_column][\/vc_row]<\/p>\n<\/div>","protected":false},"excerpt":{"rendered":"<p>[vc_row css_animation=\u201d\u201d row_type=\u201drow\u201d use_row_as_full_screen_section=\u201dno\u201d type=\u201dfull_width\u201d angled_section=\u201dno\u201d text_align=\u201dleft\u201d background_image_as_pattern=\u201dwithout_pattern\u201d][vc_column][vc_empty_space height=\u201d40px\u201d][vc_column_text css=\u201d.vc_custom_1605992292681{margin-bottom: 32px !important;border-left-width: 4px !important;padding-top: 30px !important;padding-right: 15px !important;padding-bottom: 30px !important;padding-left: 15px !important;background-color: #dcdcdc !important;border-left-color: #fe9900 !important;border-left-style: solid !important;}\u201d]Zgodnie ze standardem ISPM-15 wszystkie \u201eeuro palety\u201d musz\u0105 by\u0107 poddane obr\u00f3bce termicznej. Procedura polega na podgrzaniu palety do\u2026<\/p>\n","protected":false},"author":1,"featured_media":0,"parent":3431,"menu_order":0,"comment_status":"closed","ping_status":"closed","template":"","meta":{"footnotes":"","_links_to":"","_links_to_target":""},"class_list":["post-3487","page","type-page","status-publish","hentry"],"yoast_head":"<!-- This site is optimized with the Yoast SEO plugin v27.5 - https:\/\/yoast.com\/product\/yoast-seo-wordpress\/ -->\n<title>Suszarnie do palet - Nigos elektronik<\/title>\n<meta name=\"robots\" content=\"index, follow, max-snippet:-1, max-image-preview:large, max-video-preview:-1\" \/>\n<link rel=\"canonical\" href=\"https:\/\/nigossusare.rs\/susare-za-drvo\/susare-za-palete\/\" \/>\n<meta property=\"og:locale\" content=\"pl_PL\" \/>\n<meta property=\"og:type\" content=\"article\" \/>\n<meta property=\"og:title\" content=\"Suszarnie do palet - Nigos elektronik\" \/>\n<meta property=\"og:description\" content=\"[vc_row css_animation=\u201d\u201d row_type=\u201drow\u201d use_row_as_full_screen_section=\u201dno\u201d type=\u201dfull_width\u201d angled_section=\u201dno\u201d text_align=\u201dleft\u201d background_image_as_pattern=\u201dwithout_pattern\u201d][vc_column][vc_empty_space height=\u201d40px\u201d][vc_column_text css=\u201d.vc_custom_1605992292681{margin-bottom: 32px !important;border-left-width: 4px !important;padding-top: 30px !important;padding-right: 15px !important;padding-bottom: 30px !important;padding-left: 15px !important;background-color: #dcdcdc !important;border-left-color: #fe9900 !important;border-left-style: solid !important;}\u201d]Zgodnie ze standardem ISPM-15 wszystkie \u201eeuro palety\u201d musz\u0105 by\u0107 poddane obr\u00f3bce termicznej. Procedura polega na podgrzaniu palety do...\" \/>\n<meta property=\"og:url\" content=\"https:\/\/nigossusare.rs\/susare-za-drvo\/susare-za-palete\/\" \/>\n<meta property=\"og:site_name\" content=\"Nigos elektronik\" \/>\n<meta property=\"article:modified_time\" content=\"2026-04-22T10:28:02+00:00\" \/>\n<meta property=\"og:image\" content=\"https:\/\/nigossusare.rs\/wp-content\/uploads\/2024\/08\/vks-1200x675-2.jpg\" \/>\n\t<meta property=\"og:image:width\" content=\"1200\" \/>\n\t<meta property=\"og:image:height\" content=\"675\" \/>\n\t<meta property=\"og:image:type\" content=\"image\/jpeg\" \/>\n<meta name=\"twitter:card\" content=\"summary_large_image\" \/>\n<meta name=\"twitter:label1\" content=\"Est. reading time\" \/>\n\t<meta name=\"twitter:data1\" content=\"3 minuty\" \/>\n<script type=\"application\/ld+json\" class=\"yoast-schema-graph\">{\"@context\":\"https:\\\/\\\/schema.org\",\"@graph\":[{\"@type\":\"WebPage\",\"@id\":\"https:\\\/\\\/nigossusare.rs\\\/susare-za-drvo\\\/susare-za-palete\\\/\",\"url\":\"https:\\\/\\\/nigossusare.rs\\\/susare-za-drvo\\\/susare-za-palete\\\/\",\"name\":\"Suszarnie do palet - Nigos elektronik\",\"isPartOf\":{\"@id\":\"https:\\\/\\\/nigossusare.rs\\\/#website\"},\"datePublished\":\"2020-11-21T20:57:46+00:00\",\"dateModified\":\"2026-04-22T10:28:02+00:00\",\"breadcrumb\":{\"@id\":\"https:\\\/\\\/nigossusare.rs\\\/susare-za-drvo\\\/susare-za-palete\\\/#breadcrumb\"},\"inLanguage\":\"pl-PL\",\"potentialAction\":[{\"@type\":\"ReadAction\",\"target\":[\"https:\\\/\\\/nigossusare.rs\\\/susare-za-drvo\\\/susare-za-palete\\\/\"]}]},{\"@type\":\"BreadcrumbList\",\"@id\":\"https:\\\/\\\/nigossusare.rs\\\/susare-za-drvo\\\/susare-za-palete\\\/#breadcrumb\",\"itemListElement\":[{\"@type\":\"ListItem\",\"position\":1,\"name\":\"Home\",\"item\":\"https:\\\/\\\/nigossusare.rs\\\/\"},{\"@type\":\"ListItem\",\"position\":2,\"name\":\"Suszenie drewna\",\"item\":\"\\\/pl\\\/\"},{\"@type\":\"ListItem\",\"position\":3,\"name\":\"Suszarnie do palet\"}]},{\"@type\":\"WebSite\",\"@id\":\"https:\\\/\\\/nigossusare.rs\\\/#website\",\"url\":\"https:\\\/\\\/nigossusare.rs\\\/\",\"name\":\"Nigos elektronik\",\"description\":\"Susare za drvo, wood dryers, drying kilns, moisture meters\",\"publisher\":{\"@id\":\"https:\\\/\\\/nigossusare.rs\\\/#organization\"},\"alternateName\":\"Nigos-elektronik\",\"potentialAction\":[{\"@type\":\"SearchAction\",\"target\":{\"@type\":\"EntryPoint\",\"urlTemplate\":\"https:\\\/\\\/nigossusare.rs\\\/?s={search_term_string}\"},\"query-input\":{\"@type\":\"PropertyValueSpecification\",\"valueRequired\":true,\"valueName\":\"search_term_string\"}}],\"inLanguage\":\"pl-PL\"},{\"@type\":\"Organization\",\"@id\":\"https:\\\/\\\/nigossusare.rs\\\/#organization\",\"name\":\"Nigos elektronik\",\"url\":\"https:\\\/\\\/nigossusare.rs\\\/\",\"logo\":{\"@type\":\"ImageObject\",\"inLanguage\":\"pl-PL\",\"@id\":\"https:\\\/\\\/nigossusare.rs\\\/#\\\/schema\\\/logo\\\/image\\\/\",\"url\":\"https:\\\/\\\/nigossusare.rs\\\/wp-content\\\/uploads\\\/2020\\\/06\\\/NIGOS-elektronik-logo.png\",\"contentUrl\":\"https:\\\/\\\/nigossusare.rs\\\/wp-content\\\/uploads\\\/2020\\\/06\\\/NIGOS-elektronik-logo.png\",\"width\":205,\"height\":70,\"caption\":\"Nigos elektronik\"},\"image\":{\"@id\":\"https:\\\/\\\/nigossusare.rs\\\/#\\\/schema\\\/logo\\\/image\\\/\"},\"sameAs\":[\"https:\\\/\\\/rs.linkedin.com\\\/in\\\/nigos-elektronik-nis-b82b2037\",\"https:\\\/\\\/www.youtube.com\\\/watch?v=2LPdHiVUvu8\"]}]}<\/script>\n<!-- \/ Yoast SEO plugin. -->","yoast_head_json":{"title":"Suszarnie do palet - Nigos elektronik","robots":{"index":"index","follow":"follow","max-snippet":"max-snippet:-1","max-image-preview":"max-image-preview:large","max-video-preview":"max-video-preview:-1"},"canonical":"https:\/\/nigossusare.rs\/susare-za-drvo\/susare-za-palete\/","og_locale":"pl_PL","og_type":"article","og_title":"Suszarnie do palet - Nigos elektronik","og_description":"[vc_row css_animation=\u201d\u201d row_type=\u201drow\u201d use_row_as_full_screen_section=\u201dno\u201d type=\u201dfull_width\u201d angled_section=\u201dno\u201d text_align=\u201dleft\u201d background_image_as_pattern=\u201dwithout_pattern\u201d][vc_column][vc_empty_space height=\u201d40px\u201d][vc_column_text css=\u201d.vc_custom_1605992292681{margin-bottom: 32px !important;border-left-width: 4px !important;padding-top: 30px !important;padding-right: 15px !important;padding-bottom: 30px !important;padding-left: 15px !important;background-color: #dcdcdc !important;border-left-color: #fe9900 !important;border-left-style: solid !important;}\u201d]Zgodnie ze standardem ISPM-15 wszystkie \u201eeuro palety\u201d musz\u0105 by\u0107 poddane obr\u00f3bce termicznej. Procedura polega na podgrzaniu palety do...","og_url":"https:\/\/nigossusare.rs\/susare-za-drvo\/susare-za-palete\/","og_site_name":"Nigos elektronik","article_modified_time":"2026-04-22T10:28:02+00:00","og_image":[{"width":1200,"height":675,"url":"https:\/\/nigossusare.rs\/wp-content\/uploads\/2024\/08\/vks-1200x675-2.jpg","type":"image\/jpeg"}],"twitter_card":"summary_large_image","twitter_misc":{"Est. reading time":"3 minuty"},"schema":{"@context":"https:\/\/schema.org","@graph":[{"@type":"WebPage","@id":"https:\/\/nigossusare.rs\/susare-za-drvo\/susare-za-palete\/","url":"https:\/\/nigossusare.rs\/susare-za-drvo\/susare-za-palete\/","name":"Suszarnie do palet - Nigos elektronik","isPartOf":{"@id":"https:\/\/nigossusare.rs\/#website"},"datePublished":"2020-11-21T20:57:46+00:00","dateModified":"2026-04-22T10:28:02+00:00","breadcrumb":{"@id":"https:\/\/nigossusare.rs\/susare-za-drvo\/susare-za-palete\/#breadcrumb"},"inLanguage":"pl-PL","potentialAction":[{"@type":"ReadAction","target":["https:\/\/nigossusare.rs\/susare-za-drvo\/susare-za-palete\/"]}]},{"@type":"BreadcrumbList","@id":"https:\/\/nigossusare.rs\/susare-za-drvo\/susare-za-palete\/#breadcrumb","itemListElement":[{"@type":"ListItem","position":1,"name":"Home","item":"https:\/\/nigossusare.rs\/"},{"@type":"ListItem","position":2,"name":"Suszenie drewna","item":"\/pl\/"},{"@type":"ListItem","position":3,"name":"Suszarnie do palet"}]},{"@type":"WebSite","@id":"https:\/\/nigossusare.rs\/#website","url":"https:\/\/nigossusare.rs\/","name":"Nigos elektronik","description":"Susare za drvo, wood dryers, drying kilns, moisture meters","publisher":{"@id":"https:\/\/nigossusare.rs\/#organization"},"alternateName":"Nigos-elektronik","potentialAction":[{"@type":"SearchAction","target":{"@type":"EntryPoint","urlTemplate":"https:\/\/nigossusare.rs\/?s={search_term_string}"},"query-input":{"@type":"PropertyValueSpecification","valueRequired":true,"valueName":"search_term_string"}}],"inLanguage":"pl-PL"},{"@type":"Organization","@id":"https:\/\/nigossusare.rs\/#organization","name":"Nigos elektronik","url":"https:\/\/nigossusare.rs\/","logo":{"@type":"ImageObject","inLanguage":"pl-PL","@id":"https:\/\/nigossusare.rs\/#\/schema\/logo\/image\/","url":"https:\/\/nigossusare.rs\/wp-content\/uploads\/2020\/06\/NIGOS-elektronik-logo.png","contentUrl":"https:\/\/nigossusare.rs\/wp-content\/uploads\/2020\/06\/NIGOS-elektronik-logo.png","width":205,"height":70,"caption":"Nigos elektronik"},"image":{"@id":"https:\/\/nigossusare.rs\/#\/schema\/logo\/image\/"},"sameAs":["https:\/\/rs.linkedin.com\/in\/nigos-elektronik-nis-b82b2037","https:\/\/www.youtube.com\/watch?v=2LPdHiVUvu8"]}]}},"_links":{"self":[{"href":"https:\/\/nigossusare.rs\/pl\/wp-json\/wp\/v2\/pages\/3487","targetHints":{"allow":["GET"]}}],"collection":[{"href":"https:\/\/nigossusare.rs\/pl\/wp-json\/wp\/v2\/pages"}],"about":[{"href":"https:\/\/nigossusare.rs\/pl\/wp-json\/wp\/v2\/types\/page"}],"author":[{"embeddable":true,"href":"https:\/\/nigossusare.rs\/pl\/wp-json\/wp\/v2\/users\/1"}],"replies":[{"embeddable":true,"href":"https:\/\/nigossusare.rs\/pl\/wp-json\/wp\/v2\/comments?post=3487"}],"version-history":[{"count":6,"href":"https:\/\/nigossusare.rs\/pl\/wp-json\/wp\/v2\/pages\/3487\/revisions"}],"predecessor-version":[{"id":7081,"href":"https:\/\/nigossusare.rs\/pl\/wp-json\/wp\/v2\/pages\/3487\/revisions\/7081"}],"up":[{"embeddable":true,"href":"https:\/\/nigossusare.rs\/pl\/wp-json\/wp\/v2\/pages\/3431"}],"wp:attachment":[{"href":"https:\/\/nigossusare.rs\/pl\/wp-json\/wp\/v2\/media?parent=3487"}],"curies":[{"name":"wp","href":"https:\/\/api.w.org\/{rel}","templated":true}]}}