{"id":3445,"date":"2020-11-19T23:15:29","date_gmt":"2020-11-19T22:15:29","guid":{"rendered":"https:\/\/nigossusare.rs\/?page_id=3445"},"modified":"2022-10-14T11:52:15","modified_gmt":"2022-10-14T09:52:15","slug":"suszarnie-kondensacyjne","status":"publish","type":"page","link":"https:\/\/nigossusare.rs\/pl\/suszenie-drewna\/suszarnie-kondensacyjne\/","title":{"rendered":"Suszarnie kondensacyjne"},"content":{"rendered":"<div class=\"wpb-content-wrapper\"><p>[vc_row css_animation=\u201d\u201d row_type=\u201drow\u201d use_row_as_full_screen_section=\u201dno\u201d type=\u201dfull_width\u201d angled_section=\u201dno\u201d text_align=\u201dleft\u201d background_image_as_pattern=\u201dwithout_pattern\u201d][vc_column][vc_empty_space height=\u201d40px\u201d][vc_column_text css=\u201d.vc_custom_1605824189388{margin-bottom: 32px !important;border-left-width: 4px !important;padding-top: 30px !important;padding-right: 15px !important;padding-bottom: 30px !important;padding-left: 15px !important;background-color: #dcdcdc !important;border-left-color: #fe9900 !important;border-left-style: solid !important;}\u201d]Suszarnie kondensacyjne nale\u017c\u0105 do nowoczesnych technologii suszenia wszelkiego rodzaju i wilgotno\u015bci drewna.<\/p>\n<p>\u00a0<\/p>\n<p>Kondensacja wody (osuszanie) s\u0142u\u017cy do oddzielania wilgoci z drewna, bez zewn\u0119trznej wymiany powietrza.<\/p>\n<p>\u00a0<\/p>\n<p>Wszystkie nasze suszarnie posiadaj\u0105: wysoko izolowan\u0105 konstrukcj\u0119 aluminiow\u0105, rewersyjn\u0105 technologi\u0119 ogrzewania i wentylacji, maksymaln\u0105 jako\u015b\u0107 i wydajno\u015b\u0107 suszenia, rozwi\u0105zania przyjazne dla \u015brodowiska i zapewniaj\u0105 energooszcz\u0119dno\u015b\u0107.[\/vc_column_text][\/vc_column][\/vc_row][vc_row css_animation=\u201d\u201d row_type=\u201drow\u201d use_row_as_full_screen_section=\u201dno\u201d type=\u201dfull_width\u201d angled_section=\u201dno\u201d text_align=\u201dleft\u201d background_image_as_pattern=\u201dwithout_pattern\u201d][vc_column width=\u201d1\/2\u2033][vc_empty_space][vc_single_image image=\u201d735\u2033 img_size=\u201dlarge\u201d alignment=\u201dcenter\u201d onclick=\u201dzoom\u201d qode_css_animation=\u201d\u201d][vc_empty_space][\/vc_column][vc_column width=\u201d1\/2\u2033][vc_empty_space height=\u201d50px\u201d][vc_column_text]<\/p>\n<h3><span class=\"arhiva\">CHARAKTERYSTYKA:<\/span><\/h3>\n<ul>\n<li>Suszenie wszelkiego rodzaju i wilgotno\u015bci drewna<\/li>\n<li>Suszenie za pomoc\u0105 pompy ciep\u0142a o najnowocze\u015bniejszej konstrukcji<\/li>\n<li>Pojemno\u015b\u0107 komory od 30 do 120 m3 na cykl suszenia<\/li>\n<li>W zale\u017cno\u015bci od dost\u0119pnej energii do ogrzewania wykonuje si\u0119 3 modele:<br \/>\nNigolux z grza\u0142k\u0105 elektryczn\u0105 do ogrzewania suszarni<br \/>\nNigolux-K1 z grza\u0142k\u0105 elektryczn\u0105 i mniejszym podgrzewaczem cwu w pompie ciep\u0142a<br \/>\nNigolux-K2 z grza\u0142k\u0105 elektryczn\u0105 i standardowymi podgrzewaczami ciep\u0142ej wody w suszarni<\/li>\n<li>Czynnik roboczy: pr\u0105d, instalacja ciep\u0142ej wody 90\/70 st.C dla modeli K1 i K2<\/li>\n<li>Standardowa szeroko\u015b\u0107 suszarki: 4,6 \/ 6,6 \/ 8,6 \/ 10,6 \/ 13,0 m<\/li>\n<li>Standardowa g\u0142\u0119boko\u015b\u0107 suszarki: 7,0 \/ 8,5 m<\/li>\n<li>Wysoko\u015b\u0107 sk\u0142adowania: 4,1 m<\/li>\n<li>Suszarnie mog\u0105 by\u0107 zbudowane zgodnie z \u017cyczeniem klienta<\/li>\n<li>Automatyczne sterowanie procesem suszenia za pomoc\u0105 automatycznego sterownika MC-2000 lub MC-3000 dla ka\u017cdej suszarni indywidualnie<\/li>\n<li>Zdalne monitorowanie i sterowanie na komputerze PC za pomoc\u0105 oprogramowania Nigos DryerManager, za po\u015brednictwem standardu RS485<\/li>\n<\/ul>\n<p>[\/vc_column_text][vc_empty_space][\/vc_column][\/vc_row][vc_row css_animation=\u201d\u201d row_type=\u201drow\u201d use_row_as_full_screen_section=\u201dno\u201d type=\u201dfull_width\u201d angled_section=\u201dno\u201d text_align=\u201dleft\u201d background_image_as_pattern=\u201dwithout_pattern\u201d][vc_column][vc_empty_space][vc_column_text]Przy minimalnym zu\u017cyciu energii (100 do 250 kWh \/ m3 materia\u0142u na ca\u0142y cykl suszenia) uzyskuje si\u0119 bardzo wysok\u0105 jako\u015b\u0107 i dostatecznie szybkie suszenie wszystkich rodzaj\u00f3w materia\u0142\u00f3w. Najwa\u017cniejsz\u0105 cz\u0119\u015bci\u0105 suszarni jest pompa ciep\u0142a. Powietrze w suszarni przechodzi przez \u0142adunek drewna i poch\u0142ania wilgo\u0107 z drewna. Cz\u0119\u015b\u0107 powietrza kr\u0105\u017cy przez pomp\u0119 ciep\u0142a, gdzie wilgo\u0107 jest skraplana i odprowadzana z komory. Suszone, ponownie ogrzane powietrze wraca do komory pieca. Grzejniki elektryczne s\u0105 u\u017cywane tylko w trakcie fazy grzania, kt\u00f3ra trwa oko\u0142o jednego dnia. W przypadku zbyt wysokiej wilgotno\u015bci lub temperatury w komorze powietrze jest okresowo wymieniane z powietrzem zewn\u0119trznym.[\/vc_column_text][vc_empty_space height=\u201d16px\u201d][vc_column_text]Nie wymagaj\u0105 kot\u0142a \u2013 minimalna inwestycja, dzia\u0142aj\u0105 ca\u0142kowicie automatycznie (bez obecno\u015bci operatora).[\/vc_column_text][vc_empty_space height=\u201d16px\u201d][vc_column_text]Istnieje mo\u017cliwo\u015b\u0107 dodania wymiennika ciep\u0142a, w tym przypadku suszarnia jest nazywana kombinowan\u0105 (automatycznie wykorzystuje ciep\u0142o z kot\u0142a). Suszarnia ta \u0142\u0105czy w sobie dobre cechy suszarni kondensacyjnej i tradycyjnej.<\/p>\n<p>W ten spos\u00f3b uzyskuje si\u0119 najwy\u017csz\u0105 jako\u015b\u0107 suszenia w najkr\u00f3tszym czasie przy minimalnym zu\u017cyciu energii.[\/vc_column_text][vc_empty_space height=\u201d16px\u201d][vc_column_text]Firma \u201eNIGOS \u2013 Electronik\u201d udziela swoim klientom 3-letniej gwarancji na ca\u0142\u0105 suszarni\u0119 oraz 5 lat gwarancji na jednostk\u0119 steruj\u0105c\u0105[\/vc_column_text][\/vc_column][\/vc_row][vc_row css_animation=\u201d\u201d row_type=\u201drow\u201d use_row_as_full_screen_section=\u201dno\u201d type=\u201dfull_width\u201d angled_section=\u201dno\u201d text_align=\u201dleft\u201d background_image_as_pattern=\u201dwithout_pattern\u201d][vc_column width=\u201d1\/3\u2033][vc_empty_space height=\u201d50px\u201d][vc_column_text]<\/p>\n<h2 style=\"text-align: center;\"><span class=\"arhiva\">Schemat NIGOLUX<\/span><\/h2>\n<p>[\/vc_column_text][vc_separator type=\u201dsmall\u201d position=\u201dcenter\u201d color=\u201d#ff9b03\u2033][vc_empty_space][vc_single_image image=\u201d1758\u2033 img_size=\u201dfull\u201d qode_css_animation=\u201d\u201d][vc_empty_space][\/vc_column][vc_column width=\u201d1\/3\u2033][vc_empty_space height=\u201d50px\u201d][vc_column_text]<\/p>\n<h2 style=\"text-align: center;\"><span class=\"arhiva\">Schemat NIGOLUX-K1<\/span><\/h2>\n<p>[\/vc_column_text][vc_separator type=\u201dsmall\u201d position=\u201dcenter\u201d color=\u201d#ff9b03\u2033][vc_empty_space][vc_single_image image=\u201d1757\u2033 img_size=\u201dfull\u201d qode_css_animation=\u201d\u201d][vc_empty_space][\/vc_column][vc_column width=\u201d1\/3\u2033][vc_empty_space height=\u201d50px\u201d][vc_column_text]<\/p>\n<h2 style=\"text-align: center;\"><span class=\"arhiva\">Schemat NIGOLUX-K2<\/span><\/h2>\n<p>[\/vc_column_text][vc_separator type=\u201dsmall\u201d position=\u201dcenter\u201d color=\u201d#ff9b03\u2033][vc_empty_space][vc_single_image image=\u201d1752\u2033 img_size=\u201dfull\u201d qode_css_animation=\u201d\u201d][vc_empty_space][\/vc_column][\/vc_row][vc_row css_animation=\u201d\u201d row_type=\u201drow\u201d use_row_as_full_screen_section=\u201dno\u201d type=\u201dfull_width\u201d angled_section=\u201dno\u201d text_align=\u201dleft\u201d background_image_as_pattern=\u201dwithout_pattern\u201d][vc_column][vc_empty_space][vc_column_text]<\/p>\n<h3><span class=\"arhiva\">CHARAKTERYSTYKA TECHNICZNA:<br \/>\n<\/span><\/h3>\n<ul>\n<li>Kompletna konstrukcja z pe\u0142nych profili aluminiowych pozwala na du\u017ce obci\u0105\u017cenia dachu (do 250 kg\/m2 \u015bniegu) oraz odporno\u015b\u0107 suszarni na podmuchy wiatru 150 km\/h<\/li>\n<li>\u015aciany suszarni wykonane z aluminiowych kaset po\u0142\u0105czonych \u015brubami ze stali nierdzewnej oraz silikonu o wysokiej odporno\u015bci na temperatur\u0119 i kwas pochodz\u0105cy z drewna<\/li>\n<li>Izolacja z twardej we\u0142ny prasowanej o grubo\u015bci 10 cm<\/li>\n<li>Elewacja zewn\u0119trzna wykonana z sinusoidalnych blach aluminiowych<\/li>\n<li>Aluminiowy sufit podwieszany umo\u017cliwia r\u00f3wnomiern\u0105 cyrkulacj\u0119 przez wszystkie warstwy<\/li>\n<li>Zastosowanie pompy ciep\u0142a, kt\u00f3rej g\u0142\u00f3wnymi komponentami s\u0105 spr\u0119\u017carka, parownik (cz\u0119\u015b\u0107 zimna) i skraplacz (cz\u0119\u015b\u0107 ciep\u0142a)<\/li>\n<li>Suszenie odbywa si\u0119 bez obecno\u015bci powietrza z zewn\u0105trz, dzi\u0119ki czemu w suszarniach zachowany naturalny kolor drewna<\/li>\n<li>Wymienniki ciep\u0142a wykonane ze stali nierdzewnej i rur bimetalicznych stal nierdzewna \/ aluminium 25\/54 oraz kompletna instalacja ciep\u0142ej wody w suszarni z rur ze stali nierdzewnej (tylko dla modelu K2), pozwala na kombinacj\u0119 pracy tego modelu suszarni<\/li>\n<li>Wentylatory rewersyjne o wysokiej sprawno\u015bci (silniki klasy H)<\/li>\n<li>Oszcz\u0119dno\u015b\u0107 energii dzi\u0119ki zmianie pr\u0119dko\u015bci wentylatora za pomoc\u0105 falownik\u00f3w dla ka\u017cdego wentylatora oddzielnie<\/li>\n<li>System nawil\u017cania wysokoci\u015bnieniowego (pompa, zaw\u00f3r, filtr itp.); podw\u00f3jna: na tylnej \u015bcianie i przed sufitem podwieszanym (dysze, rury ze stali nierdzewnej)<\/li>\n<li>Mo\u017cliwo\u015b\u0107 monta\u017cu urz\u0105dze\u0144, drzwi i system\u00f3w sterowania w murowanym budynku klienta<\/li>\n<\/ul>\n<p>[\/vc_column_text][vc_empty_space][\/vc_column][\/vc_row][vc_row css_animation=\u201d\u201d row_type=\u201drow\u201d use_row_as_full_screen_section=\u201dno\u201d type=\u201dfull_width\u201d angled_section=\u201dno\u201d text_align=\u201dleft\u201d background_image_as_pattern=\u201dwithout_pattern\u201d][vc_column][vc_empty_space height=\u201d10px\u201d][vc_gallery type=\u201dimage_grid\u201d images=\u201d1993,1994,1996,1995,1997,1998,1999,2000,2001,2003,2002,2004,2005,2007,2006,2008\u2033 img_size=\u201dmedium\u201d column_number=\u201d4\u2033 grayscale=\u201dno\u201d images_space=\u201dgallery_with_space\u201d][\/vc_column][\/vc_row]<\/p>\n<\/div>","protected":false},"excerpt":{"rendered":"<p>[vc_row css_animation=\u201d\u201d row_type=\u201drow\u201d use_row_as_full_screen_section=\u201dno\u201d type=\u201dfull_width\u201d angled_section=\u201dno\u201d text_align=\u201dleft\u201d background_image_as_pattern=\u201dwithout_pattern\u201d][vc_column][vc_empty_space height=\u201d40px\u201d][vc_column_text css=\u201d.vc_custom_1605824189388{margin-bottom: 32px !important;border-left-width: 4px !important;padding-top: 30px !important;padding-right: 15px !important;padding-bottom: 30px !important;padding-left: 15px !important;background-color: #dcdcdc !important;border-left-color: #fe9900 !important;border-left-style: solid !important;}\u201d]Suszarnie kondensacyjne nale\u017c\u0105 do nowoczesnych technologii suszenia wszelkiego rodzaju i wilgotno\u015bci drewna. \u00a0 Kondensacja wody (osuszanie) s\u0142u\u017cy do\u2026<\/p>\n","protected":false},"author":1,"featured_media":0,"parent":3431,"menu_order":0,"comment_status":"closed","ping_status":"closed","template":"","meta":{"footnotes":"","_links_to":"","_links_to_target":""},"class_list":["post-3445","page","type-page","status-publish","hentry"],"yoast_head":"<!-- This site is optimized with the Yoast SEO plugin v27.4 - https:\/\/yoast.com\/product\/yoast-seo-wordpress\/ -->\n<title>Suszarnie kondensacyjne - Nigos elektronik<\/title>\n<meta name=\"robots\" content=\"index, follow, max-snippet:-1, max-image-preview:large, max-video-preview:-1\" \/>\n<link rel=\"canonical\" href=\"https:\/\/nigossusare.rs\/pl\/suszenie-drewna\/suszarnie-kondensacyjne\/\" \/>\n<meta property=\"og:locale\" content=\"pl_PL\" \/>\n<meta property=\"og:type\" content=\"article\" \/>\n<meta property=\"og:title\" content=\"Suszarnie kondensacyjne - Nigos elektronik\" \/>\n<meta property=\"og:description\" content=\"[vc_row css_animation=\u201d\u201d row_type=\u201drow\u201d use_row_as_full_screen_section=\u201dno\u201d type=\u201dfull_width\u201d angled_section=\u201dno\u201d text_align=\u201dleft\u201d background_image_as_pattern=\u201dwithout_pattern\u201d][vc_column][vc_empty_space height=\u201d40px\u201d][vc_column_text css=\u201d.vc_custom_1605824189388{margin-bottom: 32px !important;border-left-width: 4px !important;padding-top: 30px !important;padding-right: 15px !important;padding-bottom: 30px !important;padding-left: 15px !important;background-color: #dcdcdc !important;border-left-color: #fe9900 !important;border-left-style: solid !important;}\u201d]Suszarnie kondensacyjne nale\u017c\u0105 do nowoczesnych technologii suszenia wszelkiego rodzaju i wilgotno\u015bci drewna. \u00a0 Kondensacja wody (osuszanie) s\u0142u\u017cy do...\" \/>\n<meta property=\"og:url\" content=\"https:\/\/nigossusare.rs\/pl\/suszenie-drewna\/suszarnie-kondensacyjne\/\" \/>\n<meta property=\"og:site_name\" content=\"Nigos elektronik\" \/>\n<meta property=\"article:modified_time\" content=\"2022-10-14T09:52:15+00:00\" \/>\n<meta property=\"og:image\" content=\"https:\/\/nigossusare.rs\/wp-content\/uploads\/2024\/08\/vks-1200x675-2.jpg\" \/>\n\t<meta property=\"og:image:width\" content=\"1200\" \/>\n\t<meta property=\"og:image:height\" content=\"675\" \/>\n\t<meta property=\"og:image:type\" content=\"image\/jpeg\" \/>\n<meta name=\"twitter:card\" content=\"summary_large_image\" \/>\n<meta name=\"twitter:label1\" content=\"Est. reading time\" \/>\n\t<meta name=\"twitter:data1\" content=\"4 minuty\" \/>\n<script type=\"application\/ld+json\" class=\"yoast-schema-graph\">{\"@context\":\"https:\\\/\\\/schema.org\",\"@graph\":[{\"@type\":\"WebPage\",\"@id\":\"https:\\\/\\\/nigossusare.rs\\\/pl\\\/suszenie-drewna\\\/suszarnie-kondensacyjne\\\/\",\"url\":\"https:\\\/\\\/nigossusare.rs\\\/pl\\\/suszenie-drewna\\\/suszarnie-kondensacyjne\\\/\",\"name\":\"Suszarnie kondensacyjne - Nigos elektronik\",\"isPartOf\":{\"@id\":\"https:\\\/\\\/nigossusare.rs\\\/#website\"},\"datePublished\":\"2020-11-19T22:15:29+00:00\",\"dateModified\":\"2022-10-14T09:52:15+00:00\",\"breadcrumb\":{\"@id\":\"https:\\\/\\\/nigossusare.rs\\\/pl\\\/suszenie-drewna\\\/suszarnie-kondensacyjne\\\/#breadcrumb\"},\"inLanguage\":\"pl-PL\",\"potentialAction\":[{\"@type\":\"ReadAction\",\"target\":[\"https:\\\/\\\/nigossusare.rs\\\/pl\\\/suszenie-drewna\\\/suszarnie-kondensacyjne\\\/\"]}]},{\"@type\":\"BreadcrumbList\",\"@id\":\"https:\\\/\\\/nigossusare.rs\\\/pl\\\/suszenie-drewna\\\/suszarnie-kondensacyjne\\\/#breadcrumb\",\"itemListElement\":[{\"@type\":\"ListItem\",\"position\":1,\"name\":\"Home\",\"item\":\"https:\\\/\\\/nigossusare.rs\\\/pl\\\/glowna\\\/\"},{\"@type\":\"ListItem\",\"position\":2,\"name\":\"Suszenie drewna\",\"item\":\"\\\/pl\\\/\"},{\"@type\":\"ListItem\",\"position\":3,\"name\":\"Suszarnie kondensacyjne\"}]},{\"@type\":\"WebSite\",\"@id\":\"https:\\\/\\\/nigossusare.rs\\\/#website\",\"url\":\"https:\\\/\\\/nigossusare.rs\\\/\",\"name\":\"Nigos elektronik\",\"description\":\"Susare za drvo, wood dryers, drying kilns, moisture meters\",\"publisher\":{\"@id\":\"https:\\\/\\\/nigossusare.rs\\\/#organization\"},\"alternateName\":\"Nigos-elektronik\",\"potentialAction\":[{\"@type\":\"SearchAction\",\"target\":{\"@type\":\"EntryPoint\",\"urlTemplate\":\"https:\\\/\\\/nigossusare.rs\\\/?s={search_term_string}\"},\"query-input\":{\"@type\":\"PropertyValueSpecification\",\"valueRequired\":true,\"valueName\":\"search_term_string\"}}],\"inLanguage\":\"pl-PL\"},{\"@type\":\"Organization\",\"@id\":\"https:\\\/\\\/nigossusare.rs\\\/#organization\",\"name\":\"Nigos elektronik\",\"url\":\"https:\\\/\\\/nigossusare.rs\\\/\",\"logo\":{\"@type\":\"ImageObject\",\"inLanguage\":\"pl-PL\",\"@id\":\"https:\\\/\\\/nigossusare.rs\\\/#\\\/schema\\\/logo\\\/image\\\/\",\"url\":\"https:\\\/\\\/nigossusare.rs\\\/wp-content\\\/uploads\\\/2020\\\/06\\\/NIGOS-elektronik-logo.png\",\"contentUrl\":\"https:\\\/\\\/nigossusare.rs\\\/wp-content\\\/uploads\\\/2020\\\/06\\\/NIGOS-elektronik-logo.png\",\"width\":205,\"height\":70,\"caption\":\"Nigos elektronik\"},\"image\":{\"@id\":\"https:\\\/\\\/nigossusare.rs\\\/#\\\/schema\\\/logo\\\/image\\\/\"},\"sameAs\":[\"https:\\\/\\\/rs.linkedin.com\\\/in\\\/nigos-elektronik-nis-b82b2037\",\"https:\\\/\\\/www.youtube.com\\\/watch?v=2LPdHiVUvu8\"]}]}<\/script>\n<!-- \/ Yoast SEO plugin. -->","yoast_head_json":{"title":"Suszarnie kondensacyjne - Nigos elektronik","robots":{"index":"index","follow":"follow","max-snippet":"max-snippet:-1","max-image-preview":"max-image-preview:large","max-video-preview":"max-video-preview:-1"},"canonical":"https:\/\/nigossusare.rs\/pl\/suszenie-drewna\/suszarnie-kondensacyjne\/","og_locale":"pl_PL","og_type":"article","og_title":"Suszarnie kondensacyjne - Nigos elektronik","og_description":"[vc_row css_animation=\u201d\u201d row_type=\u201drow\u201d use_row_as_full_screen_section=\u201dno\u201d type=\u201dfull_width\u201d angled_section=\u201dno\u201d text_align=\u201dleft\u201d background_image_as_pattern=\u201dwithout_pattern\u201d][vc_column][vc_empty_space height=\u201d40px\u201d][vc_column_text css=\u201d.vc_custom_1605824189388{margin-bottom: 32px !important;border-left-width: 4px !important;padding-top: 30px !important;padding-right: 15px !important;padding-bottom: 30px !important;padding-left: 15px !important;background-color: #dcdcdc !important;border-left-color: #fe9900 !important;border-left-style: solid !important;}\u201d]Suszarnie kondensacyjne nale\u017c\u0105 do nowoczesnych technologii suszenia wszelkiego rodzaju i wilgotno\u015bci drewna. \u00a0 Kondensacja wody (osuszanie) s\u0142u\u017cy do...","og_url":"https:\/\/nigossusare.rs\/pl\/suszenie-drewna\/suszarnie-kondensacyjne\/","og_site_name":"Nigos elektronik","article_modified_time":"2022-10-14T09:52:15+00:00","og_image":[{"width":1200,"height":675,"url":"https:\/\/nigossusare.rs\/wp-content\/uploads\/2024\/08\/vks-1200x675-2.jpg","type":"image\/jpeg"}],"twitter_card":"summary_large_image","twitter_misc":{"Est. reading time":"4 minuty"},"schema":{"@context":"https:\/\/schema.org","@graph":[{"@type":"WebPage","@id":"https:\/\/nigossusare.rs\/pl\/suszenie-drewna\/suszarnie-kondensacyjne\/","url":"https:\/\/nigossusare.rs\/pl\/suszenie-drewna\/suszarnie-kondensacyjne\/","name":"Suszarnie kondensacyjne - Nigos elektronik","isPartOf":{"@id":"https:\/\/nigossusare.rs\/#website"},"datePublished":"2020-11-19T22:15:29+00:00","dateModified":"2022-10-14T09:52:15+00:00","breadcrumb":{"@id":"https:\/\/nigossusare.rs\/pl\/suszenie-drewna\/suszarnie-kondensacyjne\/#breadcrumb"},"inLanguage":"pl-PL","potentialAction":[{"@type":"ReadAction","target":["https:\/\/nigossusare.rs\/pl\/suszenie-drewna\/suszarnie-kondensacyjne\/"]}]},{"@type":"BreadcrumbList","@id":"https:\/\/nigossusare.rs\/pl\/suszenie-drewna\/suszarnie-kondensacyjne\/#breadcrumb","itemListElement":[{"@type":"ListItem","position":1,"name":"Home","item":"https:\/\/nigossusare.rs\/pl\/glowna\/"},{"@type":"ListItem","position":2,"name":"Suszenie drewna","item":"\/pl\/"},{"@type":"ListItem","position":3,"name":"Suszarnie kondensacyjne"}]},{"@type":"WebSite","@id":"https:\/\/nigossusare.rs\/#website","url":"https:\/\/nigossusare.rs\/","name":"Nigos elektronik","description":"Susare za drvo, wood dryers, drying kilns, moisture meters","publisher":{"@id":"https:\/\/nigossusare.rs\/#organization"},"alternateName":"Nigos-elektronik","potentialAction":[{"@type":"SearchAction","target":{"@type":"EntryPoint","urlTemplate":"https:\/\/nigossusare.rs\/?s={search_term_string}"},"query-input":{"@type":"PropertyValueSpecification","valueRequired":true,"valueName":"search_term_string"}}],"inLanguage":"pl-PL"},{"@type":"Organization","@id":"https:\/\/nigossusare.rs\/#organization","name":"Nigos elektronik","url":"https:\/\/nigossusare.rs\/","logo":{"@type":"ImageObject","inLanguage":"pl-PL","@id":"https:\/\/nigossusare.rs\/#\/schema\/logo\/image\/","url":"https:\/\/nigossusare.rs\/wp-content\/uploads\/2020\/06\/NIGOS-elektronik-logo.png","contentUrl":"https:\/\/nigossusare.rs\/wp-content\/uploads\/2020\/06\/NIGOS-elektronik-logo.png","width":205,"height":70,"caption":"Nigos elektronik"},"image":{"@id":"https:\/\/nigossusare.rs\/#\/schema\/logo\/image\/"},"sameAs":["https:\/\/rs.linkedin.com\/in\/nigos-elektronik-nis-b82b2037","https:\/\/www.youtube.com\/watch?v=2LPdHiVUvu8"]}]}},"_links":{"self":[{"href":"https:\/\/nigossusare.rs\/pl\/wp-json\/wp\/v2\/pages\/3445","targetHints":{"allow":["GET"]}}],"collection":[{"href":"https:\/\/nigossusare.rs\/pl\/wp-json\/wp\/v2\/pages"}],"about":[{"href":"https:\/\/nigossusare.rs\/pl\/wp-json\/wp\/v2\/types\/page"}],"author":[{"embeddable":true,"href":"https:\/\/nigossusare.rs\/pl\/wp-json\/wp\/v2\/users\/1"}],"replies":[{"embeddable":true,"href":"https:\/\/nigossusare.rs\/pl\/wp-json\/wp\/v2\/comments?post=3445"}],"version-history":[{"count":6,"href":"https:\/\/nigossusare.rs\/pl\/wp-json\/wp\/v2\/pages\/3445\/revisions"}],"predecessor-version":[{"id":4604,"href":"https:\/\/nigossusare.rs\/pl\/wp-json\/wp\/v2\/pages\/3445\/revisions\/4604"}],"up":[{"embeddable":true,"href":"https:\/\/nigossusare.rs\/pl\/wp-json\/wp\/v2\/pages\/3431"}],"wp:attachment":[{"href":"https:\/\/nigossusare.rs\/pl\/wp-json\/wp\/v2\/media?parent=3445"}],"curies":[{"name":"wp","href":"https:\/\/api.w.org\/{rel}","templated":true}]}}