{"id":3434,"date":"2020-11-19T22:53:13","date_gmt":"2020-11-19T21:53:13","guid":{"rendered":"https:\/\/nigossusare.rs\/?page_id=3434"},"modified":"2022-10-14T11:39:25","modified_gmt":"2022-10-14T09:39:25","slug":"suszarnie-konwencjonalne","status":"publish","type":"page","link":"https:\/\/nigossusare.rs\/pl\/suszenie-drewna\/suszarnie-konwencjonalne\/","title":{"rendered":"Suszarnie konwencjonalne"},"content":{"rendered":"<div class=\"wpb-content-wrapper\"><p>[vc_row css_animation=\u201d\u201d row_type=\u201drow\u201d use_row_as_full_screen_section=\u201dno\u201d type=\u201dfull_width\u201d angled_section=\u201dno\u201d text_align=\u201dleft\u201d background_image_as_pattern=\u201dwithout_pattern\u201d][vc_column][vc_empty_space height=\u201d40px\u201d][vc_column_text css=\u201d.vc_custom_1605822910785{margin-bottom: 32px !important;border-left-width: 4px !important;padding-top: 30px !important;padding-right: 15px !important;padding-bottom: 30px !important;padding-left: 15px !important;background-color: #dcdcdc !important;border-left-color: #fe9900 !important;border-left-style: solid !important;}\u201d]Suszenie metod\u0105 konwencjonaln\u0105 (klasyczn\u0105) stosuje si\u0119 najcz\u0119\u015bciej do suszenia r\u00f3\u017cnego rodzaju drewna o zr\u00f3\u017cnicowanej wilgotno\u015bci.<\/p>\n<p>\u00a0<\/p>\n<p>Suszarnie tego typu s\u0105 technicznie stosunkowo proste i nie wymagaj\u0105 specjalnej konserwacji.<\/p>\n<p>\u00a0<\/p>\n<p>Wszystkie nasze suszarnie posiadaj\u0105: wysoko izolowan\u0105 konstrukcj\u0119 aluminiow\u0105, rewersyjn\u0105 technologi\u0119 ogrzewania i wentylacji, maksymaln\u0105 jako\u015b\u0107 i wydajno\u015b\u0107 suszenia, rozwi\u0105zania przyjazne dla \u015brodowiska i zapewniaj\u0105ce energooszcz\u0119dno\u015b\u0107.[\/vc_column_text][\/vc_column][\/vc_row][vc_row css_animation=\u201d\u201d row_type=\u201drow\u201d use_row_as_full_screen_section=\u201dno\u201d type=\u201dfull_width\u201d angled_section=\u201dno\u201d text_align=\u201dleft\u201d background_image_as_pattern=\u201dwithout_pattern\u201d][vc_column width=\u201d1\/2\u2033][vc_empty_space][vc_single_image image=\u201d3436\u2033 img_size=\u201dlarge\u201d alignment=\u201dcenter\u201d onclick=\u201dzoom\u201d qode_css_animation=\u201d\u201d][vc_empty_space][\/vc_column][vc_column width=\u201d1\/2\u2033][vc_empty_space height=\u201d50px\u201d][vc_column_text]<\/p>\n<h3 style=\"margin-bottom: 10px; text-align: left;\"><span class=\"arhiva\">CHARAKTERYSTYKA:<\/span><\/h3>\n<ul>\n<li>\u00a0Suszenie wszelkiego rodzaju i wilgotno\u015bci drewna<\/li>\n<li>\u00a0Pojemno\u015b\u0107 komory od 30 do 140m3 na cykl suszenia<\/li>\n<li>\u00a0Czynnik roboczy: gor\u0105ca woda 90\/70\u00b0C lub para 2,5 bar<\/li>\n<li>\u00a0Maksymalna temperatura pracy 80\u00b0C<\/li>\n<li>\u00a0Standardowa szeroko\u015b\u0107 suszarni: 4,6 \/ 6,6 \/ 8,6 \/ 10,6 \/ 13,0 m<\/li>\n<li>\u00a0Standardowa g\u0142\u0119boko\u015b\u0107 suszarni: 7,0 \/ 8,5 m<\/li>\n<li>\u00a0Wysoko\u015b\u0107 sk\u0142adowania: 4,1 \/ 4,5 \/ 5,1 m<\/li>\n<li>\u00a0Suszarnie mog\u0105 by\u0107 wykonane zgodnie z indywidualnymi wymaganiami klienta<\/li>\n<li>\u00a0Automatyczne sterowanie procesem suszenia poprzez automatyczne sterowniki MC-2000 lub MC-3000 zainstalowane dla ka\u017cdej suszarni indywidualnie<\/li>\n<li>\u00a0Zdalne monitorowanie i sterowanie na komputerze PC za pomoc\u0105 oprogramowania Nigos DryerManager, za po\u015brednictwem standardu RS485<\/li>\n<\/ul>\n<p>[\/vc_column_text][vc_empty_space][\/vc_column][\/vc_row][vc_row css_animation=\u201d\u201d row_type=\u201drow\u201d use_row_as_full_screen_section=\u201dno\u201d type=\u201dfull_width\u201d angled_section=\u201dno\u201d text_align=\u201dleft\u201d background_image_as_pattern=\u201dwithout_pattern\u201d][vc_column][vc_empty_space][vc_column_text]<\/p>\n<p style=\"text-align: justify; text-justify: inter-word;\">Jednostka odzysku ciep\u0142a (rekuperator) zainstalowana w komorze typu VKS \/ REK pozwala na osi\u0105gni\u0119cie do 50% wy\u017cszych wsp\u00f3\u0142czynnik\u00f3w odzysku ciep\u0142a. Opr\u00f3cz zwi\u0119kszenia sprawno\u015bci cieplnej- zastosowanie rekuperatora skraca r\u00f3wnie\u017c czas suszenia i poprawia jako\u015b\u0107 suszonego drewna. Inwestycja w rekuperatory jest minimalna, a okres zwrotu inwestycji bardzo kr\u00f3tki.<\/p>\n<p>[\/vc_column_text][vc_empty_space height=\u201d16px\u201d][vc_column_text]<\/p>\n<p style=\"text-align: justify; text-justify: inter-word;\">Zu\u017cycie energii ogranicza r\u00f3wnie\u017c wykorzystanie odpad\u00f3w drzewnych lub trocin jako paliwa do ogrzewania kot\u0142a, dlatego ten typ suszarni polecany jest odbiorcom dysponuj\u0105cym kot\u0142em na odpady produkcyjne i odpadami drzewnymi w znacznych ilo\u015bciach.<\/p>\n<p>[\/vc_column_text][vc_empty_space height=\u201d16px\u201d][vc_column_text]<\/p>\n<p style=\"text-align: justify; text-justify: inter-word;\">Oszcz\u0119dno\u015b\u0107 energii elektrycznej uzyskuje si\u0119 r\u00f3wnie\u017c poprzez zmian\u0119 pr\u0119dko\u015bci wentylatora za pomoc\u0105 falownik\u00f3w zainstalowanych oddzielnie dla ka\u017cdego wentylatora.<\/p>\n<p>[\/vc_column_text][vc_empty_space height=\u201d16px\u201d][vc_column_text]<\/p>\n<p style=\"text-align: justify; text-justify: inter-word;\">Firma \u201eNIGOS \u2013 Electronik\u201d udziela swoim klientom 3-letniej gwarancji na ca\u0142\u0105 suszarni\u0119 oraz 5 lat gwarancji na jednostk\u0119 steruj\u0105c\u0105.<\/p>\n<p>[\/vc_column_text][\/vc_column][\/vc_row][vc_row css_animation=\u201d\u201d row_type=\u201drow\u201d use_row_as_full_screen_section=\u201dno\u201d type=\u201dfull_width\u201d angled_section=\u201dno\u201d text_align=\u201dleft\u201d background_image_as_pattern=\u201dwithout_pattern\u201d][vc_column width=\u201d1\/2\u2033][vc_empty_space height=\u201d64px\u201d][vc_column_text]<\/p>\n<h2 style=\"text-align: center;\"><span class=\"arhiva\">Schemat VKS<\/span><\/h2>\n<p>[\/vc_column_text][vc_separator type=\u201dsmall\u201d position=\u201dcenter\u201d color=\u201d#ff9b03\u2033][vc_empty_space height=\u201d50px\u201d][vc_single_image image=\u201d3437\u2033 img_size=\u201dfull\u201d qode_css_animation=\u201d\u201d][vc_empty_space][\/vc_column][vc_column width=\u201d1\/2\u2033][vc_empty_space height=\u201d64px\u201d][vc_column_text]<\/p>\n<h2 style=\"text-align: center;\"><span class=\"arhiva\">Schemat VKS\/REK<\/span><\/h2>\n<p>[\/vc_column_text][vc_separator type=\u201dsmall\u201d position=\u201dcenter\u201d color=\u201d#ff9b03\u2033][vc_empty_space height=\u201d50px\u201d][vc_single_image image=\u201d3438\u2033 img_size=\u201dfull\u201d qode_css_animation=\u201d\u201d][vc_empty_space][\/vc_column][\/vc_row][vc_row css_animation=\u201d\u201d row_type=\u201drow\u201d use_row_as_full_screen_section=\u201dno\u201d type=\u201dfull_width\u201d angled_section=\u201dno\u201d text_align=\u201dleft\u201d background_image_as_pattern=\u201dwithout_pattern\u201d][vc_column][vc_empty_space][vc_column_text]<\/p>\n<h3 style=\"margin-bottom: 10px; text-align: left;\"><span class=\"arhiva\">CHARAKTERYSTYKA TECHNICZNA:<\/span><\/h3>\n<ul>\n<li>\u00a0Kompletna konstrukcja z pe\u0142nych profili aluminiowych pozwala na du\u017ce obci\u0105\u017cenia dachu (do 250kg \/ m2 \u015bniegu) oraz odporno\u015b\u0107 suszarni na podmuchy wiatru 150km \/ h<\/li>\n<li>\u00a0\u015aciany suszarni wykonane s\u0105 z aluminiowych kaset po\u0142\u0105czonych \u015brubami ze stali nierdzewnej oraz silikonu o wysokiej odporno\u015bci na temperatur\u0119 i kwas pochodz\u0105cy z drewna<\/li>\n<li>\u00a0Izolacja z twardej we\u0142ny prasowanej o grubo\u015bci 10 cm<\/li>\n<li>\u00a0Elewacja zewn\u0119trzna z sinusoidalnych blach aluminiowych<\/li>\n<li>\u00a0Aluminiowy sufit pozorny umo\u017cliwia r\u00f3wnomiern\u0105 cyrkulacj\u0119 przez wszystkie warstwy<\/li>\n<li>\u00a0Wymienniki ciep\u0142a wykonane ze stali nierdzewnej i rur bimetalicznych stal nierdzewna \/ aluminium 25\/54<\/li>\n<li>\u00a0Kompletna instalacja ciep\u0142ej wody z rurami ze stali nierdzewnej w suszarni<\/li>\n<li>\u00a0Wentylatory rewersyjne o wysokiej sprawno\u015bci (silniki klasy H)<\/li>\n<li>\u00a0Oszcz\u0119dno\u015b\u0107 energii dzi\u0119ki zmianie pr\u0119dko\u015bci wentylatora za pomoc\u0105 falownik\u00f3w dla ka\u017cdego wentylatora oddzielnie<\/li>\n<li>Jednostka odzysku ciep\u0142a do wymiany powietrza (tylko dla modeli VKS \/ REK) umo\u017cliwia lepsz\u0105 wymian\u0119 powietrza i oszcz\u0119dno\u015b\u0107 energii cieplnej na poziomie 30-50%<\/li>\n<li>\u00a0Dodatkowe klapy z serwonap\u0119dem<\/li>\n<li>\u00a0System nawil\u017cania wysokoci\u015bnieniowego (pompa, zaw\u00f3r, filtr itp.); podw\u00f3jna: na tylnej \u015bcianie i przed sufitem podwieszanym (dysze, rury ze stali nierdzewnej)<\/li>\n<li>\u00a0Drzwi s\u0105 podnoszone i przesuwane za pomoc\u0105 mechanizmu przesuwnego<\/li>\n<li>\u00a0Drzwiczki inspekcyjne z ty\u0142u suszarni i \/ lub w drzwiach g\u0142\u00f3wnych<\/li>\n<li>Mo\u017cliwo\u015b\u0107 monta\u017cu urz\u0105dze\u0144, drzwi i system\u00f3w sterowania w murowanym budynku klienta<\/li>\n<li>\u00a0Sterownia (opcja) to dodatkowe pomieszczenie, w kt\u00f3rym zamontowane s\u0105 tablice zasilaj\u0105ce. Mo\u017cna r\u00f3wnie\u017c zainstalowa\u0107 inne urz\u0105dzenia, takie jak dystrybucja systemu nawil\u017cania, kolektor i instalacja grzewcza, w\u0119ze\u0142 cieplny itp.<\/li>\n<li>\u00a0W suszarniach wielokomorowych poszczeg\u00f3lne komory s\u0105 zbudowane w rz\u0119dzie, maj\u0105 wsp\u00f3lne \u015bciany, wsp\u00f3lny mechanizm podnoszenia drzwi i wsp\u00f3ln\u0105 sterowni\u0119<\/li>\n<\/ul>\n<p>[\/vc_column_text][vc_empty_space][\/vc_column][\/vc_row][vc_row css_animation=\u201d\u201d row_type=\u201drow\u201d use_row_as_full_screen_section=\u201dno\u201d type=\u201dfull_width\u201d angled_section=\u201dno\u201d text_align=\u201dleft\u201d background_image_as_pattern=\u201dwithout_pattern\u201d][vc_column][vc_empty_space height=\u201d10px\u201d][vc_gallery type=\u201dimage_grid\u201d images=\u201d1968,1969,1971,1970,1972,1973,1974,1975,1976,1977,1978,1979,1980,1981,1982,1984,1983,1985,1987,1986,1988,1989,1990,1991\u2033 img_size=\u201dmedium\u201d column_number=\u201d4\u2033 grayscale=\u201dno\u201d images_space=\u201dgallery_with_space\u201d][\/vc_column][\/vc_row]<\/p>\n<\/div>","protected":false},"excerpt":{"rendered":"<p>[vc_row css_animation=\u201d\u201d row_type=\u201drow\u201d use_row_as_full_screen_section=\u201dno\u201d type=\u201dfull_width\u201d angled_section=\u201dno\u201d text_align=\u201dleft\u201d background_image_as_pattern=\u201dwithout_pattern\u201d][vc_column][vc_empty_space height=\u201d40px\u201d][vc_column_text css=\u201d.vc_custom_1605822910785{margin-bottom: 32px !important;border-left-width: 4px !important;padding-top: 30px !important;padding-right: 15px !important;padding-bottom: 30px !important;padding-left: 15px !important;background-color: #dcdcdc !important;border-left-color: #fe9900 !important;border-left-style: solid !important;}\u201d]Suszenie metod\u0105 konwencjonaln\u0105 (klasyczn\u0105) stosuje si\u0119 najcz\u0119\u015bciej do suszenia r\u00f3\u017cnego rodzaju drewna o zr\u00f3\u017cnicowanej wilgotno\u015bci. \u00a0 Suszarnie tego\u2026<\/p>\n","protected":false},"author":1,"featured_media":0,"parent":3431,"menu_order":0,"comment_status":"closed","ping_status":"closed","template":"","meta":{"footnotes":"","_links_to":"","_links_to_target":""},"class_list":["post-3434","page","type-page","status-publish","hentry"],"yoast_head":"<!-- This site is optimized with the Yoast SEO plugin v27.4 - https:\/\/yoast.com\/product\/yoast-seo-wordpress\/ -->\n<title>Suszarnie konwencjonalne - Nigos elektronik<\/title>\n<meta name=\"robots\" content=\"index, follow, max-snippet:-1, max-image-preview:large, max-video-preview:-1\" \/>\n<link rel=\"canonical\" href=\"https:\/\/nigossusare.rs\/pl\/suszenie-drewna\/suszarnie-konwencjonalne\/\" \/>\n<meta property=\"og:locale\" content=\"pl_PL\" \/>\n<meta property=\"og:type\" content=\"article\" \/>\n<meta property=\"og:title\" content=\"Suszarnie konwencjonalne - Nigos elektronik\" \/>\n<meta property=\"og:description\" content=\"[vc_row css_animation=\u201d\u201d row_type=\u201drow\u201d use_row_as_full_screen_section=\u201dno\u201d type=\u201dfull_width\u201d angled_section=\u201dno\u201d text_align=\u201dleft\u201d background_image_as_pattern=\u201dwithout_pattern\u201d][vc_column][vc_empty_space height=\u201d40px\u201d][vc_column_text css=\u201d.vc_custom_1605822910785{margin-bottom: 32px !important;border-left-width: 4px !important;padding-top: 30px !important;padding-right: 15px !important;padding-bottom: 30px !important;padding-left: 15px !important;background-color: #dcdcdc !important;border-left-color: #fe9900 !important;border-left-style: solid !important;}\u201d]Suszenie metod\u0105 konwencjonaln\u0105 (klasyczn\u0105) stosuje si\u0119 najcz\u0119\u015bciej do suszenia r\u00f3\u017cnego rodzaju drewna o zr\u00f3\u017cnicowanej wilgotno\u015bci. \u00a0 Suszarnie tego...\" \/>\n<meta property=\"og:url\" content=\"https:\/\/nigossusare.rs\/pl\/suszenie-drewna\/suszarnie-konwencjonalne\/\" \/>\n<meta property=\"og:site_name\" content=\"Nigos elektronik\" \/>\n<meta property=\"article:modified_time\" content=\"2022-10-14T09:39:25+00:00\" \/>\n<meta property=\"og:image\" content=\"https:\/\/nigossusare.rs\/wp-content\/uploads\/2024\/08\/vks-1200x675-2.jpg\" \/>\n\t<meta property=\"og:image:width\" content=\"1200\" \/>\n\t<meta property=\"og:image:height\" content=\"675\" \/>\n\t<meta property=\"og:image:type\" content=\"image\/jpeg\" \/>\n<meta name=\"twitter:card\" content=\"summary_large_image\" \/>\n<meta name=\"twitter:label1\" content=\"Est. reading time\" \/>\n\t<meta name=\"twitter:data1\" content=\"4 minuty\" \/>\n<script type=\"application\/ld+json\" class=\"yoast-schema-graph\">{\"@context\":\"https:\\\/\\\/schema.org\",\"@graph\":[{\"@type\":\"WebPage\",\"@id\":\"https:\\\/\\\/nigossusare.rs\\\/pl\\\/suszenie-drewna\\\/suszarnie-konwencjonalne\\\/\",\"url\":\"https:\\\/\\\/nigossusare.rs\\\/pl\\\/suszenie-drewna\\\/suszarnie-konwencjonalne\\\/\",\"name\":\"Suszarnie konwencjonalne - Nigos elektronik\",\"isPartOf\":{\"@id\":\"https:\\\/\\\/nigossusare.rs\\\/#website\"},\"datePublished\":\"2020-11-19T21:53:13+00:00\",\"dateModified\":\"2022-10-14T09:39:25+00:00\",\"breadcrumb\":{\"@id\":\"https:\\\/\\\/nigossusare.rs\\\/pl\\\/suszenie-drewna\\\/suszarnie-konwencjonalne\\\/#breadcrumb\"},\"inLanguage\":\"pl-PL\",\"potentialAction\":[{\"@type\":\"ReadAction\",\"target\":[\"https:\\\/\\\/nigossusare.rs\\\/pl\\\/suszenie-drewna\\\/suszarnie-konwencjonalne\\\/\"]}]},{\"@type\":\"BreadcrumbList\",\"@id\":\"https:\\\/\\\/nigossusare.rs\\\/pl\\\/suszenie-drewna\\\/suszarnie-konwencjonalne\\\/#breadcrumb\",\"itemListElement\":[{\"@type\":\"ListItem\",\"position\":1,\"name\":\"Home\",\"item\":\"https:\\\/\\\/nigossusare.rs\\\/pl\\\/glowna\\\/\"},{\"@type\":\"ListItem\",\"position\":2,\"name\":\"Suszenie drewna\",\"item\":\"\\\/pl\\\/\"},{\"@type\":\"ListItem\",\"position\":3,\"name\":\"Suszarnie konwencjonalne\"}]},{\"@type\":\"WebSite\",\"@id\":\"https:\\\/\\\/nigossusare.rs\\\/#website\",\"url\":\"https:\\\/\\\/nigossusare.rs\\\/\",\"name\":\"Nigos elektronik\",\"description\":\"Susare za drvo, wood dryers, drying kilns, moisture meters\",\"publisher\":{\"@id\":\"https:\\\/\\\/nigossusare.rs\\\/#organization\"},\"alternateName\":\"Nigos-elektronik\",\"potentialAction\":[{\"@type\":\"SearchAction\",\"target\":{\"@type\":\"EntryPoint\",\"urlTemplate\":\"https:\\\/\\\/nigossusare.rs\\\/?s={search_term_string}\"},\"query-input\":{\"@type\":\"PropertyValueSpecification\",\"valueRequired\":true,\"valueName\":\"search_term_string\"}}],\"inLanguage\":\"pl-PL\"},{\"@type\":\"Organization\",\"@id\":\"https:\\\/\\\/nigossusare.rs\\\/#organization\",\"name\":\"Nigos elektronik\",\"url\":\"https:\\\/\\\/nigossusare.rs\\\/\",\"logo\":{\"@type\":\"ImageObject\",\"inLanguage\":\"pl-PL\",\"@id\":\"https:\\\/\\\/nigossusare.rs\\\/#\\\/schema\\\/logo\\\/image\\\/\",\"url\":\"https:\\\/\\\/nigossusare.rs\\\/wp-content\\\/uploads\\\/2020\\\/06\\\/NIGOS-elektronik-logo.png\",\"contentUrl\":\"https:\\\/\\\/nigossusare.rs\\\/wp-content\\\/uploads\\\/2020\\\/06\\\/NIGOS-elektronik-logo.png\",\"width\":205,\"height\":70,\"caption\":\"Nigos elektronik\"},\"image\":{\"@id\":\"https:\\\/\\\/nigossusare.rs\\\/#\\\/schema\\\/logo\\\/image\\\/\"},\"sameAs\":[\"https:\\\/\\\/rs.linkedin.com\\\/in\\\/nigos-elektronik-nis-b82b2037\",\"https:\\\/\\\/www.youtube.com\\\/watch?v=2LPdHiVUvu8\"]}]}<\/script>\n<!-- \/ Yoast SEO plugin. -->","yoast_head_json":{"title":"Suszarnie konwencjonalne - Nigos elektronik","robots":{"index":"index","follow":"follow","max-snippet":"max-snippet:-1","max-image-preview":"max-image-preview:large","max-video-preview":"max-video-preview:-1"},"canonical":"https:\/\/nigossusare.rs\/pl\/suszenie-drewna\/suszarnie-konwencjonalne\/","og_locale":"pl_PL","og_type":"article","og_title":"Suszarnie konwencjonalne - Nigos elektronik","og_description":"[vc_row css_animation=\u201d\u201d row_type=\u201drow\u201d use_row_as_full_screen_section=\u201dno\u201d type=\u201dfull_width\u201d angled_section=\u201dno\u201d text_align=\u201dleft\u201d background_image_as_pattern=\u201dwithout_pattern\u201d][vc_column][vc_empty_space height=\u201d40px\u201d][vc_column_text css=\u201d.vc_custom_1605822910785{margin-bottom: 32px !important;border-left-width: 4px !important;padding-top: 30px !important;padding-right: 15px !important;padding-bottom: 30px !important;padding-left: 15px !important;background-color: #dcdcdc !important;border-left-color: #fe9900 !important;border-left-style: solid !important;}\u201d]Suszenie metod\u0105 konwencjonaln\u0105 (klasyczn\u0105) stosuje si\u0119 najcz\u0119\u015bciej do suszenia r\u00f3\u017cnego rodzaju drewna o zr\u00f3\u017cnicowanej wilgotno\u015bci. \u00a0 Suszarnie tego...","og_url":"https:\/\/nigossusare.rs\/pl\/suszenie-drewna\/suszarnie-konwencjonalne\/","og_site_name":"Nigos elektronik","article_modified_time":"2022-10-14T09:39:25+00:00","og_image":[{"width":1200,"height":675,"url":"https:\/\/nigossusare.rs\/wp-content\/uploads\/2024\/08\/vks-1200x675-2.jpg","type":"image\/jpeg"}],"twitter_card":"summary_large_image","twitter_misc":{"Est. reading time":"4 minuty"},"schema":{"@context":"https:\/\/schema.org","@graph":[{"@type":"WebPage","@id":"https:\/\/nigossusare.rs\/pl\/suszenie-drewna\/suszarnie-konwencjonalne\/","url":"https:\/\/nigossusare.rs\/pl\/suszenie-drewna\/suszarnie-konwencjonalne\/","name":"Suszarnie konwencjonalne - Nigos elektronik","isPartOf":{"@id":"https:\/\/nigossusare.rs\/#website"},"datePublished":"2020-11-19T21:53:13+00:00","dateModified":"2022-10-14T09:39:25+00:00","breadcrumb":{"@id":"https:\/\/nigossusare.rs\/pl\/suszenie-drewna\/suszarnie-konwencjonalne\/#breadcrumb"},"inLanguage":"pl-PL","potentialAction":[{"@type":"ReadAction","target":["https:\/\/nigossusare.rs\/pl\/suszenie-drewna\/suszarnie-konwencjonalne\/"]}]},{"@type":"BreadcrumbList","@id":"https:\/\/nigossusare.rs\/pl\/suszenie-drewna\/suszarnie-konwencjonalne\/#breadcrumb","itemListElement":[{"@type":"ListItem","position":1,"name":"Home","item":"https:\/\/nigossusare.rs\/pl\/glowna\/"},{"@type":"ListItem","position":2,"name":"Suszenie drewna","item":"\/pl\/"},{"@type":"ListItem","position":3,"name":"Suszarnie konwencjonalne"}]},{"@type":"WebSite","@id":"https:\/\/nigossusare.rs\/#website","url":"https:\/\/nigossusare.rs\/","name":"Nigos elektronik","description":"Susare za drvo, wood dryers, drying kilns, moisture meters","publisher":{"@id":"https:\/\/nigossusare.rs\/#organization"},"alternateName":"Nigos-elektronik","potentialAction":[{"@type":"SearchAction","target":{"@type":"EntryPoint","urlTemplate":"https:\/\/nigossusare.rs\/?s={search_term_string}"},"query-input":{"@type":"PropertyValueSpecification","valueRequired":true,"valueName":"search_term_string"}}],"inLanguage":"pl-PL"},{"@type":"Organization","@id":"https:\/\/nigossusare.rs\/#organization","name":"Nigos elektronik","url":"https:\/\/nigossusare.rs\/","logo":{"@type":"ImageObject","inLanguage":"pl-PL","@id":"https:\/\/nigossusare.rs\/#\/schema\/logo\/image\/","url":"https:\/\/nigossusare.rs\/wp-content\/uploads\/2020\/06\/NIGOS-elektronik-logo.png","contentUrl":"https:\/\/nigossusare.rs\/wp-content\/uploads\/2020\/06\/NIGOS-elektronik-logo.png","width":205,"height":70,"caption":"Nigos elektronik"},"image":{"@id":"https:\/\/nigossusare.rs\/#\/schema\/logo\/image\/"},"sameAs":["https:\/\/rs.linkedin.com\/in\/nigos-elektronik-nis-b82b2037","https:\/\/www.youtube.com\/watch?v=2LPdHiVUvu8"]}]}},"_links":{"self":[{"href":"https:\/\/nigossusare.rs\/pl\/wp-json\/wp\/v2\/pages\/3434","targetHints":{"allow":["GET"]}}],"collection":[{"href":"https:\/\/nigossusare.rs\/pl\/wp-json\/wp\/v2\/pages"}],"about":[{"href":"https:\/\/nigossusare.rs\/pl\/wp-json\/wp\/v2\/types\/page"}],"author":[{"embeddable":true,"href":"https:\/\/nigossusare.rs\/pl\/wp-json\/wp\/v2\/users\/1"}],"replies":[{"embeddable":true,"href":"https:\/\/nigossusare.rs\/pl\/wp-json\/wp\/v2\/comments?post=3434"}],"version-history":[{"count":6,"href":"https:\/\/nigossusare.rs\/pl\/wp-json\/wp\/v2\/pages\/3434\/revisions"}],"predecessor-version":[{"id":4577,"href":"https:\/\/nigossusare.rs\/pl\/wp-json\/wp\/v2\/pages\/3434\/revisions\/4577"}],"up":[{"embeddable":true,"href":"https:\/\/nigossusare.rs\/pl\/wp-json\/wp\/v2\/pages\/3431"}],"wp:attachment":[{"href":"https:\/\/nigossusare.rs\/pl\/wp-json\/wp\/v2\/media?parent=3434"}],"curies":[{"name":"wp","href":"https:\/\/api.w.org\/{rel}","templated":true}]}}