{"id":3386,"date":"2020-11-19T22:31:28","date_gmt":"2020-11-19T21:31:28","guid":{"rendered":"https:\/\/nigossusare.rs\/?page_id=3386"},"modified":"2026-04-22T12:37:48","modified_gmt":"2026-04-22T10:37:48","slug":"parowanie-drewna-komory-do-bezposredniego-gotowania-na-parze","status":"publish","type":"page","link":"https:\/\/nigossusare.rs\/pl\/parowanie-drewna\/parowanie-drewna-komory-do-bezposredniego-gotowania-na-parze\/","title":{"rendered":"Komory do bezpo\u015bredniego gotowania na parze"},"content":{"rendered":"<div class=\"wpb-content-wrapper\"><p>[vc_row css_animation=\u201d\u201d row_type=\u201drow\u201d use_row_as_full_screen_section=\u201dno\u201d type=\u201dfull_width\u201d angled_section=\u201dno\u201d text_align=\u201dleft\u201d background_image_as_pattern=\u201dwithout_pattern\u201d][vc_column][vc_empty_space height=\u201d40px\u201d][vc_column_text css=\u201d.vc_custom_1605821237551{margin-bottom: 32px !important;border-left-width: 4px !important;padding-top: 30px !important;padding-right: 15px !important;padding-bottom: 30px !important;padding-left: 15px !important;background-color: #dcdcdc !important;border-left-color: #fe9900 !important;border-left-style: solid !important;}\u201d]W komorach bezpo\u015bredniego parzenia- para z zewn\u0119trznego \u017ar\u00f3d\u0142a- kot\u0142a parowego, jest wprowadzana przez perforowan\u0105 rurk\u0119 ze stali nierdzewnej (dystrybutor pary) bezpo\u015brednio do komory parowej. Dystrybutor pary mo\u017cna zainstalowa\u0107 ponad ziemi\u0105 lub zanurzy\u0107 w kanale wodnym. Para z kot\u0142a skrapla si\u0119 i jest nieodwracalnie tracona podczas procesu parowania. Proces parzenia w tym modelu komory parowej jest prosty, ale wi\u0105\u017ce si\u0119 z wi\u0119kszym zu\u017cyciem wody i energii do procesu, ni\u017c w komorach do parzenia po\u015bredniego.<\/p>\n<p>\u00a0<\/p>\n<p>Proces parzenia odbywa si\u0119 automatycznie, a re\u017cimy oparte s\u0105 na wymaganiach u\u017cytkownik\u00f3w, do\u015bwiadczeniu i wsp\u00f3\u0142pracy z klientami. [\/vc_column_text][\/vc_column][\/vc_row][vc_row css_animation=\u201d\u201d row_type=\u201drow\u201d use_row_as_full_screen_section=\u201dno\u201d type=\u201dfull_width\u201d angled_section=\u201dno\u201d text_align=\u201dleft\u201d background_image_as_pattern=\u201dwithout_pattern\u201d][vc_column width=\u201d1\/2\u2033][vc_empty_space][vc_single_image image=\u201d3401\u2033 img_size=\u201dlarge\u201d alignment=\u201dcenter\u201d onclick=\u201dzoom\u201d qode_css_animation=\u201d\u201d][vc_empty_space][\/vc_column][vc_column width=\u201d1\/2\u2033][vc_empty_space height=\u201d90px\u201d][vc_column_text]<\/p>\n<h3><span class=\"arhiva\">CHARAKTERYSTYKA:<\/span><\/h3>\n<ul>\n<li>Parzenie wszystkich rodzaj\u00f3w \u015bwie\u017co \u015bci\u0119tego drewna (maksymalnie 3 dni)<\/li>\n<li>Wydajno\u015b\u0107 pary: od 15-50 m3 netto na cykl<\/li>\n<li>Czynnik roboczy: para mokra, ci\u015bnienie 0,5 bar<\/li>\n<li>Standardowa szeroko\u015b\u0107 parzelni: 5\/6\/7 m<\/li>\n<li>Standardowa g\u0142\u0119boko\u015b\u0107 parzelni: 3\/4\/5 m<\/li>\n<li>Wysoko\u015b\u0107 stosu: 3,5 \/ 4,1 m<\/li>\n<li>Komory parowe mog\u0105 by\u0107 wykonane zgodnie z \u017cyczeniem klienta<\/li>\n<li>Proces parzenia prowadzony jest automatycznie (sterownik PD-01). Ka\u017cda komora parowa ma w\u0142asny kontroler<\/li>\n<li>Zdalne monitorowanie i sterowanie na komputerze PC za pomoc\u0105 oprogramowania Nigos Parionica, przez standard RS485<\/li>\n<\/ul>\n<p>[\/vc_column_text][vc_empty_space][\/vc_column][\/vc_row][vc_row css_animation=\u201d\u201d row_type=\u201drow\u201d use_row_as_full_screen_section=\u201dno\u201d type=\u201dfull_width\u201d angled_section=\u201dno\u201d text_align=\u201dleft\u201d background_image_as_pattern=\u201dwithout_pattern\u201d][vc_column][vc_empty_space][vc_column_text]<\/p>\n<h3><span class=\"arhiva\">W\u0141A\u015aCIWO\u015aCI TECHNICZNE:<\/span><\/h3>\n<ul>\n<li>Kompletna konstrukcja z solidnych profili aluminiowych zapewnia wysok\u0105 odporno\u015b\u0107 na obci\u0105\u017cenie dachu (do 250 kg \/ m2 \u015bniegu) oraz na wiatr o pr\u0119dko\u015bci 150 km\/h<\/li>\n<li>\u015aciany komory zbudowane s\u0105 z kaset aluminiowych AlMg3, po\u0142\u0105czonych \u015brubami ze stali nierdzewnej, silikonu odpornego na wysok\u0105 temperatur\u0119 i kwasoodpornego, wype\u0142nionych tward\u0105 prasowan\u0105 we\u0142n\u0105 o grubo\u015bci 10 cm. Poszycie zewn\u0119trzne z blach sinusoidalnych z wewn\u0119trznymi kana\u0142ami wentylacyjnymi<\/li>\n<li>System dystrybucji pary wykonany w ca\u0142o\u015bci ze stali nierdzewnej (inox)<\/li>\n<li>Samokontroluj\u0105ca wywrotka wykonana z aluminium, pozwala na utrzymanie ci\u015bnienia powy\u017cej 0,2 bara<\/li>\n<li>Do pomiaru temperatury w komorze parowej s\u0142u\u017c\u0105 dwie sondy. Prowadzenie procesu parzenia przy \u015bredniej warto\u015bci temperatury<\/li>\n<li>Mo\u017cliwo\u015b\u0107 monta\u017cu urz\u0105dze\u0144 i drzwi w murowanym budynku klienta<\/li>\n<\/ul>\n<p>[\/vc_column_text][vc_empty_space][\/vc_column][\/vc_row][vc_row css_animation=\u201d\u201d row_type=\u201drow\u201d use_row_as_full_screen_section=\u201dno\u201d type=\u201dfull_width\u201d angled_section=\u201dno\u201d text_align=\u201dleft\u201d background_image_as_pattern=\u201dwithout_pattern\u201d][vc_column][vc_empty_space height=\u201d10px\u201d][vc_gallery type=\u201dimage_grid\u201d images=\u201d3388,3389,3390,3391,3392,3393,3394,3395,3396,3397,3398,3399\u2033 img_size=\u201dmedium\u201d column_number=\u201d4\u2033 grayscale=\u201dno\u201d images_space=\u201dgallery_with_space\u201d][\/vc_column][\/vc_row]<\/p>\n<\/div>","protected":false},"excerpt":{"rendered":"<p>[vc_row css_animation=\u201d\u201d row_type=\u201drow\u201d use_row_as_full_screen_section=\u201dno\u201d type=\u201dfull_width\u201d angled_section=\u201dno\u201d text_align=\u201dleft\u201d background_image_as_pattern=\u201dwithout_pattern\u201d][vc_column][vc_empty_space height=\u201d40px\u201d][vc_column_text css=\u201d.vc_custom_1605821237551{margin-bottom: 32px !important;border-left-width: 4px !important;padding-top: 30px !important;padding-right: 15px !important;padding-bottom: 30px !important;padding-left: 15px !important;background-color: #dcdcdc !important;border-left-color: #fe9900 !important;border-left-style: solid !important;}\u201d]W komorach bezpo\u015bredniego parzenia- para z zewn\u0119trznego \u017ar\u00f3d\u0142a- kot\u0142a parowego, jest wprowadzana przez perforowan\u0105 rurk\u0119 ze stali nierdzewnej\u2026<\/p>\n","protected":false},"author":1,"featured_media":0,"parent":3382,"menu_order":0,"comment_status":"closed","ping_status":"closed","template":"","meta":{"footnotes":"","_links_to":"","_links_to_target":""},"class_list":["post-3386","page","type-page","status-publish","hentry"],"yoast_head":"<!-- This site is optimized with the Yoast SEO plugin v27.4 - https:\/\/yoast.com\/product\/yoast-seo-wordpress\/ -->\n<title>Komory do bezpo\u015bredniego gotowania na parze - Nigos elektronik<\/title>\n<meta name=\"robots\" content=\"index, follow, max-snippet:-1, max-image-preview:large, max-video-preview:-1\" \/>\n<link rel=\"canonical\" href=\"https:\/\/nigossusare.rs\/parenje-drveta\/direktne-parionice\/\" \/>\n<meta property=\"og:locale\" content=\"pl_PL\" \/>\n<meta property=\"og:type\" content=\"article\" \/>\n<meta property=\"og:title\" content=\"Komory do bezpo\u015bredniego gotowania na parze - Nigos elektronik\" \/>\n<meta property=\"og:description\" content=\"[vc_row css_animation=\u201d\u201d row_type=\u201drow\u201d use_row_as_full_screen_section=\u201dno\u201d type=\u201dfull_width\u201d angled_section=\u201dno\u201d text_align=\u201dleft\u201d background_image_as_pattern=\u201dwithout_pattern\u201d][vc_column][vc_empty_space height=\u201d40px\u201d][vc_column_text css=\u201d.vc_custom_1605821237551{margin-bottom: 32px !important;border-left-width: 4px !important;padding-top: 30px !important;padding-right: 15px !important;padding-bottom: 30px !important;padding-left: 15px !important;background-color: #dcdcdc !important;border-left-color: #fe9900 !important;border-left-style: solid !important;}\u201d]W komorach bezpo\u015bredniego parzenia- para z zewn\u0119trznego \u017ar\u00f3d\u0142a- kot\u0142a parowego, jest wprowadzana przez perforowan\u0105 rurk\u0119 ze stali nierdzewnej...\" \/>\n<meta property=\"og:url\" content=\"https:\/\/nigossusare.rs\/parenje-drveta\/direktne-parionice\/\" \/>\n<meta property=\"og:site_name\" content=\"Nigos elektronik\" \/>\n<meta property=\"article:modified_time\" content=\"2026-04-22T10:37:48+00:00\" \/>\n<meta property=\"og:image\" content=\"https:\/\/nigossusare.rs\/wp-content\/uploads\/2024\/08\/vks-1200x675-2.jpg\" \/>\n\t<meta property=\"og:image:width\" content=\"1200\" \/>\n\t<meta property=\"og:image:height\" content=\"675\" \/>\n\t<meta property=\"og:image:type\" content=\"image\/jpeg\" \/>\n<meta name=\"twitter:card\" content=\"summary_large_image\" \/>\n<meta name=\"twitter:label1\" content=\"Est. reading time\" \/>\n\t<meta name=\"twitter:data1\" content=\"2 minuty\" \/>\n<script type=\"application\/ld+json\" class=\"yoast-schema-graph\">{\"@context\":\"https:\\\/\\\/schema.org\",\"@graph\":[{\"@type\":\"WebPage\",\"@id\":\"https:\\\/\\\/nigossusare.rs\\\/parenje-drveta\\\/direktne-parionice\\\/\",\"url\":\"https:\\\/\\\/nigossusare.rs\\\/parenje-drveta\\\/direktne-parionice\\\/\",\"name\":\"Komory do bezpo\u015bredniego gotowania na parze - Nigos elektronik\",\"isPartOf\":{\"@id\":\"https:\\\/\\\/nigossusare.rs\\\/#website\"},\"datePublished\":\"2020-11-19T21:31:28+00:00\",\"dateModified\":\"2026-04-22T10:37:48+00:00\",\"breadcrumb\":{\"@id\":\"https:\\\/\\\/nigossusare.rs\\\/parenje-drveta\\\/direktne-parionice\\\/#breadcrumb\"},\"inLanguage\":\"pl-PL\",\"potentialAction\":[{\"@type\":\"ReadAction\",\"target\":[\"https:\\\/\\\/nigossusare.rs\\\/parenje-drveta\\\/direktne-parionice\\\/\"]}]},{\"@type\":\"BreadcrumbList\",\"@id\":\"https:\\\/\\\/nigossusare.rs\\\/parenje-drveta\\\/direktne-parionice\\\/#breadcrumb\",\"itemListElement\":[{\"@type\":\"ListItem\",\"position\":1,\"name\":\"Home\",\"item\":\"https:\\\/\\\/nigossusare.rs\\\/\"},{\"@type\":\"ListItem\",\"position\":2,\"name\":\"Komory do bezpo\u015bredniego gotowania na parze\"}]},{\"@type\":\"WebSite\",\"@id\":\"https:\\\/\\\/nigossusare.rs\\\/#website\",\"url\":\"https:\\\/\\\/nigossusare.rs\\\/\",\"name\":\"Nigos elektronik\",\"description\":\"Susare za drvo, wood dryers, drying kilns, moisture meters\",\"publisher\":{\"@id\":\"https:\\\/\\\/nigossusare.rs\\\/#organization\"},\"alternateName\":\"Nigos-elektronik\",\"potentialAction\":[{\"@type\":\"SearchAction\",\"target\":{\"@type\":\"EntryPoint\",\"urlTemplate\":\"https:\\\/\\\/nigossusare.rs\\\/?s={search_term_string}\"},\"query-input\":{\"@type\":\"PropertyValueSpecification\",\"valueRequired\":true,\"valueName\":\"search_term_string\"}}],\"inLanguage\":\"pl-PL\"},{\"@type\":\"Organization\",\"@id\":\"https:\\\/\\\/nigossusare.rs\\\/#organization\",\"name\":\"Nigos elektronik\",\"url\":\"https:\\\/\\\/nigossusare.rs\\\/\",\"logo\":{\"@type\":\"ImageObject\",\"inLanguage\":\"pl-PL\",\"@id\":\"https:\\\/\\\/nigossusare.rs\\\/#\\\/schema\\\/logo\\\/image\\\/\",\"url\":\"https:\\\/\\\/nigossusare.rs\\\/wp-content\\\/uploads\\\/2020\\\/06\\\/NIGOS-elektronik-logo.png\",\"contentUrl\":\"https:\\\/\\\/nigossusare.rs\\\/wp-content\\\/uploads\\\/2020\\\/06\\\/NIGOS-elektronik-logo.png\",\"width\":205,\"height\":70,\"caption\":\"Nigos elektronik\"},\"image\":{\"@id\":\"https:\\\/\\\/nigossusare.rs\\\/#\\\/schema\\\/logo\\\/image\\\/\"},\"sameAs\":[\"https:\\\/\\\/rs.linkedin.com\\\/in\\\/nigos-elektronik-nis-b82b2037\",\"https:\\\/\\\/www.youtube.com\\\/watch?v=2LPdHiVUvu8\"]}]}<\/script>\n<!-- \/ Yoast SEO plugin. -->","yoast_head_json":{"title":"Komory do bezpo\u015bredniego gotowania na parze - Nigos elektronik","robots":{"index":"index","follow":"follow","max-snippet":"max-snippet:-1","max-image-preview":"max-image-preview:large","max-video-preview":"max-video-preview:-1"},"canonical":"https:\/\/nigossusare.rs\/parenje-drveta\/direktne-parionice\/","og_locale":"pl_PL","og_type":"article","og_title":"Komory do bezpo\u015bredniego gotowania na parze - Nigos elektronik","og_description":"[vc_row css_animation=\u201d\u201d row_type=\u201drow\u201d use_row_as_full_screen_section=\u201dno\u201d type=\u201dfull_width\u201d angled_section=\u201dno\u201d text_align=\u201dleft\u201d background_image_as_pattern=\u201dwithout_pattern\u201d][vc_column][vc_empty_space height=\u201d40px\u201d][vc_column_text css=\u201d.vc_custom_1605821237551{margin-bottom: 32px !important;border-left-width: 4px !important;padding-top: 30px !important;padding-right: 15px !important;padding-bottom: 30px !important;padding-left: 15px !important;background-color: #dcdcdc !important;border-left-color: #fe9900 !important;border-left-style: solid !important;}\u201d]W komorach bezpo\u015bredniego parzenia- para z zewn\u0119trznego \u017ar\u00f3d\u0142a- kot\u0142a parowego, jest wprowadzana przez perforowan\u0105 rurk\u0119 ze stali nierdzewnej...","og_url":"https:\/\/nigossusare.rs\/parenje-drveta\/direktne-parionice\/","og_site_name":"Nigos elektronik","article_modified_time":"2026-04-22T10:37:48+00:00","og_image":[{"width":1200,"height":675,"url":"https:\/\/nigossusare.rs\/wp-content\/uploads\/2024\/08\/vks-1200x675-2.jpg","type":"image\/jpeg"}],"twitter_card":"summary_large_image","twitter_misc":{"Est. reading time":"2 minuty"},"schema":{"@context":"https:\/\/schema.org","@graph":[{"@type":"WebPage","@id":"https:\/\/nigossusare.rs\/parenje-drveta\/direktne-parionice\/","url":"https:\/\/nigossusare.rs\/parenje-drveta\/direktne-parionice\/","name":"Komory do bezpo\u015bredniego gotowania na parze - Nigos elektronik","isPartOf":{"@id":"https:\/\/nigossusare.rs\/#website"},"datePublished":"2020-11-19T21:31:28+00:00","dateModified":"2026-04-22T10:37:48+00:00","breadcrumb":{"@id":"https:\/\/nigossusare.rs\/parenje-drveta\/direktne-parionice\/#breadcrumb"},"inLanguage":"pl-PL","potentialAction":[{"@type":"ReadAction","target":["https:\/\/nigossusare.rs\/parenje-drveta\/direktne-parionice\/"]}]},{"@type":"BreadcrumbList","@id":"https:\/\/nigossusare.rs\/parenje-drveta\/direktne-parionice\/#breadcrumb","itemListElement":[{"@type":"ListItem","position":1,"name":"Home","item":"https:\/\/nigossusare.rs\/"},{"@type":"ListItem","position":2,"name":"Komory do bezpo\u015bredniego gotowania na parze"}]},{"@type":"WebSite","@id":"https:\/\/nigossusare.rs\/#website","url":"https:\/\/nigossusare.rs\/","name":"Nigos elektronik","description":"Susare za drvo, wood dryers, drying kilns, moisture meters","publisher":{"@id":"https:\/\/nigossusare.rs\/#organization"},"alternateName":"Nigos-elektronik","potentialAction":[{"@type":"SearchAction","target":{"@type":"EntryPoint","urlTemplate":"https:\/\/nigossusare.rs\/?s={search_term_string}"},"query-input":{"@type":"PropertyValueSpecification","valueRequired":true,"valueName":"search_term_string"}}],"inLanguage":"pl-PL"},{"@type":"Organization","@id":"https:\/\/nigossusare.rs\/#organization","name":"Nigos elektronik","url":"https:\/\/nigossusare.rs\/","logo":{"@type":"ImageObject","inLanguage":"pl-PL","@id":"https:\/\/nigossusare.rs\/#\/schema\/logo\/image\/","url":"https:\/\/nigossusare.rs\/wp-content\/uploads\/2020\/06\/NIGOS-elektronik-logo.png","contentUrl":"https:\/\/nigossusare.rs\/wp-content\/uploads\/2020\/06\/NIGOS-elektronik-logo.png","width":205,"height":70,"caption":"Nigos elektronik"},"image":{"@id":"https:\/\/nigossusare.rs\/#\/schema\/logo\/image\/"},"sameAs":["https:\/\/rs.linkedin.com\/in\/nigos-elektronik-nis-b82b2037","https:\/\/www.youtube.com\/watch?v=2LPdHiVUvu8"]}]}},"_links":{"self":[{"href":"https:\/\/nigossusare.rs\/pl\/wp-json\/wp\/v2\/pages\/3386","targetHints":{"allow":["GET"]}}],"collection":[{"href":"https:\/\/nigossusare.rs\/pl\/wp-json\/wp\/v2\/pages"}],"about":[{"href":"https:\/\/nigossusare.rs\/pl\/wp-json\/wp\/v2\/types\/page"}],"author":[{"embeddable":true,"href":"https:\/\/nigossusare.rs\/pl\/wp-json\/wp\/v2\/users\/1"}],"replies":[{"embeddable":true,"href":"https:\/\/nigossusare.rs\/pl\/wp-json\/wp\/v2\/comments?post=3386"}],"version-history":[{"count":3,"href":"https:\/\/nigossusare.rs\/pl\/wp-json\/wp\/v2\/pages\/3386\/revisions"}],"predecessor-version":[{"id":4598,"href":"https:\/\/nigossusare.rs\/pl\/wp-json\/wp\/v2\/pages\/3386\/revisions\/4598"}],"up":[{"embeddable":true,"href":"https:\/\/nigossusare.rs\/pl\/wp-json\/wp\/v2\/pages\/3382"}],"wp:attachment":[{"href":"https:\/\/nigossusare.rs\/pl\/wp-json\/wp\/v2\/media?parent=3386"}],"curies":[{"name":"wp","href":"https:\/\/api.w.org\/{rel}","templated":true}]}}