{"id":3368,"date":"2020-11-16T23:13:07","date_gmt":"2020-11-16T22:13:07","guid":{"rendered":"https:\/\/nigossusare.rs\/?page_id=3368"},"modified":"2026-04-22T12:17:08","modified_gmt":"2026-04-22T10:17:08","slug":"dvd-241","status":"publish","type":"page","link":"https:\/\/nigossusare.rs\/pl\/jednostki-sterujace\/mierniki-wilgotnosci\/dvd-241\/","title":{"rendered":"DVD-241"},"content":{"rendered":"<div class=\"wpb-content-wrapper\"><p>[vc_row css_animation=\u201d\u201d row_type=\u201drow\u201d use_row_as_full_screen_section=\u201dno\u201d type=\u201dfull_width\u201d angled_section=\u201dno\u201d text_align=\u201dleft\u201d background_image_as_pattern=\u201dwithout_pattern\u201d][vc_column][vc_empty_space height=\u201d50px\u201d][vc_column_text]<\/p>\n<h1 style=\"text-align: center;\">DVD-241<\/h1>\n<h4 style=\"text-align: center;\"><span class=\"naslov\">Kontaktowy nieniszcz\u0105cy przeno\u015bny miernik wilgotno\u015bci<\/span><\/h4>\n<p>[\/vc_column_text][vc_empty_space][vc_single_image image=\u201d3371\u2033 img_size=\u201dfull\u201d alignment=\u201dcenter\u201d qode_css_animation=\u201d\u201d][vc_column_text]Miernik wilgotno\u015bci DVD-241 jest przeznaczony do <strong>pomiaru zawarto\u015bci wilgoci desek drewnianych i forniru<\/strong>, po prostu umieszczaj\u0105c urz\u0105dzenie na p\u0142askiej powierzchni pr\u00f3bki drewna. Pr\u00f3bka nie ulega uszkodzeniu podczas pomiaru. Jest idealny do szybkiego sprawdzania i por\u00f3wnywania wilgotno\u015bci r\u00f3\u017cnych pr\u00f3bkach drewn w terenie. Mierzy zawarto\u015b\u0107 wilgoci we wszystkich rodzajach drewna, przy odpowiednim ustawieniu parametr\u00f3w dla g\u0119sto\u015bci i grubo\u015bci drewna.[\/vc_column_text][\/vc_column][\/vc_row][vc_row css_animation=\u201d\u201d row_type=\u201drow\u201d use_row_as_full_screen_section=\u201dno\u201d type=\u201dfull_width\u201d angled_section=\u201dno\u201d text_align=\u201dleft\u201d background_image_as_pattern=\u201dwithout_pattern\u201d][vc_column][vc_empty_space][vc_column_text]<\/p>\n<h5>CHARAKTERYSTYKI:<\/h5>\n<p>[\/vc_column_text][vc_empty_space height=\u201d10px\u201d][vc_column_text]<\/p>\n<ul>\n<li>Prosty, szybki i dok\u0142adny pomiar<\/li>\n<li>Pomiar zawarto\u015bci wilgoci drewna i forniru bez uszkodzenia pr\u00f3bki<\/li>\n<li>Regulacja grubo\u015bci desek i forniru od 1 mm do 50 mm<\/li>\n<li>Regulacja g\u0119sto\u015bci drewna od 0,2 t\/m<sup>3<\/sup> do 1,1 t\/m<sup>3<\/sup><\/li>\n<li>Zakres pomiaru wilgotno\u015bci drewna od 0% do 80%<\/li>\n<li>Rozdzielczo\u015b\u0107 pomiaru 0,1%<\/li>\n<li>Autokalibracja<\/li>\n<li>Kalibracja u\u017cytkownika<\/li>\n<li>Alarm, gdy zmierzona wilgotno\u015b\u0107 jest wy\u017csza ni\u017c warto\u015b\u0107 zadana<\/li>\n<li>Funkcje MAX i HOLD<\/li>\n<li>Zasilanie bateryjne 9 V, pob\u00f3r 3 mA (do 200 h ci\u0105g\u0142ej pracy)<\/li>\n<li>Sygnalizacja niskiego poziomu baterii<\/li>\n<li>Plastikowa obudowa, klawiatura steruj\u0105ca, du\u017cy cyfrowy wy\u015bwietlacz LCD, gumowy futera\u0142 ochronny<\/li>\n<\/ul>\n<p>[\/vc_column_text][vc_empty_space][vc_column_text]<\/p>\n<h5>ODPOWIEDNIE DLA:<\/h5>\n<p>[\/vc_column_text][vc_empty_space height=\u201d10px\u201d][vc_column_text]<\/p>\n<ul>\n<li>Pracy w terenie<\/li>\n<li>Szybka kontrola jednorodno\u015bci wilgotno\u015bci w stosach drewna<\/li>\n<li>Szybka kontrola wilgotno\u015bci drewna przed dalsz\u0105 obr\u00f3bk\u0105<\/li>\n<li>Szybka kontrola wilgotno\u015bci obrabianych element\u00f3w gotowych do produkcji p\u0142yt litych<\/li>\n<li>Zastosowanie w przemy\u015ble drzewnym (suszarnie, tartaki, zak\u0142ady obr\u00f3bki drewna, produkcja mebli, parkiet\u00f3w, forniru\u2026)<\/li>\n<\/ul>\n<p>[\/vc_column_text][vc_empty_space height=\u201d50px\u201d][\/vc_column][\/vc_row]<\/p>\n<\/div>","protected":false},"excerpt":{"rendered":"<p>[vc_row css_animation=\u201d\u201d row_type=\u201drow\u201d use_row_as_full_screen_section=\u201dno\u201d type=\u201dfull_width\u201d angled_section=\u201dno\u201d text_align=\u201dleft\u201d background_image_as_pattern=\u201dwithout_pattern\u201d][vc_column][vc_empty_space height=\u201d50px\u201d][vc_column_text] DVD-241 Kontaktowy nieniszcz\u0105cy przeno\u015bny miernik wilgotno\u015bci [\/vc_column_text][vc_empty_space][vc_single_image image=\u201d3371\u2033 img_size=\u201dfull\u201d alignment=\u201dcenter\u201d qode_css_animation=\u201d\u201d][vc_column_text]Miernik wilgotno\u015bci DVD-241 jest przeznaczony do pomiaru zawarto\u015bci wilgoci desek drewnianych i forniru, po prostu umieszczaj\u0105c urz\u0105dzenie na p\u0142askiej powierzchni pr\u00f3bki drewna. Pr\u00f3bka nie ulega uszkodzeniu\u2026<\/p>\n","protected":false},"author":1,"featured_media":0,"parent":3340,"menu_order":0,"comment_status":"closed","ping_status":"closed","template":"","meta":{"footnotes":"","_links_to":"","_links_to_target":""},"class_list":["post-3368","page","type-page","status-publish","hentry"],"yoast_head":"<!-- This site is optimized with the Yoast SEO plugin v27.4 - https:\/\/yoast.com\/product\/yoast-seo-wordpress\/ -->\n<title>DVD-241 - Nigos elektronik<\/title>\n<meta name=\"robots\" content=\"index, follow, max-snippet:-1, max-image-preview:large, max-video-preview:-1\" \/>\n<link rel=\"canonical\" href=\"https:\/\/nigossusare.rs\/automatska-kontrola\/vlagomeri-za-drvo-piljevinu-beton\/dvd-241\/\" \/>\n<meta property=\"og:locale\" content=\"pl_PL\" \/>\n<meta property=\"og:type\" content=\"article\" \/>\n<meta property=\"og:title\" content=\"DVD-241 - Nigos elektronik\" \/>\n<meta property=\"og:description\" content=\"[vc_row css_animation=\u201d\u201d row_type=\u201drow\u201d use_row_as_full_screen_section=\u201dno\u201d type=\u201dfull_width\u201d angled_section=\u201dno\u201d text_align=\u201dleft\u201d background_image_as_pattern=\u201dwithout_pattern\u201d][vc_column][vc_empty_space height=\u201d50px\u201d][vc_column_text] DVD-241 Kontaktowy nieniszcz\u0105cy przeno\u015bny miernik wilgotno\u015bci [\/vc_column_text][vc_empty_space][vc_single_image image=\u201d3371\u2033 img_size=\u201dfull\u201d alignment=\u201dcenter\u201d qode_css_animation=\u201d\u201d][vc_column_text]Miernik wilgotno\u015bci DVD-241 jest przeznaczony do pomiaru zawarto\u015bci wilgoci desek drewnianych i forniru, po prostu umieszczaj\u0105c urz\u0105dzenie na p\u0142askiej powierzchni pr\u00f3bki drewna. Pr\u00f3bka nie ulega uszkodzeniu...\" \/>\n<meta property=\"og:url\" content=\"https:\/\/nigossusare.rs\/automatska-kontrola\/vlagomeri-za-drvo-piljevinu-beton\/dvd-241\/\" \/>\n<meta property=\"og:site_name\" content=\"Nigos elektronik\" \/>\n<meta property=\"article:modified_time\" content=\"2026-04-22T10:17:08+00:00\" \/>\n<meta property=\"og:image\" content=\"https:\/\/nigossusare.rs\/wp-content\/uploads\/2024\/08\/vks-1200x675-2.jpg\" \/>\n\t<meta property=\"og:image:width\" content=\"1200\" \/>\n\t<meta property=\"og:image:height\" content=\"675\" \/>\n\t<meta property=\"og:image:type\" content=\"image\/jpeg\" \/>\n<meta name=\"twitter:card\" content=\"summary_large_image\" \/>\n<meta name=\"twitter:label1\" content=\"Est. reading time\" \/>\n\t<meta name=\"twitter:data1\" content=\"2 minuty\" \/>\n<script type=\"application\/ld+json\" class=\"yoast-schema-graph\">{\"@context\":\"https:\\\/\\\/schema.org\",\"@graph\":[{\"@type\":\"WebPage\",\"@id\":\"https:\\\/\\\/nigossusare.rs\\\/automatska-kontrola\\\/vlagomeri-za-drvo-piljevinu-beton\\\/dvd-241\\\/\",\"url\":\"https:\\\/\\\/nigossusare.rs\\\/automatska-kontrola\\\/vlagomeri-za-drvo-piljevinu-beton\\\/dvd-241\\\/\",\"name\":\"DVD-241 - Nigos elektronik\",\"isPartOf\":{\"@id\":\"https:\\\/\\\/nigossusare.rs\\\/#website\"},\"datePublished\":\"2020-11-16T22:13:07+00:00\",\"dateModified\":\"2026-04-22T10:17:08+00:00\",\"breadcrumb\":{\"@id\":\"https:\\\/\\\/nigossusare.rs\\\/automatska-kontrola\\\/vlagomeri-za-drvo-piljevinu-beton\\\/dvd-241\\\/#breadcrumb\"},\"inLanguage\":\"pl-PL\",\"potentialAction\":[{\"@type\":\"ReadAction\",\"target\":[\"https:\\\/\\\/nigossusare.rs\\\/automatska-kontrola\\\/vlagomeri-za-drvo-piljevinu-beton\\\/dvd-241\\\/\"]}]},{\"@type\":\"BreadcrumbList\",\"@id\":\"https:\\\/\\\/nigossusare.rs\\\/automatska-kontrola\\\/vlagomeri-za-drvo-piljevinu-beton\\\/dvd-241\\\/#breadcrumb\",\"itemListElement\":[{\"@type\":\"ListItem\",\"position\":1,\"name\":\"Home\",\"item\":\"https:\\\/\\\/nigossusare.rs\\\/\"},{\"@type\":\"ListItem\",\"position\":2,\"name\":\"Jednostki steruj\u0105ce\",\"item\":\"\\\/pl\\\/\"},{\"@type\":\"ListItem\",\"position\":3,\"name\":\"Mierniki wilgotno\u015bci\",\"item\":\"https:\\\/\\\/nigossusare.rs\\\/automatska-kontrola\\\/vlagomeri-za-drvo-piljevinu-beton\\\/\"},{\"@type\":\"ListItem\",\"position\":4,\"name\":\"DVD-241\"}]},{\"@type\":\"WebSite\",\"@id\":\"https:\\\/\\\/nigossusare.rs\\\/#website\",\"url\":\"https:\\\/\\\/nigossusare.rs\\\/\",\"name\":\"Nigos elektronik\",\"description\":\"Susare za drvo, wood dryers, drying kilns, moisture meters\",\"publisher\":{\"@id\":\"https:\\\/\\\/nigossusare.rs\\\/#organization\"},\"alternateName\":\"Nigos-elektronik\",\"potentialAction\":[{\"@type\":\"SearchAction\",\"target\":{\"@type\":\"EntryPoint\",\"urlTemplate\":\"https:\\\/\\\/nigossusare.rs\\\/?s={search_term_string}\"},\"query-input\":{\"@type\":\"PropertyValueSpecification\",\"valueRequired\":true,\"valueName\":\"search_term_string\"}}],\"inLanguage\":\"pl-PL\"},{\"@type\":\"Organization\",\"@id\":\"https:\\\/\\\/nigossusare.rs\\\/#organization\",\"name\":\"Nigos elektronik\",\"url\":\"https:\\\/\\\/nigossusare.rs\\\/\",\"logo\":{\"@type\":\"ImageObject\",\"inLanguage\":\"pl-PL\",\"@id\":\"https:\\\/\\\/nigossusare.rs\\\/#\\\/schema\\\/logo\\\/image\\\/\",\"url\":\"https:\\\/\\\/nigossusare.rs\\\/wp-content\\\/uploads\\\/2020\\\/06\\\/NIGOS-elektronik-logo.png\",\"contentUrl\":\"https:\\\/\\\/nigossusare.rs\\\/wp-content\\\/uploads\\\/2020\\\/06\\\/NIGOS-elektronik-logo.png\",\"width\":205,\"height\":70,\"caption\":\"Nigos elektronik\"},\"image\":{\"@id\":\"https:\\\/\\\/nigossusare.rs\\\/#\\\/schema\\\/logo\\\/image\\\/\"},\"sameAs\":[\"https:\\\/\\\/rs.linkedin.com\\\/in\\\/nigos-elektronik-nis-b82b2037\",\"https:\\\/\\\/www.youtube.com\\\/watch?v=2LPdHiVUvu8\"]}]}<\/script>\n<!-- \/ Yoast SEO plugin. -->","yoast_head_json":{"title":"DVD-241 - Nigos elektronik","robots":{"index":"index","follow":"follow","max-snippet":"max-snippet:-1","max-image-preview":"max-image-preview:large","max-video-preview":"max-video-preview:-1"},"canonical":"https:\/\/nigossusare.rs\/automatska-kontrola\/vlagomeri-za-drvo-piljevinu-beton\/dvd-241\/","og_locale":"pl_PL","og_type":"article","og_title":"DVD-241 - Nigos elektronik","og_description":"[vc_row css_animation=\u201d\u201d row_type=\u201drow\u201d use_row_as_full_screen_section=\u201dno\u201d type=\u201dfull_width\u201d angled_section=\u201dno\u201d text_align=\u201dleft\u201d background_image_as_pattern=\u201dwithout_pattern\u201d][vc_column][vc_empty_space height=\u201d50px\u201d][vc_column_text] DVD-241 Kontaktowy nieniszcz\u0105cy przeno\u015bny miernik wilgotno\u015bci [\/vc_column_text][vc_empty_space][vc_single_image image=\u201d3371\u2033 img_size=\u201dfull\u201d alignment=\u201dcenter\u201d qode_css_animation=\u201d\u201d][vc_column_text]Miernik wilgotno\u015bci DVD-241 jest przeznaczony do pomiaru zawarto\u015bci wilgoci desek drewnianych i forniru, po prostu umieszczaj\u0105c urz\u0105dzenie na p\u0142askiej powierzchni pr\u00f3bki drewna. Pr\u00f3bka nie ulega uszkodzeniu...","og_url":"https:\/\/nigossusare.rs\/automatska-kontrola\/vlagomeri-za-drvo-piljevinu-beton\/dvd-241\/","og_site_name":"Nigos elektronik","article_modified_time":"2026-04-22T10:17:08+00:00","og_image":[{"width":1200,"height":675,"url":"https:\/\/nigossusare.rs\/wp-content\/uploads\/2024\/08\/vks-1200x675-2.jpg","type":"image\/jpeg"}],"twitter_card":"summary_large_image","twitter_misc":{"Est. reading time":"2 minuty"},"schema":{"@context":"https:\/\/schema.org","@graph":[{"@type":"WebPage","@id":"https:\/\/nigossusare.rs\/automatska-kontrola\/vlagomeri-za-drvo-piljevinu-beton\/dvd-241\/","url":"https:\/\/nigossusare.rs\/automatska-kontrola\/vlagomeri-za-drvo-piljevinu-beton\/dvd-241\/","name":"DVD-241 - Nigos elektronik","isPartOf":{"@id":"https:\/\/nigossusare.rs\/#website"},"datePublished":"2020-11-16T22:13:07+00:00","dateModified":"2026-04-22T10:17:08+00:00","breadcrumb":{"@id":"https:\/\/nigossusare.rs\/automatska-kontrola\/vlagomeri-za-drvo-piljevinu-beton\/dvd-241\/#breadcrumb"},"inLanguage":"pl-PL","potentialAction":[{"@type":"ReadAction","target":["https:\/\/nigossusare.rs\/automatska-kontrola\/vlagomeri-za-drvo-piljevinu-beton\/dvd-241\/"]}]},{"@type":"BreadcrumbList","@id":"https:\/\/nigossusare.rs\/automatska-kontrola\/vlagomeri-za-drvo-piljevinu-beton\/dvd-241\/#breadcrumb","itemListElement":[{"@type":"ListItem","position":1,"name":"Home","item":"https:\/\/nigossusare.rs\/"},{"@type":"ListItem","position":2,"name":"Jednostki steruj\u0105ce","item":"\/pl\/"},{"@type":"ListItem","position":3,"name":"Mierniki wilgotno\u015bci","item":"https:\/\/nigossusare.rs\/automatska-kontrola\/vlagomeri-za-drvo-piljevinu-beton\/"},{"@type":"ListItem","position":4,"name":"DVD-241"}]},{"@type":"WebSite","@id":"https:\/\/nigossusare.rs\/#website","url":"https:\/\/nigossusare.rs\/","name":"Nigos elektronik","description":"Susare za drvo, wood dryers, drying kilns, moisture meters","publisher":{"@id":"https:\/\/nigossusare.rs\/#organization"},"alternateName":"Nigos-elektronik","potentialAction":[{"@type":"SearchAction","target":{"@type":"EntryPoint","urlTemplate":"https:\/\/nigossusare.rs\/?s={search_term_string}"},"query-input":{"@type":"PropertyValueSpecification","valueRequired":true,"valueName":"search_term_string"}}],"inLanguage":"pl-PL"},{"@type":"Organization","@id":"https:\/\/nigossusare.rs\/#organization","name":"Nigos elektronik","url":"https:\/\/nigossusare.rs\/","logo":{"@type":"ImageObject","inLanguage":"pl-PL","@id":"https:\/\/nigossusare.rs\/#\/schema\/logo\/image\/","url":"https:\/\/nigossusare.rs\/wp-content\/uploads\/2020\/06\/NIGOS-elektronik-logo.png","contentUrl":"https:\/\/nigossusare.rs\/wp-content\/uploads\/2020\/06\/NIGOS-elektronik-logo.png","width":205,"height":70,"caption":"Nigos elektronik"},"image":{"@id":"https:\/\/nigossusare.rs\/#\/schema\/logo\/image\/"},"sameAs":["https:\/\/rs.linkedin.com\/in\/nigos-elektronik-nis-b82b2037","https:\/\/www.youtube.com\/watch?v=2LPdHiVUvu8"]}]}},"_links":{"self":[{"href":"https:\/\/nigossusare.rs\/pl\/wp-json\/wp\/v2\/pages\/3368","targetHints":{"allow":["GET"]}}],"collection":[{"href":"https:\/\/nigossusare.rs\/pl\/wp-json\/wp\/v2\/pages"}],"about":[{"href":"https:\/\/nigossusare.rs\/pl\/wp-json\/wp\/v2\/types\/page"}],"author":[{"embeddable":true,"href":"https:\/\/nigossusare.rs\/pl\/wp-json\/wp\/v2\/users\/1"}],"replies":[{"embeddable":true,"href":"https:\/\/nigossusare.rs\/pl\/wp-json\/wp\/v2\/comments?post=3368"}],"version-history":[{"count":6,"href":"https:\/\/nigossusare.rs\/pl\/wp-json\/wp\/v2\/pages\/3368\/revisions"}],"predecessor-version":[{"id":5687,"href":"https:\/\/nigossusare.rs\/pl\/wp-json\/wp\/v2\/pages\/3368\/revisions\/5687"}],"up":[{"embeddable":true,"href":"https:\/\/nigossusare.rs\/pl\/wp-json\/wp\/v2\/pages\/3340"}],"wp:attachment":[{"href":"https:\/\/nigossusare.rs\/pl\/wp-json\/wp\/v2\/media?parent=3368"}],"curies":[{"name":"wp","href":"https:\/\/api.w.org\/{rel}","templated":true}]}}