{"id":3353,"date":"2020-11-16T23:07:08","date_gmt":"2020-11-16T22:07:08","guid":{"rendered":"https:\/\/nigossusare.rs\/?page_id=3353"},"modified":"2026-04-22T12:17:04","modified_gmt":"2026-04-22T10:17:04","slug":"rvd-905a","status":"publish","type":"page","link":"https:\/\/nigossusare.rs\/pl\/jednostki-sterujace\/mierniki-wilgotnosci\/rvd-905a\/","title":{"rendered":"Uniwersalny r\u0119czny przeno\u015bny miernik wilgotno\u015bci RVD-905A"},"content":{"rendered":"<div class=\"wpb-content-wrapper\"><p>[vc_row css_animation=\u201d\u201d row_type=\u201drow\u201d use_row_as_full_screen_section=\u201dno\u201d type=\u201dfull_width\u201d angled_section=\u201dno\u201d text_align=\u201dleft\u201d background_image_as_pattern=\u201dwithout_pattern\u201d][vc_column][vc_empty_space height=\u201d50px\u201d][vc_column_text]<\/p>\n<h1 style=\"text-align: center;\">RVD-905A<\/h1>\n<h4 style=\"text-align: center;\"><span class=\"naslov\">Uniwersalny r\u0119czny przeno\u015bny miernik wilgotno\u015bci<\/span><\/h4>\n<p>[\/vc_column_text][vc_empty_space][\/vc_column][\/vc_row][vc_row css_animation=\u201d\u201d row_type=\u201drow\u201d use_row_as_full_screen_section=\u201dno\u201d type=\u201dfull_width\u201d angled_section=\u201dno\u201d text_align=\u201dleft\u201d background_image_as_pattern=\u201dwithout_pattern\u201d][vc_column width=\u201d1\/2\u2033][vc_single_image image=\u201d3356\u2033 img_size=\u201dfull\u201d alignment=\u201dcenter\u201d qode_css_animation=\u201d\u201d][\/vc_column][vc_column width=\u201d1\/2\u2033][vc_single_image image=\u201d3357\u2033 img_size=\u201dfull\u201d alignment=\u201dcenter\u201d qode_css_animation=\u201d\u201d][\/vc_column][\/vc_row][vc_row css_animation=\u201d\u201d row_type=\u201drow\u201d use_row_as_full_screen_section=\u201dno\u201d type=\u201dfull_width\u201d angled_section=\u201dno\u201d text_align=\u201dleft\u201d background_image_as_pattern=\u201dwithout_pattern\u201d][vc_column][vc_empty_space][vc_column_text css=\u201d.vc_custom_1695303753849{margin-bottom: 20px !important;}\u201d]Miernik wilgotno\u015bci RVD-905A jest uniwersalnym przyrz\u0105dem pomiarowym przeznaczonym do <strong>pomiaru zawarto\u015bci wilgoci tarcicy, desek, palet oraz trocin<\/strong>, do <strong>pomiaru wilgotno\u015bci betonu<\/strong> i innych sta\u0142ych materia\u0142\u00f3w budowlanych (zaprawa, tynk, gips), a tak\u017ce do <strong>pomiaru temperatura i wilgotno\u015b\u0107 wzgl\u0119dna powietrza<\/strong>.[\/vc_column_text][vc_column_text css=\u201d.vc_custom_1695381108360{margin-bottom: 20px !important;}\u201d]Uniwersalno\u015b\u0107 tego miernika wilgotno\u015bci przejawia si\u0119 w tym, \u017ce umo\u017cliwia on <strong>pomiar zawarto\u015bci wilgoci wszystkich rodzaj\u00f3w drewna<\/strong>, zar\u00f3wno <strong>drobno wyko\u0144czone<\/strong>, jak <strong>i zgrubne<\/strong>, oraz we <strong>wszystkich poziom\u00f3w wilgotno\u015bci<\/strong>. Do pomiaru zawarto\u015bci wilgoci wykorzystywane s\u0105 sondy (elektrody), kt\u00f3re w prosty i \u0142atwy spos\u00f3b umieszcza si\u0119 w mierzonej pr\u00f3bce za pomoc\u0105 m\u0142otka \u015blizgowego, kt\u00f3ry jest cz\u0119\u015bci\u0105 wyposa\u017cenia. Sam pomiar opiera si\u0119 na metodzie pomiaru rezystancji (oporno\u015bci elektrycznej). Bardziej precyzyjne okre\u015blenie rodzaju drewna, kt\u00f3rego wilgotno\u015b\u0107 jest mierzona, odbywa si\u0119 poprzez wybranie jednej z 4 standardowych grup, kt\u00f3re obejmuj\u0105 <strong>prawie wszystkie znane gatunki drewna<\/strong>. W ten spos\u00f3b dokonywana jest niezb\u0119dna korekcja zgodnie ze specyfik\u0105 rodzaju drewna, a wraz z ustawieniem temperatury zapewnia si\u0119 wysok\u0105 jako\u015b\u0107 i niezawodno\u015b\u0107 pomiaru.[\/vc_column_text][vc_column_text css=\u201d.vc_custom_1695381171392{margin-bottom: 20px !important;}\u201d]Do <strong>pomiaru zawarto\u015bci wilgoci trocin<\/strong> s\u0142u\u017cy urz\u0105dzenie do pomiaru wilgotno\u015bci trocin VP-02 lub VP-01 w po\u0142\u0105czeniu z miernikiem wilgotno\u015bci RVD-905A. Trociny w tych urz\u0105dzeniach s\u0105 prasowane r\u00f3wnomiernie za pomoc\u0105 specjalnych mechanizm\u00f3w, a do pomiaru wysokiej jako\u015bci wystarczy ustawi\u0107 temperatur\u0119 trocin na mierniku wilgotno\u015bci RVD-905A.[\/vc_column_text][vc_column_text css=\u201d.vc_custom_1695381230719{margin-bottom: 20px !important;}\u201d]Miernik wilgotno\u015bci RVD-905A wraz ze specjalnymi sondami umo\u017cliwia r\u00f3wnie\u017c <strong>pomiar wilgotno\u015bci betonu, gipsu, tynku i r\u00f3\u017cnego rodzaju zapraw<\/strong>, z odpowiednim ustawieniem parametru dla rodzaju materia\u0142u. RVD-905A obs\u0142uguje pomiar 6 r\u00f3\u017cnych rodzaj\u00f3w sta\u0142ych materia\u0142\u00f3w budowlanych.[\/vc_column_text][vc_column_text css=\u201d.vc_custom_1695381293068{margin-bottom: 20px !important;}\u201d]Opr\u00f3cz wspomnianych materia\u0142\u00f3w, urz\u0105dzenie mo\u017ce opcjonalnie <strong>mierzy\u0107 temperatur\u0119 powietrza i wilgotno\u015b\u0107 wzgl\u0119dn\u0105<\/strong> za pomoc\u0105 sondy DSVT-05A. Sonda jest wyposa\u017cona w wysokiej jako\u015bci sensor i nie wymaga \u017cadnych specjalnych ustawie\u0144.[\/vc_column_text][vc_column_text css=\u201d.vc_custom_1695381374436{margin-bottom: 20px !important;}\u201d]Zasilanie bateryjne i kompletne wyposa\u017cenie zapewniaj\u0105 wystarczaj\u0105c\u0105 autonomi\u0119 do komfortowej pracy w terenie w przemy\u015ble drzewnym lub budowlanym. Zu\u017cycie baterii jest bardzo niskie. Miernik wilgotno\u015bci jest <strong>\u0142atwy w obs\u0142udze<\/strong>, a wszystkie powy\u017csze cechy charakteryzuj\u0105 RVD-905A jako <strong>precyzyjne, dok\u0142adne i niezawodne urz\u0105dzenie<\/strong>.[\/vc_column_text][\/vc_column][\/vc_row][vc_row css_animation=\u201d\u201d row_type=\u201drow\u201d use_row_as_full_screen_section=\u201dno\u201d type=\u201dfull_width\u201d angled_section=\u201dno\u201d text_align=\u201dleft\u201d background_image_as_pattern=\u201dwithout_pattern\u201d][vc_column][vc_empty_space][vc_column_text]<\/p>\n<h5>CHARAKTERYSTYKI:<\/h5>\n<p>[\/vc_column_text][vc_empty_space height=\u201d10px\u201d][vc_column_text]<\/p>\n<ul>\n<li>Bardzo precyzyjny, dok\u0142adny i niezawodny pomiar<\/li>\n<li>Pomiar zawarto\u015bci wilgoci wszystkich rodzaj\u00f3w drewna i wszystkich poziom\u00f3w wilgotno\u015bci<\/li>\n<li>Pe\u0142ny zakres pomiaru wilgotno\u015bci drewna od 6% do 100%<\/li>\n<li>Rozdzielczo\u015b\u0107 pomiaru 0,1%<\/li>\n<li>Kalibracja u\u017cytkownika<\/li>\n<li>Pomiar oparty na metodzie pomiaru rezystancji (oporno\u015bci elektrycznej)<\/li>\n<li>Korekta dla okre\u015blonego rodzaju drewna poprzez 4 standardowe grupy, kt\u00f3re obejmuj\u0105 prawie wszystkie znane gatunki drewna<\/li>\n<li>Pomiar zawarto\u015bci wilgoci trocin (opcjonalnie za pomoc\u0105 urz\u0105dzenia do pomiaru wilgotno\u015bci trocin VP-02 lub VP-01)<\/li>\n<li>Pomiar wilgotno\u015bci sta\u0142ych materia\u0142\u00f3w budowlanych (opcjonalnie z sondami do pomiaru wilgotno\u015bci betonu)<\/li>\n<li>Zakres pomiaru wilgotno\u015bci materia\u0142\u00f3w budowlanych od 0% do 5%<\/li>\n<li>Obs\u0142uguje 6 r\u00f3\u017cnych rodzaj\u00f3w sta\u0142ych materia\u0142\u00f3w budowlanych<\/li>\n<li>Pomiar temperatury powietrza i wilgotno\u015bci wzgl\u0119dnej (opcjonalnie z sond\u0105 DSVT-05A)<\/li>\n<li>Zakres pomiaru temperatury powietrza od -20 \u00b0C do 80 \u00b0C<\/li>\n<li>Zakres pomiaru wilgotno\u015bci wzgl\u0119dnej powietrza od 0 %RH do 100 %RH<\/li>\n<li>Zasilanie bateryjne 9 V, niskie zu\u017cycie (do 150 h ci\u0105g\u0142ej pracy)<\/li>\n<li>Sygnalizacja niskiego poziomu baterii<\/li>\n<li>Plastikowa obudowa, klawiatura steruj\u0105ca, du\u017cy cyfrowy wy\u015bwietlacz LCD<\/li>\n<\/ul>\n<p>[\/vc_column_text][vc_empty_space][vc_column_text]<\/p>\n<h5 style=\"text-transform: uppercase;\">ODPOWIEDNIE DLA:<\/h5>\n<p>[\/vc_column_text][vc_empty_space height=\u201d10px\u201d][vc_column_text]<\/p>\n<ul>\n<li>Praca w terenie, w halach fabrycznych<\/li>\n<li>Sprawdzanie zawarto\u015bci wilgoci w drewnie po suszeniu<\/li>\n<li>Pomiar wilgotno\u015bci pod\u0142o\u017ca betonowego przed monta\u017cem parkietu<\/li>\n<li>Zastosowanie w przemy\u015ble drzewnym (suszarnie, tartaki, zak\u0142ady obr\u00f3bki drewna, produkcja mebli, parkiet\u00f3w, palet\u2026)<\/li>\n<li>Klucz do zacisk\u00f3w elektrody;<\/li>\n<li>Zastosowanie w budownictwie (monta\u017c parkiet\u00f3w, paneli drewnianych\u2026)<\/li>\n<\/ul>\n<p>[\/vc_column_text][vc_empty_space][vc_column_text]<\/p>\n<h5>RVD-905A jest dostarczany w solidnej drewnianej walizce ze wszystkimi akcesoriami wymaganymi do pomiaru wilgotno\u015bci drewna:<\/h5>\n<p>[\/vc_column_text][vc_empty_space height=\u201d10px\u201d][vc_column_text]<\/p>\n<ul>\n<li>Przyrz\u0105d <strong>RVD-905A<\/strong>;<\/li>\n<li>M\u0142otek \u015blizgowy z sondami (elektrodami);<\/li>\n<li>Pod\u0142\u0105czenie kabla pomiarowego;<\/li>\n<li>Bateria 9 V;<\/li>\n<li>Klucz do dokr\u0119cania sond (elektrod) do m\u0142otka;<\/li>\n<li>Zestaw zapasowych sond (elektrod) do pomiaru wilgotno\u015bci drewna<\/li>\n<\/ul>\n<p>[\/vc_column_text][vc_empty_space][\/vc_column][\/vc_row][vc_row css_animation=\u201d\u201d row_type=\u201drow\u201d use_row_as_full_screen_section=\u201dno\u201d type=\u201dfull_width\u201d angled_section=\u201dno\u201d text_align=\u201dleft\u201d background_image_as_pattern=\u201dwithout_pattern\u201d][vc_column][vc_column_text]<\/p>\n<h5>DODATKOWE SONDY (opcjonalnie):<\/h5>\n<p>[\/vc_column_text][vc_empty_space height=\u201d10px\u201d][\/vc_column][\/vc_row][vc_row css_animation=\u201d\u201d row_type=\u201drow\u201d use_row_as_full_screen_section=\u201dno\u201d type=\u201dfull_width\u201d angled_section=\u201dno\u201d text_align=\u201dleft\u201d background_image_as_pattern=\u201dwithout_pattern\u201d][vc_column][vc_row_inner row_type=\u201drow\u201d type=\u201dfull_width\u201d text_align=\u201dleft\u201d css_animation=\u201d\u201d][vc_column_inner width=\u201d2\/3\u2033][vc_empty_space height=\u201d160px\u201d el_class=\u201dsakriveno-responsive\u201d][vc_column_text]<strong>Urz\u0105dzenie VP-02 do pomiaru wilgotno\u015bci trocin<\/strong> jest pod\u0142\u0105czone do tylnej strony urz\u0105dzenia RVD-905A. Trociny s\u0105 poddawane dzia\u0142aniu ci\u015bnienia w misce, aby umo\u017cliwi\u0107 pomiar wilgotno\u015bci. Urz\u0105dzenia posiadaj\u0105 zabezpieczenia zapobiegaj\u0105ce nadmiernemu naciskowi i uszkodzeniu urz\u0105dzenia. Ten sam system zapewnia r\u00f3wnie\u017c wyr\u00f3wnane ci\u015bnienie, kt\u00f3re gwarantuje jednolity pomiar.[\/vc_column_text][\/vc_column_inner][vc_column_inner width=\u201d1\/3\u2033][vc_single_image image=\u201d3362\u2033 img_size=\u201dfull\u201d alignment=\u201dcenter\u201d qode_css_animation=\u201d\u201d][vc_empty_space][\/vc_column_inner][\/vc_row_inner][vc_row_inner row_type=\u201drow\u201d type=\u201dfull_width\u201d text_align=\u201dleft\u201d css_animation=\u201d\u201d][vc_column_inner width=\u201d2\/3\u2033][vc_empty_space height=\u201d64px\u201d][vc_column_text]<strong>Urz\u0105dzenie VP-01 do pomiaru wilgotno\u015bci trocin<\/strong> sk\u0142ada si\u0119 ze specjalnie zmodyfikowanego cylindra aluminiowego ze wspornikiem monta\u017cowym RVD-905A. Trociny w cylindrze s\u0105 \u015bciskane podczas pomiaru, a RVD-905A s\u0142u\u017cy do wykonywania odczytu MC. Urz\u0105dzenie posiada zabezpieczenia zapobiegaj\u0105ce nadmiernemu naciskowi i uszkodzeniu urz\u0105dzenia.[\/vc_column_text][\/vc_column_inner][vc_column_inner width=\u201d1\/3\u2033][vc_single_image image=\u201d3359\u2033 img_size=\u201dfull\u201d alignment=\u201dcenter\u201d qode_css_animation=\u201d\u201d][vc_empty_space][\/vc_column_inner][\/vc_row_inner][vc_row_inner row_type=\u201drow\u201d type=\u201dfull_width\u201d text_align=\u201dleft\u201d css_animation=\u201d\u201d][vc_column_inner width=\u201d2\/3\u2033][vc_empty_space height=\u201d64px\u201d][vc_column_text]<strong>Sondy do pomiaru wilgotno\u015bci betonu i innych sta\u0142ych materia\u0142\u00f3w budowlanych (zaprawa, tynk, gips\u2026)<\/strong> s\u0105 u\u017cywane z urz\u0105dzeniem RVD-905A. Sondy (para) s\u0105 umieszczane w odpowiednich otworach w materiale, kt\u00f3rego wilgotno\u015b\u0107 jest mierzona i pod\u0142\u0105czane do miernika wilgotno\u015bci. Zawarto\u015b\u0107 wilgoci okre\u015bla si\u0119 na podstawie pomiar\u00f3w rezystancji (oporno\u015bci elektrycznej). Pomiar jest szybki i prosty.[\/vc_column_text][\/vc_column_inner][vc_column_inner width=\u201d1\/3\u2033][vc_single_image image=\u201d3360\u2033 img_size=\u201dfull\u201d alignment=\u201dcenter\u201d qode_css_animation=\u201d\u201d][vc_empty_space][\/vc_column_inner][\/vc_row_inner][vc_row_inner row_type=\u201drow\u201d type=\u201dfull_width\u201d text_align=\u201dleft\u201d css_animation=\u201d\u201d el_id=\u201dDSVT-03\u2033][vc_column_inner width=\u201d2\/3\u2033][vc_empty_space height=\u201d64px\u201d][vc_column_text]<strong>Przeno\u015bna sonda DSVT-05A<\/strong> mierzy temperatur\u0119 i wilgotno\u015b\u0107 wzgl\u0119dn\u0105 powietrza. Sonda \u0142\u0105czy si\u0119 z miernikiem wilgotno\u015bci, dzi\u0119ki czemu pomiar jest szybki i prosty. Sonda nadaje si\u0119 do stosowania w r\u00f3\u017cnych zak\u0142adach produkcyjnych, suszarniach, jak r\u00f3wnie\u017c do u\u017cytku w terenie.[\/vc_column_text][\/vc_column_inner][vc_column_inner width=\u201d1\/3\u2033][vc_single_image image=\u201d4644\u2033 img_size=\u201dfull\u201d alignment=\u201dcenter\u201d qode_css_animation=\u201d\u201d][vc_empty_space][\/vc_column_inner][\/vc_row_inner][\/vc_column][\/vc_row]<\/p>\n<\/div>","protected":false},"excerpt":{"rendered":"<p>[vc_row css_animation=\u201d\u201d row_type=\u201drow\u201d use_row_as_full_screen_section=\u201dno\u201d type=\u201dfull_width\u201d angled_section=\u201dno\u201d text_align=\u201dleft\u201d background_image_as_pattern=\u201dwithout_pattern\u201d][vc_column][vc_empty_space height=\u201d50px\u201d][vc_column_text] RVD-905A Uniwersalny r\u0119czny przeno\u015bny miernik wilgotno\u015bci [\/vc_column_text][vc_empty_space][\/vc_column][\/vc_row][vc_row css_animation=\u201d\u201d row_type=\u201drow\u201d use_row_as_full_screen_section=\u201dno\u201d type=\u201dfull_width\u201d angled_section=\u201dno\u201d text_align=\u201dleft\u201d background_image_as_pattern=\u201dwithout_pattern\u201d][vc_column width=\u201d1\/2\u2033][vc_single_image image=\u201d3356\u2033 img_size=\u201dfull\u201d alignment=\u201dcenter\u201d qode_css_animation=\u201d\u201d][\/vc_column][vc_column width=\u201d1\/2\u2033][vc_single_image image=\u201d3357\u2033 img_size=\u201dfull\u201d alignment=\u201dcenter\u201d qode_css_animation=\u201d\u201d][\/vc_column][\/vc_row][vc_row css_animation=\u201d\u201d row_type=\u201drow\u201d use_row_as_full_screen_section=\u201dno\u201d type=\u201dfull_width\u201d angled_section=\u201dno\u201d text_align=\u201dleft\u201d background_image_as_pattern=\u201dwithout_pattern\u201d][vc_column][vc_empty_space][vc_column_text css=\u201d.vc_custom_1695303753849{margin-bottom: 20px !important;}\u201d]Miernik wilgotno\u015bci RVD-905A\u2026<\/p>\n","protected":false},"author":1,"featured_media":0,"parent":3340,"menu_order":0,"comment_status":"closed","ping_status":"closed","template":"","meta":{"footnotes":"","_links_to":"","_links_to_target":""},"class_list":["post-3353","page","type-page","status-publish","hentry"],"yoast_head":"<!-- This site is optimized with the Yoast SEO plugin v27.4 - https:\/\/yoast.com\/product\/yoast-seo-wordpress\/ -->\n<title>Uniwersalny r\u0119czny przeno\u015bny miernik wilgotno\u015bci RVD-905A - Nigos elektronik<\/title>\n<meta name=\"robots\" content=\"index, follow, max-snippet:-1, max-image-preview:large, max-video-preview:-1\" \/>\n<link rel=\"canonical\" href=\"https:\/\/nigossusare.rs\/automatska-kontrola\/vlagomeri-za-drvo-piljevinu-beton\/rvd-905a\/\" \/>\n<meta property=\"og:locale\" content=\"pl_PL\" \/>\n<meta property=\"og:type\" content=\"article\" \/>\n<meta property=\"og:title\" content=\"Uniwersalny r\u0119czny przeno\u015bny miernik wilgotno\u015bci RVD-905A - Nigos elektronik\" \/>\n<meta property=\"og:description\" content=\"[vc_row css_animation=\u201d\u201d row_type=\u201drow\u201d use_row_as_full_screen_section=\u201dno\u201d type=\u201dfull_width\u201d angled_section=\u201dno\u201d text_align=\u201dleft\u201d background_image_as_pattern=\u201dwithout_pattern\u201d][vc_column][vc_empty_space height=\u201d50px\u201d][vc_column_text] RVD-905A Uniwersalny r\u0119czny przeno\u015bny miernik wilgotno\u015bci [\/vc_column_text][vc_empty_space][\/vc_column][\/vc_row][vc_row css_animation=\u201d\u201d row_type=\u201drow\u201d use_row_as_full_screen_section=\u201dno\u201d type=\u201dfull_width\u201d angled_section=\u201dno\u201d text_align=\u201dleft\u201d background_image_as_pattern=\u201dwithout_pattern\u201d][vc_column width=\u201d1\/2\u2033][vc_single_image image=\u201d3356\u2033 img_size=\u201dfull\u201d alignment=\u201dcenter\u201d qode_css_animation=\u201d\u201d][\/vc_column][vc_column width=\u201d1\/2\u2033][vc_single_image image=\u201d3357\u2033 img_size=\u201dfull\u201d alignment=\u201dcenter\u201d qode_css_animation=\u201d\u201d][\/vc_column][\/vc_row][vc_row css_animation=\u201d\u201d row_type=\u201drow\u201d use_row_as_full_screen_section=\u201dno\u201d type=\u201dfull_width\u201d angled_section=\u201dno\u201d text_align=\u201dleft\u201d background_image_as_pattern=\u201dwithout_pattern\u201d][vc_column][vc_empty_space][vc_column_text css=\u201d.vc_custom_1695303753849{margin-bottom: 20px !important;}\u201d]Miernik wilgotno\u015bci RVD-905A...\" \/>\n<meta property=\"og:url\" content=\"https:\/\/nigossusare.rs\/automatska-kontrola\/vlagomeri-za-drvo-piljevinu-beton\/rvd-905a\/\" \/>\n<meta property=\"og:site_name\" content=\"Nigos elektronik\" \/>\n<meta property=\"article:modified_time\" content=\"2026-04-22T10:17:04+00:00\" \/>\n<meta property=\"og:image\" content=\"https:\/\/nigossusare.rs\/wp-content\/uploads\/2024\/08\/vks-1200x675-2.jpg\" \/>\n\t<meta property=\"og:image:width\" content=\"1200\" \/>\n\t<meta property=\"og:image:height\" content=\"675\" \/>\n\t<meta property=\"og:image:type\" content=\"image\/jpeg\" \/>\n<meta name=\"twitter:card\" content=\"summary_large_image\" \/>\n<meta name=\"twitter:label1\" content=\"Est. reading time\" \/>\n\t<meta name=\"twitter:data1\" content=\"5 minut\" \/>\n<script type=\"application\/ld+json\" class=\"yoast-schema-graph\">{\"@context\":\"https:\\\/\\\/schema.org\",\"@graph\":[{\"@type\":\"WebPage\",\"@id\":\"https:\\\/\\\/nigossusare.rs\\\/automatska-kontrola\\\/vlagomeri-za-drvo-piljevinu-beton\\\/rvd-905a\\\/\",\"url\":\"https:\\\/\\\/nigossusare.rs\\\/automatska-kontrola\\\/vlagomeri-za-drvo-piljevinu-beton\\\/rvd-905a\\\/\",\"name\":\"Uniwersalny r\u0119czny przeno\u015bny miernik wilgotno\u015bci RVD-905A - Nigos elektronik\",\"isPartOf\":{\"@id\":\"https:\\\/\\\/nigossusare.rs\\\/#website\"},\"datePublished\":\"2020-11-16T22:07:08+00:00\",\"dateModified\":\"2026-04-22T10:17:04+00:00\",\"breadcrumb\":{\"@id\":\"https:\\\/\\\/nigossusare.rs\\\/automatska-kontrola\\\/vlagomeri-za-drvo-piljevinu-beton\\\/rvd-905a\\\/#breadcrumb\"},\"inLanguage\":\"pl-PL\",\"potentialAction\":[{\"@type\":\"ReadAction\",\"target\":[\"https:\\\/\\\/nigossusare.rs\\\/automatska-kontrola\\\/vlagomeri-za-drvo-piljevinu-beton\\\/rvd-905a\\\/\"]}]},{\"@type\":\"BreadcrumbList\",\"@id\":\"https:\\\/\\\/nigossusare.rs\\\/automatska-kontrola\\\/vlagomeri-za-drvo-piljevinu-beton\\\/rvd-905a\\\/#breadcrumb\",\"itemListElement\":[{\"@type\":\"ListItem\",\"position\":1,\"name\":\"Home\",\"item\":\"https:\\\/\\\/nigossusare.rs\\\/\"},{\"@type\":\"ListItem\",\"position\":2,\"name\":\"Jednostki steruj\u0105ce\",\"item\":\"\\\/pl\\\/\"},{\"@type\":\"ListItem\",\"position\":3,\"name\":\"Mierniki wilgotno\u015bci\",\"item\":\"https:\\\/\\\/nigossusare.rs\\\/automatska-kontrola\\\/vlagomeri-za-drvo-piljevinu-beton\\\/\"},{\"@type\":\"ListItem\",\"position\":4,\"name\":\"Uniwersalny r\u0119czny przeno\u015bny miernik wilgotno\u015bci RVD-905A\"}]},{\"@type\":\"WebSite\",\"@id\":\"https:\\\/\\\/nigossusare.rs\\\/#website\",\"url\":\"https:\\\/\\\/nigossusare.rs\\\/\",\"name\":\"Nigos elektronik\",\"description\":\"Susare za drvo, wood dryers, drying kilns, moisture meters\",\"publisher\":{\"@id\":\"https:\\\/\\\/nigossusare.rs\\\/#organization\"},\"alternateName\":\"Nigos-elektronik\",\"potentialAction\":[{\"@type\":\"SearchAction\",\"target\":{\"@type\":\"EntryPoint\",\"urlTemplate\":\"https:\\\/\\\/nigossusare.rs\\\/?s={search_term_string}\"},\"query-input\":{\"@type\":\"PropertyValueSpecification\",\"valueRequired\":true,\"valueName\":\"search_term_string\"}}],\"inLanguage\":\"pl-PL\"},{\"@type\":\"Organization\",\"@id\":\"https:\\\/\\\/nigossusare.rs\\\/#organization\",\"name\":\"Nigos elektronik\",\"url\":\"https:\\\/\\\/nigossusare.rs\\\/\",\"logo\":{\"@type\":\"ImageObject\",\"inLanguage\":\"pl-PL\",\"@id\":\"https:\\\/\\\/nigossusare.rs\\\/#\\\/schema\\\/logo\\\/image\\\/\",\"url\":\"https:\\\/\\\/nigossusare.rs\\\/wp-content\\\/uploads\\\/2020\\\/06\\\/NIGOS-elektronik-logo.png\",\"contentUrl\":\"https:\\\/\\\/nigossusare.rs\\\/wp-content\\\/uploads\\\/2020\\\/06\\\/NIGOS-elektronik-logo.png\",\"width\":205,\"height\":70,\"caption\":\"Nigos elektronik\"},\"image\":{\"@id\":\"https:\\\/\\\/nigossusare.rs\\\/#\\\/schema\\\/logo\\\/image\\\/\"},\"sameAs\":[\"https:\\\/\\\/rs.linkedin.com\\\/in\\\/nigos-elektronik-nis-b82b2037\",\"https:\\\/\\\/www.youtube.com\\\/watch?v=2LPdHiVUvu8\"]}]}<\/script>\n<!-- \/ Yoast SEO plugin. -->","yoast_head_json":{"title":"Uniwersalny r\u0119czny przeno\u015bny miernik wilgotno\u015bci RVD-905A - Nigos elektronik","robots":{"index":"index","follow":"follow","max-snippet":"max-snippet:-1","max-image-preview":"max-image-preview:large","max-video-preview":"max-video-preview:-1"},"canonical":"https:\/\/nigossusare.rs\/automatska-kontrola\/vlagomeri-za-drvo-piljevinu-beton\/rvd-905a\/","og_locale":"pl_PL","og_type":"article","og_title":"Uniwersalny r\u0119czny przeno\u015bny miernik wilgotno\u015bci RVD-905A - Nigos elektronik","og_description":"[vc_row css_animation=\u201d\u201d row_type=\u201drow\u201d use_row_as_full_screen_section=\u201dno\u201d type=\u201dfull_width\u201d angled_section=\u201dno\u201d text_align=\u201dleft\u201d background_image_as_pattern=\u201dwithout_pattern\u201d][vc_column][vc_empty_space height=\u201d50px\u201d][vc_column_text] RVD-905A Uniwersalny r\u0119czny przeno\u015bny miernik wilgotno\u015bci [\/vc_column_text][vc_empty_space][\/vc_column][\/vc_row][vc_row css_animation=\u201d\u201d row_type=\u201drow\u201d use_row_as_full_screen_section=\u201dno\u201d type=\u201dfull_width\u201d angled_section=\u201dno\u201d text_align=\u201dleft\u201d background_image_as_pattern=\u201dwithout_pattern\u201d][vc_column width=\u201d1\/2\u2033][vc_single_image image=\u201d3356\u2033 img_size=\u201dfull\u201d alignment=\u201dcenter\u201d qode_css_animation=\u201d\u201d][\/vc_column][vc_column width=\u201d1\/2\u2033][vc_single_image image=\u201d3357\u2033 img_size=\u201dfull\u201d alignment=\u201dcenter\u201d qode_css_animation=\u201d\u201d][\/vc_column][\/vc_row][vc_row css_animation=\u201d\u201d row_type=\u201drow\u201d use_row_as_full_screen_section=\u201dno\u201d type=\u201dfull_width\u201d angled_section=\u201dno\u201d text_align=\u201dleft\u201d background_image_as_pattern=\u201dwithout_pattern\u201d][vc_column][vc_empty_space][vc_column_text css=\u201d.vc_custom_1695303753849{margin-bottom: 20px !important;}\u201d]Miernik wilgotno\u015bci RVD-905A...","og_url":"https:\/\/nigossusare.rs\/automatska-kontrola\/vlagomeri-za-drvo-piljevinu-beton\/rvd-905a\/","og_site_name":"Nigos elektronik","article_modified_time":"2026-04-22T10:17:04+00:00","og_image":[{"width":1200,"height":675,"url":"https:\/\/nigossusare.rs\/wp-content\/uploads\/2024\/08\/vks-1200x675-2.jpg","type":"image\/jpeg"}],"twitter_card":"summary_large_image","twitter_misc":{"Est. reading time":"5 minut"},"schema":{"@context":"https:\/\/schema.org","@graph":[{"@type":"WebPage","@id":"https:\/\/nigossusare.rs\/automatska-kontrola\/vlagomeri-za-drvo-piljevinu-beton\/rvd-905a\/","url":"https:\/\/nigossusare.rs\/automatska-kontrola\/vlagomeri-za-drvo-piljevinu-beton\/rvd-905a\/","name":"Uniwersalny r\u0119czny przeno\u015bny miernik wilgotno\u015bci RVD-905A - Nigos elektronik","isPartOf":{"@id":"https:\/\/nigossusare.rs\/#website"},"datePublished":"2020-11-16T22:07:08+00:00","dateModified":"2026-04-22T10:17:04+00:00","breadcrumb":{"@id":"https:\/\/nigossusare.rs\/automatska-kontrola\/vlagomeri-za-drvo-piljevinu-beton\/rvd-905a\/#breadcrumb"},"inLanguage":"pl-PL","potentialAction":[{"@type":"ReadAction","target":["https:\/\/nigossusare.rs\/automatska-kontrola\/vlagomeri-za-drvo-piljevinu-beton\/rvd-905a\/"]}]},{"@type":"BreadcrumbList","@id":"https:\/\/nigossusare.rs\/automatska-kontrola\/vlagomeri-za-drvo-piljevinu-beton\/rvd-905a\/#breadcrumb","itemListElement":[{"@type":"ListItem","position":1,"name":"Home","item":"https:\/\/nigossusare.rs\/"},{"@type":"ListItem","position":2,"name":"Jednostki steruj\u0105ce","item":"\/pl\/"},{"@type":"ListItem","position":3,"name":"Mierniki wilgotno\u015bci","item":"https:\/\/nigossusare.rs\/automatska-kontrola\/vlagomeri-za-drvo-piljevinu-beton\/"},{"@type":"ListItem","position":4,"name":"Uniwersalny r\u0119czny przeno\u015bny miernik wilgotno\u015bci RVD-905A"}]},{"@type":"WebSite","@id":"https:\/\/nigossusare.rs\/#website","url":"https:\/\/nigossusare.rs\/","name":"Nigos elektronik","description":"Susare za drvo, wood dryers, drying kilns, moisture meters","publisher":{"@id":"https:\/\/nigossusare.rs\/#organization"},"alternateName":"Nigos-elektronik","potentialAction":[{"@type":"SearchAction","target":{"@type":"EntryPoint","urlTemplate":"https:\/\/nigossusare.rs\/?s={search_term_string}"},"query-input":{"@type":"PropertyValueSpecification","valueRequired":true,"valueName":"search_term_string"}}],"inLanguage":"pl-PL"},{"@type":"Organization","@id":"https:\/\/nigossusare.rs\/#organization","name":"Nigos elektronik","url":"https:\/\/nigossusare.rs\/","logo":{"@type":"ImageObject","inLanguage":"pl-PL","@id":"https:\/\/nigossusare.rs\/#\/schema\/logo\/image\/","url":"https:\/\/nigossusare.rs\/wp-content\/uploads\/2020\/06\/NIGOS-elektronik-logo.png","contentUrl":"https:\/\/nigossusare.rs\/wp-content\/uploads\/2020\/06\/NIGOS-elektronik-logo.png","width":205,"height":70,"caption":"Nigos elektronik"},"image":{"@id":"https:\/\/nigossusare.rs\/#\/schema\/logo\/image\/"},"sameAs":["https:\/\/rs.linkedin.com\/in\/nigos-elektronik-nis-b82b2037","https:\/\/www.youtube.com\/watch?v=2LPdHiVUvu8"]}]}},"_links":{"self":[{"href":"https:\/\/nigossusare.rs\/pl\/wp-json\/wp\/v2\/pages\/3353","targetHints":{"allow":["GET"]}}],"collection":[{"href":"https:\/\/nigossusare.rs\/pl\/wp-json\/wp\/v2\/pages"}],"about":[{"href":"https:\/\/nigossusare.rs\/pl\/wp-json\/wp\/v2\/types\/page"}],"author":[{"embeddable":true,"href":"https:\/\/nigossusare.rs\/pl\/wp-json\/wp\/v2\/users\/1"}],"replies":[{"embeddable":true,"href":"https:\/\/nigossusare.rs\/pl\/wp-json\/wp\/v2\/comments?post=3353"}],"version-history":[{"count":13,"href":"https:\/\/nigossusare.rs\/pl\/wp-json\/wp\/v2\/pages\/3353\/revisions"}],"predecessor-version":[{"id":5691,"href":"https:\/\/nigossusare.rs\/pl\/wp-json\/wp\/v2\/pages\/3353\/revisions\/5691"}],"up":[{"embeddable":true,"href":"https:\/\/nigossusare.rs\/pl\/wp-json\/wp\/v2\/pages\/3340"}],"wp:attachment":[{"href":"https:\/\/nigossusare.rs\/pl\/wp-json\/wp\/v2\/media?parent=3353"}],"curies":[{"name":"wp","href":"https:\/\/api.w.org\/{rel}","templated":true}]}}