{"id":3340,"date":"2020-11-16T22:53:22","date_gmt":"2020-11-16T21:53:22","guid":{"rendered":"https:\/\/nigossusare.rs\/?page_id=3340"},"modified":"2026-04-22T12:16:28","modified_gmt":"2026-04-22T10:16:28","slug":"mierniki-wilgotnosci","status":"publish","type":"page","link":"https:\/\/nigossusare.rs\/pl\/jednostki-sterujace\/mierniki-wilgotnosci\/","title":{"rendered":"Mierniki wilgotno\u015bci"},"content":{"rendered":"<div class=\"wpb-content-wrapper\"><p>[vc_row css_animation=\u201d\u201d row_type=\u201drow\u201d use_row_as_full_screen_section=\u201dno\u201d type=\u201dfull_width\u201d angled_section=\u201dno\u201d text_align=\u201dleft\u201d background_image_as_pattern=\u201dwithout_pattern\u201d][vc_column][vc_empty_space height=\u201d50px\u201d][\/vc_column][\/vc_row][vc_row css_animation=\u201d\u201d row_type=\u201drow\u201d use_row_as_full_screen_section=\u201dno\u201d type=\u201dfull_width\u201d angled_section=\u201dno\u201d text_align=\u201dleft\u201d background_image_as_pattern=\u201dwithout_pattern\u201d][vc_column width=\u201d1\/3\u2033][vc_single_image image=\u201d3348\u2033 img_size=\u201dfull\u201d alignment=\u201dcenter\u201d onclick=\u201dcustom_link\u201d qode_css_animation=\u201d\u201d link=\u201d\/pl\/jednostki-sterujace\/mierniki-wilgotnosci\/rvd-905a\/\u201d][\/vc_column][vc_column width=\u201d2\/3\u2033][vc_column_text]<\/p>\n<h4><a href=\"\/pl\/jednostki-sterujace\/mierniki-wilgotnosci\/rvd-905a\/\">RVD-905A<\/a><\/h4>\n<p>Uniwersalny r\u0119czny miernik wilgotno\u015bci RVD-905A to przeno\u015bne urz\u0105dzenie przeznaczone do pomiaru wilgotno\u015bci drewna, trocin i sta\u0142ych materia\u0142\u00f3w budowlanych (beton, zaprawa, tynk, gips). Zapewnia dok\u0142adny, precyzyjny i niezawodny pomiar w szerokim zakresie pomiarowym. Za pomoc\u0105 tego urz\u0105dzenia mo\u017cna opcjonalnie mierzy\u0107 temperatur\u0119 powietrza i wilgotno\u015b\u0107 wzgl\u0119dn\u0105. Zasilanie bateryjne i kompletne wyposa\u017cenie zapewniaj\u0105 wystarczaj\u0105c\u0105 autonomi\u0119 do komfortowej pracy w terenie, a tak\u017ce w halach fabrycznych, komorach suszarniczych, \u2026 <a href=\"\/pl\/jednostki-sterujace\/mierniki-wilgotnosci\/rvd-905a\/\">wi\u0119cej >><\/a>[\/vc_column_text][\/vc_column][\/vc_row][vc_row css_animation=\u201d\u201d row_type=\u201drow\u201d use_row_as_full_screen_section=\u201dno\u201d type=\u201dfull_width\u201d angled_section=\u201dno\u201d text_align=\u201dleft\u201d background_image_as_pattern=\u201dwithout_pattern\u201d][vc_column][vc_empty_space][vc_separator type=\u201dnormal\u201d color=\u201d#fe9900\u2033 thickness=\u201d2\u2033][vc_empty_space][\/vc_column][\/vc_row][vc_row css_animation=\u201d\u201d row_type=\u201drow\u201d use_row_as_full_screen_section=\u201dno\u201d type=\u201dfull_width\u201d angled_section=\u201dno\u201d text_align=\u201dleft\u201d background_image_as_pattern=\u201dwithout_pattern\u201d][vc_column width=\u201d1\/3\u2033][vc_single_image image=\u201d3350\u2033 img_size=\u201dfull\u201d alignment=\u201dcenter\u201d onclick=\u201dcustom_link\u201d qode_css_animation=\u201d\u201d link=\u201d\/pl\/jednostki-sterujace\/mierniki-wilgotnosci\/dvd-241\/\u201d][\/vc_column][vc_column width=\u201d2\/3\u2033][vc_column_text]<\/p>\n<h4><a href=\"\/pl\/jednostki-sterujace\/mierniki-wilgotnosci\/dvd-241\/\">DVD-241<\/a><\/h4>\n<p>Kontaktowy przeno\u015bny miernik wilgotno\u015bci DVD-241 jest przeznaczony do pomiaru zawarto\u015bci wilgoci drewna i fornir\u00f3w za pomoc\u0105 dotyku, bez uszkadzania pr\u00f3bki, kt\u00f3rej wilgotno\u015b\u0107 jest mierzona. Jest idealny do szybkiego sprawdzania i por\u00f3wnywania wilgotno\u015bci r\u00f3\u017cnych pr\u00f3bkach drewn w terenie. Mierzy wilgotno\u015b\u0107 w cienkich pr\u00f3bkach o grubo\u015bci od 1 mm. <a href=\"\/pl\/jednostki-sterujace\/mierniki-wilgotnosci\/dvd-241\/\">wi\u0119cej >><\/a>[\/vc_column_text][\/vc_column][\/vc_row][vc_row css_animation=\u201d\u201d row_type=\u201drow\u201d use_row_as_full_screen_section=\u201dno\u201d type=\u201dfull_width\u201d angled_section=\u201dno\u201d text_align=\u201dleft\u201d background_image_as_pattern=\u201dwithout_pattern\u201d][vc_column][vc_empty_space][\/vc_column][\/vc_row]<\/p>\n<\/div>","protected":false},"excerpt":{"rendered":"<p>[vc_row css_animation=\u201d\u201d row_type=\u201drow\u201d use_row_as_full_screen_section=\u201dno\u201d type=\u201dfull_width\u201d angled_section=\u201dno\u201d text_align=\u201dleft\u201d background_image_as_pattern=\u201dwithout_pattern\u201d][vc_column][vc_empty_space height=\u201d50px\u201d][\/vc_column][\/vc_row][vc_row css_animation=\u201d\u201d row_type=\u201drow\u201d use_row_as_full_screen_section=\u201dno\u201d type=\u201dfull_width\u201d angled_section=\u201dno\u201d text_align=\u201dleft\u201d background_image_as_pattern=\u201dwithout_pattern\u201d][vc_column width=\u201d1\/3\u2033][vc_single_image image=\u201d3348\u2033 img_size=\u201dfull\u201d alignment=\u201dcenter\u201d onclick=\u201dcustom_link\u201d qode_css_animation=\u201d\u201d link=\u201d\/pl\/jednostki-sterujace\/mierniki-wilgotnosci\/rvd-905a\/\u201d][\/vc_column][vc_column width=\u201d2\/3\u2033][vc_column_text] RVD-905A Uniwersalny r\u0119czny miernik wilgotno\u015bci RVD-905A to przeno\u015bne urz\u0105dzenie przeznaczone do pomiaru wilgotno\u015bci drewna, trocin i sta\u0142ych materia\u0142\u00f3w budowlanych (beton, zaprawa,\u2026<\/p>\n","protected":false},"author":1,"featured_media":0,"parent":3230,"menu_order":0,"comment_status":"closed","ping_status":"closed","template":"","meta":{"footnotes":"","_links_to":"","_links_to_target":""},"class_list":["post-3340","page","type-page","status-publish","hentry"],"yoast_head":"<!-- This site is optimized with the Yoast SEO plugin v27.5 - https:\/\/yoast.com\/product\/yoast-seo-wordpress\/ -->\n<title>Mierniki wilgotno\u015bci - Nigos elektronik<\/title>\n<meta name=\"robots\" content=\"index, follow, max-snippet:-1, max-image-preview:large, max-video-preview:-1\" \/>\n<link rel=\"canonical\" href=\"https:\/\/nigossusare.rs\/automatska-kontrola\/vlagomeri-za-drvo-piljevinu-beton\/\" \/>\n<meta property=\"og:locale\" content=\"pl_PL\" \/>\n<meta property=\"og:type\" content=\"article\" \/>\n<meta property=\"og:title\" content=\"Mierniki wilgotno\u015bci - Nigos elektronik\" \/>\n<meta property=\"og:description\" content=\"[vc_row css_animation=\u201d\u201d row_type=\u201drow\u201d use_row_as_full_screen_section=\u201dno\u201d type=\u201dfull_width\u201d angled_section=\u201dno\u201d text_align=\u201dleft\u201d background_image_as_pattern=\u201dwithout_pattern\u201d][vc_column][vc_empty_space height=\u201d50px\u201d][\/vc_column][\/vc_row][vc_row css_animation=\u201d\u201d row_type=\u201drow\u201d use_row_as_full_screen_section=\u201dno\u201d type=\u201dfull_width\u201d angled_section=\u201dno\u201d text_align=\u201dleft\u201d background_image_as_pattern=\u201dwithout_pattern\u201d][vc_column width=\u201d1\/3\u2033][vc_single_image image=\u201d3348\u2033 img_size=\u201dfull\u201d alignment=\u201dcenter\u201d onclick=\u201dcustom_link\u201d qode_css_animation=\u201d\u201d link=\u201d\/pl\/jednostki-sterujace\/mierniki-wilgotnosci\/rvd-905a\/\u201d][\/vc_column][vc_column width=\u201d2\/3\u2033][vc_column_text] RVD-905A Uniwersalny r\u0119czny miernik wilgotno\u015bci RVD-905A to przeno\u015bne urz\u0105dzenie przeznaczone do pomiaru wilgotno\u015bci drewna, trocin i sta\u0142ych materia\u0142\u00f3w budowlanych (beton, zaprawa,...\" \/>\n<meta property=\"og:url\" content=\"https:\/\/nigossusare.rs\/automatska-kontrola\/vlagomeri-za-drvo-piljevinu-beton\/\" \/>\n<meta property=\"og:site_name\" content=\"Nigos elektronik\" \/>\n<meta property=\"article:modified_time\" content=\"2026-04-22T10:16:28+00:00\" \/>\n<meta property=\"og:image\" content=\"https:\/\/nigossusare.rs\/wp-content\/uploads\/2024\/08\/vks-1200x675-2.jpg\" \/>\n\t<meta property=\"og:image:width\" content=\"1200\" \/>\n\t<meta property=\"og:image:height\" content=\"675\" \/>\n\t<meta property=\"og:image:type\" content=\"image\/jpeg\" \/>\n<meta name=\"twitter:card\" content=\"summary_large_image\" \/>\n<meta name=\"twitter:label1\" content=\"Est. reading time\" \/>\n\t<meta name=\"twitter:data1\" content=\"1 minuta\" \/>\n<script type=\"application\/ld+json\" class=\"yoast-schema-graph\">{\"@context\":\"https:\\\/\\\/schema.org\",\"@graph\":[{\"@type\":\"WebPage\",\"@id\":\"https:\\\/\\\/nigossusare.rs\\\/automatska-kontrola\\\/vlagomeri-za-drvo-piljevinu-beton\\\/\",\"url\":\"https:\\\/\\\/nigossusare.rs\\\/automatska-kontrola\\\/vlagomeri-za-drvo-piljevinu-beton\\\/\",\"name\":\"Mierniki wilgotno\u015bci - Nigos elektronik\",\"isPartOf\":{\"@id\":\"https:\\\/\\\/nigossusare.rs\\\/#website\"},\"datePublished\":\"2020-11-16T21:53:22+00:00\",\"dateModified\":\"2026-04-22T10:16:28+00:00\",\"breadcrumb\":{\"@id\":\"https:\\\/\\\/nigossusare.rs\\\/automatska-kontrola\\\/vlagomeri-za-drvo-piljevinu-beton\\\/#breadcrumb\"},\"inLanguage\":\"pl-PL\",\"potentialAction\":[{\"@type\":\"ReadAction\",\"target\":[\"https:\\\/\\\/nigossusare.rs\\\/automatska-kontrola\\\/vlagomeri-za-drvo-piljevinu-beton\\\/\"]}]},{\"@type\":\"BreadcrumbList\",\"@id\":\"https:\\\/\\\/nigossusare.rs\\\/automatska-kontrola\\\/vlagomeri-za-drvo-piljevinu-beton\\\/#breadcrumb\",\"itemListElement\":[{\"@type\":\"ListItem\",\"position\":1,\"name\":\"Home\",\"item\":\"https:\\\/\\\/nigossusare.rs\\\/\"},{\"@type\":\"ListItem\",\"position\":2,\"name\":\"Jednostki steruj\u0105ce\",\"item\":\"\\\/pl\\\/\"},{\"@type\":\"ListItem\",\"position\":3,\"name\":\"Mierniki wilgotno\u015bci\"}]},{\"@type\":\"WebSite\",\"@id\":\"https:\\\/\\\/nigossusare.rs\\\/#website\",\"url\":\"https:\\\/\\\/nigossusare.rs\\\/\",\"name\":\"Nigos elektronik\",\"description\":\"Susare za drvo, wood dryers, drying kilns, moisture meters\",\"publisher\":{\"@id\":\"https:\\\/\\\/nigossusare.rs\\\/#organization\"},\"alternateName\":\"Nigos-elektronik\",\"potentialAction\":[{\"@type\":\"SearchAction\",\"target\":{\"@type\":\"EntryPoint\",\"urlTemplate\":\"https:\\\/\\\/nigossusare.rs\\\/?s={search_term_string}\"},\"query-input\":{\"@type\":\"PropertyValueSpecification\",\"valueRequired\":true,\"valueName\":\"search_term_string\"}}],\"inLanguage\":\"pl-PL\"},{\"@type\":\"Organization\",\"@id\":\"https:\\\/\\\/nigossusare.rs\\\/#organization\",\"name\":\"Nigos elektronik\",\"url\":\"https:\\\/\\\/nigossusare.rs\\\/\",\"logo\":{\"@type\":\"ImageObject\",\"inLanguage\":\"pl-PL\",\"@id\":\"https:\\\/\\\/nigossusare.rs\\\/#\\\/schema\\\/logo\\\/image\\\/\",\"url\":\"https:\\\/\\\/nigossusare.rs\\\/wp-content\\\/uploads\\\/2020\\\/06\\\/NIGOS-elektronik-logo.png\",\"contentUrl\":\"https:\\\/\\\/nigossusare.rs\\\/wp-content\\\/uploads\\\/2020\\\/06\\\/NIGOS-elektronik-logo.png\",\"width\":205,\"height\":70,\"caption\":\"Nigos elektronik\"},\"image\":{\"@id\":\"https:\\\/\\\/nigossusare.rs\\\/#\\\/schema\\\/logo\\\/image\\\/\"},\"sameAs\":[\"https:\\\/\\\/rs.linkedin.com\\\/in\\\/nigos-elektronik-nis-b82b2037\",\"https:\\\/\\\/www.youtube.com\\\/watch?v=2LPdHiVUvu8\"]}]}<\/script>\n<!-- \/ Yoast SEO plugin. -->","yoast_head_json":{"title":"Mierniki wilgotno\u015bci - Nigos elektronik","robots":{"index":"index","follow":"follow","max-snippet":"max-snippet:-1","max-image-preview":"max-image-preview:large","max-video-preview":"max-video-preview:-1"},"canonical":"https:\/\/nigossusare.rs\/automatska-kontrola\/vlagomeri-za-drvo-piljevinu-beton\/","og_locale":"pl_PL","og_type":"article","og_title":"Mierniki wilgotno\u015bci - Nigos elektronik","og_description":"[vc_row css_animation=\u201d\u201d row_type=\u201drow\u201d use_row_as_full_screen_section=\u201dno\u201d type=\u201dfull_width\u201d angled_section=\u201dno\u201d text_align=\u201dleft\u201d background_image_as_pattern=\u201dwithout_pattern\u201d][vc_column][vc_empty_space height=\u201d50px\u201d][\/vc_column][\/vc_row][vc_row css_animation=\u201d\u201d row_type=\u201drow\u201d use_row_as_full_screen_section=\u201dno\u201d type=\u201dfull_width\u201d angled_section=\u201dno\u201d text_align=\u201dleft\u201d background_image_as_pattern=\u201dwithout_pattern\u201d][vc_column width=\u201d1\/3\u2033][vc_single_image image=\u201d3348\u2033 img_size=\u201dfull\u201d alignment=\u201dcenter\u201d onclick=\u201dcustom_link\u201d qode_css_animation=\u201d\u201d link=\u201d\/pl\/jednostki-sterujace\/mierniki-wilgotnosci\/rvd-905a\/\u201d][\/vc_column][vc_column width=\u201d2\/3\u2033][vc_column_text] RVD-905A Uniwersalny r\u0119czny miernik wilgotno\u015bci RVD-905A to przeno\u015bne urz\u0105dzenie przeznaczone do pomiaru wilgotno\u015bci drewna, trocin i sta\u0142ych materia\u0142\u00f3w budowlanych (beton, zaprawa,...","og_url":"https:\/\/nigossusare.rs\/automatska-kontrola\/vlagomeri-za-drvo-piljevinu-beton\/","og_site_name":"Nigos elektronik","article_modified_time":"2026-04-22T10:16:28+00:00","og_image":[{"width":1200,"height":675,"url":"https:\/\/nigossusare.rs\/wp-content\/uploads\/2024\/08\/vks-1200x675-2.jpg","type":"image\/jpeg"}],"twitter_card":"summary_large_image","twitter_misc":{"Est. reading time":"1 minuta"},"schema":{"@context":"https:\/\/schema.org","@graph":[{"@type":"WebPage","@id":"https:\/\/nigossusare.rs\/automatska-kontrola\/vlagomeri-za-drvo-piljevinu-beton\/","url":"https:\/\/nigossusare.rs\/automatska-kontrola\/vlagomeri-za-drvo-piljevinu-beton\/","name":"Mierniki wilgotno\u015bci - Nigos elektronik","isPartOf":{"@id":"https:\/\/nigossusare.rs\/#website"},"datePublished":"2020-11-16T21:53:22+00:00","dateModified":"2026-04-22T10:16:28+00:00","breadcrumb":{"@id":"https:\/\/nigossusare.rs\/automatska-kontrola\/vlagomeri-za-drvo-piljevinu-beton\/#breadcrumb"},"inLanguage":"pl-PL","potentialAction":[{"@type":"ReadAction","target":["https:\/\/nigossusare.rs\/automatska-kontrola\/vlagomeri-za-drvo-piljevinu-beton\/"]}]},{"@type":"BreadcrumbList","@id":"https:\/\/nigossusare.rs\/automatska-kontrola\/vlagomeri-za-drvo-piljevinu-beton\/#breadcrumb","itemListElement":[{"@type":"ListItem","position":1,"name":"Home","item":"https:\/\/nigossusare.rs\/"},{"@type":"ListItem","position":2,"name":"Jednostki steruj\u0105ce","item":"\/pl\/"},{"@type":"ListItem","position":3,"name":"Mierniki wilgotno\u015bci"}]},{"@type":"WebSite","@id":"https:\/\/nigossusare.rs\/#website","url":"https:\/\/nigossusare.rs\/","name":"Nigos elektronik","description":"Susare za drvo, wood dryers, drying kilns, moisture meters","publisher":{"@id":"https:\/\/nigossusare.rs\/#organization"},"alternateName":"Nigos-elektronik","potentialAction":[{"@type":"SearchAction","target":{"@type":"EntryPoint","urlTemplate":"https:\/\/nigossusare.rs\/?s={search_term_string}"},"query-input":{"@type":"PropertyValueSpecification","valueRequired":true,"valueName":"search_term_string"}}],"inLanguage":"pl-PL"},{"@type":"Organization","@id":"https:\/\/nigossusare.rs\/#organization","name":"Nigos elektronik","url":"https:\/\/nigossusare.rs\/","logo":{"@type":"ImageObject","inLanguage":"pl-PL","@id":"https:\/\/nigossusare.rs\/#\/schema\/logo\/image\/","url":"https:\/\/nigossusare.rs\/wp-content\/uploads\/2020\/06\/NIGOS-elektronik-logo.png","contentUrl":"https:\/\/nigossusare.rs\/wp-content\/uploads\/2020\/06\/NIGOS-elektronik-logo.png","width":205,"height":70,"caption":"Nigos elektronik"},"image":{"@id":"https:\/\/nigossusare.rs\/#\/schema\/logo\/image\/"},"sameAs":["https:\/\/rs.linkedin.com\/in\/nigos-elektronik-nis-b82b2037","https:\/\/www.youtube.com\/watch?v=2LPdHiVUvu8"]}]}},"_links":{"self":[{"href":"https:\/\/nigossusare.rs\/pl\/wp-json\/wp\/v2\/pages\/3340","targetHints":{"allow":["GET"]}}],"collection":[{"href":"https:\/\/nigossusare.rs\/pl\/wp-json\/wp\/v2\/pages"}],"about":[{"href":"https:\/\/nigossusare.rs\/pl\/wp-json\/wp\/v2\/types\/page"}],"author":[{"embeddable":true,"href":"https:\/\/nigossusare.rs\/pl\/wp-json\/wp\/v2\/users\/1"}],"replies":[{"embeddable":true,"href":"https:\/\/nigossusare.rs\/pl\/wp-json\/wp\/v2\/comments?post=3340"}],"version-history":[{"count":11,"href":"https:\/\/nigossusare.rs\/pl\/wp-json\/wp\/v2\/pages\/3340\/revisions"}],"predecessor-version":[{"id":6443,"href":"https:\/\/nigossusare.rs\/pl\/wp-json\/wp\/v2\/pages\/3340\/revisions\/6443"}],"up":[{"embeddable":true,"href":"https:\/\/nigossusare.rs\/pl\/wp-json\/wp\/v2\/pages\/3230"}],"wp:attachment":[{"href":"https:\/\/nigossusare.rs\/pl\/wp-json\/wp\/v2\/media?parent=3340"}],"curies":[{"name":"wp","href":"https:\/\/api.w.org\/{rel}","templated":true}]}}