{"id":3325,"date":"2020-11-16T22:45:19","date_gmt":"2020-11-16T21:45:19","guid":{"rendered":"https:\/\/nigossusare.rs\/?page_id=3325"},"modified":"2026-04-22T12:17:20","modified_gmt":"2026-04-22T10:17:20","slug":"obrobka-cieplna","status":"publish","type":"page","link":"https:\/\/nigossusare.rs\/pl\/jednostki-sterujace\/obrobka-cieplna\/","title":{"rendered":"Urz\u0105dzenie do termicznej obr\u00f3bki drewna MKS-05"},"content":{"rendered":"<div class=\"wpb-content-wrapper\"><p>[vc_row css_animation=\u201d\u201d row_type=\u201drow\u201d use_row_as_full_screen_section=\u201dno\u201d type=\u201dfull_width\u201d angled_section=\u201dno\u201d text_align=\u201dleft\u201d background_image_as_pattern=\u201dwithout_pattern\u201d][vc_column][vc_empty_space height=\u201d50px\u201d][vc_column_text]<\/p>\n<h1 style=\"text-align: center;\">MKS-05<\/h1>\n<h4 style=\"text-align: center;\">Urz\u0105dzenie do termicznej obr\u00f3bki drewna<\/h4>\n<p>[\/vc_column_text][vc_empty_space][vc_single_image image=\u201d3335\u2033 img_size=\u201dfull\u201d alignment=\u201dcenter\u201d qode_css_animation=\u201d\u201d][vc_empty_space][\/vc_column][\/vc_row][vc_row css_animation=\u201d\u201d row_type=\u201drow\u201d use_row_as_full_screen_section=\u201dno\u201d type=\u201dfull_width\u201d angled_section=\u201dno\u201d text_align=\u201dleft\u201d background_image_as_pattern=\u201dwithout_pattern\u201d][vc_column width=\u201d1\/3\u2033][vc_empty_space][vc_column_text]<\/p>\n<ul style=\"list-style-position: outside; padding: 0 10 0 0;\">\n<li>Obr\u00f3bka termiszna (HT, sterylizacja) drewna i palet drewnianych<\/li>\n<li>Weryfikacja procesu obr\u00f3bki termicznej drewnianego materia\u0142u opakowaniowego zgodnie z Mi\u0119dzynarodowym Standardem dla \u015arodk\u00f3w Fitosanitarnych nr 15 (International Standard for Phytosanitary Measures \u2013 ISPM15) Organizacji Narod\u00f3w Zjednoczonych ds. Wy\u017cywienia i Rolnictwa (Food and Agriculture Organisation of the UN \u2013 FAO)<\/li>\n<li>Monitorowanie procesu obr\u00f3bki termicznej poprzez pomiar temperatury rdzenia drewna i temperatury powietrza<\/li>\n<li>Wy\u015bwietlanie mierzonych warto\u015bci na wy\u015bwietlaczu LED wed\u0142ug punktu pomiarowego<\/li>\n<li>Mo\u017cliwo\u015b\u0107 zmiany parametr\u00f3w obr\u00f3bki termicznej<\/li>\n<li>1 wej\u015bcie do pomiaru temperatury powietrza<\/li>\n<li>4 wej\u015bcia do pomiaru temperatury rdzenia drewna<\/li>\n<li>Zestaw zawiera 5 sond temperatury o r\u00f3\u017cnych d\u0142ugo\u015bciach kabla + 1 zapasow\u0105 sond\u0119 do pomiaru temperatury rdzenia drewna<\/li>\n<li>Odbieranie danych z komory przez S-05 do MKS-05 lokalnie (do 20 m)<\/li>\n<li>Odbieranie danych z MKS-05 do komputera za po\u015brednictwem linii komunikacyjnej (do 300 m)<\/li>\n<li>Pod\u0142\u0105czenie do komputera za po\u015brednictwem standardu komunikacyjnego RS485 (adapter w zestawie)<\/li>\n<li>Zdalne monitorowanie i sterowanie procesem obr\u00f3bki termicznej umo\u017cliwia oprogramowanie NIGOS \u201dObr\u00f3bka termiczna drewna\u201d<\/li>\n<li>Oprogramowanie umo\u017cliwia wydruk wygenerowanego raportu (graficznego i\/lub tekstowego), kt\u00f3ry zawiera wszystkie istotne dane i s\u0142u\u017cy jako dow\u00f3d pomy\u015blnie przeprowadzonego procesu obr\u00f3bki termicznej (HT)<\/li>\n<li>Wieloj\u0119zyczny interfejs u\u017cytkownika<\/li>\n<li>Dostarczony sprz\u0119t zawiera \u015bwiadectwo kalibracji wydane przez uprawnion\u0105 instytucj\u0119<\/li>\n<li>Plastikowa obudowa \u2013 odpowiednia do monta\u017cu na \u015bcianie<\/li>\n<li>Odporno\u015b\u0107 na kurz, wilgo\u0107 i brud (stopie\u0144 ochrony IP65)<\/li>\n<li>5 lat gwarancji<\/li>\n<\/ul>\n<p>[\/vc_column_text][vc_empty_space][\/vc_column][vc_column width=\u201d1\/3\u2033][vc_single_image image=\u201d2500\u2033 img_size=\u201dlarge\u201d alignment=\u201dcenter\u201d qode_css_animation=\u201d\u201d][vc_empty_space][\/vc_column][vc_column width=\u201d1\/3\u2033][vc_single_image image=\u201d2501\u2033 img_size=\u201dlarge\u201d alignment=\u201dcenter\u201d qode_css_animation=\u201d\u201d][vc_empty_space][\/vc_column][\/vc_row][vc_row css_animation=\u201d\u201d row_type=\u201drow\u201d use_row_as_full_screen_section=\u201dno\u201d type=\u201dfull_width\u201d angled_section=\u201dno\u201d text_align=\u201dleft\u201d background_image_as_pattern=\u201dwithout_pattern\u201d][vc_column][vc_single_image image=\u201d3613\u2033 img_size=\u201dfull\u201d qode_css_animation=\u201d\u201d][vc_empty_space height=\u201d50px\u201d][\/vc_column][\/vc_row][vc_row css_animation=\u201d\u201d row_type=\u201drow\u201d use_row_as_full_screen_section=\u201dno\u201d type=\u201dfull_width\u201d angled_section=\u201dno\u201d text_align=\u201dleft\u201d background_image_as_pattern=\u201dwithout_pattern\u201d css=\u201d.vc_custom_1591094994092{padding-bottom: 32px !important;}\u201d z_index=\u201d\u201d][vc_column][vc_empty_space height=\u201d10px\u201d][vc_gallery type=\u201dimage_grid\u201d images=\u201d2487,2488,3332,2489,2491,2490,2492,2493,3333,3336\u2033 img_size=\u201dmedium\u201d column_number=\u201d4\u2033 grayscale=\u201dno\u201d images_space=\u201dgallery_with_space\u201d][\/vc_column][\/vc_row]<\/p>\n<\/div>","protected":false},"excerpt":{"rendered":"<p>[vc_row css_animation=\u201d\u201d row_type=\u201drow\u201d use_row_as_full_screen_section=\u201dno\u201d type=\u201dfull_width\u201d angled_section=\u201dno\u201d text_align=\u201dleft\u201d background_image_as_pattern=\u201dwithout_pattern\u201d][vc_column][vc_empty_space height=\u201d50px\u201d][vc_column_text] MKS-05 Urz\u0105dzenie do termicznej obr\u00f3bki drewna [\/vc_column_text][vc_empty_space][vc_single_image image=\u201d3335\u2033 img_size=\u201dfull\u201d alignment=\u201dcenter\u201d qode_css_animation=\u201d\u201d][vc_empty_space][\/vc_column][\/vc_row][vc_row css_animation=\u201d\u201d row_type=\u201drow\u201d use_row_as_full_screen_section=\u201dno\u201d type=\u201dfull_width\u201d angled_section=\u201dno\u201d text_align=\u201dleft\u201d background_image_as_pattern=\u201dwithout_pattern\u201d][vc_column width=\u201d1\/3\u2033][vc_empty_space][vc_column_text] Obr\u00f3bka termiszna (HT, sterylizacja) drewna i palet drewnianych Weryfikacja procesu obr\u00f3bki termicznej drewnianego materia\u0142u opakowaniowego zgodnie z\u2026<\/p>\n","protected":false},"author":1,"featured_media":0,"parent":3230,"menu_order":0,"comment_status":"closed","ping_status":"closed","template":"","meta":{"footnotes":"","_links_to":"","_links_to_target":""},"class_list":["post-3325","page","type-page","status-publish","hentry"],"yoast_head":"<!-- This site is optimized with the Yoast SEO plugin v27.4 - https:\/\/yoast.com\/product\/yoast-seo-wordpress\/ -->\n<title>Urz\u0105dzenie do termicznej obr\u00f3bki drewna MKS-05 - Nigos elektronik<\/title>\n<meta name=\"robots\" content=\"index, follow, max-snippet:-1, max-image-preview:large, max-video-preview:-1\" \/>\n<link rel=\"canonical\" href=\"https:\/\/nigossusare.rs\/automatska-kontrola\/termicki-tretman\/\" \/>\n<meta property=\"og:locale\" content=\"pl_PL\" \/>\n<meta property=\"og:type\" content=\"article\" \/>\n<meta property=\"og:title\" content=\"Urz\u0105dzenie do termicznej obr\u00f3bki drewna MKS-05 - Nigos elektronik\" \/>\n<meta property=\"og:description\" content=\"[vc_row css_animation=\u201d\u201d row_type=\u201drow\u201d use_row_as_full_screen_section=\u201dno\u201d type=\u201dfull_width\u201d angled_section=\u201dno\u201d text_align=\u201dleft\u201d background_image_as_pattern=\u201dwithout_pattern\u201d][vc_column][vc_empty_space height=\u201d50px\u201d][vc_column_text] MKS-05 Urz\u0105dzenie do termicznej obr\u00f3bki drewna [\/vc_column_text][vc_empty_space][vc_single_image image=\u201d3335\u2033 img_size=\u201dfull\u201d alignment=\u201dcenter\u201d qode_css_animation=\u201d\u201d][vc_empty_space][\/vc_column][\/vc_row][vc_row css_animation=\u201d\u201d row_type=\u201drow\u201d use_row_as_full_screen_section=\u201dno\u201d type=\u201dfull_width\u201d angled_section=\u201dno\u201d text_align=\u201dleft\u201d background_image_as_pattern=\u201dwithout_pattern\u201d][vc_column width=\u201d1\/3\u2033][vc_empty_space][vc_column_text] Obr\u00f3bka termiszna (HT, sterylizacja) drewna i palet drewnianych Weryfikacja procesu obr\u00f3bki termicznej drewnianego materia\u0142u opakowaniowego zgodnie z...\" \/>\n<meta property=\"og:url\" content=\"https:\/\/nigossusare.rs\/automatska-kontrola\/termicki-tretman\/\" \/>\n<meta property=\"og:site_name\" content=\"Nigos elektronik\" \/>\n<meta property=\"article:modified_time\" content=\"2026-04-22T10:17:20+00:00\" \/>\n<meta property=\"og:image\" content=\"https:\/\/nigossusare.rs\/wp-content\/uploads\/2024\/08\/vks-1200x675-2.jpg\" \/>\n\t<meta property=\"og:image:width\" content=\"1200\" \/>\n\t<meta property=\"og:image:height\" content=\"675\" \/>\n\t<meta property=\"og:image:type\" content=\"image\/jpeg\" \/>\n<meta name=\"twitter:card\" content=\"summary_large_image\" \/>\n<meta name=\"twitter:label1\" content=\"Est. reading time\" \/>\n\t<meta name=\"twitter:data1\" content=\"2 minuty\" \/>\n<script type=\"application\/ld+json\" class=\"yoast-schema-graph\">{\"@context\":\"https:\\\/\\\/schema.org\",\"@graph\":[{\"@type\":\"WebPage\",\"@id\":\"https:\\\/\\\/nigossusare.rs\\\/automatska-kontrola\\\/termicki-tretman\\\/\",\"url\":\"https:\\\/\\\/nigossusare.rs\\\/automatska-kontrola\\\/termicki-tretman\\\/\",\"name\":\"Urz\u0105dzenie do termicznej obr\u00f3bki drewna MKS-05 - Nigos elektronik\",\"isPartOf\":{\"@id\":\"https:\\\/\\\/nigossusare.rs\\\/#website\"},\"datePublished\":\"2020-11-16T21:45:19+00:00\",\"dateModified\":\"2026-04-22T10:17:20+00:00\",\"breadcrumb\":{\"@id\":\"https:\\\/\\\/nigossusare.rs\\\/automatska-kontrola\\\/termicki-tretman\\\/#breadcrumb\"},\"inLanguage\":\"pl-PL\",\"potentialAction\":[{\"@type\":\"ReadAction\",\"target\":[\"https:\\\/\\\/nigossusare.rs\\\/automatska-kontrola\\\/termicki-tretman\\\/\"]}]},{\"@type\":\"BreadcrumbList\",\"@id\":\"https:\\\/\\\/nigossusare.rs\\\/automatska-kontrola\\\/termicki-tretman\\\/#breadcrumb\",\"itemListElement\":[{\"@type\":\"ListItem\",\"position\":1,\"name\":\"Home\",\"item\":\"https:\\\/\\\/nigossusare.rs\\\/\"},{\"@type\":\"ListItem\",\"position\":2,\"name\":\"Jednostki steruj\u0105ce\",\"item\":\"\\\/pl\\\/\"},{\"@type\":\"ListItem\",\"position\":3,\"name\":\"Urz\u0105dzenie do termicznej obr\u00f3bki drewna MKS-05\"}]},{\"@type\":\"WebSite\",\"@id\":\"https:\\\/\\\/nigossusare.rs\\\/#website\",\"url\":\"https:\\\/\\\/nigossusare.rs\\\/\",\"name\":\"Nigos elektronik\",\"description\":\"Susare za drvo, wood dryers, drying kilns, moisture meters\",\"publisher\":{\"@id\":\"https:\\\/\\\/nigossusare.rs\\\/#organization\"},\"alternateName\":\"Nigos-elektronik\",\"potentialAction\":[{\"@type\":\"SearchAction\",\"target\":{\"@type\":\"EntryPoint\",\"urlTemplate\":\"https:\\\/\\\/nigossusare.rs\\\/?s={search_term_string}\"},\"query-input\":{\"@type\":\"PropertyValueSpecification\",\"valueRequired\":true,\"valueName\":\"search_term_string\"}}],\"inLanguage\":\"pl-PL\"},{\"@type\":\"Organization\",\"@id\":\"https:\\\/\\\/nigossusare.rs\\\/#organization\",\"name\":\"Nigos elektronik\",\"url\":\"https:\\\/\\\/nigossusare.rs\\\/\",\"logo\":{\"@type\":\"ImageObject\",\"inLanguage\":\"pl-PL\",\"@id\":\"https:\\\/\\\/nigossusare.rs\\\/#\\\/schema\\\/logo\\\/image\\\/\",\"url\":\"https:\\\/\\\/nigossusare.rs\\\/wp-content\\\/uploads\\\/2020\\\/06\\\/NIGOS-elektronik-logo.png\",\"contentUrl\":\"https:\\\/\\\/nigossusare.rs\\\/wp-content\\\/uploads\\\/2020\\\/06\\\/NIGOS-elektronik-logo.png\",\"width\":205,\"height\":70,\"caption\":\"Nigos elektronik\"},\"image\":{\"@id\":\"https:\\\/\\\/nigossusare.rs\\\/#\\\/schema\\\/logo\\\/image\\\/\"},\"sameAs\":[\"https:\\\/\\\/rs.linkedin.com\\\/in\\\/nigos-elektronik-nis-b82b2037\",\"https:\\\/\\\/www.youtube.com\\\/watch?v=2LPdHiVUvu8\"]}]}<\/script>\n<!-- \/ Yoast SEO plugin. -->","yoast_head_json":{"title":"Urz\u0105dzenie do termicznej obr\u00f3bki drewna MKS-05 - Nigos elektronik","robots":{"index":"index","follow":"follow","max-snippet":"max-snippet:-1","max-image-preview":"max-image-preview:large","max-video-preview":"max-video-preview:-1"},"canonical":"https:\/\/nigossusare.rs\/automatska-kontrola\/termicki-tretman\/","og_locale":"pl_PL","og_type":"article","og_title":"Urz\u0105dzenie do termicznej obr\u00f3bki drewna MKS-05 - Nigos elektronik","og_description":"[vc_row css_animation=\u201d\u201d row_type=\u201drow\u201d use_row_as_full_screen_section=\u201dno\u201d type=\u201dfull_width\u201d angled_section=\u201dno\u201d text_align=\u201dleft\u201d background_image_as_pattern=\u201dwithout_pattern\u201d][vc_column][vc_empty_space height=\u201d50px\u201d][vc_column_text] MKS-05 Urz\u0105dzenie do termicznej obr\u00f3bki drewna [\/vc_column_text][vc_empty_space][vc_single_image image=\u201d3335\u2033 img_size=\u201dfull\u201d alignment=\u201dcenter\u201d qode_css_animation=\u201d\u201d][vc_empty_space][\/vc_column][\/vc_row][vc_row css_animation=\u201d\u201d row_type=\u201drow\u201d use_row_as_full_screen_section=\u201dno\u201d type=\u201dfull_width\u201d angled_section=\u201dno\u201d text_align=\u201dleft\u201d background_image_as_pattern=\u201dwithout_pattern\u201d][vc_column width=\u201d1\/3\u2033][vc_empty_space][vc_column_text] Obr\u00f3bka termiszna (HT, sterylizacja) drewna i palet drewnianych Weryfikacja procesu obr\u00f3bki termicznej drewnianego materia\u0142u opakowaniowego zgodnie z...","og_url":"https:\/\/nigossusare.rs\/automatska-kontrola\/termicki-tretman\/","og_site_name":"Nigos elektronik","article_modified_time":"2026-04-22T10:17:20+00:00","og_image":[{"width":1200,"height":675,"url":"https:\/\/nigossusare.rs\/wp-content\/uploads\/2024\/08\/vks-1200x675-2.jpg","type":"image\/jpeg"}],"twitter_card":"summary_large_image","twitter_misc":{"Est. reading time":"2 minuty"},"schema":{"@context":"https:\/\/schema.org","@graph":[{"@type":"WebPage","@id":"https:\/\/nigossusare.rs\/automatska-kontrola\/termicki-tretman\/","url":"https:\/\/nigossusare.rs\/automatska-kontrola\/termicki-tretman\/","name":"Urz\u0105dzenie do termicznej obr\u00f3bki drewna MKS-05 - Nigos elektronik","isPartOf":{"@id":"https:\/\/nigossusare.rs\/#website"},"datePublished":"2020-11-16T21:45:19+00:00","dateModified":"2026-04-22T10:17:20+00:00","breadcrumb":{"@id":"https:\/\/nigossusare.rs\/automatska-kontrola\/termicki-tretman\/#breadcrumb"},"inLanguage":"pl-PL","potentialAction":[{"@type":"ReadAction","target":["https:\/\/nigossusare.rs\/automatska-kontrola\/termicki-tretman\/"]}]},{"@type":"BreadcrumbList","@id":"https:\/\/nigossusare.rs\/automatska-kontrola\/termicki-tretman\/#breadcrumb","itemListElement":[{"@type":"ListItem","position":1,"name":"Home","item":"https:\/\/nigossusare.rs\/"},{"@type":"ListItem","position":2,"name":"Jednostki steruj\u0105ce","item":"\/pl\/"},{"@type":"ListItem","position":3,"name":"Urz\u0105dzenie do termicznej obr\u00f3bki drewna MKS-05"}]},{"@type":"WebSite","@id":"https:\/\/nigossusare.rs\/#website","url":"https:\/\/nigossusare.rs\/","name":"Nigos elektronik","description":"Susare za drvo, wood dryers, drying kilns, moisture meters","publisher":{"@id":"https:\/\/nigossusare.rs\/#organization"},"alternateName":"Nigos-elektronik","potentialAction":[{"@type":"SearchAction","target":{"@type":"EntryPoint","urlTemplate":"https:\/\/nigossusare.rs\/?s={search_term_string}"},"query-input":{"@type":"PropertyValueSpecification","valueRequired":true,"valueName":"search_term_string"}}],"inLanguage":"pl-PL"},{"@type":"Organization","@id":"https:\/\/nigossusare.rs\/#organization","name":"Nigos elektronik","url":"https:\/\/nigossusare.rs\/","logo":{"@type":"ImageObject","inLanguage":"pl-PL","@id":"https:\/\/nigossusare.rs\/#\/schema\/logo\/image\/","url":"https:\/\/nigossusare.rs\/wp-content\/uploads\/2020\/06\/NIGOS-elektronik-logo.png","contentUrl":"https:\/\/nigossusare.rs\/wp-content\/uploads\/2020\/06\/NIGOS-elektronik-logo.png","width":205,"height":70,"caption":"Nigos elektronik"},"image":{"@id":"https:\/\/nigossusare.rs\/#\/schema\/logo\/image\/"},"sameAs":["https:\/\/rs.linkedin.com\/in\/nigos-elektronik-nis-b82b2037","https:\/\/www.youtube.com\/watch?v=2LPdHiVUvu8"]}]}},"_links":{"self":[{"href":"https:\/\/nigossusare.rs\/pl\/wp-json\/wp\/v2\/pages\/3325","targetHints":{"allow":["GET"]}}],"collection":[{"href":"https:\/\/nigossusare.rs\/pl\/wp-json\/wp\/v2\/pages"}],"about":[{"href":"https:\/\/nigossusare.rs\/pl\/wp-json\/wp\/v2\/types\/page"}],"author":[{"embeddable":true,"href":"https:\/\/nigossusare.rs\/pl\/wp-json\/wp\/v2\/users\/1"}],"replies":[{"embeddable":true,"href":"https:\/\/nigossusare.rs\/pl\/wp-json\/wp\/v2\/comments?post=3325"}],"version-history":[{"count":6,"href":"https:\/\/nigossusare.rs\/pl\/wp-json\/wp\/v2\/pages\/3325\/revisions"}],"predecessor-version":[{"id":5946,"href":"https:\/\/nigossusare.rs\/pl\/wp-json\/wp\/v2\/pages\/3325\/revisions\/5946"}],"up":[{"embeddable":true,"href":"https:\/\/nigossusare.rs\/pl\/wp-json\/wp\/v2\/pages\/3230"}],"wp:attachment":[{"href":"https:\/\/nigossusare.rs\/pl\/wp-json\/wp\/v2\/media?parent=3325"}],"curies":[{"name":"wp","href":"https:\/\/api.w.org\/{rel}","templated":true}]}}