{"id":3319,"date":"2020-11-16T22:38:53","date_gmt":"2020-11-16T21:38:53","guid":{"rendered":"https:\/\/nigossusare.rs\/?page_id=3319"},"modified":"2023-09-27T15:51:18","modified_gmt":"2023-09-27T13:51:18","slug":"oprogramowanie","status":"publish","type":"page","link":"https:\/\/nigossusare.rs\/pl\/jednostki-sterujace\/oprogramowanie\/","title":{"rendered":"Oprogramowanie"},"content":{"rendered":"<div class=\"wpb-content-wrapper\"><p>[vc_row css_animation=\u201d\u201d row_type=\u201drow\u201d use_row_as_full_screen_section=\u201dno\u201d type=\u201dfull_width\u201d angled_section=\u201dno\u201d text_align=\u201dleft\u201d background_image_as_pattern=\u201dwithout_pattern\u201d][vc_column][vc_empty_space][\/vc_column][\/vc_row][vc_row css_animation=\u201d\u201d row_type=\u201drow\u201d use_row_as_full_screen_section=\u201dno\u201d type=\u201dfull_width\u201d angled_section=\u201dno\u201d text_align=\u201dleft\u201d background_image_as_pattern=\u201dwithout_pattern\u201d][vc_column][vc_column_text css=\u201d.vc_custom_1695822437892{margin-bottom: 10px !important;}\u201d]\u201dDryer Manager\u201d to specjalnie opracowane oprogramowanie do zdalnego sterowania i zarz\u0105dzania sterownikami z serii MC-3000, MC-2000, MC-600. Sterowniki MC-2000 i MC-600 s\u0105 stosowane w komorach do suszenia drewna, natomiast sterownik MC-3000 steruje procesem suszenia drewna, owoc\u00f3w i zi\u00f3\u0142.[\/vc_column_text][vc_column_text css=\u201d.vc_custom_1605562672742{margin-bottom: 10px !important;}\u201d]Oprogramowanie umo\u017cliwia monitorowanie do 32 suszarni z jednego miejsca.[\/vc_column_text][vc_column_text css=\u201d.vc_custom_1605562682776{margin-bottom: 10px !important;}\u201d]Oprogramowanie monitoruje interfejs samego sterownika, dzi\u0119ki czemu u\u017cytkownik automatycznego sterownika mo\u017ce zarz\u0105dza\u0107 prac\u0105 suszarni za pomoc\u0105 komputera bez dodatkowego szkolenia.[\/vc_column_text][vc_column_text css=\u201d.vc_custom_1695822507258{margin-bottom: 10px !important;}\u201d]Z pomoc\u0105 oprogramowania \u201eDryer Manager\u201d wszystkie operacje mog\u0105 by\u0107 wykonywane jak na sterowniku automatycznym. Oprogramowanie komputerowe rejestruje i archiwizuje dane dotycz\u0105ce ca\u0142ego procesu suszenia oraz umo\u017cliwia ich dalsze przetwarzanie, tworz\u0105c niezb\u0119dne raporty.[\/vc_column_text][vc_column_text css=\u201d.vc_custom_1605562715346{margin-bottom: 10px !important;}\u201d]Oprogramowanie wymaga konfiguracji na standardowym komputerze z systemem operacyjnym Windows. Dost\u0119p do Internetu jest r\u00f3wnie\u017c mo\u017cliwy, po prostu instaluj\u0105c jedno z narz\u0119dzi do zdalnego sterowania na pulpicie.[\/vc_column_text][\/vc_column][\/vc_row][vc_row css_animation=\u201d\u201d row_type=\u201drow\u201d use_row_as_full_screen_section=\u201dno\u201d type=\u201dfull_width\u201d angled_section=\u201dno\u201d text_align=\u201dleft\u201d background_image_as_pattern=\u201dwithout_pattern\u201d][vc_column][vc_empty_space height=\u201d10px\u201d][vc_gallery type=\u201dimage_grid\u201d images=\u201d1125,1124,3320,1127,3321,1128,1126,1122\u2033 img_size=\u201dmedium\u201d column_number=\u201d4\u2033 grayscale=\u201dno\u201d images_space=\u201dgallery_with_space\u201d][\/vc_column][\/vc_row]<\/p>\n<\/div>","protected":false},"excerpt":{"rendered":"<p>[vc_row css_animation=\u201d\u201d row_type=\u201drow\u201d use_row_as_full_screen_section=\u201dno\u201d type=\u201dfull_width\u201d angled_section=\u201dno\u201d text_align=\u201dleft\u201d background_image_as_pattern=\u201dwithout_pattern\u201d][vc_column][vc_empty_space][\/vc_column][\/vc_row][vc_row css_animation=\u201d\u201d row_type=\u201drow\u201d use_row_as_full_screen_section=\u201dno\u201d type=\u201dfull_width\u201d angled_section=\u201dno\u201d text_align=\u201dleft\u201d background_image_as_pattern=\u201dwithout_pattern\u201d][vc_column][vc_column_text css=\u201d.vc_custom_1695822437892{margin-bottom: 10px !important;}\u201d]\u201dDryer Manager\u201d to specjalnie opracowane oprogramowanie do zdalnego sterowania i zarz\u0105dzania sterownikami z serii MC-3000, MC-2000, MC-600. Sterowniki MC-2000 i MC-600 s\u0105 stosowane w komorach do suszenia drewna,\u2026<\/p>\n","protected":false},"author":1,"featured_media":0,"parent":3230,"menu_order":0,"comment_status":"closed","ping_status":"closed","template":"","meta":{"footnotes":"","_links_to":"","_links_to_target":""},"class_list":["post-3319","page","type-page","status-publish","hentry"],"yoast_head":"<!-- This site is optimized with the Yoast SEO plugin v27.4 - https:\/\/yoast.com\/product\/yoast-seo-wordpress\/ -->\n<title>Oprogramowanie - Nigos elektronik<\/title>\n<meta name=\"robots\" content=\"index, follow, max-snippet:-1, max-image-preview:large, max-video-preview:-1\" \/>\n<link rel=\"canonical\" href=\"https:\/\/nigossusare.rs\/pl\/jednostki-sterujace\/oprogramowanie\/\" \/>\n<meta property=\"og:locale\" content=\"pl_PL\" \/>\n<meta property=\"og:type\" content=\"article\" \/>\n<meta property=\"og:title\" content=\"Oprogramowanie - Nigos elektronik\" \/>\n<meta property=\"og:description\" content=\"[vc_row css_animation=\u201d\u201d row_type=\u201drow\u201d use_row_as_full_screen_section=\u201dno\u201d type=\u201dfull_width\u201d angled_section=\u201dno\u201d text_align=\u201dleft\u201d background_image_as_pattern=\u201dwithout_pattern\u201d][vc_column][vc_empty_space][\/vc_column][\/vc_row][vc_row css_animation=\u201d\u201d row_type=\u201drow\u201d use_row_as_full_screen_section=\u201dno\u201d type=\u201dfull_width\u201d angled_section=\u201dno\u201d text_align=\u201dleft\u201d background_image_as_pattern=\u201dwithout_pattern\u201d][vc_column][vc_column_text css=\u201d.vc_custom_1695822437892{margin-bottom: 10px !important;}\u201d]\u201dDryer Manager\u201d to specjalnie opracowane oprogramowanie do zdalnego sterowania i zarz\u0105dzania sterownikami z serii MC-3000, MC-2000, MC-600. Sterowniki MC-2000 i MC-600 s\u0105 stosowane w komorach do suszenia drewna,...\" \/>\n<meta property=\"og:url\" content=\"https:\/\/nigossusare.rs\/pl\/jednostki-sterujace\/oprogramowanie\/\" \/>\n<meta property=\"og:site_name\" content=\"Nigos elektronik\" \/>\n<meta property=\"article:modified_time\" content=\"2023-09-27T13:51:18+00:00\" \/>\n<meta property=\"og:image\" content=\"https:\/\/nigossusare.rs\/wp-content\/uploads\/2024\/08\/vks-1200x675-2.jpg\" \/>\n\t<meta property=\"og:image:width\" content=\"1200\" \/>\n\t<meta property=\"og:image:height\" content=\"675\" \/>\n\t<meta property=\"og:image:type\" content=\"image\/jpeg\" \/>\n<meta name=\"twitter:card\" content=\"summary_large_image\" \/>\n<meta name=\"twitter:label1\" content=\"Est. reading time\" \/>\n\t<meta name=\"twitter:data1\" content=\"1 minuta\" \/>\n<script type=\"application\/ld+json\" class=\"yoast-schema-graph\">{\"@context\":\"https:\\\/\\\/schema.org\",\"@graph\":[{\"@type\":\"WebPage\",\"@id\":\"https:\\\/\\\/nigossusare.rs\\\/pl\\\/jednostki-sterujace\\\/oprogramowanie\\\/\",\"url\":\"https:\\\/\\\/nigossusare.rs\\\/pl\\\/jednostki-sterujace\\\/oprogramowanie\\\/\",\"name\":\"Oprogramowanie - Nigos elektronik\",\"isPartOf\":{\"@id\":\"https:\\\/\\\/nigossusare.rs\\\/#website\"},\"datePublished\":\"2020-11-16T21:38:53+00:00\",\"dateModified\":\"2023-09-27T13:51:18+00:00\",\"breadcrumb\":{\"@id\":\"https:\\\/\\\/nigossusare.rs\\\/pl\\\/jednostki-sterujace\\\/oprogramowanie\\\/#breadcrumb\"},\"inLanguage\":\"pl-PL\",\"potentialAction\":[{\"@type\":\"ReadAction\",\"target\":[\"https:\\\/\\\/nigossusare.rs\\\/pl\\\/jednostki-sterujace\\\/oprogramowanie\\\/\"]}]},{\"@type\":\"BreadcrumbList\",\"@id\":\"https:\\\/\\\/nigossusare.rs\\\/pl\\\/jednostki-sterujace\\\/oprogramowanie\\\/#breadcrumb\",\"itemListElement\":[{\"@type\":\"ListItem\",\"position\":1,\"name\":\"Home\",\"item\":\"https:\\\/\\\/nigossusare.rs\\\/pl\\\/glowna\\\/\"},{\"@type\":\"ListItem\",\"position\":2,\"name\":\"Jednostki steruj\u0105ce\",\"item\":\"\\\/pl\\\/\"},{\"@type\":\"ListItem\",\"position\":3,\"name\":\"Oprogramowanie\"}]},{\"@type\":\"WebSite\",\"@id\":\"https:\\\/\\\/nigossusare.rs\\\/#website\",\"url\":\"https:\\\/\\\/nigossusare.rs\\\/\",\"name\":\"Nigos elektronik\",\"description\":\"Susare za drvo, wood dryers, drying kilns, moisture meters\",\"publisher\":{\"@id\":\"https:\\\/\\\/nigossusare.rs\\\/#organization\"},\"alternateName\":\"Nigos-elektronik\",\"potentialAction\":[{\"@type\":\"SearchAction\",\"target\":{\"@type\":\"EntryPoint\",\"urlTemplate\":\"https:\\\/\\\/nigossusare.rs\\\/?s={search_term_string}\"},\"query-input\":{\"@type\":\"PropertyValueSpecification\",\"valueRequired\":true,\"valueName\":\"search_term_string\"}}],\"inLanguage\":\"pl-PL\"},{\"@type\":\"Organization\",\"@id\":\"https:\\\/\\\/nigossusare.rs\\\/#organization\",\"name\":\"Nigos elektronik\",\"url\":\"https:\\\/\\\/nigossusare.rs\\\/\",\"logo\":{\"@type\":\"ImageObject\",\"inLanguage\":\"pl-PL\",\"@id\":\"https:\\\/\\\/nigossusare.rs\\\/#\\\/schema\\\/logo\\\/image\\\/\",\"url\":\"https:\\\/\\\/nigossusare.rs\\\/wp-content\\\/uploads\\\/2020\\\/06\\\/NIGOS-elektronik-logo.png\",\"contentUrl\":\"https:\\\/\\\/nigossusare.rs\\\/wp-content\\\/uploads\\\/2020\\\/06\\\/NIGOS-elektronik-logo.png\",\"width\":205,\"height\":70,\"caption\":\"Nigos elektronik\"},\"image\":{\"@id\":\"https:\\\/\\\/nigossusare.rs\\\/#\\\/schema\\\/logo\\\/image\\\/\"},\"sameAs\":[\"https:\\\/\\\/rs.linkedin.com\\\/in\\\/nigos-elektronik-nis-b82b2037\",\"https:\\\/\\\/www.youtube.com\\\/watch?v=2LPdHiVUvu8\"]}]}<\/script>\n<!-- \/ Yoast SEO plugin. -->","yoast_head_json":{"title":"Oprogramowanie - Nigos elektronik","robots":{"index":"index","follow":"follow","max-snippet":"max-snippet:-1","max-image-preview":"max-image-preview:large","max-video-preview":"max-video-preview:-1"},"canonical":"https:\/\/nigossusare.rs\/pl\/jednostki-sterujace\/oprogramowanie\/","og_locale":"pl_PL","og_type":"article","og_title":"Oprogramowanie - Nigos elektronik","og_description":"[vc_row css_animation=\u201d\u201d row_type=\u201drow\u201d use_row_as_full_screen_section=\u201dno\u201d type=\u201dfull_width\u201d angled_section=\u201dno\u201d text_align=\u201dleft\u201d background_image_as_pattern=\u201dwithout_pattern\u201d][vc_column][vc_empty_space][\/vc_column][\/vc_row][vc_row css_animation=\u201d\u201d row_type=\u201drow\u201d use_row_as_full_screen_section=\u201dno\u201d type=\u201dfull_width\u201d angled_section=\u201dno\u201d text_align=\u201dleft\u201d background_image_as_pattern=\u201dwithout_pattern\u201d][vc_column][vc_column_text css=\u201d.vc_custom_1695822437892{margin-bottom: 10px !important;}\u201d]\u201dDryer Manager\u201d to specjalnie opracowane oprogramowanie do zdalnego sterowania i zarz\u0105dzania sterownikami z serii MC-3000, MC-2000, MC-600. Sterowniki MC-2000 i MC-600 s\u0105 stosowane w komorach do suszenia drewna,...","og_url":"https:\/\/nigossusare.rs\/pl\/jednostki-sterujace\/oprogramowanie\/","og_site_name":"Nigos elektronik","article_modified_time":"2023-09-27T13:51:18+00:00","og_image":[{"width":1200,"height":675,"url":"https:\/\/nigossusare.rs\/wp-content\/uploads\/2024\/08\/vks-1200x675-2.jpg","type":"image\/jpeg"}],"twitter_card":"summary_large_image","twitter_misc":{"Est. reading time":"1 minuta"},"schema":{"@context":"https:\/\/schema.org","@graph":[{"@type":"WebPage","@id":"https:\/\/nigossusare.rs\/pl\/jednostki-sterujace\/oprogramowanie\/","url":"https:\/\/nigossusare.rs\/pl\/jednostki-sterujace\/oprogramowanie\/","name":"Oprogramowanie - Nigos elektronik","isPartOf":{"@id":"https:\/\/nigossusare.rs\/#website"},"datePublished":"2020-11-16T21:38:53+00:00","dateModified":"2023-09-27T13:51:18+00:00","breadcrumb":{"@id":"https:\/\/nigossusare.rs\/pl\/jednostki-sterujace\/oprogramowanie\/#breadcrumb"},"inLanguage":"pl-PL","potentialAction":[{"@type":"ReadAction","target":["https:\/\/nigossusare.rs\/pl\/jednostki-sterujace\/oprogramowanie\/"]}]},{"@type":"BreadcrumbList","@id":"https:\/\/nigossusare.rs\/pl\/jednostki-sterujace\/oprogramowanie\/#breadcrumb","itemListElement":[{"@type":"ListItem","position":1,"name":"Home","item":"https:\/\/nigossusare.rs\/pl\/glowna\/"},{"@type":"ListItem","position":2,"name":"Jednostki steruj\u0105ce","item":"\/pl\/"},{"@type":"ListItem","position":3,"name":"Oprogramowanie"}]},{"@type":"WebSite","@id":"https:\/\/nigossusare.rs\/#website","url":"https:\/\/nigossusare.rs\/","name":"Nigos elektronik","description":"Susare za drvo, wood dryers, drying kilns, moisture meters","publisher":{"@id":"https:\/\/nigossusare.rs\/#organization"},"alternateName":"Nigos-elektronik","potentialAction":[{"@type":"SearchAction","target":{"@type":"EntryPoint","urlTemplate":"https:\/\/nigossusare.rs\/?s={search_term_string}"},"query-input":{"@type":"PropertyValueSpecification","valueRequired":true,"valueName":"search_term_string"}}],"inLanguage":"pl-PL"},{"@type":"Organization","@id":"https:\/\/nigossusare.rs\/#organization","name":"Nigos elektronik","url":"https:\/\/nigossusare.rs\/","logo":{"@type":"ImageObject","inLanguage":"pl-PL","@id":"https:\/\/nigossusare.rs\/#\/schema\/logo\/image\/","url":"https:\/\/nigossusare.rs\/wp-content\/uploads\/2020\/06\/NIGOS-elektronik-logo.png","contentUrl":"https:\/\/nigossusare.rs\/wp-content\/uploads\/2020\/06\/NIGOS-elektronik-logo.png","width":205,"height":70,"caption":"Nigos elektronik"},"image":{"@id":"https:\/\/nigossusare.rs\/#\/schema\/logo\/image\/"},"sameAs":["https:\/\/rs.linkedin.com\/in\/nigos-elektronik-nis-b82b2037","https:\/\/www.youtube.com\/watch?v=2LPdHiVUvu8"]}]}},"_links":{"self":[{"href":"https:\/\/nigossusare.rs\/pl\/wp-json\/wp\/v2\/pages\/3319","targetHints":{"allow":["GET"]}}],"collection":[{"href":"https:\/\/nigossusare.rs\/pl\/wp-json\/wp\/v2\/pages"}],"about":[{"href":"https:\/\/nigossusare.rs\/pl\/wp-json\/wp\/v2\/types\/page"}],"author":[{"embeddable":true,"href":"https:\/\/nigossusare.rs\/pl\/wp-json\/wp\/v2\/users\/1"}],"replies":[{"embeddable":true,"href":"https:\/\/nigossusare.rs\/pl\/wp-json\/wp\/v2\/comments?post=3319"}],"version-history":[{"count":4,"href":"https:\/\/nigossusare.rs\/pl\/wp-json\/wp\/v2\/pages\/3319\/revisions"}],"predecessor-version":[{"id":5937,"href":"https:\/\/nigossusare.rs\/pl\/wp-json\/wp\/v2\/pages\/3319\/revisions\/5937"}],"up":[{"embeddable":true,"href":"https:\/\/nigossusare.rs\/pl\/wp-json\/wp\/v2\/pages\/3230"}],"wp:attachment":[{"href":"https:\/\/nigossusare.rs\/pl\/wp-json\/wp\/v2\/media?parent=3319"}],"curies":[{"name":"wp","href":"https:\/\/api.w.org\/{rel}","templated":true}]}}