{"id":3312,"date":"2020-11-16T22:31:38","date_gmt":"2020-11-16T21:31:38","guid":{"rendered":"https:\/\/nigossusare.rs\/?page_id=3312"},"modified":"2026-04-22T12:28:11","modified_gmt":"2026-04-22T10:28:11","slug":"mc-904v","status":"publish","type":"page","link":"https:\/\/nigossusare.rs\/pl\/jednostki-sterujace\/sterowniki-suszenia-owocow\/mc-904v\/","title":{"rendered":"MC-904V"},"content":{"rendered":"<div class=\"wpb-content-wrapper\"><p>[vc_row css_animation=\u201d\u201d row_type=\u201drow\u201d use_row_as_full_screen_section=\u201dno\u201d type=\u201dfull_width\u201d angled_section=\u201dno\u201d text_align=\u201dleft\u201d background_image_as_pattern=\u201dwithout_pattern\u201d][vc_column][vc_empty_space height=\u201d50px\u201d][vc_column_text]<\/p>\n<h1 style=\"text-align: center\">MC-904V<\/h1>\n<h4 style=\"text-align: center\"><span class=\"naslov\">Suszenie r\u00f3\u017cnego rodzaju produkt\u00f3w spo\u017cywczych<\/span><\/h4>\n<p>[\/vc_column_text][vc_empty_space][vc_single_image image=\u201d3313\u2033 img_size=\u201dfull\u201d alignment=\u201dcenter\u201d qode_css_animation=\u201d\u201d][\/vc_column][\/vc_row][vc_row css_animation=\u201d\u201d row_type=\u201drow\u201d use_row_as_full_screen_section=\u201dno\u201d type=\u201dfull_width\u201d angled_section=\u201dno\u201d text_align=\u201dleft\u201d background_image_as_pattern=\u201dwithout_pattern\u201d][vc_column width=\u201d1\/2\u2033][vc_empty_space][vc_column_text]<\/p>\n<ul>\n<li>Automatyczne, p\u00f3\u0142automatyczne lub r\u0119czne sterowanie procesem suszenia w suszarniach owoc\u00f3w, warzyw i zi\u00f3\u0142<\/li>\n<li>Monta\u017c na\u015bcienny<\/li>\n<li>Suszenie r\u00f3\u017cnego rodzaju produkt\u00f3w spo\u017cywczych<\/li>\n<li>Podstawowe programy suszenia dla r\u00f3\u017cnych rodzaj\u00f3w produkt\u00f3w spo\u017cywczych, kt\u00f3re u\u017cytkownik mo\u017ce zmieni\u0107 iw razie potrzeby przywr\u00f3ci\u0107 do warto\u015bci domy\u015blnych<\/li>\n<li>1 wej\u015bcie do pomiaru temperatury<\/li>\n<li>1 wej\u015bcie do pomiaru EMC<\/li>\n<li>3 wej\u015bcia cyfrowe do sterowania prac\u0105 wentylator\u00f3w i spr\u0119\u017carki<\/li>\n<li>Wyj\u015bcia przeka\u017anikowe do sterowania urz\u0105dzeniami<\/li>\n<li>Ochrona kodowa zmian parametr\u00f3w<\/li>\n<li>Powiadomienie o niestandardowyc sytuacjach<\/li>\n<li>Statystyki pracy sprz\u0119tu podczas suszenia<\/li>\n<li>Rejestracja danych<\/li>\n<li>Sygnalizacja \u015bwietlna i d\u017awi\u0119kowa alarmu<\/li>\n<li>Zdalne monitorowanie i sterowanie na komputerze za pomoc\u0105 oprogramowania Nigos DryerFood, za po\u015brednictwem standardu komunikacji RS485<\/li>\n<\/ul>\n<p>[\/vc_column_text][vc_empty_space][\/vc_column][vc_column width=\u201d1\/2\u2033][vc_single_image image=\u201d3314\u2033 img_size=\u201dlarge\u201d alignment=\u201dcenter\u201d qode_css_animation=\u201d\u201d][vc_empty_space][\/vc_column][\/vc_row]<\/p>\n<\/div>","protected":false},"excerpt":{"rendered":"<p>[vc_row css_animation=\u201d\u201d row_type=\u201drow\u201d use_row_as_full_screen_section=\u201dno\u201d type=\u201dfull_width\u201d angled_section=\u201dno\u201d text_align=\u201dleft\u201d background_image_as_pattern=\u201dwithout_pattern\u201d][vc_column][vc_empty_space height=\u201d50px\u201d][vc_column_text] MC-904V Suszenie r\u00f3\u017cnego rodzaju produkt\u00f3w spo\u017cywczych [\/vc_column_text][vc_empty_space][vc_single_image image=\u201d3313\u2033 img_size=\u201dfull\u201d alignment=\u201dcenter\u201d qode_css_animation=\u201d\u201d][\/vc_column][\/vc_row][vc_row css_animation=\u201d\u201d row_type=\u201drow\u201d use_row_as_full_screen_section=\u201dno\u201d type=\u201dfull_width\u201d angled_section=\u201dno\u201d text_align=\u201dleft\u201d background_image_as_pattern=\u201dwithout_pattern\u201d][vc_column width=\u201d1\/2\u2033][vc_empty_space][vc_column_text] Automatyczne, p\u00f3\u0142automatyczne lub r\u0119czne sterowanie procesem suszenia w suszarniach owoc\u00f3w, warzyw i zi\u00f3\u0142 Monta\u017c na\u015bcienny Suszenie r\u00f3\u017cnego\u2026<\/p>\n","protected":false},"author":1,"featured_media":0,"parent":3306,"menu_order":0,"comment_status":"closed","ping_status":"closed","template":"","meta":{"footnotes":"","_links_to":"","_links_to_target":""},"class_list":["post-3312","page","type-page","status-publish","hentry"],"yoast_head":"<!-- This site is optimized with the Yoast SEO plugin v27.4 - https:\/\/yoast.com\/product\/yoast-seo-wordpress\/ -->\n<title>MC-904V - Nigos elektronik<\/title>\n<meta name=\"robots\" content=\"index, follow, max-snippet:-1, max-image-preview:large, max-video-preview:-1\" \/>\n<link rel=\"canonical\" href=\"https:\/\/nigossusare.rs\/automatska-kontrola\/automati-za-susenje-voca\/mc-904v\/\" \/>\n<meta property=\"og:locale\" content=\"pl_PL\" \/>\n<meta property=\"og:type\" content=\"article\" \/>\n<meta property=\"og:title\" content=\"MC-904V - Nigos elektronik\" \/>\n<meta property=\"og:description\" content=\"[vc_row css_animation=\u201d\u201d row_type=\u201drow\u201d use_row_as_full_screen_section=\u201dno\u201d type=\u201dfull_width\u201d angled_section=\u201dno\u201d text_align=\u201dleft\u201d background_image_as_pattern=\u201dwithout_pattern\u201d][vc_column][vc_empty_space height=\u201d50px\u201d][vc_column_text] MC-904V Suszenie r\u00f3\u017cnego rodzaju produkt\u00f3w spo\u017cywczych [\/vc_column_text][vc_empty_space][vc_single_image image=\u201d3313\u2033 img_size=\u201dfull\u201d alignment=\u201dcenter\u201d qode_css_animation=\u201d\u201d][\/vc_column][\/vc_row][vc_row css_animation=\u201d\u201d row_type=\u201drow\u201d use_row_as_full_screen_section=\u201dno\u201d type=\u201dfull_width\u201d angled_section=\u201dno\u201d text_align=\u201dleft\u201d background_image_as_pattern=\u201dwithout_pattern\u201d][vc_column width=\u201d1\/2\u2033][vc_empty_space][vc_column_text] Automatyczne, p\u00f3\u0142automatyczne lub r\u0119czne sterowanie procesem suszenia w suszarniach owoc\u00f3w, warzyw i zi\u00f3\u0142 Monta\u017c na\u015bcienny Suszenie r\u00f3\u017cnego...\" \/>\n<meta property=\"og:url\" content=\"https:\/\/nigossusare.rs\/automatska-kontrola\/automati-za-susenje-voca\/mc-904v\/\" \/>\n<meta property=\"og:site_name\" content=\"Nigos elektronik\" \/>\n<meta property=\"article:modified_time\" content=\"2026-04-22T10:28:11+00:00\" \/>\n<meta property=\"og:image\" content=\"https:\/\/nigossusare.rs\/wp-content\/uploads\/2024\/08\/vks-1200x675-2.jpg\" \/>\n\t<meta property=\"og:image:width\" content=\"1200\" \/>\n\t<meta property=\"og:image:height\" content=\"675\" \/>\n\t<meta property=\"og:image:type\" content=\"image\/jpeg\" \/>\n<meta name=\"twitter:card\" content=\"summary_large_image\" \/>\n<meta name=\"twitter:label1\" content=\"Est. reading time\" \/>\n\t<meta name=\"twitter:data1\" content=\"1 minuta\" \/>\n<script type=\"application\/ld+json\" class=\"yoast-schema-graph\">{\"@context\":\"https:\\\/\\\/schema.org\",\"@graph\":[{\"@type\":\"WebPage\",\"@id\":\"https:\\\/\\\/nigossusare.rs\\\/automatska-kontrola\\\/automati-za-susenje-voca\\\/mc-904v\\\/\",\"url\":\"https:\\\/\\\/nigossusare.rs\\\/automatska-kontrola\\\/automati-za-susenje-voca\\\/mc-904v\\\/\",\"name\":\"MC-904V - Nigos elektronik\",\"isPartOf\":{\"@id\":\"https:\\\/\\\/nigossusare.rs\\\/#website\"},\"datePublished\":\"2020-11-16T21:31:38+00:00\",\"dateModified\":\"2026-04-22T10:28:11+00:00\",\"breadcrumb\":{\"@id\":\"https:\\\/\\\/nigossusare.rs\\\/automatska-kontrola\\\/automati-za-susenje-voca\\\/mc-904v\\\/#breadcrumb\"},\"inLanguage\":\"pl-PL\",\"potentialAction\":[{\"@type\":\"ReadAction\",\"target\":[\"https:\\\/\\\/nigossusare.rs\\\/automatska-kontrola\\\/automati-za-susenje-voca\\\/mc-904v\\\/\"]}]},{\"@type\":\"BreadcrumbList\",\"@id\":\"https:\\\/\\\/nigossusare.rs\\\/automatska-kontrola\\\/automati-za-susenje-voca\\\/mc-904v\\\/#breadcrumb\",\"itemListElement\":[{\"@type\":\"ListItem\",\"position\":1,\"name\":\"Home\",\"item\":\"https:\\\/\\\/nigossusare.rs\\\/\"},{\"@type\":\"ListItem\",\"position\":2,\"name\":\"Jednostki steruj\u0105ce\",\"item\":\"\\\/pl\\\/\"},{\"@type\":\"ListItem\",\"position\":3,\"name\":\"Sterowniki suszenia owoc\u00f3w\",\"item\":\"https:\\\/\\\/nigossusare.rs\\\/automatska-kontrola\\\/automati-za-susenje-voca\\\/\"},{\"@type\":\"ListItem\",\"position\":4,\"name\":\"MC-904V\"}]},{\"@type\":\"WebSite\",\"@id\":\"https:\\\/\\\/nigossusare.rs\\\/#website\",\"url\":\"https:\\\/\\\/nigossusare.rs\\\/\",\"name\":\"Nigos elektronik\",\"description\":\"Susare za drvo, wood dryers, drying kilns, moisture meters\",\"publisher\":{\"@id\":\"https:\\\/\\\/nigossusare.rs\\\/#organization\"},\"alternateName\":\"Nigos-elektronik\",\"potentialAction\":[{\"@type\":\"SearchAction\",\"target\":{\"@type\":\"EntryPoint\",\"urlTemplate\":\"https:\\\/\\\/nigossusare.rs\\\/?s={search_term_string}\"},\"query-input\":{\"@type\":\"PropertyValueSpecification\",\"valueRequired\":true,\"valueName\":\"search_term_string\"}}],\"inLanguage\":\"pl-PL\"},{\"@type\":\"Organization\",\"@id\":\"https:\\\/\\\/nigossusare.rs\\\/#organization\",\"name\":\"Nigos elektronik\",\"url\":\"https:\\\/\\\/nigossusare.rs\\\/\",\"logo\":{\"@type\":\"ImageObject\",\"inLanguage\":\"pl-PL\",\"@id\":\"https:\\\/\\\/nigossusare.rs\\\/#\\\/schema\\\/logo\\\/image\\\/\",\"url\":\"https:\\\/\\\/nigossusare.rs\\\/wp-content\\\/uploads\\\/2020\\\/06\\\/NIGOS-elektronik-logo.png\",\"contentUrl\":\"https:\\\/\\\/nigossusare.rs\\\/wp-content\\\/uploads\\\/2020\\\/06\\\/NIGOS-elektronik-logo.png\",\"width\":205,\"height\":70,\"caption\":\"Nigos elektronik\"},\"image\":{\"@id\":\"https:\\\/\\\/nigossusare.rs\\\/#\\\/schema\\\/logo\\\/image\\\/\"},\"sameAs\":[\"https:\\\/\\\/rs.linkedin.com\\\/in\\\/nigos-elektronik-nis-b82b2037\",\"https:\\\/\\\/www.youtube.com\\\/watch?v=2LPdHiVUvu8\"]}]}<\/script>\n<!-- \/ Yoast SEO plugin. -->","yoast_head_json":{"title":"MC-904V - Nigos elektronik","robots":{"index":"index","follow":"follow","max-snippet":"max-snippet:-1","max-image-preview":"max-image-preview:large","max-video-preview":"max-video-preview:-1"},"canonical":"https:\/\/nigossusare.rs\/automatska-kontrola\/automati-za-susenje-voca\/mc-904v\/","og_locale":"pl_PL","og_type":"article","og_title":"MC-904V - Nigos elektronik","og_description":"[vc_row css_animation=\u201d\u201d row_type=\u201drow\u201d use_row_as_full_screen_section=\u201dno\u201d type=\u201dfull_width\u201d angled_section=\u201dno\u201d text_align=\u201dleft\u201d background_image_as_pattern=\u201dwithout_pattern\u201d][vc_column][vc_empty_space height=\u201d50px\u201d][vc_column_text] MC-904V Suszenie r\u00f3\u017cnego rodzaju produkt\u00f3w spo\u017cywczych [\/vc_column_text][vc_empty_space][vc_single_image image=\u201d3313\u2033 img_size=\u201dfull\u201d alignment=\u201dcenter\u201d qode_css_animation=\u201d\u201d][\/vc_column][\/vc_row][vc_row css_animation=\u201d\u201d row_type=\u201drow\u201d use_row_as_full_screen_section=\u201dno\u201d type=\u201dfull_width\u201d angled_section=\u201dno\u201d text_align=\u201dleft\u201d background_image_as_pattern=\u201dwithout_pattern\u201d][vc_column width=\u201d1\/2\u2033][vc_empty_space][vc_column_text] Automatyczne, p\u00f3\u0142automatyczne lub r\u0119czne sterowanie procesem suszenia w suszarniach owoc\u00f3w, warzyw i zi\u00f3\u0142 Monta\u017c na\u015bcienny Suszenie r\u00f3\u017cnego...","og_url":"https:\/\/nigossusare.rs\/automatska-kontrola\/automati-za-susenje-voca\/mc-904v\/","og_site_name":"Nigos elektronik","article_modified_time":"2026-04-22T10:28:11+00:00","og_image":[{"width":1200,"height":675,"url":"https:\/\/nigossusare.rs\/wp-content\/uploads\/2024\/08\/vks-1200x675-2.jpg","type":"image\/jpeg"}],"twitter_card":"summary_large_image","twitter_misc":{"Est. reading time":"1 minuta"},"schema":{"@context":"https:\/\/schema.org","@graph":[{"@type":"WebPage","@id":"https:\/\/nigossusare.rs\/automatska-kontrola\/automati-za-susenje-voca\/mc-904v\/","url":"https:\/\/nigossusare.rs\/automatska-kontrola\/automati-za-susenje-voca\/mc-904v\/","name":"MC-904V - Nigos elektronik","isPartOf":{"@id":"https:\/\/nigossusare.rs\/#website"},"datePublished":"2020-11-16T21:31:38+00:00","dateModified":"2026-04-22T10:28:11+00:00","breadcrumb":{"@id":"https:\/\/nigossusare.rs\/automatska-kontrola\/automati-za-susenje-voca\/mc-904v\/#breadcrumb"},"inLanguage":"pl-PL","potentialAction":[{"@type":"ReadAction","target":["https:\/\/nigossusare.rs\/automatska-kontrola\/automati-za-susenje-voca\/mc-904v\/"]}]},{"@type":"BreadcrumbList","@id":"https:\/\/nigossusare.rs\/automatska-kontrola\/automati-za-susenje-voca\/mc-904v\/#breadcrumb","itemListElement":[{"@type":"ListItem","position":1,"name":"Home","item":"https:\/\/nigossusare.rs\/"},{"@type":"ListItem","position":2,"name":"Jednostki steruj\u0105ce","item":"\/pl\/"},{"@type":"ListItem","position":3,"name":"Sterowniki suszenia owoc\u00f3w","item":"https:\/\/nigossusare.rs\/automatska-kontrola\/automati-za-susenje-voca\/"},{"@type":"ListItem","position":4,"name":"MC-904V"}]},{"@type":"WebSite","@id":"https:\/\/nigossusare.rs\/#website","url":"https:\/\/nigossusare.rs\/","name":"Nigos elektronik","description":"Susare za drvo, wood dryers, drying kilns, moisture meters","publisher":{"@id":"https:\/\/nigossusare.rs\/#organization"},"alternateName":"Nigos-elektronik","potentialAction":[{"@type":"SearchAction","target":{"@type":"EntryPoint","urlTemplate":"https:\/\/nigossusare.rs\/?s={search_term_string}"},"query-input":{"@type":"PropertyValueSpecification","valueRequired":true,"valueName":"search_term_string"}}],"inLanguage":"pl-PL"},{"@type":"Organization","@id":"https:\/\/nigossusare.rs\/#organization","name":"Nigos elektronik","url":"https:\/\/nigossusare.rs\/","logo":{"@type":"ImageObject","inLanguage":"pl-PL","@id":"https:\/\/nigossusare.rs\/#\/schema\/logo\/image\/","url":"https:\/\/nigossusare.rs\/wp-content\/uploads\/2020\/06\/NIGOS-elektronik-logo.png","contentUrl":"https:\/\/nigossusare.rs\/wp-content\/uploads\/2020\/06\/NIGOS-elektronik-logo.png","width":205,"height":70,"caption":"Nigos elektronik"},"image":{"@id":"https:\/\/nigossusare.rs\/#\/schema\/logo\/image\/"},"sameAs":["https:\/\/rs.linkedin.com\/in\/nigos-elektronik-nis-b82b2037","https:\/\/www.youtube.com\/watch?v=2LPdHiVUvu8"]}]}},"_links":{"self":[{"href":"https:\/\/nigossusare.rs\/pl\/wp-json\/wp\/v2\/pages\/3312","targetHints":{"allow":["GET"]}}],"collection":[{"href":"https:\/\/nigossusare.rs\/pl\/wp-json\/wp\/v2\/pages"}],"about":[{"href":"https:\/\/nigossusare.rs\/pl\/wp-json\/wp\/v2\/types\/page"}],"author":[{"embeddable":true,"href":"https:\/\/nigossusare.rs\/pl\/wp-json\/wp\/v2\/users\/1"}],"replies":[{"embeddable":true,"href":"https:\/\/nigossusare.rs\/pl\/wp-json\/wp\/v2\/comments?post=3312"}],"version-history":[{"count":3,"href":"https:\/\/nigossusare.rs\/pl\/wp-json\/wp\/v2\/pages\/3312\/revisions"}],"predecessor-version":[{"id":7084,"href":"https:\/\/nigossusare.rs\/pl\/wp-json\/wp\/v2\/pages\/3312\/revisions\/7084"}],"up":[{"embeddable":true,"href":"https:\/\/nigossusare.rs\/pl\/wp-json\/wp\/v2\/pages\/3306"}],"wp:attachment":[{"href":"https:\/\/nigossusare.rs\/pl\/wp-json\/wp\/v2\/media?parent=3312"}],"curies":[{"name":"wp","href":"https:\/\/api.w.org\/{rel}","templated":true}]}}