{"id":3299,"date":"2020-11-12T23:11:04","date_gmt":"2020-11-12T22:11:04","guid":{"rendered":"https:\/\/nigossusare.rs\/?page_id=3299"},"modified":"2024-09-20T15:22:37","modified_gmt":"2024-09-20T13:22:37","slug":"pd-01","status":"publish","type":"page","link":"https:\/\/nigossusare.rs\/pl\/jednostki-sterujace\/kontrolery-parowcow\/pd-01\/","title":{"rendered":"Sterownik parowania drewna PD-01"},"content":{"rendered":"<div class=\"wpb-content-wrapper\"><p>[vc_row css_animation=\u201d\u201d row_type=\u201drow\u201d use_row_as_full_screen_section=\u201dno\u201d type=\u201dfull_width\u201d angled_section=\u201dno\u201d text_align=\u201dleft\u201d background_image_as_pattern=\u201dwithout_pattern\u201d][vc_column][vc_empty_space height=\u201d50px\u201d][vc_column_text]<\/p>\n<h1 style=\"text-align: center;\">PD-01<\/h1>\n<h4 style=\"text-align: center;\"><span class=\"naslov\">Sterownik parowania drewna<\/span><\/h4>\n<p>[\/vc_column_text][vc_empty_space][vc_single_image image=\u201d3300\u2033 img_size=\u201dfull\u201d alignment=\u201dcenter\u201d qode_css_animation=\u201d\u201d][\/vc_column][\/vc_row][vc_row css_animation=\u201d\u201d row_type=\u201drow\u201d use_row_as_full_screen_section=\u201dno\u201d type=\u201dfull_width\u201d angled_section=\u201dno\u201d text_align=\u201dleft\u201d background_image_as_pattern=\u201dwithout_pattern\u201d][vc_column width=\u201d1\/2\u2033][vc_empty_space][vc_empty_space][vc_column_text]<\/p>\n<ul>\n<li>Parowanie drewna<\/li>\n<li>Automatyczne lub r\u0119czne sterowanie procesem parowania w komorach po\u015bredniego i bezpo\u015bredniego parowania<\/li>\n<li>Kontrola procesu parzenia w zale\u017cno\u015bci od temperatury powietrza w komorze<\/li>\n<li>8 program\u00f3w parowania drewna NIGOS, kt\u00f3re u\u017cytkownik mo\u017ce zmienia\u0107<\/li>\n<li>Regulacja PID lub ON\/OFF w trybie automatycznym<\/li>\n<li>Mo\u017cliwo\u015b\u0107 pod\u0142\u0105czenia do komputera za po\u015brednictwem standardu komunikacyjnego RS485<\/li>\n<li>Zdalne monitorowanie i sterowanie procesem parowania umo\u017cliwia oprogramowanie NIGOS \u201dParowanie\u201d<\/li>\n<li>4 wej\u015bcia do pomiaru temperatury<\/li>\n<li>Praca z jedn\u0105 lub kilkoma sondami temperatury (do 4 sond)<\/li>\n<li>Zestaw zawiera 2 sondy temperatury z prochromowymi rurkami ochronnymi<\/li>\n<li>2 wyj\u015bcia przeka\u017anikowe do sterowania zaworem do regulacji ogrzewaniem<\/li>\n<li>2 poziomy ochrony parametr\u00f3w przed nieautoryzowanymi zmianami<\/li>\n<li>Zg\u0142aszanie nieregularnych sytuacji (alarm)<\/li>\n<li>Sygnalizacja \u015bwietlna alarmu<\/li>\n<li>Plastikowa obudowa \u2013 odpowiednia do monta\u017cu na \u015bcianie<\/li>\n<li>Odporno\u015b\u0107 na kurz, wilgo\u0107 i brud (stopie\u0144 ochrony IP65)<\/li>\n<li>5 lat gwarancji<\/li>\n<\/ul>\n<p>[\/vc_column_text][\/vc_column][vc_column width=\u201d1\/2\u2033][vc_single_image image=\u201d3301\u2033 img_size=\u201dfull\u201d alignment=\u201dcenter\u201d qode_css_animation=\u201d\u201d][\/vc_column][\/vc_row][vc_row css_animation=\u201d\u201d row_type=\u201drow\u201d use_row_as_full_screen_section=\u201dno\u201d type=\u201dfull_width\u201d angled_section=\u201dno\u201d text_align=\u201dleft\u201d background_image_as_pattern=\u201dwithout_pattern\u201d css=\u201d.vc_custom_1591094994092{padding-bottom: 32px !important;}\u201d z_index=\u201d\u201d][vc_column][vc_empty_space height=\u201d10px\u201d][vc_gallery type=\u201dimage_grid\u201d images=\u201d6757,1800,6760,6763,1802,1801,1799,1798\u2033 img_size=\u201dmedium\u201d column_number=\u201d4\u2033 grayscale=\u201dno\u201d images_space=\u201dgallery_with_space\u201d][\/vc_column][\/vc_row]<\/p>\n<\/div>","protected":false},"excerpt":{"rendered":"<p>[vc_row css_animation=\u201d\u201d row_type=\u201drow\u201d use_row_as_full_screen_section=\u201dno\u201d type=\u201dfull_width\u201d angled_section=\u201dno\u201d text_align=\u201dleft\u201d background_image_as_pattern=\u201dwithout_pattern\u201d][vc_column][vc_empty_space height=\u201d50px\u201d][vc_column_text] PD-01 Sterownik parowania drewna [\/vc_column_text][vc_empty_space][vc_single_image image=\u201d3300\u2033 img_size=\u201dfull\u201d alignment=\u201dcenter\u201d qode_css_animation=\u201d\u201d][\/vc_column][\/vc_row][vc_row css_animation=\u201d\u201d row_type=\u201drow\u201d use_row_as_full_screen_section=\u201dno\u201d type=\u201dfull_width\u201d angled_section=\u201dno\u201d text_align=\u201dleft\u201d background_image_as_pattern=\u201dwithout_pattern\u201d][vc_column width=\u201d1\/2\u2033][vc_empty_space][vc_empty_space][vc_column_text] Parowanie drewna Automatyczne lub r\u0119czne sterowanie procesem parowania w komorach po\u015bredniego i bezpo\u015bredniego parowania Kontrola procesu parzenia w zale\u017cno\u015bci\u2026<\/p>\n","protected":false},"author":1,"featured_media":0,"parent":3295,"menu_order":0,"comment_status":"closed","ping_status":"closed","template":"","meta":{"footnotes":"","_links_to":"","_links_to_target":""},"class_list":["post-3299","page","type-page","status-publish","hentry"],"yoast_head":"<!-- This site is optimized with the Yoast SEO plugin v27.4 - https:\/\/yoast.com\/product\/yoast-seo-wordpress\/ -->\n<title>Sterownik parowania drewna PD-01 - Nigos elektronik<\/title>\n<meta name=\"robots\" content=\"index, follow, max-snippet:-1, max-image-preview:large, max-video-preview:-1\" \/>\n<link rel=\"canonical\" href=\"https:\/\/nigossusare.rs\/pl\/jednostki-sterujace\/kontrolery-parowcow\/pd-01\/\" \/>\n<meta property=\"og:locale\" content=\"pl_PL\" \/>\n<meta property=\"og:type\" content=\"article\" \/>\n<meta property=\"og:title\" content=\"Sterownik parowania drewna PD-01 - Nigos elektronik\" \/>\n<meta property=\"og:description\" content=\"[vc_row css_animation=\u201d\u201d row_type=\u201drow\u201d use_row_as_full_screen_section=\u201dno\u201d type=\u201dfull_width\u201d angled_section=\u201dno\u201d text_align=\u201dleft\u201d background_image_as_pattern=\u201dwithout_pattern\u201d][vc_column][vc_empty_space height=\u201d50px\u201d][vc_column_text] PD-01 Sterownik parowania drewna [\/vc_column_text][vc_empty_space][vc_single_image image=\u201d3300\u2033 img_size=\u201dfull\u201d alignment=\u201dcenter\u201d qode_css_animation=\u201d\u201d][\/vc_column][\/vc_row][vc_row css_animation=\u201d\u201d row_type=\u201drow\u201d use_row_as_full_screen_section=\u201dno\u201d type=\u201dfull_width\u201d angled_section=\u201dno\u201d text_align=\u201dleft\u201d background_image_as_pattern=\u201dwithout_pattern\u201d][vc_column width=\u201d1\/2\u2033][vc_empty_space][vc_empty_space][vc_column_text] Parowanie drewna Automatyczne lub r\u0119czne sterowanie procesem parowania w komorach po\u015bredniego i bezpo\u015bredniego parowania Kontrola procesu parzenia w zale\u017cno\u015bci...\" \/>\n<meta property=\"og:url\" content=\"https:\/\/nigossusare.rs\/pl\/jednostki-sterujace\/kontrolery-parowcow\/pd-01\/\" \/>\n<meta property=\"og:site_name\" content=\"Nigos elektronik\" \/>\n<meta property=\"article:modified_time\" content=\"2024-09-20T13:22:37+00:00\" \/>\n<meta property=\"og:image\" content=\"https:\/\/nigossusare.rs\/wp-content\/uploads\/2024\/08\/vks-1200x675-2.jpg\" \/>\n\t<meta property=\"og:image:width\" content=\"1200\" \/>\n\t<meta property=\"og:image:height\" content=\"675\" \/>\n\t<meta property=\"og:image:type\" content=\"image\/jpeg\" \/>\n<meta name=\"twitter:card\" content=\"summary_large_image\" \/>\n<meta name=\"twitter:label1\" content=\"Est. reading time\" \/>\n\t<meta name=\"twitter:data1\" content=\"1 minuta\" \/>\n<script type=\"application\/ld+json\" class=\"yoast-schema-graph\">{\"@context\":\"https:\\\/\\\/schema.org\",\"@graph\":[{\"@type\":\"WebPage\",\"@id\":\"https:\\\/\\\/nigossusare.rs\\\/pl\\\/jednostki-sterujace\\\/kontrolery-parowcow\\\/pd-01\\\/\",\"url\":\"https:\\\/\\\/nigossusare.rs\\\/pl\\\/jednostki-sterujace\\\/kontrolery-parowcow\\\/pd-01\\\/\",\"name\":\"Sterownik parowania drewna PD-01 - Nigos elektronik\",\"isPartOf\":{\"@id\":\"https:\\\/\\\/nigossusare.rs\\\/#website\"},\"datePublished\":\"2020-11-12T22:11:04+00:00\",\"dateModified\":\"2024-09-20T13:22:37+00:00\",\"breadcrumb\":{\"@id\":\"https:\\\/\\\/nigossusare.rs\\\/pl\\\/jednostki-sterujace\\\/kontrolery-parowcow\\\/pd-01\\\/#breadcrumb\"},\"inLanguage\":\"pl-PL\",\"potentialAction\":[{\"@type\":\"ReadAction\",\"target\":[\"https:\\\/\\\/nigossusare.rs\\\/pl\\\/jednostki-sterujace\\\/kontrolery-parowcow\\\/pd-01\\\/\"]}]},{\"@type\":\"BreadcrumbList\",\"@id\":\"https:\\\/\\\/nigossusare.rs\\\/pl\\\/jednostki-sterujace\\\/kontrolery-parowcow\\\/pd-01\\\/#breadcrumb\",\"itemListElement\":[{\"@type\":\"ListItem\",\"position\":1,\"name\":\"Home\",\"item\":\"https:\\\/\\\/nigossusare.rs\\\/pl\\\/glowna\\\/\"},{\"@type\":\"ListItem\",\"position\":2,\"name\":\"Jednostki steruj\u0105ce\",\"item\":\"\\\/pl\\\/\"},{\"@type\":\"ListItem\",\"position\":3,\"name\":\"Kontrolery parowc\u00f3w\",\"item\":\"https:\\\/\\\/nigossusare.rs\\\/pl\\\/jednostki-sterujace\\\/kontrolery-parowcow\\\/\"},{\"@type\":\"ListItem\",\"position\":4,\"name\":\"Sterownik parowania drewna PD-01\"}]},{\"@type\":\"WebSite\",\"@id\":\"https:\\\/\\\/nigossusare.rs\\\/#website\",\"url\":\"https:\\\/\\\/nigossusare.rs\\\/\",\"name\":\"Nigos elektronik\",\"description\":\"Susare za drvo, wood dryers, drying kilns, moisture meters\",\"publisher\":{\"@id\":\"https:\\\/\\\/nigossusare.rs\\\/#organization\"},\"alternateName\":\"Nigos-elektronik\",\"potentialAction\":[{\"@type\":\"SearchAction\",\"target\":{\"@type\":\"EntryPoint\",\"urlTemplate\":\"https:\\\/\\\/nigossusare.rs\\\/?s={search_term_string}\"},\"query-input\":{\"@type\":\"PropertyValueSpecification\",\"valueRequired\":true,\"valueName\":\"search_term_string\"}}],\"inLanguage\":\"pl-PL\"},{\"@type\":\"Organization\",\"@id\":\"https:\\\/\\\/nigossusare.rs\\\/#organization\",\"name\":\"Nigos elektronik\",\"url\":\"https:\\\/\\\/nigossusare.rs\\\/\",\"logo\":{\"@type\":\"ImageObject\",\"inLanguage\":\"pl-PL\",\"@id\":\"https:\\\/\\\/nigossusare.rs\\\/#\\\/schema\\\/logo\\\/image\\\/\",\"url\":\"https:\\\/\\\/nigossusare.rs\\\/wp-content\\\/uploads\\\/2020\\\/06\\\/NIGOS-elektronik-logo.png\",\"contentUrl\":\"https:\\\/\\\/nigossusare.rs\\\/wp-content\\\/uploads\\\/2020\\\/06\\\/NIGOS-elektronik-logo.png\",\"width\":205,\"height\":70,\"caption\":\"Nigos elektronik\"},\"image\":{\"@id\":\"https:\\\/\\\/nigossusare.rs\\\/#\\\/schema\\\/logo\\\/image\\\/\"},\"sameAs\":[\"https:\\\/\\\/rs.linkedin.com\\\/in\\\/nigos-elektronik-nis-b82b2037\",\"https:\\\/\\\/www.youtube.com\\\/watch?v=2LPdHiVUvu8\"]}]}<\/script>\n<!-- \/ Yoast SEO plugin. -->","yoast_head_json":{"title":"Sterownik parowania drewna PD-01 - Nigos elektronik","robots":{"index":"index","follow":"follow","max-snippet":"max-snippet:-1","max-image-preview":"max-image-preview:large","max-video-preview":"max-video-preview:-1"},"canonical":"https:\/\/nigossusare.rs\/pl\/jednostki-sterujace\/kontrolery-parowcow\/pd-01\/","og_locale":"pl_PL","og_type":"article","og_title":"Sterownik parowania drewna PD-01 - Nigos elektronik","og_description":"[vc_row css_animation=\u201d\u201d row_type=\u201drow\u201d use_row_as_full_screen_section=\u201dno\u201d type=\u201dfull_width\u201d angled_section=\u201dno\u201d text_align=\u201dleft\u201d background_image_as_pattern=\u201dwithout_pattern\u201d][vc_column][vc_empty_space height=\u201d50px\u201d][vc_column_text] PD-01 Sterownik parowania drewna [\/vc_column_text][vc_empty_space][vc_single_image image=\u201d3300\u2033 img_size=\u201dfull\u201d alignment=\u201dcenter\u201d qode_css_animation=\u201d\u201d][\/vc_column][\/vc_row][vc_row css_animation=\u201d\u201d row_type=\u201drow\u201d use_row_as_full_screen_section=\u201dno\u201d type=\u201dfull_width\u201d angled_section=\u201dno\u201d text_align=\u201dleft\u201d background_image_as_pattern=\u201dwithout_pattern\u201d][vc_column width=\u201d1\/2\u2033][vc_empty_space][vc_empty_space][vc_column_text] Parowanie drewna Automatyczne lub r\u0119czne sterowanie procesem parowania w komorach po\u015bredniego i bezpo\u015bredniego parowania Kontrola procesu parzenia w zale\u017cno\u015bci...","og_url":"https:\/\/nigossusare.rs\/pl\/jednostki-sterujace\/kontrolery-parowcow\/pd-01\/","og_site_name":"Nigos elektronik","article_modified_time":"2024-09-20T13:22:37+00:00","og_image":[{"width":1200,"height":675,"url":"https:\/\/nigossusare.rs\/wp-content\/uploads\/2024\/08\/vks-1200x675-2.jpg","type":"image\/jpeg"}],"twitter_card":"summary_large_image","twitter_misc":{"Est. reading time":"1 minuta"},"schema":{"@context":"https:\/\/schema.org","@graph":[{"@type":"WebPage","@id":"https:\/\/nigossusare.rs\/pl\/jednostki-sterujace\/kontrolery-parowcow\/pd-01\/","url":"https:\/\/nigossusare.rs\/pl\/jednostki-sterujace\/kontrolery-parowcow\/pd-01\/","name":"Sterownik parowania drewna PD-01 - Nigos elektronik","isPartOf":{"@id":"https:\/\/nigossusare.rs\/#website"},"datePublished":"2020-11-12T22:11:04+00:00","dateModified":"2024-09-20T13:22:37+00:00","breadcrumb":{"@id":"https:\/\/nigossusare.rs\/pl\/jednostki-sterujace\/kontrolery-parowcow\/pd-01\/#breadcrumb"},"inLanguage":"pl-PL","potentialAction":[{"@type":"ReadAction","target":["https:\/\/nigossusare.rs\/pl\/jednostki-sterujace\/kontrolery-parowcow\/pd-01\/"]}]},{"@type":"BreadcrumbList","@id":"https:\/\/nigossusare.rs\/pl\/jednostki-sterujace\/kontrolery-parowcow\/pd-01\/#breadcrumb","itemListElement":[{"@type":"ListItem","position":1,"name":"Home","item":"https:\/\/nigossusare.rs\/pl\/glowna\/"},{"@type":"ListItem","position":2,"name":"Jednostki steruj\u0105ce","item":"\/pl\/"},{"@type":"ListItem","position":3,"name":"Kontrolery parowc\u00f3w","item":"https:\/\/nigossusare.rs\/pl\/jednostki-sterujace\/kontrolery-parowcow\/"},{"@type":"ListItem","position":4,"name":"Sterownik parowania drewna PD-01"}]},{"@type":"WebSite","@id":"https:\/\/nigossusare.rs\/#website","url":"https:\/\/nigossusare.rs\/","name":"Nigos elektronik","description":"Susare za drvo, wood dryers, drying kilns, moisture meters","publisher":{"@id":"https:\/\/nigossusare.rs\/#organization"},"alternateName":"Nigos-elektronik","potentialAction":[{"@type":"SearchAction","target":{"@type":"EntryPoint","urlTemplate":"https:\/\/nigossusare.rs\/?s={search_term_string}"},"query-input":{"@type":"PropertyValueSpecification","valueRequired":true,"valueName":"search_term_string"}}],"inLanguage":"pl-PL"},{"@type":"Organization","@id":"https:\/\/nigossusare.rs\/#organization","name":"Nigos elektronik","url":"https:\/\/nigossusare.rs\/","logo":{"@type":"ImageObject","inLanguage":"pl-PL","@id":"https:\/\/nigossusare.rs\/#\/schema\/logo\/image\/","url":"https:\/\/nigossusare.rs\/wp-content\/uploads\/2020\/06\/NIGOS-elektronik-logo.png","contentUrl":"https:\/\/nigossusare.rs\/wp-content\/uploads\/2020\/06\/NIGOS-elektronik-logo.png","width":205,"height":70,"caption":"Nigos elektronik"},"image":{"@id":"https:\/\/nigossusare.rs\/#\/schema\/logo\/image\/"},"sameAs":["https:\/\/rs.linkedin.com\/in\/nigos-elektronik-nis-b82b2037","https:\/\/www.youtube.com\/watch?v=2LPdHiVUvu8"]}]}},"_links":{"self":[{"href":"https:\/\/nigossusare.rs\/pl\/wp-json\/wp\/v2\/pages\/3299","targetHints":{"allow":["GET"]}}],"collection":[{"href":"https:\/\/nigossusare.rs\/pl\/wp-json\/wp\/v2\/pages"}],"about":[{"href":"https:\/\/nigossusare.rs\/pl\/wp-json\/wp\/v2\/types\/page"}],"author":[{"embeddable":true,"href":"https:\/\/nigossusare.rs\/pl\/wp-json\/wp\/v2\/users\/1"}],"replies":[{"embeddable":true,"href":"https:\/\/nigossusare.rs\/pl\/wp-json\/wp\/v2\/comments?post=3299"}],"version-history":[{"count":6,"href":"https:\/\/nigossusare.rs\/pl\/wp-json\/wp\/v2\/pages\/3299\/revisions"}],"predecessor-version":[{"id":6768,"href":"https:\/\/nigossusare.rs\/pl\/wp-json\/wp\/v2\/pages\/3299\/revisions\/6768"}],"up":[{"embeddable":true,"href":"https:\/\/nigossusare.rs\/pl\/wp-json\/wp\/v2\/pages\/3295"}],"wp:attachment":[{"href":"https:\/\/nigossusare.rs\/pl\/wp-json\/wp\/v2\/media?parent=3299"}],"curies":[{"name":"wp","href":"https:\/\/api.w.org\/{rel}","templated":true}]}}