{"id":3273,"date":"2020-11-12T22:28:14","date_gmt":"2020-11-12T21:28:14","guid":{"rendered":"https:\/\/nigossusare.rs\/?page_id=3273"},"modified":"2020-11-12T22:28:14","modified_gmt":"2020-11-12T21:28:14","slug":"mc-504","status":"publish","type":"page","link":"https:\/\/nigossusare.rs\/pl\/jednostki-sterujace\/automat-z-suszarki\/mc-504\/","title":{"rendered":"MC-504"},"content":{"rendered":"<div class=\"wpb-content-wrapper\"><p>[vc_row css_animation=\u201d\u201d row_type=\u201drow\u201d use_row_as_full_screen_section=\u201dno\u201d type=\u201dfull_width\u201d angled_section=\u201dno\u201d text_align=\u201dleft\u201d background_image_as_pattern=\u201dwithout_pattern\u201d][vc_column][vc_empty_space height=\u201d50px\u201d][vc_column_text]<\/p>\n<h1 style=\"text-align: center;\">MC-504<\/h1>\n<h4 style=\"text-align: center;\"><span class=\"naslov\">Automatyczne, p\u00f3\u0142automatyczne lub r\u0119czne sterowanie procesem suszenia<\/span><\/h4>\n<p>[\/vc_column_text][vc_empty_space][vc_single_image image=\u201d3274\u2033 img_size=\u201dfull\u201d alignment=\u201dcenter\u201d qode_css_animation=\u201d\u201d][\/vc_column][\/vc_row][vc_row css_animation=\u201d\u201d row_type=\u201drow\u201d use_row_as_full_screen_section=\u201dno\u201d type=\u201dfull_width\u201d angled_section=\u201dno\u201d text_align=\u201dleft\u201d background_image_as_pattern=\u201dwithout_pattern\u201d][vc_column width=\u201d1\/2\u2033][vc_empty_space][vc_column_text]<\/p>\n<ul>\n<li>Automatyczne, p\u00f3\u0142automatyczne lub r\u0119czne sterowanie procesem suszenia w konwencjonalnych suszarniach<\/li>\n<li>Monta\u017c na\u015bcienny lub panelowy<\/li>\n<li>Suszenie wszystkich rodzaj\u00f3w drewna<\/li>\n<li>Podstawowe programy suszenia dla wszystkich gatunk\u00f3w drewna, kt\u00f3re u\u017cytkownik mo\u017ce zmieni\u0107 i w razie potrzeby przywr\u00f3ci\u0107 do warto\u015bci domy\u015blnych<\/li>\n<li>Re\u017cimy czasowe<\/li>\n<li>1 wej\u015bcie do pomiaru temperatury<\/li>\n<li>1 wej\u015bcie do pomiaru EMC<\/li>\n<li>4 wej\u015bcia do pomiaru MC<\/li>\n<li>Wej\u015bcie steruj\u0105ce do pomiaru temperatury<\/li>\n<li>3 wej\u015bcia cyfrowe do sterowania prac\u0105 wentylator\u00f3w i spr\u0119\u017carki<\/li>\n<li>Wyj\u015bcia przeka\u017anikowe do sterowania urz\u0105dzeniami<\/li>\n<li>Ochrona kodowa zmian parametr\u00f3w<\/li>\n<li>Powiadomienie o nieregularnych sytuacjach<\/li>\n<li>Sygnalizacja \u015bwietlna i d\u017awi\u0119kowa alarmu<\/li>\n<li>Zdalne monitorowanie i sterowanie na komputerze PC za pomoc\u0105 oprogramowania Nigos DryerManager, za po\u015brednictwem standardu komunikacji RS485.<\/li>\n<\/ul>\n<p>[\/vc_column_text][vc_empty_space][\/vc_column][vc_column width=\u201d1\/2\u2033][vc_single_image image=\u201d3275\u2033 img_size=\u201dlarge\u201d alignment=\u201dcenter\u201d qode_css_animation=\u201d\u201d][vc_empty_space][\/vc_column][\/vc_row][vc_row css_animation=\u201d\u201d row_type=\u201drow\u201d use_row_as_full_screen_section=\u201dno\u201d type=\u201dfull_width\u201d angled_section=\u201dno\u201d text_align=\u201dleft\u201d background_image_as_pattern=\u201dwithout_pattern\u201d css=\u201d.vc_custom_1591094994092{padding-bottom: 32px !important;}\u201d z_index=\u201d\u201d][vc_column][vc_empty_space height=\u201d10px\u201d][vc_gallery type=\u201dimage_grid\u201d images=\u201d1777,1776,1778\u2033 img_size=\u201dmedium\u201d column_number=\u201d4\u2033 grayscale=\u201dno\u201d images_space=\u201dgallery_with_space\u201d][\/vc_column][\/vc_row]<\/p>\n<\/div>","protected":false},"excerpt":{"rendered":"<p>[vc_row css_animation=\u201d\u201d row_type=\u201drow\u201d use_row_as_full_screen_section=\u201dno\u201d type=\u201dfull_width\u201d angled_section=\u201dno\u201d text_align=\u201dleft\u201d background_image_as_pattern=\u201dwithout_pattern\u201d][vc_column][vc_empty_space height=\u201d50px\u201d][vc_column_text] MC-504 Automatyczne, p\u00f3\u0142automatyczne lub r\u0119czne sterowanie procesem suszenia [\/vc_column_text][vc_empty_space][vc_single_image image=\u201d3274\u2033 img_size=\u201dfull\u201d alignment=\u201dcenter\u201d qode_css_animation=\u201d\u201d][\/vc_column][\/vc_row][vc_row css_animation=\u201d\u201d row_type=\u201drow\u201d use_row_as_full_screen_section=\u201dno\u201d type=\u201dfull_width\u201d angled_section=\u201dno\u201d text_align=\u201dleft\u201d background_image_as_pattern=\u201dwithout_pattern\u201d][vc_column width=\u201d1\/2\u2033][vc_empty_space][vc_column_text] Automatyczne, p\u00f3\u0142automatyczne lub r\u0119czne sterowanie procesem suszenia w konwencjonalnych suszarniach Monta\u017c na\u015bcienny lub panelowy Suszenie\u2026<\/p>\n","protected":false},"author":1,"featured_media":0,"parent":3233,"menu_order":0,"comment_status":"closed","ping_status":"closed","template":"","meta":{"footnotes":"","_links_to":"","_links_to_target":""},"class_list":["post-3273","page","type-page","status-publish","hentry"],"yoast_head":"<!-- This site is optimized with the Yoast SEO plugin v27.4 - https:\/\/yoast.com\/product\/yoast-seo-wordpress\/ -->\n<title>MC-504 - Nigos elektronik<\/title>\n<meta name=\"robots\" content=\"index, follow, max-snippet:-1, max-image-preview:large, max-video-preview:-1\" \/>\n<link rel=\"canonical\" href=\"https:\/\/nigossusare.rs\/pl\/jednostki-sterujace\/automat-z-suszarki\/mc-504\/\" \/>\n<meta property=\"og:locale\" content=\"pl_PL\" \/>\n<meta property=\"og:type\" content=\"article\" \/>\n<meta property=\"og:title\" content=\"MC-504 - Nigos elektronik\" \/>\n<meta property=\"og:description\" content=\"[vc_row css_animation=\u201d\u201d row_type=\u201drow\u201d use_row_as_full_screen_section=\u201dno\u201d type=\u201dfull_width\u201d angled_section=\u201dno\u201d text_align=\u201dleft\u201d background_image_as_pattern=\u201dwithout_pattern\u201d][vc_column][vc_empty_space height=\u201d50px\u201d][vc_column_text] MC-504 Automatyczne, p\u00f3\u0142automatyczne lub r\u0119czne sterowanie procesem suszenia [\/vc_column_text][vc_empty_space][vc_single_image image=\u201d3274\u2033 img_size=\u201dfull\u201d alignment=\u201dcenter\u201d qode_css_animation=\u201d\u201d][\/vc_column][\/vc_row][vc_row css_animation=\u201d\u201d row_type=\u201drow\u201d use_row_as_full_screen_section=\u201dno\u201d type=\u201dfull_width\u201d angled_section=\u201dno\u201d text_align=\u201dleft\u201d background_image_as_pattern=\u201dwithout_pattern\u201d][vc_column width=\u201d1\/2\u2033][vc_empty_space][vc_column_text] Automatyczne, p\u00f3\u0142automatyczne lub r\u0119czne sterowanie procesem suszenia w konwencjonalnych suszarniach Monta\u017c na\u015bcienny lub panelowy Suszenie...\" \/>\n<meta property=\"og:url\" content=\"https:\/\/nigossusare.rs\/pl\/jednostki-sterujace\/automat-z-suszarki\/mc-504\/\" \/>\n<meta property=\"og:site_name\" content=\"Nigos elektronik\" \/>\n<meta property=\"og:image\" content=\"https:\/\/nigossusare.rs\/wp-content\/uploads\/2024\/08\/vks-1200x675-2.jpg\" \/>\n\t<meta property=\"og:image:width\" content=\"1200\" \/>\n\t<meta property=\"og:image:height\" content=\"675\" \/>\n\t<meta property=\"og:image:type\" content=\"image\/jpeg\" \/>\n<meta name=\"twitter:card\" content=\"summary_large_image\" \/>\n<meta name=\"twitter:label1\" content=\"Est. reading time\" \/>\n\t<meta name=\"twitter:data1\" content=\"2 minuty\" \/>\n<script type=\"application\/ld+json\" class=\"yoast-schema-graph\">{\"@context\":\"https:\\\/\\\/schema.org\",\"@graph\":[{\"@type\":\"WebPage\",\"@id\":\"https:\\\/\\\/nigossusare.rs\\\/pl\\\/jednostki-sterujace\\\/automat-z-suszarki\\\/mc-504\\\/\",\"url\":\"https:\\\/\\\/nigossusare.rs\\\/pl\\\/jednostki-sterujace\\\/automat-z-suszarki\\\/mc-504\\\/\",\"name\":\"MC-504 - Nigos elektronik\",\"isPartOf\":{\"@id\":\"https:\\\/\\\/nigossusare.rs\\\/#website\"},\"datePublished\":\"2020-11-12T21:28:14+00:00\",\"breadcrumb\":{\"@id\":\"https:\\\/\\\/nigossusare.rs\\\/pl\\\/jednostki-sterujace\\\/automat-z-suszarki\\\/mc-504\\\/#breadcrumb\"},\"inLanguage\":\"pl-PL\",\"potentialAction\":[{\"@type\":\"ReadAction\",\"target\":[\"https:\\\/\\\/nigossusare.rs\\\/pl\\\/jednostki-sterujace\\\/automat-z-suszarki\\\/mc-504\\\/\"]}]},{\"@type\":\"BreadcrumbList\",\"@id\":\"https:\\\/\\\/nigossusare.rs\\\/pl\\\/jednostki-sterujace\\\/automat-z-suszarki\\\/mc-504\\\/#breadcrumb\",\"itemListElement\":[{\"@type\":\"ListItem\",\"position\":1,\"name\":\"Home\",\"item\":\"https:\\\/\\\/nigossusare.rs\\\/pl\\\/glowna\\\/\"},{\"@type\":\"ListItem\",\"position\":2,\"name\":\"Jednostki steruj\u0105ce\",\"item\":\"\\\/pl\\\/\"},{\"@type\":\"ListItem\",\"position\":3,\"name\":\"Automat z suszarki\",\"item\":\"https:\\\/\\\/nigossusare.rs\\\/pl\\\/jednostki-sterujace\\\/automat-z-suszarki\\\/\"},{\"@type\":\"ListItem\",\"position\":4,\"name\":\"MC-504\"}]},{\"@type\":\"WebSite\",\"@id\":\"https:\\\/\\\/nigossusare.rs\\\/#website\",\"url\":\"https:\\\/\\\/nigossusare.rs\\\/\",\"name\":\"Nigos elektronik\",\"description\":\"Susare za drvo, wood dryers, drying kilns, moisture meters\",\"publisher\":{\"@id\":\"https:\\\/\\\/nigossusare.rs\\\/#organization\"},\"alternateName\":\"Nigos-elektronik\",\"potentialAction\":[{\"@type\":\"SearchAction\",\"target\":{\"@type\":\"EntryPoint\",\"urlTemplate\":\"https:\\\/\\\/nigossusare.rs\\\/?s={search_term_string}\"},\"query-input\":{\"@type\":\"PropertyValueSpecification\",\"valueRequired\":true,\"valueName\":\"search_term_string\"}}],\"inLanguage\":\"pl-PL\"},{\"@type\":\"Organization\",\"@id\":\"https:\\\/\\\/nigossusare.rs\\\/#organization\",\"name\":\"Nigos elektronik\",\"url\":\"https:\\\/\\\/nigossusare.rs\\\/\",\"logo\":{\"@type\":\"ImageObject\",\"inLanguage\":\"pl-PL\",\"@id\":\"https:\\\/\\\/nigossusare.rs\\\/#\\\/schema\\\/logo\\\/image\\\/\",\"url\":\"https:\\\/\\\/nigossusare.rs\\\/wp-content\\\/uploads\\\/2020\\\/06\\\/NIGOS-elektronik-logo.png\",\"contentUrl\":\"https:\\\/\\\/nigossusare.rs\\\/wp-content\\\/uploads\\\/2020\\\/06\\\/NIGOS-elektronik-logo.png\",\"width\":205,\"height\":70,\"caption\":\"Nigos elektronik\"},\"image\":{\"@id\":\"https:\\\/\\\/nigossusare.rs\\\/#\\\/schema\\\/logo\\\/image\\\/\"},\"sameAs\":[\"https:\\\/\\\/rs.linkedin.com\\\/in\\\/nigos-elektronik-nis-b82b2037\",\"https:\\\/\\\/www.youtube.com\\\/watch?v=2LPdHiVUvu8\"]}]}<\/script>\n<!-- \/ Yoast SEO plugin. -->","yoast_head_json":{"title":"MC-504 - Nigos elektronik","robots":{"index":"index","follow":"follow","max-snippet":"max-snippet:-1","max-image-preview":"max-image-preview:large","max-video-preview":"max-video-preview:-1"},"canonical":"https:\/\/nigossusare.rs\/pl\/jednostki-sterujace\/automat-z-suszarki\/mc-504\/","og_locale":"pl_PL","og_type":"article","og_title":"MC-504 - Nigos elektronik","og_description":"[vc_row css_animation=\u201d\u201d row_type=\u201drow\u201d use_row_as_full_screen_section=\u201dno\u201d type=\u201dfull_width\u201d angled_section=\u201dno\u201d text_align=\u201dleft\u201d background_image_as_pattern=\u201dwithout_pattern\u201d][vc_column][vc_empty_space height=\u201d50px\u201d][vc_column_text] MC-504 Automatyczne, p\u00f3\u0142automatyczne lub r\u0119czne sterowanie procesem suszenia [\/vc_column_text][vc_empty_space][vc_single_image image=\u201d3274\u2033 img_size=\u201dfull\u201d alignment=\u201dcenter\u201d qode_css_animation=\u201d\u201d][\/vc_column][\/vc_row][vc_row css_animation=\u201d\u201d row_type=\u201drow\u201d use_row_as_full_screen_section=\u201dno\u201d type=\u201dfull_width\u201d angled_section=\u201dno\u201d text_align=\u201dleft\u201d background_image_as_pattern=\u201dwithout_pattern\u201d][vc_column width=\u201d1\/2\u2033][vc_empty_space][vc_column_text] Automatyczne, p\u00f3\u0142automatyczne lub r\u0119czne sterowanie procesem suszenia w konwencjonalnych suszarniach Monta\u017c na\u015bcienny lub panelowy Suszenie...","og_url":"https:\/\/nigossusare.rs\/pl\/jednostki-sterujace\/automat-z-suszarki\/mc-504\/","og_site_name":"Nigos elektronik","og_image":[{"width":1200,"height":675,"url":"https:\/\/nigossusare.rs\/wp-content\/uploads\/2024\/08\/vks-1200x675-2.jpg","type":"image\/jpeg"}],"twitter_card":"summary_large_image","twitter_misc":{"Est. reading time":"2 minuty"},"schema":{"@context":"https:\/\/schema.org","@graph":[{"@type":"WebPage","@id":"https:\/\/nigossusare.rs\/pl\/jednostki-sterujace\/automat-z-suszarki\/mc-504\/","url":"https:\/\/nigossusare.rs\/pl\/jednostki-sterujace\/automat-z-suszarki\/mc-504\/","name":"MC-504 - Nigos elektronik","isPartOf":{"@id":"https:\/\/nigossusare.rs\/#website"},"datePublished":"2020-11-12T21:28:14+00:00","breadcrumb":{"@id":"https:\/\/nigossusare.rs\/pl\/jednostki-sterujace\/automat-z-suszarki\/mc-504\/#breadcrumb"},"inLanguage":"pl-PL","potentialAction":[{"@type":"ReadAction","target":["https:\/\/nigossusare.rs\/pl\/jednostki-sterujace\/automat-z-suszarki\/mc-504\/"]}]},{"@type":"BreadcrumbList","@id":"https:\/\/nigossusare.rs\/pl\/jednostki-sterujace\/automat-z-suszarki\/mc-504\/#breadcrumb","itemListElement":[{"@type":"ListItem","position":1,"name":"Home","item":"https:\/\/nigossusare.rs\/pl\/glowna\/"},{"@type":"ListItem","position":2,"name":"Jednostki steruj\u0105ce","item":"\/pl\/"},{"@type":"ListItem","position":3,"name":"Automat z suszarki","item":"https:\/\/nigossusare.rs\/pl\/jednostki-sterujace\/automat-z-suszarki\/"},{"@type":"ListItem","position":4,"name":"MC-504"}]},{"@type":"WebSite","@id":"https:\/\/nigossusare.rs\/#website","url":"https:\/\/nigossusare.rs\/","name":"Nigos elektronik","description":"Susare za drvo, wood dryers, drying kilns, moisture meters","publisher":{"@id":"https:\/\/nigossusare.rs\/#organization"},"alternateName":"Nigos-elektronik","potentialAction":[{"@type":"SearchAction","target":{"@type":"EntryPoint","urlTemplate":"https:\/\/nigossusare.rs\/?s={search_term_string}"},"query-input":{"@type":"PropertyValueSpecification","valueRequired":true,"valueName":"search_term_string"}}],"inLanguage":"pl-PL"},{"@type":"Organization","@id":"https:\/\/nigossusare.rs\/#organization","name":"Nigos elektronik","url":"https:\/\/nigossusare.rs\/","logo":{"@type":"ImageObject","inLanguage":"pl-PL","@id":"https:\/\/nigossusare.rs\/#\/schema\/logo\/image\/","url":"https:\/\/nigossusare.rs\/wp-content\/uploads\/2020\/06\/NIGOS-elektronik-logo.png","contentUrl":"https:\/\/nigossusare.rs\/wp-content\/uploads\/2020\/06\/NIGOS-elektronik-logo.png","width":205,"height":70,"caption":"Nigos elektronik"},"image":{"@id":"https:\/\/nigossusare.rs\/#\/schema\/logo\/image\/"},"sameAs":["https:\/\/rs.linkedin.com\/in\/nigos-elektronik-nis-b82b2037","https:\/\/www.youtube.com\/watch?v=2LPdHiVUvu8"]}]}},"_links":{"self":[{"href":"https:\/\/nigossusare.rs\/pl\/wp-json\/wp\/v2\/pages\/3273","targetHints":{"allow":["GET"]}}],"collection":[{"href":"https:\/\/nigossusare.rs\/pl\/wp-json\/wp\/v2\/pages"}],"about":[{"href":"https:\/\/nigossusare.rs\/pl\/wp-json\/wp\/v2\/types\/page"}],"author":[{"embeddable":true,"href":"https:\/\/nigossusare.rs\/pl\/wp-json\/wp\/v2\/users\/1"}],"replies":[{"embeddable":true,"href":"https:\/\/nigossusare.rs\/pl\/wp-json\/wp\/v2\/comments?post=3273"}],"version-history":[{"count":2,"href":"https:\/\/nigossusare.rs\/pl\/wp-json\/wp\/v2\/pages\/3273\/revisions"}],"predecessor-version":[{"id":3277,"href":"https:\/\/nigossusare.rs\/pl\/wp-json\/wp\/v2\/pages\/3273\/revisions\/3277"}],"up":[{"embeddable":true,"href":"https:\/\/nigossusare.rs\/pl\/wp-json\/wp\/v2\/pages\/3233"}],"wp:attachment":[{"href":"https:\/\/nigossusare.rs\/pl\/wp-json\/wp\/v2\/media?parent=3273"}],"curies":[{"name":"wp","href":"https:\/\/api.w.org\/{rel}","templated":true}]}}