{"id":3233,"date":"2020-11-10T23:13:40","date_gmt":"2020-11-10T22:13:40","guid":{"rendered":"https:\/\/nigossusare.rs\/?page_id=3233"},"modified":"2023-04-18T15:02:44","modified_gmt":"2023-04-18T13:02:44","slug":"automat-z-suszarki","status":"publish","type":"page","link":"https:\/\/nigossusare.rs\/pl\/jednostki-sterujace\/automat-z-suszarki\/","title":{"rendered":"Automat z suszarki"},"content":{"rendered":"<div class=\"wpb-content-wrapper\"><p>[vc_row css_animation=\u201d\u201d row_type=\u201drow\u201d use_row_as_full_screen_section=\u201dno\u201d type=\u201dfull_width\u201d angled_section=\u201dno\u201d text_align=\u201dleft\u201d background_image_as_pattern=\u201dwithout_pattern\u201d][vc_column][vc_empty_space height=\u201d50px\u201d][\/vc_column][\/vc_row][vc_row css_animation=\u201d\u201d row_type=\u201drow\u201d use_row_as_full_screen_section=\u201dno\u201d type=\u201dfull_width\u201d angled_section=\u201dno\u201d text_align=\u201dleft\u201d background_image_as_pattern=\u201dwithout_pattern\u201d][vc_column width=\u201d1\/3\u2033][vc_single_image image=\u201d3245\u2033 img_size=\u201dfull\u201d alignment=\u201dcenter\u201d onclick=\u201dcustom_link\u201d qode_css_animation=\u201d\u201d link=\u201d\/pl\/jednostki-sterujace\/automat-z-suszarki\/mc-3000\/\u201d][\/vc_column][vc_column width=\u201d2\/3\u2033][vc_column_text]<\/p>\n<h4><a href=\"\/pl\/jednostki-sterujace\/automat-z-suszarki\/mc-3000\/\">MC-3000<\/a><\/h4>\n<p>Automatyczne, p\u00f3\u0142automatyczne lub r\u0119czne sterowanie procesem suszenia w suszarniach konwencjonalnych, kondensacyjnych i kombinowanych. <a href=\"\/pl\/jednostki-sterujace\/automat-z-suszarki\/mc-3000\/\">vi\u0161e >><\/a>[\/vc_column_text][\/vc_column][\/vc_row][vc_row css_animation=\u201d\u201d row_type=\u201drow\u201d use_row_as_full_screen_section=\u201dno\u201d type=\u201dfull_width\u201d angled_section=\u201dno\u201d text_align=\u201dleft\u201d background_image_as_pattern=\u201dwithout_pattern\u201d][vc_column][vc_empty_space][vc_separator type=\u201dnormal\u201d color=\u201d#fe9900\u2033 thickness=\u201d2\u2033][vc_empty_space][\/vc_column][\/vc_row][vc_row css_animation=\u201d\u201d row_type=\u201drow\u201d use_row_as_full_screen_section=\u201dno\u201d type=\u201dfull_width\u201d angled_section=\u201dno\u201d text_align=\u201dleft\u201d background_image_as_pattern=\u201dwithout_pattern\u201d][vc_column width=\u201d1\/3\u2033][vc_single_image image=\u201d3251\u2033 img_size=\u201dfull\u201d alignment=\u201dcenter\u201d onclick=\u201dcustom_link\u201d qode_css_animation=\u201d\u201d link=\u201d\/pl\/jednostki-sterujace\/automat-z-suszarki\/mc-2000\/\u201d][\/vc_column][vc_column width=\u201d2\/3\u2033][vc_column_text]<\/p>\n<h4><a href=\"\/pl\/jednostki-sterujace\/automat-z-suszarki\/MC-2000\/\">MC-2000<\/a><\/h4>\n<p>Automatyczne, p\u00f3\u0142automatyczne lub r\u0119czne sterowanie procesem suszenia w suszarniach konwencjonalnych, osuszaj\u0105cych i kombinowanych. <a href=\"\/pl\/jednostki-sterujace\/automat-z-suszarki\/MC-2000\/\">vi\u0161e >><\/a>[\/vc_column_text][\/vc_column][\/vc_row][vc_row css_animation=\u201d\u201d row_type=\u201drow\u201d use_row_as_full_screen_section=\u201dno\u201d type=\u201dfull_width\u201d angled_section=\u201dno\u201d text_align=\u201dleft\u201d background_image_as_pattern=\u201dwithout_pattern\u201d][vc_column][vc_empty_space][vc_separator type=\u201dnormal\u201d color=\u201d#fe9900\u2033 thickness=\u201d2\u2033][vc_empty_space][\/vc_column][\/vc_row][vc_row css_animation=\u201d\u201d row_type=\u201drow\u201d use_row_as_full_screen_section=\u201dno\u201d type=\u201dfull_width\u201d angled_section=\u201dno\u201d text_align=\u201dleft\u201d background_image_as_pattern=\u201dwithout_pattern\u201d][vc_column width=\u201d1\/3\u2033][vc_single_image image=\u201d3246\u2033 img_size=\u201dfull\u201d alignment=\u201dcenter\u201d onclick=\u201dcustom_link\u201d qode_css_animation=\u201d\u201d link=\u201d\/pl\/jednostki-sterujace\/automat-z-suszarki\/mc-600\/\u201d][\/vc_column][vc_column width=\u201d2\/3\u2033][vc_column_text]<\/p>\n<h4><a href=\"\/pl\/jednostki-sterujace\/automat-z-suszarki\/MC-600\/\">MC-600<\/a><\/h4>\n<p>Automatyczne, p\u00f3\u0142automatyczne lub r\u0119czne sterowanie procesem suszenia w konwencjonalnych suszarniach. <a href=\"\/pl\/jednostki-sterujace\/automat-z-suszarki\/MC-600\/\">vi\u0161e >><\/a>[\/vc_column_text][\/vc_column][\/vc_row][vc_row css_animation=\u201d\u201d row_type=\u201drow\u201d use_row_as_full_screen_section=\u201dno\u201d type=\u201dfull_width\u201d angled_section=\u201dno\u201d text_align=\u201dleft\u201d background_image_as_pattern=\u201dwithout_pattern\u201d][vc_column][vc_empty_space][vc_separator type=\u201dnormal\u201d color=\u201d#fe9900\u2033 thickness=\u201d2\u2033][vc_empty_space][\/vc_column][\/vc_row][vc_row css_animation=\u201d\u201d row_type=\u201drow\u201d use_row_as_full_screen_section=\u201dno\u201d type=\u201dfull_width\u201d angled_section=\u201dno\u201d text_align=\u201dleft\u201d background_image_as_pattern=\u201dwithout_pattern\u201d][vc_column width=\u201d1\/3\u2033][vc_single_image image=\u201d3247\u2033 img_size=\u201dfull\u201d alignment=\u201dcenter\u201d onclick=\u201dcustom_link\u201d qode_css_animation=\u201d\u201d link=\u201d\/pl\/jednostki-sterujace\/automat-z-suszarki\/mc-504\/\u201d][\/vc_column][vc_column width=\u201d2\/3\u2033][vc_column_text]<\/p>\n<h4><a href=\"\/pl\/jednostki-sterujace\/automat-z-suszarki\/MC-504\/\">MC-504<\/a><\/h4>\n<p>Automatyczne, p\u00f3\u0142automatyczne lub r\u0119czne sterowanie procesem suszenia w konwencjonalnych suszarniach. <a href=\"\/pl\/jednostki-sterujace\/automat-z-suszarki\/MC-504\/\">vi\u0161e >><\/a>[\/vc_column_text][\/vc_column][\/vc_row][vc_row css_animation=\u201d\u201d row_type=\u201drow\u201d use_row_as_full_screen_section=\u201dno\u201d type=\u201dfull_width\u201d angled_section=\u201dno\u201d text_align=\u201dleft\u201d background_image_as_pattern=\u201dwithout_pattern\u201d][vc_column][vc_empty_space][vc_separator type=\u201dnormal\u201d color=\u201d#fe9900\u2033 thickness=\u201d2\u2033][vc_empty_space][\/vc_column][\/vc_row][vc_row css_animation=\u201d\u201d row_type=\u201drow\u201d use_row_as_full_screen_section=\u201dno\u201d type=\u201dfull_width\u201d angled_section=\u201dno\u201d text_align=\u201dleft\u201d background_image_as_pattern=\u201dwithout_pattern\u201d][vc_column width=\u201d1\/3\u2033][vc_single_image image=\u201d3248\u2033 img_size=\u201dfull\u201d alignment=\u201dcenter\u201d onclick=\u201dcustom_link\u201d qode_css_animation=\u201d\u201d link=\u201d\/pl\/jednostki-sterujace\/automat-z-suszarki\/mc-904\/\u201d][\/vc_column][vc_column width=\u201d2\/3\u2033][vc_column_text]<\/p>\n<h4><a href=\"\/pl\/jednostki-sterujace\/automat-z-suszarki\/MC-904\/\">MC-904<\/a><\/h4>\n<p>Automatyczne, p\u00f3\u0142automatyczne lub r\u0119czne sterowanie procesem suszenia w suszarniach kondensacyjnych i kombinowanych. <a href=\"\/pl\/jednostki-sterujace\/automat-z-suszarki\/MC-904\/\">vi\u0161e >><\/a>[\/vc_column_text][\/vc_column][\/vc_row][vc_row css_animation=\u201d\u201d row_type=\u201drow\u201d use_row_as_full_screen_section=\u201dno\u201d type=\u201dfull_width\u201d angled_section=\u201dno\u201d text_align=\u201dleft\u201d background_image_as_pattern=\u201dwithout_pattern\u201d][vc_column][vc_empty_space][vc_separator type=\u201dnormal\u201d color=\u201d#fe9900\u2033 thickness=\u201d2\u2033][vc_empty_space][\/vc_column][\/vc_row][vc_row css_animation=\u201d\u201d row_type=\u201drow\u201d use_row_as_full_screen_section=\u201dno\u201d type=\u201dfull_width\u201d angled_section=\u201dno\u201d text_align=\u201dleft\u201d background_image_as_pattern=\u201dwithout_pattern\u201d][vc_column width=\u201d1\/3\u2033][vc_single_image image=\u201d3252\u2033 img_size=\u201dfull\u201d alignment=\u201dcenter\u201d onclick=\u201dcustom_link\u201d qode_css_animation=\u201d\u201d link=\u201d\/pl\/jednostki-sterujace\/automat-z-suszarki\/mc-411-412\u2033][\/vc_column][vc_column width=\u201d2\/3\u2033][vc_column_text]<\/p>\n<h4><a href=\"\/pl\/jednostki-sterujace\/automat-z-suszarki\/MC-411-412\/\">MC-411\/412<\/a><\/h4>\n<p>Automatyczne lub p\u00f3\u0142automatyczne sterowanie procesem suszenia w suszarniach kondensacyjnych, kombinowanych (MC-411R) i konwencjonalnym suszeniu o ma\u0142ej wydajno\u015bci (MC-412). <a href=\"\/pl\/jednostki-sterujace\/automat-z-suszarki\/MC-411-412\/\">vi\u0161e >><\/a>[\/vc_column_text][\/vc_column][\/vc_row][vc_row css_animation=\u201d\u201d row_type=\u201drow\u201d use_row_as_full_screen_section=\u201dno\u201d type=\u201dfull_width\u201d angled_section=\u201dno\u201d text_align=\u201dleft\u201d background_image_as_pattern=\u201dwithout_pattern\u201d][vc_column][vc_empty_space height=\u201d50px\u201d][\/vc_column][\/vc_row]<\/p>\n<\/div>","protected":false},"excerpt":{"rendered":"<p>[vc_row css_animation=\u201d\u201d row_type=\u201drow\u201d use_row_as_full_screen_section=\u201dno\u201d type=\u201dfull_width\u201d angled_section=\u201dno\u201d text_align=\u201dleft\u201d background_image_as_pattern=\u201dwithout_pattern\u201d][vc_column][vc_empty_space height=\u201d50px\u201d][\/vc_column][\/vc_row][vc_row css_animation=\u201d\u201d row_type=\u201drow\u201d use_row_as_full_screen_section=\u201dno\u201d type=\u201dfull_width\u201d angled_section=\u201dno\u201d text_align=\u201dleft\u201d background_image_as_pattern=\u201dwithout_pattern\u201d][vc_column width=\u201d1\/3\u2033][vc_single_image image=\u201d3245\u2033 img_size=\u201dfull\u201d alignment=\u201dcenter\u201d onclick=\u201dcustom_link\u201d qode_css_animation=\u201d\u201d link=\u201d\/pl\/jednostki-sterujace\/automat-z-suszarki\/mc-3000\/\u201d][\/vc_column][vc_column width=\u201d2\/3\u2033][vc_column_text] MC-3000 Automatyczne, p\u00f3\u0142automatyczne lub r\u0119czne sterowanie procesem suszenia w suszarniach konwencjonalnych, kondensacyjnych i kombinowanych. vi\u0161e >>[\/vc_column_text][\/vc_column][\/vc_row][vc_row css_animation=\u201d\u201d row_type=\u201drow\u201d use_row_as_full_screen_section=\u201dno\u201d type=\u201dfull_width\u201d angled_section=\u201dno\u201d\u2026<\/p>\n","protected":false},"author":1,"featured_media":0,"parent":3230,"menu_order":0,"comment_status":"closed","ping_status":"closed","template":"","meta":{"footnotes":"","_links_to":"","_links_to_target":""},"class_list":["post-3233","page","type-page","status-publish","hentry"],"yoast_head":"<!-- This site is optimized with the Yoast SEO plugin v27.4 - https:\/\/yoast.com\/product\/yoast-seo-wordpress\/ -->\n<title>Automat z suszarki - Nigos elektronik<\/title>\n<meta name=\"robots\" content=\"index, follow, max-snippet:-1, max-image-preview:large, max-video-preview:-1\" \/>\n<link rel=\"canonical\" href=\"https:\/\/nigossusare.rs\/pl\/jednostki-sterujace\/automat-z-suszarki\/\" \/>\n<meta property=\"og:locale\" content=\"pl_PL\" \/>\n<meta property=\"og:type\" content=\"article\" \/>\n<meta property=\"og:title\" content=\"Automat z suszarki - Nigos elektronik\" \/>\n<meta property=\"og:description\" content=\"[vc_row css_animation=\u201d\u201d row_type=\u201drow\u201d use_row_as_full_screen_section=\u201dno\u201d type=\u201dfull_width\u201d angled_section=\u201dno\u201d text_align=\u201dleft\u201d background_image_as_pattern=\u201dwithout_pattern\u201d][vc_column][vc_empty_space height=\u201d50px\u201d][\/vc_column][\/vc_row][vc_row css_animation=\u201d\u201d row_type=\u201drow\u201d use_row_as_full_screen_section=\u201dno\u201d type=\u201dfull_width\u201d angled_section=\u201dno\u201d text_align=\u201dleft\u201d background_image_as_pattern=\u201dwithout_pattern\u201d][vc_column width=\u201d1\/3\u2033][vc_single_image image=\u201d3245\u2033 img_size=\u201dfull\u201d alignment=\u201dcenter\u201d onclick=\u201dcustom_link\u201d qode_css_animation=\u201d\u201d link=\u201d\/pl\/jednostki-sterujace\/automat-z-suszarki\/mc-3000\/\u201d][\/vc_column][vc_column width=\u201d2\/3\u2033][vc_column_text] MC-3000 Automatyczne, p\u00f3\u0142automatyczne lub r\u0119czne sterowanie procesem suszenia w suszarniach konwencjonalnych, kondensacyjnych i kombinowanych. vi\u0161e >>[\/vc_column_text][\/vc_column][\/vc_row][vc_row css_animation=\u201d\u201d row_type=\u201drow\u201d use_row_as_full_screen_section=\u201dno\u201d type=\u201dfull_width\u201d angled_section=\u201dno\u201d...\" \/>\n<meta property=\"og:url\" content=\"https:\/\/nigossusare.rs\/pl\/jednostki-sterujace\/automat-z-suszarki\/\" \/>\n<meta property=\"og:site_name\" content=\"Nigos elektronik\" \/>\n<meta property=\"article:modified_time\" content=\"2023-04-18T13:02:44+00:00\" \/>\n<meta property=\"og:image\" content=\"https:\/\/nigossusare.rs\/wp-content\/uploads\/2024\/08\/vks-1200x675-2.jpg\" \/>\n\t<meta property=\"og:image:width\" content=\"1200\" \/>\n\t<meta property=\"og:image:height\" content=\"675\" \/>\n\t<meta property=\"og:image:type\" content=\"image\/jpeg\" \/>\n<meta name=\"twitter:card\" content=\"summary_large_image\" \/>\n<meta name=\"twitter:label1\" content=\"Est. reading time\" \/>\n\t<meta name=\"twitter:data1\" content=\"2 minuty\" \/>\n<script type=\"application\/ld+json\" class=\"yoast-schema-graph\">{\"@context\":\"https:\\\/\\\/schema.org\",\"@graph\":[{\"@type\":\"WebPage\",\"@id\":\"https:\\\/\\\/nigossusare.rs\\\/pl\\\/jednostki-sterujace\\\/automat-z-suszarki\\\/\",\"url\":\"https:\\\/\\\/nigossusare.rs\\\/pl\\\/jednostki-sterujace\\\/automat-z-suszarki\\\/\",\"name\":\"Automat z suszarki - Nigos elektronik\",\"isPartOf\":{\"@id\":\"https:\\\/\\\/nigossusare.rs\\\/#website\"},\"datePublished\":\"2020-11-10T22:13:40+00:00\",\"dateModified\":\"2023-04-18T13:02:44+00:00\",\"breadcrumb\":{\"@id\":\"https:\\\/\\\/nigossusare.rs\\\/pl\\\/jednostki-sterujace\\\/automat-z-suszarki\\\/#breadcrumb\"},\"inLanguage\":\"pl-PL\",\"potentialAction\":[{\"@type\":\"ReadAction\",\"target\":[\"https:\\\/\\\/nigossusare.rs\\\/pl\\\/jednostki-sterujace\\\/automat-z-suszarki\\\/\"]}]},{\"@type\":\"BreadcrumbList\",\"@id\":\"https:\\\/\\\/nigossusare.rs\\\/pl\\\/jednostki-sterujace\\\/automat-z-suszarki\\\/#breadcrumb\",\"itemListElement\":[{\"@type\":\"ListItem\",\"position\":1,\"name\":\"Home\",\"item\":\"https:\\\/\\\/nigossusare.rs\\\/pl\\\/glowna\\\/\"},{\"@type\":\"ListItem\",\"position\":2,\"name\":\"Jednostki steruj\u0105ce\",\"item\":\"\\\/pl\\\/\"},{\"@type\":\"ListItem\",\"position\":3,\"name\":\"Automat z suszarki\"}]},{\"@type\":\"WebSite\",\"@id\":\"https:\\\/\\\/nigossusare.rs\\\/#website\",\"url\":\"https:\\\/\\\/nigossusare.rs\\\/\",\"name\":\"Nigos elektronik\",\"description\":\"Susare za drvo, wood dryers, drying kilns, moisture meters\",\"publisher\":{\"@id\":\"https:\\\/\\\/nigossusare.rs\\\/#organization\"},\"alternateName\":\"Nigos-elektronik\",\"potentialAction\":[{\"@type\":\"SearchAction\",\"target\":{\"@type\":\"EntryPoint\",\"urlTemplate\":\"https:\\\/\\\/nigossusare.rs\\\/?s={search_term_string}\"},\"query-input\":{\"@type\":\"PropertyValueSpecification\",\"valueRequired\":true,\"valueName\":\"search_term_string\"}}],\"inLanguage\":\"pl-PL\"},{\"@type\":\"Organization\",\"@id\":\"https:\\\/\\\/nigossusare.rs\\\/#organization\",\"name\":\"Nigos elektronik\",\"url\":\"https:\\\/\\\/nigossusare.rs\\\/\",\"logo\":{\"@type\":\"ImageObject\",\"inLanguage\":\"pl-PL\",\"@id\":\"https:\\\/\\\/nigossusare.rs\\\/#\\\/schema\\\/logo\\\/image\\\/\",\"url\":\"https:\\\/\\\/nigossusare.rs\\\/wp-content\\\/uploads\\\/2020\\\/06\\\/NIGOS-elektronik-logo.png\",\"contentUrl\":\"https:\\\/\\\/nigossusare.rs\\\/wp-content\\\/uploads\\\/2020\\\/06\\\/NIGOS-elektronik-logo.png\",\"width\":205,\"height\":70,\"caption\":\"Nigos elektronik\"},\"image\":{\"@id\":\"https:\\\/\\\/nigossusare.rs\\\/#\\\/schema\\\/logo\\\/image\\\/\"},\"sameAs\":[\"https:\\\/\\\/rs.linkedin.com\\\/in\\\/nigos-elektronik-nis-b82b2037\",\"https:\\\/\\\/www.youtube.com\\\/watch?v=2LPdHiVUvu8\"]}]}<\/script>\n<!-- \/ Yoast SEO plugin. -->","yoast_head_json":{"title":"Automat z suszarki - Nigos elektronik","robots":{"index":"index","follow":"follow","max-snippet":"max-snippet:-1","max-image-preview":"max-image-preview:large","max-video-preview":"max-video-preview:-1"},"canonical":"https:\/\/nigossusare.rs\/pl\/jednostki-sterujace\/automat-z-suszarki\/","og_locale":"pl_PL","og_type":"article","og_title":"Automat z suszarki - Nigos elektronik","og_description":"[vc_row css_animation=\u201d\u201d row_type=\u201drow\u201d use_row_as_full_screen_section=\u201dno\u201d type=\u201dfull_width\u201d angled_section=\u201dno\u201d text_align=\u201dleft\u201d background_image_as_pattern=\u201dwithout_pattern\u201d][vc_column][vc_empty_space height=\u201d50px\u201d][\/vc_column][\/vc_row][vc_row css_animation=\u201d\u201d row_type=\u201drow\u201d use_row_as_full_screen_section=\u201dno\u201d type=\u201dfull_width\u201d angled_section=\u201dno\u201d text_align=\u201dleft\u201d background_image_as_pattern=\u201dwithout_pattern\u201d][vc_column width=\u201d1\/3\u2033][vc_single_image image=\u201d3245\u2033 img_size=\u201dfull\u201d alignment=\u201dcenter\u201d onclick=\u201dcustom_link\u201d qode_css_animation=\u201d\u201d link=\u201d\/pl\/jednostki-sterujace\/automat-z-suszarki\/mc-3000\/\u201d][\/vc_column][vc_column width=\u201d2\/3\u2033][vc_column_text] MC-3000 Automatyczne, p\u00f3\u0142automatyczne lub r\u0119czne sterowanie procesem suszenia w suszarniach konwencjonalnych, kondensacyjnych i kombinowanych. vi\u0161e >>[\/vc_column_text][\/vc_column][\/vc_row][vc_row css_animation=\u201d\u201d row_type=\u201drow\u201d use_row_as_full_screen_section=\u201dno\u201d type=\u201dfull_width\u201d angled_section=\u201dno\u201d...","og_url":"https:\/\/nigossusare.rs\/pl\/jednostki-sterujace\/automat-z-suszarki\/","og_site_name":"Nigos elektronik","article_modified_time":"2023-04-18T13:02:44+00:00","og_image":[{"width":1200,"height":675,"url":"https:\/\/nigossusare.rs\/wp-content\/uploads\/2024\/08\/vks-1200x675-2.jpg","type":"image\/jpeg"}],"twitter_card":"summary_large_image","twitter_misc":{"Est. reading time":"2 minuty"},"schema":{"@context":"https:\/\/schema.org","@graph":[{"@type":"WebPage","@id":"https:\/\/nigossusare.rs\/pl\/jednostki-sterujace\/automat-z-suszarki\/","url":"https:\/\/nigossusare.rs\/pl\/jednostki-sterujace\/automat-z-suszarki\/","name":"Automat z suszarki - Nigos elektronik","isPartOf":{"@id":"https:\/\/nigossusare.rs\/#website"},"datePublished":"2020-11-10T22:13:40+00:00","dateModified":"2023-04-18T13:02:44+00:00","breadcrumb":{"@id":"https:\/\/nigossusare.rs\/pl\/jednostki-sterujace\/automat-z-suszarki\/#breadcrumb"},"inLanguage":"pl-PL","potentialAction":[{"@type":"ReadAction","target":["https:\/\/nigossusare.rs\/pl\/jednostki-sterujace\/automat-z-suszarki\/"]}]},{"@type":"BreadcrumbList","@id":"https:\/\/nigossusare.rs\/pl\/jednostki-sterujace\/automat-z-suszarki\/#breadcrumb","itemListElement":[{"@type":"ListItem","position":1,"name":"Home","item":"https:\/\/nigossusare.rs\/pl\/glowna\/"},{"@type":"ListItem","position":2,"name":"Jednostki steruj\u0105ce","item":"\/pl\/"},{"@type":"ListItem","position":3,"name":"Automat z suszarki"}]},{"@type":"WebSite","@id":"https:\/\/nigossusare.rs\/#website","url":"https:\/\/nigossusare.rs\/","name":"Nigos elektronik","description":"Susare za drvo, wood dryers, drying kilns, moisture meters","publisher":{"@id":"https:\/\/nigossusare.rs\/#organization"},"alternateName":"Nigos-elektronik","potentialAction":[{"@type":"SearchAction","target":{"@type":"EntryPoint","urlTemplate":"https:\/\/nigossusare.rs\/?s={search_term_string}"},"query-input":{"@type":"PropertyValueSpecification","valueRequired":true,"valueName":"search_term_string"}}],"inLanguage":"pl-PL"},{"@type":"Organization","@id":"https:\/\/nigossusare.rs\/#organization","name":"Nigos elektronik","url":"https:\/\/nigossusare.rs\/","logo":{"@type":"ImageObject","inLanguage":"pl-PL","@id":"https:\/\/nigossusare.rs\/#\/schema\/logo\/image\/","url":"https:\/\/nigossusare.rs\/wp-content\/uploads\/2020\/06\/NIGOS-elektronik-logo.png","contentUrl":"https:\/\/nigossusare.rs\/wp-content\/uploads\/2020\/06\/NIGOS-elektronik-logo.png","width":205,"height":70,"caption":"Nigos elektronik"},"image":{"@id":"https:\/\/nigossusare.rs\/#\/schema\/logo\/image\/"},"sameAs":["https:\/\/rs.linkedin.com\/in\/nigos-elektronik-nis-b82b2037","https:\/\/www.youtube.com\/watch?v=2LPdHiVUvu8"]}]}},"_links":{"self":[{"href":"https:\/\/nigossusare.rs\/pl\/wp-json\/wp\/v2\/pages\/3233","targetHints":{"allow":["GET"]}}],"collection":[{"href":"https:\/\/nigossusare.rs\/pl\/wp-json\/wp\/v2\/pages"}],"about":[{"href":"https:\/\/nigossusare.rs\/pl\/wp-json\/wp\/v2\/types\/page"}],"author":[{"embeddable":true,"href":"https:\/\/nigossusare.rs\/pl\/wp-json\/wp\/v2\/users\/1"}],"replies":[{"embeddable":true,"href":"https:\/\/nigossusare.rs\/pl\/wp-json\/wp\/v2\/comments?post=3233"}],"version-history":[{"count":5,"href":"https:\/\/nigossusare.rs\/pl\/wp-json\/wp\/v2\/pages\/3233\/revisions"}],"predecessor-version":[{"id":3293,"href":"https:\/\/nigossusare.rs\/pl\/wp-json\/wp\/v2\/pages\/3233\/revisions\/3293"}],"up":[{"embeddable":true,"href":"https:\/\/nigossusare.rs\/pl\/wp-json\/wp\/v2\/pages\/3230"}],"wp:attachment":[{"href":"https:\/\/nigossusare.rs\/pl\/wp-json\/wp\/v2\/media?parent=3233"}],"curies":[{"name":"wp","href":"https:\/\/api.w.org\/{rel}","templated":true}]}}