{"id":3216,"date":"2020-11-10T22:44:51","date_gmt":"2020-11-10T21:44:51","guid":{"rendered":"https:\/\/nigossusare.rs\/?page_id=3216"},"modified":"2026-03-11T12:00:56","modified_gmt":"2026-03-11T11:00:56","slug":"kontakt","status":"publish","type":"page","link":"https:\/\/nigossusare.rs\/pl\/kontakt\/","title":{"rendered":"Kontakt"},"content":{"rendered":"<div class=\"wpb-content-wrapper\"><p>[vc_row css_animation=\u201d\u201d row_type=\u201drow\u201d use_row_as_full_screen_section=\u201dno\u201d type=\u201dfull_width\u201d angled_section=\u201dno\u201d text_align=\u201dleft\u201d background_image_as_pattern=\u201dwithout_pattern\u201d z_index=\u201d\u201d][vc_column][\/vc_column][\/vc_row][vc_row css_animation=\u201d\u201d row_type=\u201drow\u201d use_row_as_full_screen_section=\u201dno\u201d type=\u201dgrid\u201d angled_section=\u201dno\u201d text_align=\u201dleft\u201d background_image_as_pattern=\u201dwithout_pattern\u201d css=\u201d.vc_custom_1591094967857{padding-top: 66px !important;padding-bottom: 0px !important;background-color: #f6f6f6 !important;}\u201d z_index=\u201d\u201d][vc_column offset=\u201dvc_col-lg-6 vc_col-md-6\u2033][vc_column_text]<\/p>\n<h3>Wy\u015blij nam wiadomo\u015b\u0107<\/h3>\n<p>[\/vc_column_text][vc_empty_space height=\u201d21px\u201d][vc_column_text]Prosimy o sprawdzenie poprawno\u015bci danych przed ich wys\u0142aniem, aby\u015bmy mogli si\u0119 z Tob\u0105 skontaktowa\u0107.[\/vc_column_text]\n<div class=\"wpcf7 no-js\" id=\"wpcf7-f3227-o1\" lang=\"en-US\" dir=\"ltr\">\n<div class=\"screen-reader-response\"><p role=\"status\" aria-live=\"polite\" aria-atomic=\"true\"><\/p> <ul><\/ul><\/div>\n<form action=\"\/pl\/wp-json\/wp\/v2\/pages\/3216#wpcf7-f3227-o1\" method=\"post\" class=\"wpcf7-form init cf7_custom_style_2\" aria-label=\"Contact form\" novalidate=\"novalidate\" data-status=\"init\">\n<div style=\"display: none;\">\n<input type=\"hidden\" name=\"_wpcf7\" value=\"3227\" \/>\n<input type=\"hidden\" name=\"_wpcf7_version\" value=\"5.9.6\" \/>\n<input type=\"hidden\" name=\"_wpcf7_locale\" value=\"en_US\" \/>\n<input type=\"hidden\" name=\"_wpcf7_unit_tag\" value=\"wpcf7-f3227-o1\" \/>\n<input type=\"hidden\" name=\"_wpcf7_container_post\" value=\"0\" \/>\n<input type=\"hidden\" name=\"_wpcf7_posted_data_hash\" value=\"\" \/>\n<\/div>\n<p><span class=\"wpcf7-form-control-wrap\" data-name=\"ime\"><input size=\"40\" maxlength=\"80\" class=\"wpcf7-form-control wpcf7-text wpcf7-validates-as-required\" aria-required=\"true\" aria-invalid=\"false\" placeholder=\"Imi\u0119 \/ Firma\" value=\"\" type=\"text\" name=\"ime\" \/><\/span>\n<\/p>\n<p><span class=\"wpcf7-form-control-wrap\" data-name=\"email\"><input size=\"40\" maxlength=\"80\" class=\"wpcf7-form-control wpcf7-email wpcf7-validates-as-required wpcf7-text wpcf7-validates-as-email\" aria-required=\"true\" aria-invalid=\"false\" placeholder=\"E-mail\" value=\"\" type=\"email\" name=\"email\" \/><\/span>\n<\/p>\n<p><span class=\"wpcf7-form-control-wrap\" data-name=\"tel\"><input size=\"40\" maxlength=\"80\" class=\"wpcf7-form-control wpcf7-text\" aria-invalid=\"false\" placeholder=\"Telefon\" value=\"\" type=\"text\" name=\"tel\" \/><\/span>\n<\/p>\n<p><span class=\"wpcf7-form-control-wrap\" data-name=\"adresa\"><textarea cols=\"40\" rows=\"10\" maxlength=\"400\" class=\"wpcf7-form-control wpcf7-textarea\" aria-invalid=\"false\" placeholder=\"Adres\" name=\"adresa\"><\/textarea><\/span>\n<\/p>\n<p><span class=\"wpcf7-form-control-wrap\" data-name=\"drzava\"><input size=\"40\" maxlength=\"80\" class=\"wpcf7-form-control wpcf7-text\" aria-invalid=\"false\" placeholder=\"Ziemia\" value=\"\" type=\"text\" name=\"drzava\" \/><\/span>\n<\/p>\n<p><span class=\"wpcf7-form-control-wrap\" data-name=\"poruka\"><textarea cols=\"40\" rows=\"10\" maxlength=\"400\" class=\"wpcf7-form-control wpcf7-textarea\" aria-invalid=\"false\" placeholder=\"Wiadomo\u015b\u0107\" name=\"poruka\"><\/textarea><\/span>\n<\/p>\n<p><input class=\"wpcf7-form-control wpcf7-submit has-spinner\" type=\"submit\" value=\"Wys\u0142a\u0107  \uf1d8\" \/>\n<\/p><div class=\"wpcf7-response-output\" aria-hidden=\"true\"><\/div>\n<\/form>\n<\/div>\n<span data-type=\"square\" data-hover-bg-color=\"#0000e7\" data-hover-icon-color=\"#ffffff\" class=\"qode_icon_shortcode fa-stack q_font_awsome_icon_square fa-lg pull-right \" style=\"background-color: #0077b5;border: 0;margin: -55px 2px 0 0;font-size: 12px;font-size: 25px;border-radius: 2px; \"><a   itemprop=\"url\" href=\"https:\/\/www.linkedin.com\/authwall?trk=gf&trkInfo=AQHlm5jy9AOb4AAAAXLthPBgdJsPJ5pzOAhYCnb2p8mWMe7mlPJyj10TRi0VIEc9G2HkbMO9qY_WrmgwmKpWYM4tIX9Avpj-0ZJ_T_bQHBP01lE6SaNbnHQH_lIIVpRJ8D0v_Dc=&originalReferer=https:\/\/nigossusare.rs\/kontakt\/&sessionRedirect=https%3A%2F%2Fwww.linkedin.com%2Fin%2Fnigos-elektronik-nis-b82b2037%2F\" target=\"_blank\"><span aria-hidden=\"true\" class=\"qode_icon_font_elegant social_linkedin qode_icon_element\" style=\"font-size: 12px;color: #ffffff;\" ><\/span><\/a><\/span>[vc_empty_space height=\u201d60px\u201d][\/vc_column][vc_column offset=\u201dvc_col-lg-6 vc_col-md-6\u2033][vc_column_text]<\/p>\n<h3>Zadzwo\u0144 lub napisz do nas e-mail<\/h3>\n<p>[\/vc_column_text][vc_empty_space height=\u201d20px\u201d][vc_column_text]<\/p>\n<h3>G\u0142\u00f3wna siedziba<\/h3>\n<p>[\/vc_column_text]<div class=\"q_icon_list\"><i class=\"qode_icon_font_awesome fa fa-phone qode-ili-icon-holder transparent\" style=\"color: #000000;\" ><\/i><p style=\"color:#000000;font-weight: 400;\"><\/p><\/div><div class=\"q_icon_list\"><i class=\"qode_icon_font_awesome fa fa-fax qode-ili-icon-holder transparent\" style=\"color: #000000;\" ><\/i><p style=\"color:#000000;font-weight: 400;margin-bottom: 0px;\"><\/p><\/div><div class=\"q_icon_list\"><i class=\"qode_icon_font_awesome fa fa-mobile qode-ili-icon-holder transparent\" style=\"color: #000000;\" ><\/i><p style=\"color:#000000;font-weight: 400;\"><\/p><\/div><div class=\"q_icon_list\"><i class=\"qode_icon_font_awesome fa fa-mobile qode-ili-icon-holder transparent\" style=\"color: #000000;\" ><\/i><p style=\"color:#000000;font-weight: 400;\"><\/p><\/div>[vc_empty_space height=\u201d1px\u201d]<div class=\"q_icon_list\"><i class=\"qode_icon_font_awesome fa fa-envelope qode-ili-icon-holder transparent\" style=\"color: #000000;\" ><\/i><p style=\"color:#000000;font-weight: 400;\"><\/p><\/div><div class=\"q_icon_list\"><i class=\"qode_icon_font_awesome fa fa-envelope qode-ili-icon-holder transparent\" style=\"color: #000000;\" ><\/i><p style=\"color:#000000;font-weight: 400;\"><\/p><\/div>[vc_empty_space height=\u201d1px\u201d]<div class=\"q_icon_list\"><i class=\"qode_icon_font_awesome fa fa-map-marker qode-ili-icon-holder transparent\" style=\"color: #000000;\" ><\/i><p style=\"color:#000000;font-weight: 400;\"><\/p><\/div><div class=\"q_icon_list\"><i class=\"qode_icon_font_awesome fa fa-globe qode-ili-icon-holder transparent\" style=\"color: #000000;\" ><\/i><p style=\"color:#000000;font-weight: 400;\"><\/p><\/div>[vc_empty_space height=\u201d40px\u201d][vc_column_text]<\/p>\n<h3>Dzia\u0142 produkcyjny<\/h3>\n<p>[\/vc_column_text][vc_empty_space height=\u201d13px\u201d]<div class=\"q_icon_list\"><i class=\"qode_icon_font_awesome fa fa-phone qode-ili-icon-holder transparent\" style=\"color: #000000;\" ><\/i><p style=\"color:#000000;font-weight: 400;\"><\/p><\/div><div class=\"q_icon_list\"><i class=\"qode_icon_font_awesome fa fa-mobile qode-ili-icon-holder transparent\" style=\"color: #000000;\" ><\/i><p style=\"color:#000000;font-weight: 400;\"><\/p><\/div><div class=\"q_icon_list\"><i class=\"qode_icon_font_awesome fa fa-envelope qode-ili-icon-holder transparent\" style=\"color: #000000;\" ><\/i><p style=\"color:#000000;font-weight: 400;\"><\/p><\/div><div class=\"q_icon_list\"><i class=\"qode_icon_font_awesome fa fa-envelope qode-ili-icon-holder transparent\" style=\"color: #000000;\" ><\/i><p style=\"color:#000000;font-weight: 400;\"><\/p><\/div><div class=\"q_icon_list\"><i class=\"qode_icon_font_awesome fa fa-map-marker qode-ili-icon-holder transparent\" style=\"color: #000000;\" ><\/i><p style=\"color:#000000;font-weight: 400;\"><\/p><\/div><div class=\"q_icon_list\"><i class=\"qode_icon_font_awesome fa fa-globe qode-ili-icon-holder transparent\" style=\"color: #000000;\" ><\/i><p style=\"color:#000000;font-weight: 400;\"><\/p><\/div>[vc_empty_space height=\u201d15px\u201d][\/vc_column][\/vc_row][vc_row css_animation=\u201d\u201d row_type=\u201drow\u201d use_row_as_full_screen_section=\u201dno\u201d type=\u201dfull_width\u201d angled_section=\u201dno\u201d text_align=\u201dleft\u201d background_image_as_pattern=\u201dwithout_pattern\u201d css=\u201d.vc_custom_1720118577125{padding-bottom: 32px !important;}\u201d z_index=\u201d\u201d el_id=\u201dpantelej\u201d el_class=\u201danchor\u201d][vc_column][vc_empty_space height=\u201d60px\u201d][vc_gmaps link=\u201d#E-8_JTNDaWZyYW1lJTIwc3JjJTNEJTIyaHR0cHMlM0ElMkYlMkZ3d3cuZ29vZ2xlLmNvbSUyRm1hcHMlMkZlbWJlZCUzRnBiJTNEJTIxMW0xOCUyMTFtMTIlMjExbTMlMjExZDI0NDAuMjExOTA0OTUyMDc1JTIxMmQyMS45MTc1NjI5NjEwMTY1NjglMjEzZDQzLjMzNjkxODMzNzQ1NjA5JTIxMm0zJTIxMWYwJTIxMmYwJTIxM2YwJTIxM20yJTIxMWkxMDI0JTIxMmk3NjglMjE0ZjEzLjElMjEzbTMlMjExbTIlMjExczB4NDc1NWIwZDg0YTUyNTk1OSUyNTNBMHg1MzFhOWExMDRlODQ4OTllJTIxMnNOaWdvcyUyNTIwRWxla3Ryb25payUyMTVlMCUyMTNtMiUyMTFzc3IlMjEyc3JzJTIxNHYxNTg0OTE1NDI4MTk3JTIxNW0yJTIxMXNzciUyMTJzcnMlMjIlMjB3aWR0aCUzRCUyMjYwMCUyMiUyMGhlaWdodCUzRCUyMjQ1MCUyMiUyMGZyYW1lYm9yZGVyJTNEJTIyMCUyMiUyMHN0eWxlJTNEJTIyYm9yZGVyJTNBMCUzQiUyMiUyMGFsbG93ZnVsbHNjcmVlbiUzRCUyMiUyMiUyMGFyaWEtaGlkZGVuJTNEJTIyZmFsc2UlMjIlMjB0YWJpbmRleCUzRCUyMjAlMjIlM0UlM0MlMkZpZnJhbWUlM0U=\u201d][vc_empty_space height=\u201d50px\u201d][\/vc_column][\/vc_row][vc_row css_animation=\u201d\u201d row_type=\u201drow\u201d use_row_as_full_screen_section=\u201dno\u201d type=\u201dfull_width\u201d angled_section=\u201dno\u201d text_align=\u201dleft\u201d background_image_as_pattern=\u201dwithout_pattern\u201d el_id=\u201dproizvodnja\u201d z_index=\u201d\u201d el_class=\u201danchor\u201d][vc_column][vc_gmaps link=\u201d#E-8_JTNDaWZyYW1lJTIwc3JjJTNEJTIyaHR0cHMlM0ElMkYlMkZ3d3cuZ29vZ2xlLmNvbSUyRm1hcHMlMkZlbWJlZCUzRnBiJTNEJTIxMW0xOCUyMTFtMTIlMjExbTMlMjExZDI5MDMuNjc2OTI3NjU3MDc1MyUyMTJkMjEuNzU5NTU5MzE1NDg2MyUyMTNkNDMuMzAwMDg2OTc5MTM1MDI0JTIxMm0zJTIxMWYwJTIxMmYwJTIxM2YwJTIxM20yJTIxMWkxMDI0JTIxMmk3NjglMjE0ZjEzLjElMjEzbTMlMjExbTIlMjExczB4NDc1NWI4NzhhZGY3MjY0YiUyNTNBMHg0MWRkY2Q4YWMxZDYyYjJjJTIxMnNOSUdPUyUyNTIwRWxla3Ryb25payUyNTIwLSUyNTIwcG9nb24lMjUyMEFsZWtzYW5kcm92byUyMTVlMCUyMTNtMiUyMTFzZW4lMjEyc3JzJTIxNHYxNTkxMDkyMjc1NzQ4JTIxNW0yJTIxMXNlbiUyMTJzcnMlMjIlMjB3aWR0aCUzRCUyMjYwMCUyMiUyMGhlaWdodCUzRCUyMjQ1MCUyMiUyMGZyYW1lYm9yZGVyJTNEJTIyMCUyMiUyMHN0eWxlJTNEJTIyYm9yZGVyJTNBMCUzQiUyMiUyMGFsbG93ZnVsbHNjcmVlbiUzRCUyMiUyMiUyMGFyaWEtaGlkZGVuJTNEJTIyZmFsc2UlMjIlMjB0YWJpbmRleCUzRCUyMjAlMjIlM0UlM0MlMkZpZnJhbWUlM0U=\u201d][vc_empty_space height=\u201d50px\u201d][\/vc_column][\/vc_row][vc_row css_animation=\u201d\u201d row_type=\u201drow\u201d use_row_as_full_screen_section=\u201dno\u201d type=\u201dfull_width\u201d angled_section=\u201dno\u201d text_align=\u201dleft\u201d background_image_as_pattern=\u201dwithout_pattern\u201d css=\u201d.vc_custom_1591094994092{padding-bottom: 32px !important;}\u201d z_index=\u201d\u201d][vc_column][vc_gallery type=\u201dimage_grid\u201d images=\u201d3218,3225,3220,3221,3222,3223,3224,3219\u2033 img_size=\u201dmedium\u201d column_number=\u201d4\u2033 grayscale=\u201dno\u201d images_space=\u201dgallery_with_space\u201d][vc_empty_space height=\u201d20px\u201d][\/vc_column][\/vc_row][vc_row css_animation=\u201d\u201d row_type=\u201drow\u201d use_row_as_full_screen_section=\u201dno\u201d type=\u201dfull_width\u201d angled_section=\u201dno\u201d text_align=\u201dleft\u201d background_image_as_pattern=\u201dwithout_pattern\u201d css=\u201d.vc_custom_1591095486773{padding-top: 50px !important;padding-bottom: 50px !important;}\u201d z_index=\u201d\u201d el_id=\u201dpredstavnici\u201d][vc_column][vc_column_text]<\/p>\n<h3 style=\"text-align: center; text-transform: uppercase;\">PRZEDSTAWICIELE<\/h3>\n<p>[\/vc_column_text][vc_empty_space height=\u201d20px\u201d][vc_row_inner row_type=\u201drow\u201d type=\u201dfull_width\u201d text_align=\u201dleft\u201d css_animation=\u201d\u201d][vc_column_inner width=\u201d1\/4\u2033][vc_empty_space height=\u201d16px\u201d][vc_column_text]<\/p>\n<h4 style=\"text-align: center;\">POLSKA<\/h4>\n<p>\u00a0<\/p>\n<p style=\"text-align: center;\">ENESA<\/p>\n<p style=\"text-align: center;\">Legnicka 8b, 44-105 Gliwice<\/p>\n<p style=\"text-align: center;\">Kontakt: Martyna Pytel<\/p>\n<p style=\"text-align: center;\">e-mail: biuro@enesa.pl<\/p>\n<p style=\"text-align: center;\">mob: +48 516 500 729<\/p>\n<p>[\/vc_column_text][vc_empty_space height=\u201d48px\u201d][vc_column_text css=\u201d\u201d]<\/p>\n<h4 style=\"text-align: center;\">RUMUNIA<\/h4>\n<p>\u00a0<\/p>\n<p style=\"text-align: center;\">WOODPROCESS SYSTEMS SRL<\/p>\n<p style=\"text-align: center;\">Cotroceni Business Center<\/p>\n<p style=\"text-align: center;\">Bulwar Iuliu Maniu 7<\/p>\n<p style=\"text-align: center;\">061072 Bukure\u0161t, Rumunija<\/p>\n<p style=\"text-align: center;\">Kontakt: Adrian Cristescu<\/p>\n<p style=\"text-align: center;\">tel: +40 31 005 11 83<\/p>\n<p style=\"text-align: center;\">mob: +40 723 867 319<\/p>\n<p style=\"text-align: center;\">e-mail: office@woodprocess.ro<\/p>\n<p style=\"text-align: center;\">web: www.woodprocess.ro<\/p>\n<p>[\/vc_column_text][\/vc_column_inner][vc_column_inner width=\u201d1\/4\u2033][vc_empty_space height=\u201d16px\u201d][vc_column_text]<\/p>\n<h4 style=\"text-align: center;\">PERU<\/h4>\n<p>\u00a0<\/p>\n<p style=\"text-align: center;\">IMAD<\/p>\n<p style=\"text-align: center;\">Lima<\/p>\n<p style=\"text-align: center;\">Kontakt: Hanz Esteban<\/p>\n<p style=\"text-align: center;\">e-mail: hanzesteban@hotmail.com<\/p>\n<p style=\"text-align: center;\">mob: +51 998 263 618<\/p>\n<p>[\/vc_column_text][vc_empty_space height=\u201d48px\u201d][vc_column_text]<\/p>\n<h4 style=\"text-align: center;\">BO\u015aNIA I HERCEGOWINA<\/h4>\n<p>\u00a0<\/p>\n<p style=\"text-align: center;\">EUROELEKTRONIK<\/p>\n<p style=\"text-align: center;\">Put srpskih branilaca 500, Banja Luka, RS<\/p>\n<p style=\"text-align: center;\">Kontakt: Dragan Vu\u010dkovac<\/p>\n<p style=\"text-align: center;\">e-mail: euroelektronik1@gmail.com<\/p>\n<p style=\"text-align: center;\">mob: +387 65 641990<\/p>\n<p style=\"text-align: center;\"><em>pomoc techniczna<\/em><\/p>\n<p>[\/vc_column_text][\/vc_column_inner][vc_column_inner width=\u201d1\/4\u2033][vc_empty_space height=\u201d16px\u201d][vc_column_text]<\/p>\n<h4 style=\"text-align: center;\">SINGAPUR<\/h4>\n<p>\u00a0<\/p>\n<p style=\"text-align: center;\">TRITHERM CORPORATION<\/p>\n<p style=\"text-align: center;\">Singapore<\/p>\n<p style=\"text-align: center;\">Kontakt: Godfrey Foo<\/p>\n<p style=\"text-align: center;\">e-mail: godfrey@tritherm.com<\/p>\n<p style=\"text-align: center;\">mob: +65 68534 270<\/p>\n<p>[\/vc_column_text][vc_empty_space height=\u201d48px\u201d][vc_column_text]<\/p>\n<h4 style=\"text-align: center;\">FEDERACJA ROSYJSKA<\/h4>\n<p>\u00a0<\/p>\n<p style=\"text-align: center;\">SKRONSUSHMASH<\/p>\n<p style=\"text-align: center;\">Ulyanova 18A\/204, 241035 Bryansk<\/p>\n<p style=\"text-align: center;\">Kontakt: Valentina<\/p>\n<p style=\"text-align: center;\">e-mail: office@scron.com<\/p>\n<p>[\/vc_column_text][\/vc_column_inner][vc_column_inner width=\u201d1\/4\u2033][vc_empty_space height=\u201d16px\u201d][vc_column_text]<\/p>\n<h4 style=\"text-align: center;\">CHILE<\/h4>\n<p>\u00a0<\/p>\n<p style=\"text-align: center;\">SALVALEGNO<\/p>\n<p style=\"text-align: center;\">Pucon, Chile<\/p>\n<p style=\"text-align: center;\">Kontakt: Mario Salvatori<\/p>\n<p style=\"text-align: center;\">e-mail: mariosalvatori@yahoo.com<\/p>\n<p style=\"text-align: center;\">mob: +56 99 4406693<\/p>\n<p>[\/vc_column_text][vc_empty_space height=\u201d48px\u201d][\/vc_column_inner][\/vc_row_inner][\/vc_column][\/vc_row]<\/p>\n<\/div>","protected":false},"excerpt":{"rendered":"<p>[vc_row css_animation=\u201d\u201d row_type=\u201drow\u201d use_row_as_full_screen_section=\u201dno\u201d type=\u201dfull_width\u201d angled_section=\u201dno\u201d text_align=\u201dleft\u201d background_image_as_pattern=\u201dwithout_pattern\u201d z_index=\u201d\u201d][vc_column][\/vc_column][\/vc_row][vc_row css_animation=\u201d\u201d row_type=\u201drow\u201d use_row_as_full_screen_section=\u201dno\u201d type=\u201dgrid\u201d angled_section=\u201dno\u201d text_align=\u201dleft\u201d background_image_as_pattern=\u201dwithout_pattern\u201d css=\u201d.vc_custom_1591094967857{padding-top: 66px !important;padding-bottom: 0px !important;background-color: #f6f6f6 !important;}\u201d z_index=\u201d\u201d][vc_column offset=\u201dvc_col-lg-6 vc_col-md-6\u2033][vc_column_text] Wy\u015blij nam wiadomo\u015b\u0107 [\/vc_column_text][vc_empty_space height=\u201d21px\u201d][vc_column_text]Prosimy o sprawdzenie poprawno\u015bci danych przed ich wys\u0142aniem, aby\u015bmy mogli si\u0119 z Tob\u0105 skontaktowa\u0107.[\/vc_column_text][vc_empty_space height=\u201d60px\u201d][\/vc_column][vc_column\u2026<\/p>\n","protected":false},"author":1,"featured_media":0,"parent":0,"menu_order":0,"comment_status":"closed","ping_status":"closed","template":"full_width.php","meta":{"footnotes":"","_links_to":"","_links_to_target":""},"class_list":["post-3216","page","type-page","status-publish","hentry"],"yoast_head":"<!-- This site is optimized with the Yoast SEO plugin v27.4 - https:\/\/yoast.com\/product\/yoast-seo-wordpress\/ -->\n<title>Kontakt - Nigos elektronik<\/title>\n<meta name=\"robots\" content=\"index, follow, max-snippet:-1, max-image-preview:large, max-video-preview:-1\" \/>\n<link rel=\"canonical\" href=\"https:\/\/nigossusare.rs\/pl\/kontakt\/\" \/>\n<meta property=\"og:locale\" content=\"pl_PL\" \/>\n<meta property=\"og:type\" content=\"article\" \/>\n<meta property=\"og:title\" content=\"Kontakt - Nigos elektronik\" \/>\n<meta property=\"og:description\" content=\"[vc_row css_animation=\u201d\u201d row_type=\u201drow\u201d use_row_as_full_screen_section=\u201dno\u201d type=\u201dfull_width\u201d angled_section=\u201dno\u201d text_align=\u201dleft\u201d background_image_as_pattern=\u201dwithout_pattern\u201d z_index=\u201d\u201d][vc_column][\/vc_column][\/vc_row][vc_row css_animation=\u201d\u201d row_type=\u201drow\u201d use_row_as_full_screen_section=\u201dno\u201d type=\u201dgrid\u201d angled_section=\u201dno\u201d text_align=\u201dleft\u201d background_image_as_pattern=\u201dwithout_pattern\u201d css=\u201d.vc_custom_1591094967857{padding-top: 66px !important;padding-bottom: 0px !important;background-color: #f6f6f6 !important;}\u201d z_index=\u201d\u201d][vc_column offset=\u201dvc_col-lg-6 vc_col-md-6\u2033][vc_column_text] Wy\u015blij nam wiadomo\u015b\u0107 [\/vc_column_text][vc_empty_space height=\u201d21px\u201d][vc_column_text]Prosimy o sprawdzenie poprawno\u015bci danych przed ich wys\u0142aniem, aby\u015bmy mogli si\u0119 z Tob\u0105 skontaktowa\u0107.[\/vc_column_text][vc_empty_space height=\u201d60px\u201d][\/vc_column][vc_column...\" \/>\n<meta property=\"og:url\" content=\"https:\/\/nigossusare.rs\/pl\/kontakt\/\" \/>\n<meta property=\"og:site_name\" content=\"Nigos elektronik\" \/>\n<meta property=\"article:modified_time\" content=\"2026-03-11T11:00:56+00:00\" \/>\n<meta property=\"og:image\" content=\"https:\/\/nigossusare.rs\/wp-content\/uploads\/2024\/08\/vks-1200x675-2.jpg\" \/>\n\t<meta property=\"og:image:width\" content=\"1200\" \/>\n\t<meta property=\"og:image:height\" content=\"675\" \/>\n\t<meta property=\"og:image:type\" content=\"image\/jpeg\" \/>\n<meta name=\"twitter:card\" content=\"summary_large_image\" \/>\n<meta name=\"twitter:label1\" content=\"Est. reading time\" \/>\n\t<meta name=\"twitter:data1\" content=\"4 minuty\" \/>\n<script type=\"application\/ld+json\" class=\"yoast-schema-graph\">{\"@context\":\"https:\\\/\\\/schema.org\",\"@graph\":[{\"@type\":\"WebPage\",\"@id\":\"https:\\\/\\\/nigossusare.rs\\\/pl\\\/kontakt\\\/\",\"url\":\"https:\\\/\\\/nigossusare.rs\\\/pl\\\/kontakt\\\/\",\"name\":\"Kontakt - Nigos elektronik\",\"isPartOf\":{\"@id\":\"https:\\\/\\\/nigossusare.rs\\\/#website\"},\"datePublished\":\"2020-11-10T21:44:51+00:00\",\"dateModified\":\"2026-03-11T11:00:56+00:00\",\"breadcrumb\":{\"@id\":\"https:\\\/\\\/nigossusare.rs\\\/pl\\\/kontakt\\\/#breadcrumb\"},\"inLanguage\":\"pl-PL\",\"potentialAction\":[{\"@type\":\"ReadAction\",\"target\":[\"https:\\\/\\\/nigossusare.rs\\\/pl\\\/kontakt\\\/\"]}]},{\"@type\":\"BreadcrumbList\",\"@id\":\"https:\\\/\\\/nigossusare.rs\\\/pl\\\/kontakt\\\/#breadcrumb\",\"itemListElement\":[{\"@type\":\"ListItem\",\"position\":1,\"name\":\"Home\",\"item\":\"https:\\\/\\\/nigossusare.rs\\\/pl\\\/glowna\\\/\"},{\"@type\":\"ListItem\",\"position\":2,\"name\":\"Kontakt\"}]},{\"@type\":\"WebSite\",\"@id\":\"https:\\\/\\\/nigossusare.rs\\\/#website\",\"url\":\"https:\\\/\\\/nigossusare.rs\\\/\",\"name\":\"Nigos elektronik\",\"description\":\"Susare za drvo, wood dryers, drying kilns, moisture meters\",\"publisher\":{\"@id\":\"https:\\\/\\\/nigossusare.rs\\\/#organization\"},\"alternateName\":\"Nigos-elektronik\",\"potentialAction\":[{\"@type\":\"SearchAction\",\"target\":{\"@type\":\"EntryPoint\",\"urlTemplate\":\"https:\\\/\\\/nigossusare.rs\\\/?s={search_term_string}\"},\"query-input\":{\"@type\":\"PropertyValueSpecification\",\"valueRequired\":true,\"valueName\":\"search_term_string\"}}],\"inLanguage\":\"pl-PL\"},{\"@type\":\"Organization\",\"@id\":\"https:\\\/\\\/nigossusare.rs\\\/#organization\",\"name\":\"Nigos elektronik\",\"url\":\"https:\\\/\\\/nigossusare.rs\\\/\",\"logo\":{\"@type\":\"ImageObject\",\"inLanguage\":\"pl-PL\",\"@id\":\"https:\\\/\\\/nigossusare.rs\\\/#\\\/schema\\\/logo\\\/image\\\/\",\"url\":\"https:\\\/\\\/nigossusare.rs\\\/wp-content\\\/uploads\\\/2020\\\/06\\\/NIGOS-elektronik-logo.png\",\"contentUrl\":\"https:\\\/\\\/nigossusare.rs\\\/wp-content\\\/uploads\\\/2020\\\/06\\\/NIGOS-elektronik-logo.png\",\"width\":205,\"height\":70,\"caption\":\"Nigos elektronik\"},\"image\":{\"@id\":\"https:\\\/\\\/nigossusare.rs\\\/#\\\/schema\\\/logo\\\/image\\\/\"},\"sameAs\":[\"https:\\\/\\\/rs.linkedin.com\\\/in\\\/nigos-elektronik-nis-b82b2037\",\"https:\\\/\\\/www.youtube.com\\\/watch?v=2LPdHiVUvu8\"]}]}<\/script>\n<!-- \/ Yoast SEO plugin. -->","yoast_head_json":{"title":"Kontakt - Nigos elektronik","robots":{"index":"index","follow":"follow","max-snippet":"max-snippet:-1","max-image-preview":"max-image-preview:large","max-video-preview":"max-video-preview:-1"},"canonical":"https:\/\/nigossusare.rs\/pl\/kontakt\/","og_locale":"pl_PL","og_type":"article","og_title":"Kontakt - Nigos elektronik","og_description":"[vc_row css_animation=\u201d\u201d row_type=\u201drow\u201d use_row_as_full_screen_section=\u201dno\u201d type=\u201dfull_width\u201d angled_section=\u201dno\u201d text_align=\u201dleft\u201d background_image_as_pattern=\u201dwithout_pattern\u201d z_index=\u201d\u201d][vc_column][\/vc_column][\/vc_row][vc_row css_animation=\u201d\u201d row_type=\u201drow\u201d use_row_as_full_screen_section=\u201dno\u201d type=\u201dgrid\u201d angled_section=\u201dno\u201d text_align=\u201dleft\u201d background_image_as_pattern=\u201dwithout_pattern\u201d css=\u201d.vc_custom_1591094967857{padding-top: 66px !important;padding-bottom: 0px !important;background-color: #f6f6f6 !important;}\u201d z_index=\u201d\u201d][vc_column offset=\u201dvc_col-lg-6 vc_col-md-6\u2033][vc_column_text] Wy\u015blij nam wiadomo\u015b\u0107 [\/vc_column_text][vc_empty_space height=\u201d21px\u201d][vc_column_text]Prosimy o sprawdzenie poprawno\u015bci danych przed ich wys\u0142aniem, aby\u015bmy mogli si\u0119 z Tob\u0105 skontaktowa\u0107.[\/vc_column_text][vc_empty_space height=\u201d60px\u201d][\/vc_column][vc_column...","og_url":"https:\/\/nigossusare.rs\/pl\/kontakt\/","og_site_name":"Nigos elektronik","article_modified_time":"2026-03-11T11:00:56+00:00","og_image":[{"width":1200,"height":675,"url":"https:\/\/nigossusare.rs\/wp-content\/uploads\/2024\/08\/vks-1200x675-2.jpg","type":"image\/jpeg"}],"twitter_card":"summary_large_image","twitter_misc":{"Est. reading time":"4 minuty"},"schema":{"@context":"https:\/\/schema.org","@graph":[{"@type":"WebPage","@id":"https:\/\/nigossusare.rs\/pl\/kontakt\/","url":"https:\/\/nigossusare.rs\/pl\/kontakt\/","name":"Kontakt - Nigos elektronik","isPartOf":{"@id":"https:\/\/nigossusare.rs\/#website"},"datePublished":"2020-11-10T21:44:51+00:00","dateModified":"2026-03-11T11:00:56+00:00","breadcrumb":{"@id":"https:\/\/nigossusare.rs\/pl\/kontakt\/#breadcrumb"},"inLanguage":"pl-PL","potentialAction":[{"@type":"ReadAction","target":["https:\/\/nigossusare.rs\/pl\/kontakt\/"]}]},{"@type":"BreadcrumbList","@id":"https:\/\/nigossusare.rs\/pl\/kontakt\/#breadcrumb","itemListElement":[{"@type":"ListItem","position":1,"name":"Home","item":"https:\/\/nigossusare.rs\/pl\/glowna\/"},{"@type":"ListItem","position":2,"name":"Kontakt"}]},{"@type":"WebSite","@id":"https:\/\/nigossusare.rs\/#website","url":"https:\/\/nigossusare.rs\/","name":"Nigos elektronik","description":"Susare za drvo, wood dryers, drying kilns, moisture meters","publisher":{"@id":"https:\/\/nigossusare.rs\/#organization"},"alternateName":"Nigos-elektronik","potentialAction":[{"@type":"SearchAction","target":{"@type":"EntryPoint","urlTemplate":"https:\/\/nigossusare.rs\/?s={search_term_string}"},"query-input":{"@type":"PropertyValueSpecification","valueRequired":true,"valueName":"search_term_string"}}],"inLanguage":"pl-PL"},{"@type":"Organization","@id":"https:\/\/nigossusare.rs\/#organization","name":"Nigos elektronik","url":"https:\/\/nigossusare.rs\/","logo":{"@type":"ImageObject","inLanguage":"pl-PL","@id":"https:\/\/nigossusare.rs\/#\/schema\/logo\/image\/","url":"https:\/\/nigossusare.rs\/wp-content\/uploads\/2020\/06\/NIGOS-elektronik-logo.png","contentUrl":"https:\/\/nigossusare.rs\/wp-content\/uploads\/2020\/06\/NIGOS-elektronik-logo.png","width":205,"height":70,"caption":"Nigos elektronik"},"image":{"@id":"https:\/\/nigossusare.rs\/#\/schema\/logo\/image\/"},"sameAs":["https:\/\/rs.linkedin.com\/in\/nigos-elektronik-nis-b82b2037","https:\/\/www.youtube.com\/watch?v=2LPdHiVUvu8"]}]}},"_links":{"self":[{"href":"https:\/\/nigossusare.rs\/pl\/wp-json\/wp\/v2\/pages\/3216","targetHints":{"allow":["GET"]}}],"collection":[{"href":"https:\/\/nigossusare.rs\/pl\/wp-json\/wp\/v2\/pages"}],"about":[{"href":"https:\/\/nigossusare.rs\/pl\/wp-json\/wp\/v2\/types\/page"}],"author":[{"embeddable":true,"href":"https:\/\/nigossusare.rs\/pl\/wp-json\/wp\/v2\/users\/1"}],"replies":[{"embeddable":true,"href":"https:\/\/nigossusare.rs\/pl\/wp-json\/wp\/v2\/comments?post=3216"}],"version-history":[{"count":11,"href":"https:\/\/nigossusare.rs\/pl\/wp-json\/wp\/v2\/pages\/3216\/revisions"}],"predecessor-version":[{"id":5038,"href":"https:\/\/nigossusare.rs\/pl\/wp-json\/wp\/v2\/pages\/3216\/revisions\/5038"}],"wp:attachment":[{"href":"https:\/\/nigossusare.rs\/pl\/wp-json\/wp\/v2\/media?parent=3216"}],"curies":[{"name":"wp","href":"https:\/\/api.w.org\/{rel}","templated":true}]}}