{"id":3176,"date":"2020-11-09T22:45:21","date_gmt":"2020-11-09T21:45:21","guid":{"rendered":"https:\/\/nigossusare.rs\/?page_id=3176"},"modified":"2023-07-26T19:07:54","modified_gmt":"2023-07-26T17:07:54","slug":"rozwiazania-pod-klucz","status":"publish","type":"page","link":"https:\/\/nigossusare.rs\/pl\/uslugi\/rozwiazania-pod-klucz\/","title":{"rendered":"ROZWI\u0104ZANIA \u201dPOD KLUCZ\u201d"},"content":{"rendered":"<div class=\"wpb-content-wrapper\"><p>[vc_row css_animation=\u201d\u201d row_type=\u201drow\u201d use_row_as_full_screen_section=\u201dno\u201d type=\u201dfull_width\u201d angled_section=\u201dno\u201d text_align=\u201dleft\u201d background_image_as_pattern=\u201dwithout_pattern\u201d][vc_column][vc_row_inner row_type=\u201drow\u201d type=\u201dfull_width\u201d text_align=\u201dleft\u201d css_animation=\u201d\u201d][vc_column_inner][vc_empty_space][vc_column_text]<strong>Standardowa dostawa<\/strong> suszarni i kom\u00f3r parowych do drewna \u201dNIGOS-elektronik\u201d obejmuje:<\/p>\n<ul>\n<li>Budowa sprz\u0119tu i komory<\/li>\n<li>Dostawa i instalacja sprz\u0119tu i kom\u00f3r<\/li>\n<li>Instalacja oprogramowania NIGOS do zdalnego monitorowania i sterowania procesem suszenia \/ parowania<\/li>\n<li>Uruchomienie suszarni i kom\u00f3r parowych i szkolenie operator\u00f3w<\/li>\n<li>Dostarczenie dokumentacji do obs\u0142ugi i konserwacji<\/li>\n<\/ul>\n<p>\u00a0<\/p>\n<p>Na \u017cyczenie klienta zapewniamy <strong>r\u00f3wnie\u017c dostaw\u0119 <\/strong><strong>\u201d<\/strong><strong>pod klucz<\/strong><strong>\u201d<\/strong>, kt\u00f3ra opr\u00f3cz powy\u017cszego obejmuje:<\/p>\n<ul>\n<li>Budowa pokoju dowodzenia dla w\u0119z\u0142a cieplnego i automatyki<\/li>\n<li>Opracowanie projektu (konstrukcyjnego, termomechanicznego i elektrycznego)<\/li>\n<li>Produkcja g\u0142\u00f3wnego panelu sterowania rozdzielnic\u0105 dla kilku suszarni<\/li>\n<li>Budowa w\u0119z\u0142a cieplnego (wraz z pomp\u0105 cyrkulacyjn\u0105 dla ka\u017cdej suszarni z osobna)<\/li>\n<li>Budowa instalacja ciep\u0142ej wody z izolacj\u0105<\/li>\n<li>Instalacja miernik\u00f3w zu\u017cycia energii elektrycznej i cieplnej dla suszarni<\/li>\n<\/ul>\n<p>[\/vc_column_text][vc_empty_space][\/vc_column_inner][\/vc_row_inner][\/vc_column][\/vc_row][vc_row css_animation=\u201d\u201d row_type=\u201drow\u201d use_row_as_full_screen_section=\u201dno\u201d type=\u201dfull_width\u201d angled_section=\u201dno\u201d text_align=\u201dleft\u201d background_image_as_pattern=\u201dwithout_pattern\u201d][vc_column][vc_empty_space height=\u201d10px\u201d][vc_gallery type=\u201dimage_grid\u201d images=\u201d3181,3182,3183,3184,3185,3186,3187,3188\u2033 img_size=\u201dmedium\u201d column_number=\u201d4\u2033 grayscale=\u201dno\u201d images_space=\u201dgallery_with_space\u201d][\/vc_column][\/vc_row]<\/p>\n<\/div>","protected":false},"excerpt":{"rendered":"<p>[vc_row css_animation=\u201d\u201d row_type=\u201drow\u201d use_row_as_full_screen_section=\u201dno\u201d type=\u201dfull_width\u201d angled_section=\u201dno\u201d text_align=\u201dleft\u201d background_image_as_pattern=\u201dwithout_pattern\u201d][vc_column][vc_row_inner row_type=\u201drow\u201d type=\u201dfull_width\u201d text_align=\u201dleft\u201d css_animation=\u201d\u201d][vc_column_inner][vc_empty_space][vc_column_text]Standardowa dostawa suszarni i kom\u00f3r parowych do drewna \u201dNIGOS-elektronik\u201d obejmuje: Budowa sprz\u0119tu i komory Dostawa i instalacja sprz\u0119tu i kom\u00f3r Instalacja oprogramowania NIGOS do zdalnego monitorowania i sterowania procesem suszenia \/ parowania Uruchomienie suszarni\u2026<\/p>\n","protected":false},"author":1,"featured_media":0,"parent":3143,"menu_order":0,"comment_status":"closed","ping_status":"closed","template":"","meta":{"footnotes":"","_links_to":"","_links_to_target":""},"class_list":["post-3176","page","type-page","status-publish","hentry"],"yoast_head":"<!-- This site is optimized with the Yoast SEO plugin v27.4 - https:\/\/yoast.com\/product\/yoast-seo-wordpress\/ -->\n<title>ROZWI\u0104ZANIA \u201dPOD KLUCZ\u201d - Nigos elektronik<\/title>\n<meta name=\"robots\" content=\"index, follow, max-snippet:-1, max-image-preview:large, max-video-preview:-1\" \/>\n<link rel=\"canonical\" href=\"https:\/\/nigossusare.rs\/pl\/uslugi\/rozwiazania-pod-klucz\/\" \/>\n<meta property=\"og:locale\" content=\"pl_PL\" \/>\n<meta property=\"og:type\" content=\"article\" \/>\n<meta property=\"og:title\" content=\"ROZWI\u0104ZANIA \u201dPOD KLUCZ\u201d - Nigos elektronik\" \/>\n<meta property=\"og:description\" content=\"[vc_row css_animation=\u201d\u201d row_type=\u201drow\u201d use_row_as_full_screen_section=\u201dno\u201d type=\u201dfull_width\u201d angled_section=\u201dno\u201d text_align=\u201dleft\u201d background_image_as_pattern=\u201dwithout_pattern\u201d][vc_column][vc_row_inner row_type=\u201drow\u201d type=\u201dfull_width\u201d text_align=\u201dleft\u201d css_animation=\u201d\u201d][vc_column_inner][vc_empty_space][vc_column_text]Standardowa dostawa suszarni i kom\u00f3r parowych do drewna \u201dNIGOS-elektronik\u201d obejmuje: Budowa sprz\u0119tu i komory Dostawa i instalacja sprz\u0119tu i kom\u00f3r Instalacja oprogramowania NIGOS do zdalnego monitorowania i sterowania procesem suszenia \/ parowania Uruchomienie suszarni...\" \/>\n<meta property=\"og:url\" content=\"https:\/\/nigossusare.rs\/pl\/uslugi\/rozwiazania-pod-klucz\/\" \/>\n<meta property=\"og:site_name\" content=\"Nigos elektronik\" \/>\n<meta property=\"article:modified_time\" content=\"2023-07-26T17:07:54+00:00\" \/>\n<meta property=\"og:image\" content=\"https:\/\/nigossusare.rs\/wp-content\/uploads\/2024\/08\/vks-1200x675-2.jpg\" \/>\n\t<meta property=\"og:image:width\" content=\"1200\" \/>\n\t<meta property=\"og:image:height\" content=\"675\" \/>\n\t<meta property=\"og:image:type\" content=\"image\/jpeg\" \/>\n<meta name=\"twitter:card\" content=\"summary_large_image\" \/>\n<meta name=\"twitter:label1\" content=\"Est. reading time\" \/>\n\t<meta name=\"twitter:data1\" content=\"1 minuta\" \/>\n<script type=\"application\/ld+json\" class=\"yoast-schema-graph\">{\"@context\":\"https:\\\/\\\/schema.org\",\"@graph\":[{\"@type\":\"WebPage\",\"@id\":\"https:\\\/\\\/nigossusare.rs\\\/pl\\\/uslugi\\\/rozwiazania-pod-klucz\\\/\",\"url\":\"https:\\\/\\\/nigossusare.rs\\\/pl\\\/uslugi\\\/rozwiazania-pod-klucz\\\/\",\"name\":\"ROZWI\u0104ZANIA \u201dPOD KLUCZ\u201d - Nigos elektronik\",\"isPartOf\":{\"@id\":\"https:\\\/\\\/nigossusare.rs\\\/#website\"},\"datePublished\":\"2020-11-09T21:45:21+00:00\",\"dateModified\":\"2023-07-26T17:07:54+00:00\",\"breadcrumb\":{\"@id\":\"https:\\\/\\\/nigossusare.rs\\\/pl\\\/uslugi\\\/rozwiazania-pod-klucz\\\/#breadcrumb\"},\"inLanguage\":\"pl-PL\",\"potentialAction\":[{\"@type\":\"ReadAction\",\"target\":[\"https:\\\/\\\/nigossusare.rs\\\/pl\\\/uslugi\\\/rozwiazania-pod-klucz\\\/\"]}]},{\"@type\":\"BreadcrumbList\",\"@id\":\"https:\\\/\\\/nigossusare.rs\\\/pl\\\/uslugi\\\/rozwiazania-pod-klucz\\\/#breadcrumb\",\"itemListElement\":[{\"@type\":\"ListItem\",\"position\":1,\"name\":\"Home\",\"item\":\"https:\\\/\\\/nigossusare.rs\\\/pl\\\/glowna\\\/\"},{\"@type\":\"ListItem\",\"position\":2,\"name\":\"Us\u0142ugi\",\"item\":\"\\\/pl\\\/\"},{\"@type\":\"ListItem\",\"position\":3,\"name\":\"ROZWI\u0104ZANIA \u201dPOD KLUCZ\u201d\"}]},{\"@type\":\"WebSite\",\"@id\":\"https:\\\/\\\/nigossusare.rs\\\/#website\",\"url\":\"https:\\\/\\\/nigossusare.rs\\\/\",\"name\":\"Nigos elektronik\",\"description\":\"Susare za drvo, wood dryers, drying kilns, moisture meters\",\"publisher\":{\"@id\":\"https:\\\/\\\/nigossusare.rs\\\/#organization\"},\"alternateName\":\"Nigos-elektronik\",\"potentialAction\":[{\"@type\":\"SearchAction\",\"target\":{\"@type\":\"EntryPoint\",\"urlTemplate\":\"https:\\\/\\\/nigossusare.rs\\\/?s={search_term_string}\"},\"query-input\":{\"@type\":\"PropertyValueSpecification\",\"valueRequired\":true,\"valueName\":\"search_term_string\"}}],\"inLanguage\":\"pl-PL\"},{\"@type\":\"Organization\",\"@id\":\"https:\\\/\\\/nigossusare.rs\\\/#organization\",\"name\":\"Nigos elektronik\",\"url\":\"https:\\\/\\\/nigossusare.rs\\\/\",\"logo\":{\"@type\":\"ImageObject\",\"inLanguage\":\"pl-PL\",\"@id\":\"https:\\\/\\\/nigossusare.rs\\\/#\\\/schema\\\/logo\\\/image\\\/\",\"url\":\"https:\\\/\\\/nigossusare.rs\\\/wp-content\\\/uploads\\\/2020\\\/06\\\/NIGOS-elektronik-logo.png\",\"contentUrl\":\"https:\\\/\\\/nigossusare.rs\\\/wp-content\\\/uploads\\\/2020\\\/06\\\/NIGOS-elektronik-logo.png\",\"width\":205,\"height\":70,\"caption\":\"Nigos elektronik\"},\"image\":{\"@id\":\"https:\\\/\\\/nigossusare.rs\\\/#\\\/schema\\\/logo\\\/image\\\/\"},\"sameAs\":[\"https:\\\/\\\/rs.linkedin.com\\\/in\\\/nigos-elektronik-nis-b82b2037\",\"https:\\\/\\\/www.youtube.com\\\/watch?v=2LPdHiVUvu8\"]}]}<\/script>\n<!-- \/ Yoast SEO plugin. -->","yoast_head_json":{"title":"ROZWI\u0104ZANIA \u201dPOD KLUCZ\u201d - Nigos elektronik","robots":{"index":"index","follow":"follow","max-snippet":"max-snippet:-1","max-image-preview":"max-image-preview:large","max-video-preview":"max-video-preview:-1"},"canonical":"https:\/\/nigossusare.rs\/pl\/uslugi\/rozwiazania-pod-klucz\/","og_locale":"pl_PL","og_type":"article","og_title":"ROZWI\u0104ZANIA \u201dPOD KLUCZ\u201d - Nigos elektronik","og_description":"[vc_row css_animation=\u201d\u201d row_type=\u201drow\u201d use_row_as_full_screen_section=\u201dno\u201d type=\u201dfull_width\u201d angled_section=\u201dno\u201d text_align=\u201dleft\u201d background_image_as_pattern=\u201dwithout_pattern\u201d][vc_column][vc_row_inner row_type=\u201drow\u201d type=\u201dfull_width\u201d text_align=\u201dleft\u201d css_animation=\u201d\u201d][vc_column_inner][vc_empty_space][vc_column_text]Standardowa dostawa suszarni i kom\u00f3r parowych do drewna \u201dNIGOS-elektronik\u201d obejmuje: Budowa sprz\u0119tu i komory Dostawa i instalacja sprz\u0119tu i kom\u00f3r Instalacja oprogramowania NIGOS do zdalnego monitorowania i sterowania procesem suszenia \/ parowania Uruchomienie suszarni...","og_url":"https:\/\/nigossusare.rs\/pl\/uslugi\/rozwiazania-pod-klucz\/","og_site_name":"Nigos elektronik","article_modified_time":"2023-07-26T17:07:54+00:00","og_image":[{"width":1200,"height":675,"url":"https:\/\/nigossusare.rs\/wp-content\/uploads\/2024\/08\/vks-1200x675-2.jpg","type":"image\/jpeg"}],"twitter_card":"summary_large_image","twitter_misc":{"Est. reading time":"1 minuta"},"schema":{"@context":"https:\/\/schema.org","@graph":[{"@type":"WebPage","@id":"https:\/\/nigossusare.rs\/pl\/uslugi\/rozwiazania-pod-klucz\/","url":"https:\/\/nigossusare.rs\/pl\/uslugi\/rozwiazania-pod-klucz\/","name":"ROZWI\u0104ZANIA \u201dPOD KLUCZ\u201d - Nigos elektronik","isPartOf":{"@id":"https:\/\/nigossusare.rs\/#website"},"datePublished":"2020-11-09T21:45:21+00:00","dateModified":"2023-07-26T17:07:54+00:00","breadcrumb":{"@id":"https:\/\/nigossusare.rs\/pl\/uslugi\/rozwiazania-pod-klucz\/#breadcrumb"},"inLanguage":"pl-PL","potentialAction":[{"@type":"ReadAction","target":["https:\/\/nigossusare.rs\/pl\/uslugi\/rozwiazania-pod-klucz\/"]}]},{"@type":"BreadcrumbList","@id":"https:\/\/nigossusare.rs\/pl\/uslugi\/rozwiazania-pod-klucz\/#breadcrumb","itemListElement":[{"@type":"ListItem","position":1,"name":"Home","item":"https:\/\/nigossusare.rs\/pl\/glowna\/"},{"@type":"ListItem","position":2,"name":"Us\u0142ugi","item":"\/pl\/"},{"@type":"ListItem","position":3,"name":"ROZWI\u0104ZANIA \u201dPOD KLUCZ\u201d"}]},{"@type":"WebSite","@id":"https:\/\/nigossusare.rs\/#website","url":"https:\/\/nigossusare.rs\/","name":"Nigos elektronik","description":"Susare za drvo, wood dryers, drying kilns, moisture meters","publisher":{"@id":"https:\/\/nigossusare.rs\/#organization"},"alternateName":"Nigos-elektronik","potentialAction":[{"@type":"SearchAction","target":{"@type":"EntryPoint","urlTemplate":"https:\/\/nigossusare.rs\/?s={search_term_string}"},"query-input":{"@type":"PropertyValueSpecification","valueRequired":true,"valueName":"search_term_string"}}],"inLanguage":"pl-PL"},{"@type":"Organization","@id":"https:\/\/nigossusare.rs\/#organization","name":"Nigos elektronik","url":"https:\/\/nigossusare.rs\/","logo":{"@type":"ImageObject","inLanguage":"pl-PL","@id":"https:\/\/nigossusare.rs\/#\/schema\/logo\/image\/","url":"https:\/\/nigossusare.rs\/wp-content\/uploads\/2020\/06\/NIGOS-elektronik-logo.png","contentUrl":"https:\/\/nigossusare.rs\/wp-content\/uploads\/2020\/06\/NIGOS-elektronik-logo.png","width":205,"height":70,"caption":"Nigos elektronik"},"image":{"@id":"https:\/\/nigossusare.rs\/#\/schema\/logo\/image\/"},"sameAs":["https:\/\/rs.linkedin.com\/in\/nigos-elektronik-nis-b82b2037","https:\/\/www.youtube.com\/watch?v=2LPdHiVUvu8"]}]}},"_links":{"self":[{"href":"https:\/\/nigossusare.rs\/pl\/wp-json\/wp\/v2\/pages\/3176","targetHints":{"allow":["GET"]}}],"collection":[{"href":"https:\/\/nigossusare.rs\/pl\/wp-json\/wp\/v2\/pages"}],"about":[{"href":"https:\/\/nigossusare.rs\/pl\/wp-json\/wp\/v2\/types\/page"}],"author":[{"embeddable":true,"href":"https:\/\/nigossusare.rs\/pl\/wp-json\/wp\/v2\/users\/1"}],"replies":[{"embeddable":true,"href":"https:\/\/nigossusare.rs\/pl\/wp-json\/wp\/v2\/comments?post=3176"}],"version-history":[{"count":4,"href":"https:\/\/nigossusare.rs\/pl\/wp-json\/wp\/v2\/pages\/3176\/revisions"}],"predecessor-version":[{"id":5168,"href":"https:\/\/nigossusare.rs\/pl\/wp-json\/wp\/v2\/pages\/3176\/revisions\/5168"}],"up":[{"embeddable":true,"href":"https:\/\/nigossusare.rs\/pl\/wp-json\/wp\/v2\/pages\/3143"}],"wp:attachment":[{"href":"https:\/\/nigossusare.rs\/pl\/wp-json\/wp\/v2\/media?parent=3176"}],"curies":[{"name":"wp","href":"https:\/\/api.w.org\/{rel}","templated":true}]}}