{"id":3170,"date":"2020-11-09T22:38:40","date_gmt":"2020-11-09T21:38:40","guid":{"rendered":"https:\/\/nigossusare.rs\/?page_id=3170"},"modified":"2026-04-22T12:22:20","modified_gmt":"2026-04-22T10:22:20","slug":"after-sales","status":"publish","type":"page","link":"https:\/\/nigossusare.rs\/pl\/uslugi\/after-sales\/","title":{"rendered":"After sales"},"content":{"rendered":"<div class=\"wpb-content-wrapper\"><p>[vc_row css_animation=\u201d\u201d row_type=\u201drow\u201d use_row_as_full_screen_section=\u201dno\u201d type=\u201dfull_width\u201d angled_section=\u201dno\u201d text_align=\u201dleft\u201d background_image_as_pattern=\u201dwithout_pattern\u201d][vc_column][vc_empty_space][vc_column_text css=\u201d.vc_custom_1720115901423{margin-bottom: 10px !important;}\u201d]\u201dNIGOS-elektronik\u201d po\u015bwi\u0119ca wiele uwagi naszemu <strong>serwisowi posprzeda\u017cowemu<\/strong>. Klienci mog\u0105 na nas liczy\u0107 w zakresie konserwacji dostarczonego sprz\u0119tu i doradztwa w procesie suszenia.[\/vc_column_text][vc_column_text css=\u201d.vc_custom_1690390412127{margin-bottom: 10px !important;}\u201d]W ci\u0105gu pierwszych 24 miesi\u0119cy po zamontowaniu sprz\u0119tu udzielamy <strong>gwarancji na ca\u0142y sprz\u0119t<\/strong>, zapewniamy <strong>serwis<\/strong> na miejscu, wykonujemy bezp\u0142atn\u0105 dostaw\u0119 <strong>cz\u0119\u015bci zamiennych<\/strong> oraz zapewniamy wszelk\u0105 niezb\u0119dn\u0105 <strong>pomoc techniczn\u0105<\/strong>.[\/vc_column_text][vc_column_text css=\u201d.vc_custom_1690390442453{margin-bottom: 10px !important;}\u201d]Po up\u0142ywie okresu gwarancyjnego zapewniamy wszystkie niezb\u0119dne <strong>cz\u0119\u015bci zamienne<\/strong>.[\/vc_column_text][vc_column_text css=\u201d.vc_custom_1690390468285{margin-bottom: 10px !important;}\u201d]Na <strong>sterowniki automatyczne<\/strong> udzielamy 5-letniej <strong>gwarancji<\/strong>.[\/vc_column_text][vc_column_text css=\u201d.vc_custom_1690390493894{margin-bottom: 10px !important;}\u201d]Udzielamy <strong>pomocy zdalnej<\/strong>.[\/vc_column_text][vc_column_text css=\u201d.vc_custom_1690390523999{margin-bottom: 10px !important;}\u201d]Oferujemy r\u00f3wnie\u017c klientom <strong>regularny serwis konserwacyjny<\/strong>, kt\u00f3ry obejmuje co p\u00f3\u0142 roku lub rok wizyty w celu sprawdzenia komory i jej element\u00f3w.[\/vc_column_text][vc_empty_space][\/vc_column][\/vc_row]<\/p>\n<\/div>","protected":false},"excerpt":{"rendered":"<p>[vc_row css_animation=\u201d\u201d row_type=\u201drow\u201d use_row_as_full_screen_section=\u201dno\u201d type=\u201dfull_width\u201d angled_section=\u201dno\u201d text_align=\u201dleft\u201d background_image_as_pattern=\u201dwithout_pattern\u201d][vc_column][vc_empty_space][vc_column_text css=\u201d.vc_custom_1720115901423{margin-bottom: 10px !important;}\u201d]\u201dNIGOS-elektronik\u201d po\u015bwi\u0119ca wiele uwagi naszemu serwisowi posprzeda\u017cowemu. Klienci mog\u0105 na nas liczy\u0107 w zakresie konserwacji dostarczonego sprz\u0119tu i doradztwa w procesie suszenia.[\/vc_column_text][vc_column_text css=\u201d.vc_custom_1690390412127{margin-bottom: 10px !important;}\u201d]W ci\u0105gu pierwszych 24 miesi\u0119cy po zamontowaniu sprz\u0119tu udzielamy gwarancji na\u2026<\/p>\n","protected":false},"author":1,"featured_media":0,"parent":3143,"menu_order":0,"comment_status":"closed","ping_status":"closed","template":"","meta":{"footnotes":"","_links_to":"","_links_to_target":""},"class_list":["post-3170","page","type-page","status-publish","hentry"],"yoast_head":"<!-- This site is optimized with the Yoast SEO plugin v27.5 - https:\/\/yoast.com\/product\/yoast-seo-wordpress\/ -->\n<title>After sales - Nigos elektronik<\/title>\n<meta name=\"description\" content=\"Obs\u0142uga posprzeda\u017cna\" \/>\n<meta name=\"robots\" content=\"index, follow, max-snippet:-1, max-image-preview:large, max-video-preview:-1\" \/>\n<link rel=\"canonical\" href=\"https:\/\/nigossusare.rs\/usluge\/after-sales\/\" \/>\n<meta property=\"og:locale\" content=\"pl_PL\" \/>\n<meta property=\"og:type\" content=\"article\" \/>\n<meta property=\"og:title\" content=\"After sales - Nigos elektronik\" \/>\n<meta property=\"og:description\" content=\"Obs\u0142uga posprzeda\u017cna\" \/>\n<meta property=\"og:url\" content=\"https:\/\/nigossusare.rs\/usluge\/after-sales\/\" \/>\n<meta property=\"og:site_name\" content=\"Nigos elektronik\" \/>\n<meta property=\"article:modified_time\" content=\"2026-04-22T10:22:20+00:00\" \/>\n<meta property=\"og:image\" content=\"https:\/\/nigossusare.rs\/wp-content\/uploads\/2024\/08\/vks-1200x675-2.jpg\" \/>\n\t<meta property=\"og:image:width\" content=\"1200\" \/>\n\t<meta property=\"og:image:height\" content=\"675\" \/>\n\t<meta property=\"og:image:type\" content=\"image\/jpeg\" \/>\n<meta name=\"twitter:card\" content=\"summary_large_image\" \/>\n<meta name=\"twitter:label1\" content=\"Est. reading time\" \/>\n\t<meta name=\"twitter:data1\" content=\"1 minuta\" \/>\n<script type=\"application\/ld+json\" class=\"yoast-schema-graph\">{\"@context\":\"https:\\\/\\\/schema.org\",\"@graph\":[{\"@type\":\"WebPage\",\"@id\":\"https:\\\/\\\/nigossusare.rs\\\/usluge\\\/after-sales\\\/\",\"url\":\"https:\\\/\\\/nigossusare.rs\\\/usluge\\\/after-sales\\\/\",\"name\":\"After sales - Nigos elektronik\",\"isPartOf\":{\"@id\":\"https:\\\/\\\/nigossusare.rs\\\/#website\"},\"datePublished\":\"2020-11-09T21:38:40+00:00\",\"dateModified\":\"2026-04-22T10:22:20+00:00\",\"description\":\"Obs\u0142uga posprzeda\u017cna\",\"breadcrumb\":{\"@id\":\"https:\\\/\\\/nigossusare.rs\\\/usluge\\\/after-sales\\\/#breadcrumb\"},\"inLanguage\":\"pl-PL\",\"potentialAction\":[{\"@type\":\"ReadAction\",\"target\":[\"https:\\\/\\\/nigossusare.rs\\\/usluge\\\/after-sales\\\/\"]}]},{\"@type\":\"BreadcrumbList\",\"@id\":\"https:\\\/\\\/nigossusare.rs\\\/usluge\\\/after-sales\\\/#breadcrumb\",\"itemListElement\":[{\"@type\":\"ListItem\",\"position\":1,\"name\":\"Home\",\"item\":\"https:\\\/\\\/nigossusare.rs\\\/\"},{\"@type\":\"ListItem\",\"position\":2,\"name\":\"Us\u0142ugi\",\"item\":\"\\\/pl\\\/\"},{\"@type\":\"ListItem\",\"position\":3,\"name\":\"After sales\"}]},{\"@type\":\"WebSite\",\"@id\":\"https:\\\/\\\/nigossusare.rs\\\/#website\",\"url\":\"https:\\\/\\\/nigossusare.rs\\\/\",\"name\":\"Nigos elektronik\",\"description\":\"Susare za drvo, wood dryers, drying kilns, moisture meters\",\"publisher\":{\"@id\":\"https:\\\/\\\/nigossusare.rs\\\/#organization\"},\"alternateName\":\"Nigos-elektronik\",\"potentialAction\":[{\"@type\":\"SearchAction\",\"target\":{\"@type\":\"EntryPoint\",\"urlTemplate\":\"https:\\\/\\\/nigossusare.rs\\\/?s={search_term_string}\"},\"query-input\":{\"@type\":\"PropertyValueSpecification\",\"valueRequired\":true,\"valueName\":\"search_term_string\"}}],\"inLanguage\":\"pl-PL\"},{\"@type\":\"Organization\",\"@id\":\"https:\\\/\\\/nigossusare.rs\\\/#organization\",\"name\":\"Nigos elektronik\",\"url\":\"https:\\\/\\\/nigossusare.rs\\\/\",\"logo\":{\"@type\":\"ImageObject\",\"inLanguage\":\"pl-PL\",\"@id\":\"https:\\\/\\\/nigossusare.rs\\\/#\\\/schema\\\/logo\\\/image\\\/\",\"url\":\"https:\\\/\\\/nigossusare.rs\\\/wp-content\\\/uploads\\\/2020\\\/06\\\/NIGOS-elektronik-logo.png\",\"contentUrl\":\"https:\\\/\\\/nigossusare.rs\\\/wp-content\\\/uploads\\\/2020\\\/06\\\/NIGOS-elektronik-logo.png\",\"width\":205,\"height\":70,\"caption\":\"Nigos elektronik\"},\"image\":{\"@id\":\"https:\\\/\\\/nigossusare.rs\\\/#\\\/schema\\\/logo\\\/image\\\/\"},\"sameAs\":[\"https:\\\/\\\/rs.linkedin.com\\\/in\\\/nigos-elektronik-nis-b82b2037\",\"https:\\\/\\\/www.youtube.com\\\/watch?v=2LPdHiVUvu8\"]}]}<\/script>\n<!-- \/ Yoast SEO plugin. -->","yoast_head_json":{"title":"After sales - Nigos elektronik","description":"Obs\u0142uga posprzeda\u017cna","robots":{"index":"index","follow":"follow","max-snippet":"max-snippet:-1","max-image-preview":"max-image-preview:large","max-video-preview":"max-video-preview:-1"},"canonical":"https:\/\/nigossusare.rs\/usluge\/after-sales\/","og_locale":"pl_PL","og_type":"article","og_title":"After sales - Nigos elektronik","og_description":"Obs\u0142uga posprzeda\u017cna","og_url":"https:\/\/nigossusare.rs\/usluge\/after-sales\/","og_site_name":"Nigos elektronik","article_modified_time":"2026-04-22T10:22:20+00:00","og_image":[{"width":1200,"height":675,"url":"https:\/\/nigossusare.rs\/wp-content\/uploads\/2024\/08\/vks-1200x675-2.jpg","type":"image\/jpeg"}],"twitter_card":"summary_large_image","twitter_misc":{"Est. reading time":"1 minuta"},"schema":{"@context":"https:\/\/schema.org","@graph":[{"@type":"WebPage","@id":"https:\/\/nigossusare.rs\/usluge\/after-sales\/","url":"https:\/\/nigossusare.rs\/usluge\/after-sales\/","name":"After sales - Nigos elektronik","isPartOf":{"@id":"https:\/\/nigossusare.rs\/#website"},"datePublished":"2020-11-09T21:38:40+00:00","dateModified":"2026-04-22T10:22:20+00:00","description":"Obs\u0142uga posprzeda\u017cna","breadcrumb":{"@id":"https:\/\/nigossusare.rs\/usluge\/after-sales\/#breadcrumb"},"inLanguage":"pl-PL","potentialAction":[{"@type":"ReadAction","target":["https:\/\/nigossusare.rs\/usluge\/after-sales\/"]}]},{"@type":"BreadcrumbList","@id":"https:\/\/nigossusare.rs\/usluge\/after-sales\/#breadcrumb","itemListElement":[{"@type":"ListItem","position":1,"name":"Home","item":"https:\/\/nigossusare.rs\/"},{"@type":"ListItem","position":2,"name":"Us\u0142ugi","item":"\/pl\/"},{"@type":"ListItem","position":3,"name":"After sales"}]},{"@type":"WebSite","@id":"https:\/\/nigossusare.rs\/#website","url":"https:\/\/nigossusare.rs\/","name":"Nigos elektronik","description":"Susare za drvo, wood dryers, drying kilns, moisture meters","publisher":{"@id":"https:\/\/nigossusare.rs\/#organization"},"alternateName":"Nigos-elektronik","potentialAction":[{"@type":"SearchAction","target":{"@type":"EntryPoint","urlTemplate":"https:\/\/nigossusare.rs\/?s={search_term_string}"},"query-input":{"@type":"PropertyValueSpecification","valueRequired":true,"valueName":"search_term_string"}}],"inLanguage":"pl-PL"},{"@type":"Organization","@id":"https:\/\/nigossusare.rs\/#organization","name":"Nigos elektronik","url":"https:\/\/nigossusare.rs\/","logo":{"@type":"ImageObject","inLanguage":"pl-PL","@id":"https:\/\/nigossusare.rs\/#\/schema\/logo\/image\/","url":"https:\/\/nigossusare.rs\/wp-content\/uploads\/2020\/06\/NIGOS-elektronik-logo.png","contentUrl":"https:\/\/nigossusare.rs\/wp-content\/uploads\/2020\/06\/NIGOS-elektronik-logo.png","width":205,"height":70,"caption":"Nigos elektronik"},"image":{"@id":"https:\/\/nigossusare.rs\/#\/schema\/logo\/image\/"},"sameAs":["https:\/\/rs.linkedin.com\/in\/nigos-elektronik-nis-b82b2037","https:\/\/www.youtube.com\/watch?v=2LPdHiVUvu8"]}]}},"_links":{"self":[{"href":"https:\/\/nigossusare.rs\/pl\/wp-json\/wp\/v2\/pages\/3170","targetHints":{"allow":["GET"]}}],"collection":[{"href":"https:\/\/nigossusare.rs\/pl\/wp-json\/wp\/v2\/pages"}],"about":[{"href":"https:\/\/nigossusare.rs\/pl\/wp-json\/wp\/v2\/types\/page"}],"author":[{"embeddable":true,"href":"https:\/\/nigossusare.rs\/pl\/wp-json\/wp\/v2\/users\/1"}],"replies":[{"embeddable":true,"href":"https:\/\/nigossusare.rs\/pl\/wp-json\/wp\/v2\/comments?post=3170"}],"version-history":[{"count":4,"href":"https:\/\/nigossusare.rs\/pl\/wp-json\/wp\/v2\/pages\/3170\/revisions"}],"predecessor-version":[{"id":6427,"href":"https:\/\/nigossusare.rs\/pl\/wp-json\/wp\/v2\/pages\/3170\/revisions\/6427"}],"up":[{"embeddable":true,"href":"https:\/\/nigossusare.rs\/pl\/wp-json\/wp\/v2\/pages\/3143"}],"wp:attachment":[{"href":"https:\/\/nigossusare.rs\/pl\/wp-json\/wp\/v2\/media?parent=3170"}],"curies":[{"name":"wp","href":"https:\/\/api.w.org\/{rel}","templated":true}]}}