{"id":3158,"date":"2020-11-09T22:15:41","date_gmt":"2020-11-09T21:15:41","guid":{"rendered":"https:\/\/nigossusare.rs\/?page_id=3158"},"modified":"2026-04-08T15:54:50","modified_gmt":"2026-04-08T13:54:50","slug":"dlaczego-nigos","status":"publish","type":"page","link":"https:\/\/nigossusare.rs\/pl\/o-nas\/dlaczego-nigos\/","title":{"rendered":"Dlaczego Nigos"},"content":{"rendered":"<div class=\"wpb-content-wrapper\"><p>[vc_row css_animation=\u201d\u201d row_type=\u201drow\u201d use_row_as_full_screen_section=\u201dno\u201d type=\u201dfull_width\u201d angled_section=\u201dno\u201d text_align=\u201dleft\u201d background_image_as_pattern=\u201dwithout_pattern\u201d][vc_column][vc_empty_space height=\u201d50px\u201d][vc_column_text css=\u201d\u201d]<\/p>\n<p style=\"text-align: center;\">Firma <b>\u201eNIGOS-elektronik\u201d<\/b> zawsze wychodzi\u0142a naprzeciw oczekiwaniom swoich klient\u00f3w, poniewa\u017c Wy, nasi klienci, jeste\u015bcie nasz\u0105 prawdziw\u0105 rekomendacj\u0105.<\/p>\n<p>\u00a0<\/p>\n<p style=\"text-align: center;\">Klienci ufaj\u0105 nam od ponad 35 lat na ca\u0142ym \u015bwiecie.<\/p>\n<p>\u00a0<\/p>\n<p style=\"text-align: center;\">\u00a0Wiedz\u0105c, \u017ce podtrzymanie zaufania oznacza ci\u0105g\u0142y post\u0119p, nadal trzymamy si\u0119 naszego podstawowego motta:<\/p>\n<p>\u00a0<\/p>\n<p style=\"text-align: center;\"><b>\u201eJako\u015b\u0107, niezawodno\u015b\u0107 i przyzwoite ceny\u201d.<\/b>.<\/p>\n<p>[\/vc_column_text][vc_empty_space][\/vc_column][\/vc_row][vc_row css_animation=\u201d\u201d row_type=\u201drow\u201d use_row_as_full_screen_section=\u201dno\u201d type=\u201dfull_width\u201d angled_section=\u201dno\u201d text_align=\u201dleft\u201d background_image_as_pattern=\u201dwithout_pattern\u201d z_index=\u201d\u201d][vc_column el_class=\u201dnigos-pie\u201d offset=\u201dvc_hidden-lg vc_hidden-md vc_hidden-sm vc_hidden-xs\u201d]<div class='q_pie_graf_holder'><div class='q_pie_graf'><canvas id='pie3351' height='320' width='320'><\/canvas><\/div><div class='q_pie_graf_legend'><ul><li><div class='color_holder' style='background-color: #004586;'><\/div><p style='color: #000000;'>Kvalitet pre svega<\/p><\/li><li><div class='color_holder' style='background-color: #ff420e;'><\/div><p style='color: #000000;'>Ispunjenje zahteva kupaca<\/p><\/li><li><div class='color_holder' style='background-color: #ffd320;'><\/div><p style='color: #000000;'>Postovanje standarda<\/p><\/li><li><div class='color_holder' style='background-color: #579d1c;'><\/div><p style='color: #000000;'>Sopstveni R i D<\/p><\/li><li><div class='color_holder' style='background-color: #ff3366;'><\/div><p style='color: #000000;'>Automati sopstvene proizvodnje<\/p><\/li><li><div class='color_holder' style='background-color: #83caff;'><\/div><p style='color: #000000;'>30 godina iskustva<\/p><\/li><li><div class='color_holder' style='background-color: #314004;'><\/div><p style='color: #000000;'>Tehnicka podrska 24<\/p><\/li><\/ul><\/div><\/div><script>var pie3351 = [{value: 14,color:'#004586'},{value: 14,color:'#ff420e'},{value: 15,color:'#ffd320'},{value: 14,color:'#579d1c'},{value: 14,color:'#ff3366'},{value: 15,color:'#83caff'},{value: 14,color:'#314004'}];\n\t\tvar $j = jQuery.noConflict();\n\t\t$j(document).ready(function() {\n\t\t\tif($j('.touch .no_delay').length){\n\t\t\t\tnew Chart(document.getElementById('pie3351').getContext('2d')).Doughnut(pie3351,{segmentStrokeColor : 'transparent',});\n\t\t\t}else{\n\t\t\t\t$j('#pie3351').appear(function() {\n\t\t\t\t\tnew Chart(document.getElementById('pie3351').getContext('2d')).Doughnut(pie3351,{segmentStrokeColor : 'transparent',});\n\t\t\t\t},{accX: 0, accY: -200});\n\t\t\t}\n\t\t});\n\t<\/script>[vc_empty_space][\/vc_column][\/vc_row][vc_row css_animation=\u201d\u201d row_type=\u201drow\u201d use_row_as_full_screen_section=\u201dno\u201d type=\u201dfull_width\u201d angled_section=\u201dno\u201d text_align=\u201dcenter\u201d background_image_as_pattern=\u201dwithout_pattern\u201d z_index=\u201d\u201d][vc_column][vc_column_text]<\/p>\n<p style=\"text-align: center;\"><video style=\"width: 100%; height: 100%; max-width: 600px;\" autoplay=\"autoplay\" controls=\"controls\" width=\"100%\" height=\"150\"><span style=\"display: inline-block; width: 0px; overflow: hidden; line-height: 0;\" data-mce-type=\"bookmark\" class=\"mce_SELRES_start\">\ufeff<\/span><source src=\"https:\/\/nigossusare.rs\/wp-content\/uploads\/2020\/06\/Film-zasto-Nigos.mp4\" type=\"video\/mp4\" \/>Your browser does not support the video tag.<\/video><\/p>\n<p>[\/vc_column_text][\/vc_column][\/vc_row][vc_row css_animation=\u201d\u201d row_type=\u201drow\u201d use_row_as_full_screen_section=\u201dno\u201d type=\u201dfull_width\u201d angled_section=\u201dno\u201d text_align=\u201dleft\u201d background_image_as_pattern=\u201dwithout_pattern\u201d][vc_column][vc_empty_space][vc_column_text css=\u201d\u201d]<\/p>\n<p style=\"text-align: center;\">\u201dNIGOS-elektronik\u201d jest Twoim niezawodnym partnerem w rozwoju i realizacji suszarni do drewna, kom\u00f3r parowych i sterownik\u00f3w do suszenia drewna.<br \/>\nKoncentrujemy si\u0119 na jako\u015bci produkt\u00f3w, wysokich standardach produkcji i testowania urz\u0105dze\u0144 oraz na rozwi\u0105zaniach przyjaznych dla klimatu, obejmuj\u0105cych ochron\u0119 \u015brodowiska, racjonalne zu\u017cycie zasob\u00f3w naturalnych i energii oraz redukcj\u0119 \u015bladu w\u0119glowego produkt\u00f3w (CFP).<\/p>\n<p>\u00a0<\/p>\n<p style=\"text-align: center;\">Nasze suszarnie s\u0105 ekologiczne, energooszcz\u0119dne i innowacyjne, trwa\u0142e i wytrzyma\u0142e, a ponadto zapewniaj\u0105 doskona\u0142\u0105 jako\u015b\u0107 suszenia.<\/p>\n<p>\u00a0<\/p>\n<p style=\"text-align: center;\">\u0141\u0105cz\u0105c potrzeby naszych klient\u00f3w z naszym bogatym do\u015bwiadczeniem, opracowujemy innowacje i nowe rozwi\u0105zania techniczne, kt\u00f3re stosujemy w suszarniach i komorach parowych, aby oszcz\u0119dza\u0107 energi\u0119 ciepln\u0105 i elektryczn\u0105, oszcz\u0119dza\u0107 wod\u0119, zwi\u0119ksza\u0107 efektywno\u015b\u0107 energetyczn\u0105 oraz zmniejsza\u0107 emisj\u0119 CO2 i poziom ha\u0142asu.<\/p>\n<p>\u00a0<\/p>\n<p style=\"text-align: center;\">To w\u0142a\u015bnie nasza elastyczno\u015b\u0107 w poszukiwaniu najlepszego rozwi\u0105zania dla ka\u017cdego klienta wyr\u00f3\u017cnia nas na tle konkurencji.<\/p>\n<p>\u00a0<\/p>\n<p style=\"text-align: center;\">Opr\u00f3cz standardowych suszarni produkujemy r\u00f3wnie\u017c suszarnie \u201dna zam\u00f3wienie\u201d, specjalnie stworzone na miar\u0119 zgodnie z wymaganiami klient\u00f3w, a tak\u017ce oferujemy realizacj\u0119 projekt\u00f3w \u201dpod klucz\u201d.<\/p>\n<p>\u00a0<\/p>\n<p style=\"text-align: center;\">Realizujemy ca\u0142y proces samodzielnie \u2013 pocz\u0105wszy od zam\u00f3wienia produktu, rozwoju i projektowania, poprzez realizacj\u0119 produkcji i dostaw\u0119, a\u017c po sam monta\u017c.<\/p>\n<p>\u00a0<\/p>\n<p style=\"text-align: center;\">Dokonuj\u0105c zakupu nie zapomnij, jak wa\u017cna jest wieloletnia gwarancja oraz serwis i us\u0142ugi posprzeda\u017cowe, kt\u00f3re zapewniamy. Poniewa\u017c suszarnie i urz\u0105dzenia produkowane s\u0105 we w\u0142asnych zak\u0142adach produkcyjnych w Serbii, jeste\u015bmy dost\u0119pni dla naszych klient\u00f3w bezpo\u015brednio i w najkr\u00f3tszym mo\u017cliwym czasie.<\/p>\n<p>\u00a0<\/p>\n<p style=\"text-align: center;\">Nasza wieloletnia wiedza, do\u015bwiadczenie i zaanga\u017cowanie s\u0105 zawsze do Pa\u0144stwa dyspozycji.<\/p>\n<p>\u00a0<\/p>\n<p style=\"text-align: center;\"><b>Witamy!<\/b><\/p>\n<p>[\/vc_column_text][vc_empty_space][\/vc_column][\/vc_row]<\/p>\n<\/div>","protected":false},"excerpt":{"rendered":"<p>[vc_row css_animation=\u201d\u201d row_type=\u201drow\u201d use_row_as_full_screen_section=\u201dno\u201d type=\u201dfull_width\u201d angled_section=\u201dno\u201d text_align=\u201dleft\u201d background_image_as_pattern=\u201dwithout_pattern\u201d][vc_column][vc_empty_space height=\u201d50px\u201d][vc_column_text css=\u201d\u201d] Firma \u201eNIGOS-elektronik\u201d zawsze wychodzi\u0142a naprzeciw oczekiwaniom swoich klient\u00f3w, poniewa\u017c Wy, nasi klienci, jeste\u015bcie nasz\u0105 prawdziw\u0105 rekomendacj\u0105. \u00a0 Klienci ufaj\u0105 nam od ponad 35 lat na ca\u0142ym \u015bwiecie. \u00a0 \u00a0Wiedz\u0105c, \u017ce podtrzymanie zaufania oznacza ci\u0105g\u0142y post\u0119p,\u2026<\/p>\n","protected":false},"author":1,"featured_media":0,"parent":3160,"menu_order":0,"comment_status":"closed","ping_status":"closed","template":"","meta":{"footnotes":"","_links_to":"","_links_to_target":""},"class_list":["post-3158","page","type-page","status-publish","hentry"],"yoast_head":"<!-- This site is optimized with the Yoast SEO plugin v27.4 - https:\/\/yoast.com\/product\/yoast-seo-wordpress\/ -->\n<title>Dlaczego Nigos - Nigos elektronik<\/title>\n<meta name=\"robots\" content=\"index, follow, max-snippet:-1, max-image-preview:large, max-video-preview:-1\" \/>\n<link rel=\"canonical\" href=\"https:\/\/nigossusare.rs\/pl\/o-nas\/dlaczego-nigos\/\" \/>\n<meta property=\"og:locale\" content=\"pl_PL\" \/>\n<meta property=\"og:type\" content=\"article\" \/>\n<meta property=\"og:title\" content=\"Dlaczego Nigos - Nigos elektronik\" \/>\n<meta property=\"og:description\" content=\"[vc_row css_animation=\u201d\u201d row_type=\u201drow\u201d use_row_as_full_screen_section=\u201dno\u201d type=\u201dfull_width\u201d angled_section=\u201dno\u201d text_align=\u201dleft\u201d background_image_as_pattern=\u201dwithout_pattern\u201d][vc_column][vc_empty_space height=\u201d50px\u201d][vc_column_text css=\u201d\u201d] Firma \u201eNIGOS-elektronik\u201d zawsze wychodzi\u0142a naprzeciw oczekiwaniom swoich klient\u00f3w, poniewa\u017c Wy, nasi klienci, jeste\u015bcie nasz\u0105 prawdziw\u0105 rekomendacj\u0105. \u00a0 Klienci ufaj\u0105 nam od ponad 35 lat na ca\u0142ym \u015bwiecie. \u00a0 \u00a0Wiedz\u0105c, \u017ce podtrzymanie zaufania oznacza ci\u0105g\u0142y post\u0119p,...\" \/>\n<meta property=\"og:url\" content=\"https:\/\/nigossusare.rs\/pl\/o-nas\/dlaczego-nigos\/\" \/>\n<meta property=\"og:site_name\" content=\"Nigos elektronik\" \/>\n<meta property=\"article:modified_time\" content=\"2026-04-08T13:54:50+00:00\" \/>\n<meta property=\"og:image\" content=\"https:\/\/nigossusare.rs\/wp-content\/uploads\/2024\/08\/vks-1200x675-2.jpg\" \/>\n\t<meta property=\"og:image:width\" content=\"1200\" \/>\n\t<meta property=\"og:image:height\" content=\"675\" \/>\n\t<meta property=\"og:image:type\" content=\"image\/jpeg\" \/>\n<meta name=\"twitter:card\" content=\"summary_large_image\" \/>\n<meta name=\"twitter:label1\" content=\"Est. reading time\" \/>\n\t<meta name=\"twitter:data1\" content=\"2 minuty\" \/>\n<script type=\"application\/ld+json\" class=\"yoast-schema-graph\">{\"@context\":\"https:\\\/\\\/schema.org\",\"@graph\":[{\"@type\":\"WebPage\",\"@id\":\"https:\\\/\\\/nigossusare.rs\\\/pl\\\/o-nas\\\/dlaczego-nigos\\\/\",\"url\":\"https:\\\/\\\/nigossusare.rs\\\/pl\\\/o-nas\\\/dlaczego-nigos\\\/\",\"name\":\"Dlaczego Nigos - Nigos elektronik\",\"isPartOf\":{\"@id\":\"https:\\\/\\\/nigossusare.rs\\\/#website\"},\"datePublished\":\"2020-11-09T21:15:41+00:00\",\"dateModified\":\"2026-04-08T13:54:50+00:00\",\"breadcrumb\":{\"@id\":\"https:\\\/\\\/nigossusare.rs\\\/pl\\\/o-nas\\\/dlaczego-nigos\\\/#breadcrumb\"},\"inLanguage\":\"pl-PL\",\"potentialAction\":[{\"@type\":\"ReadAction\",\"target\":[\"https:\\\/\\\/nigossusare.rs\\\/pl\\\/o-nas\\\/dlaczego-nigos\\\/\"]}]},{\"@type\":\"BreadcrumbList\",\"@id\":\"https:\\\/\\\/nigossusare.rs\\\/pl\\\/o-nas\\\/dlaczego-nigos\\\/#breadcrumb\",\"itemListElement\":[{\"@type\":\"ListItem\",\"position\":1,\"name\":\"Home\",\"item\":\"https:\\\/\\\/nigossusare.rs\\\/pl\\\/glowna\\\/\"},{\"@type\":\"ListItem\",\"position\":2,\"name\":\"O nas\",\"item\":\"\\\/pl\\\/\"},{\"@type\":\"ListItem\",\"position\":3,\"name\":\"Dlaczego Nigos\"}]},{\"@type\":\"WebSite\",\"@id\":\"https:\\\/\\\/nigossusare.rs\\\/#website\",\"url\":\"https:\\\/\\\/nigossusare.rs\\\/\",\"name\":\"Nigos elektronik\",\"description\":\"Susare za drvo, wood dryers, drying kilns, moisture meters\",\"publisher\":{\"@id\":\"https:\\\/\\\/nigossusare.rs\\\/#organization\"},\"alternateName\":\"Nigos-elektronik\",\"potentialAction\":[{\"@type\":\"SearchAction\",\"target\":{\"@type\":\"EntryPoint\",\"urlTemplate\":\"https:\\\/\\\/nigossusare.rs\\\/?s={search_term_string}\"},\"query-input\":{\"@type\":\"PropertyValueSpecification\",\"valueRequired\":true,\"valueName\":\"search_term_string\"}}],\"inLanguage\":\"pl-PL\"},{\"@type\":\"Organization\",\"@id\":\"https:\\\/\\\/nigossusare.rs\\\/#organization\",\"name\":\"Nigos elektronik\",\"url\":\"https:\\\/\\\/nigossusare.rs\\\/\",\"logo\":{\"@type\":\"ImageObject\",\"inLanguage\":\"pl-PL\",\"@id\":\"https:\\\/\\\/nigossusare.rs\\\/#\\\/schema\\\/logo\\\/image\\\/\",\"url\":\"https:\\\/\\\/nigossusare.rs\\\/wp-content\\\/uploads\\\/2020\\\/06\\\/NIGOS-elektronik-logo.png\",\"contentUrl\":\"https:\\\/\\\/nigossusare.rs\\\/wp-content\\\/uploads\\\/2020\\\/06\\\/NIGOS-elektronik-logo.png\",\"width\":205,\"height\":70,\"caption\":\"Nigos elektronik\"},\"image\":{\"@id\":\"https:\\\/\\\/nigossusare.rs\\\/#\\\/schema\\\/logo\\\/image\\\/\"},\"sameAs\":[\"https:\\\/\\\/rs.linkedin.com\\\/in\\\/nigos-elektronik-nis-b82b2037\",\"https:\\\/\\\/www.youtube.com\\\/watch?v=2LPdHiVUvu8\"]}]}<\/script>\n<!-- \/ Yoast SEO plugin. -->","yoast_head_json":{"title":"Dlaczego Nigos - Nigos elektronik","robots":{"index":"index","follow":"follow","max-snippet":"max-snippet:-1","max-image-preview":"max-image-preview:large","max-video-preview":"max-video-preview:-1"},"canonical":"https:\/\/nigossusare.rs\/pl\/o-nas\/dlaczego-nigos\/","og_locale":"pl_PL","og_type":"article","og_title":"Dlaczego Nigos - Nigos elektronik","og_description":"[vc_row css_animation=\u201d\u201d row_type=\u201drow\u201d use_row_as_full_screen_section=\u201dno\u201d type=\u201dfull_width\u201d angled_section=\u201dno\u201d text_align=\u201dleft\u201d background_image_as_pattern=\u201dwithout_pattern\u201d][vc_column][vc_empty_space height=\u201d50px\u201d][vc_column_text css=\u201d\u201d] Firma \u201eNIGOS-elektronik\u201d zawsze wychodzi\u0142a naprzeciw oczekiwaniom swoich klient\u00f3w, poniewa\u017c Wy, nasi klienci, jeste\u015bcie nasz\u0105 prawdziw\u0105 rekomendacj\u0105. \u00a0 Klienci ufaj\u0105 nam od ponad 35 lat na ca\u0142ym \u015bwiecie. \u00a0 \u00a0Wiedz\u0105c, \u017ce podtrzymanie zaufania oznacza ci\u0105g\u0142y post\u0119p,...","og_url":"https:\/\/nigossusare.rs\/pl\/o-nas\/dlaczego-nigos\/","og_site_name":"Nigos elektronik","article_modified_time":"2026-04-08T13:54:50+00:00","og_image":[{"width":1200,"height":675,"url":"https:\/\/nigossusare.rs\/wp-content\/uploads\/2024\/08\/vks-1200x675-2.jpg","type":"image\/jpeg"}],"twitter_card":"summary_large_image","twitter_misc":{"Est. reading time":"2 minuty"},"schema":{"@context":"https:\/\/schema.org","@graph":[{"@type":"WebPage","@id":"https:\/\/nigossusare.rs\/pl\/o-nas\/dlaczego-nigos\/","url":"https:\/\/nigossusare.rs\/pl\/o-nas\/dlaczego-nigos\/","name":"Dlaczego Nigos - Nigos elektronik","isPartOf":{"@id":"https:\/\/nigossusare.rs\/#website"},"datePublished":"2020-11-09T21:15:41+00:00","dateModified":"2026-04-08T13:54:50+00:00","breadcrumb":{"@id":"https:\/\/nigossusare.rs\/pl\/o-nas\/dlaczego-nigos\/#breadcrumb"},"inLanguage":"pl-PL","potentialAction":[{"@type":"ReadAction","target":["https:\/\/nigossusare.rs\/pl\/o-nas\/dlaczego-nigos\/"]}]},{"@type":"BreadcrumbList","@id":"https:\/\/nigossusare.rs\/pl\/o-nas\/dlaczego-nigos\/#breadcrumb","itemListElement":[{"@type":"ListItem","position":1,"name":"Home","item":"https:\/\/nigossusare.rs\/pl\/glowna\/"},{"@type":"ListItem","position":2,"name":"O nas","item":"\/pl\/"},{"@type":"ListItem","position":3,"name":"Dlaczego Nigos"}]},{"@type":"WebSite","@id":"https:\/\/nigossusare.rs\/#website","url":"https:\/\/nigossusare.rs\/","name":"Nigos elektronik","description":"Susare za drvo, wood dryers, drying kilns, moisture meters","publisher":{"@id":"https:\/\/nigossusare.rs\/#organization"},"alternateName":"Nigos-elektronik","potentialAction":[{"@type":"SearchAction","target":{"@type":"EntryPoint","urlTemplate":"https:\/\/nigossusare.rs\/?s={search_term_string}"},"query-input":{"@type":"PropertyValueSpecification","valueRequired":true,"valueName":"search_term_string"}}],"inLanguage":"pl-PL"},{"@type":"Organization","@id":"https:\/\/nigossusare.rs\/#organization","name":"Nigos elektronik","url":"https:\/\/nigossusare.rs\/","logo":{"@type":"ImageObject","inLanguage":"pl-PL","@id":"https:\/\/nigossusare.rs\/#\/schema\/logo\/image\/","url":"https:\/\/nigossusare.rs\/wp-content\/uploads\/2020\/06\/NIGOS-elektronik-logo.png","contentUrl":"https:\/\/nigossusare.rs\/wp-content\/uploads\/2020\/06\/NIGOS-elektronik-logo.png","width":205,"height":70,"caption":"Nigos elektronik"},"image":{"@id":"https:\/\/nigossusare.rs\/#\/schema\/logo\/image\/"},"sameAs":["https:\/\/rs.linkedin.com\/in\/nigos-elektronik-nis-b82b2037","https:\/\/www.youtube.com\/watch?v=2LPdHiVUvu8"]}]}},"_links":{"self":[{"href":"https:\/\/nigossusare.rs\/pl\/wp-json\/wp\/v2\/pages\/3158","targetHints":{"allow":["GET"]}}],"collection":[{"href":"https:\/\/nigossusare.rs\/pl\/wp-json\/wp\/v2\/pages"}],"about":[{"href":"https:\/\/nigossusare.rs\/pl\/wp-json\/wp\/v2\/types\/page"}],"author":[{"embeddable":true,"href":"https:\/\/nigossusare.rs\/pl\/wp-json\/wp\/v2\/users\/1"}],"replies":[{"embeddable":true,"href":"https:\/\/nigossusare.rs\/pl\/wp-json\/wp\/v2\/comments?post=3158"}],"version-history":[{"count":6,"href":"https:\/\/nigossusare.rs\/pl\/wp-json\/wp\/v2\/pages\/3158\/revisions"}],"predecessor-version":[{"id":6987,"href":"https:\/\/nigossusare.rs\/pl\/wp-json\/wp\/v2\/pages\/3158\/revisions\/6987"}],"up":[{"embeddable":true,"href":"https:\/\/nigossusare.rs\/pl\/wp-json\/wp\/v2\/pages\/3160"}],"wp:attachment":[{"href":"https:\/\/nigossusare.rs\/pl\/wp-json\/wp\/v2\/media?parent=3158"}],"curies":[{"name":"wp","href":"https:\/\/api.w.org\/{rel}","templated":true}]}}