{"id":3134,"date":"2020-11-02T22:57:16","date_gmt":"2020-11-02T21:57:16","guid":{"rendered":"https:\/\/nigossusare.rs\/?page_id=3134"},"modified":"2024-07-15T09:57:43","modified_gmt":"2024-07-15T07:57:43","slug":"automatyzacja-i-modernizacja","status":"publish","type":"page","link":"https:\/\/nigossusare.rs\/pl\/uslugi\/automatyzacja-i-modernizacja\/","title":{"rendered":"AUTOMATYZACJA I MODERNIZACJA"},"content":{"rendered":"<div class=\"wpb-content-wrapper\"><p>[vc_row css_animation=\u201d\u201d row_type=\u201drow\u201d use_row_as_full_screen_section=\u201dno\u201d type=\u201dfull_width\u201d angled_section=\u201dno\u201d text_align=\u201dleft\u201d background_image_as_pattern=\u201dwithout_pattern\u201d][vc_column width=\u201d1\/2\u2033][vc_empty_space][vc_column_text]<strong>AUTOMATYZACJA<\/strong> \u2013 monta\u017c sterownik\u00f3w automatycznych produkowanych w \u201dNIGOS-elektronik\u201d \u2013 jest standardowa us\u0142uga, kt\u00f3r\u0105 oferujemy dla wi\u0119kszo\u015bci suszarni innych producent\u00f3w.<\/p>\n<p>\u00a0<\/p>\n<p>Instaluj\u0105c nowe sterowniki automatyczne, u\u017cytkownik uzyskuje wiele korzy\u015bci:<\/p>\n<ul>\n<li>wyd\u0142u\u017cenie \u017cywotno\u015bci suszarni<\/li>\n<li>dok\u0142adny pomiar (najcz\u0119stszy problem ze starymi systemami sterowania)<\/li>\n<li>du\u017ca liczba re\u017cim\u00f3w suszenia NIGOS<\/li>\n<li>mo\u017cliwo\u015b\u0107 dostosowania re\u017cim\u00f3w suszenia NIGOS dostosowanych do klienta<\/li>\n<li>informacja zwrotna o dzia\u0142aniu kluczowych element\u00f3w suszarni (wentylatory, pompy cyrkulacyjne itp.)<\/li>\n<li>opr\u00f3cz kontroli pracy mo\u017cliwo\u015b\u0107 monitorowania i analizowania procesu suszenia poprzez pod\u0142\u0105czenie jednego lub wi\u0119cej sterownik\u00f3w automatycznych do komputera<\/li>\n<li>mo\u017cliwo\u015b\u0107 dost\u0119pu do komputera z innego komputera lub urz\u0105dzenia mobilnego za po\u015brednictwem oprogramowania do zdalnego dost\u0119pu<\/li>\n<li>pomoc techniczna<\/li>\n<\/ul>\n<p>\u00a0<\/p>\n<p>Do tej pory nasze automatyczne sterowniki zosta\u0142y zainstalowane w suszarniach wi\u0119kszo\u015bci \u015bwiatowych producent\u00f3w.[\/vc_column_text][vc_empty_space][\/vc_column][vc_column width=\u201d1\/2\u2033][vc_empty_space][vc_column_text]Instalacja sterownik\u00f3w automatycznych \u201dNIGOS-elektronik\u201d umo\u017cliwia <strong>MODERNIZACJ\u0118<\/strong> suszarni poprzez zainstalowanie nast\u0119puj\u0105cych element\u00f3w wykonawczych:<\/p>\n<p>\u00a0<\/p>\n<ul>\n<li>przetwornice cz\u0119stotliwo\u015bci do sterowania prac\u0105 i regulacja pr\u0119dko\u015bci wentylatora do cyrkulacji<\/li>\n<li>system odzysku ciep\u0142a (rekuperator) dla wydajniejszej wymiany powietrza i oszcz\u0119dno\u015b\u0107 energii cieplnej<\/li>\n<li>wentylator w klapie do przyspieszonego wyp\u0142ywu powietrza w trybie ON\/OFF lub przez przetwornic\u0119 cz\u0119stotliwo\u015bci w regulacji PI<\/li>\n<li>dwustronny system nawil\u017cania wysokoci\u015bnieniowego<\/li>\n<li>pompy ciep\u0142a z regulacj\u0105 mocy spr\u0119\u017carki na podstawie wilgotno\u015bci powietrza<\/li>\n<li>komponenty do sterowania prac\u0105 pomp cyrkulacyjna (standardowych i SMART)<\/li>\n<li>z miernikom zu\u017cycia energii elektrycznej i cieplnej mo\u017cliwe jest monitorowanie i analizowanie koszt\u00f3w ka\u017cdego cyklu suszenia (tylko ze sterownikiem automatycznym MC-3000)<\/li>\n<\/ul>\n<p>[\/vc_column_text][vc_empty_space][\/vc_column][\/vc_row][vc_row css_animation=\u201d\u201d row_type=\u201drow\u201d use_row_as_full_screen_section=\u201dno\u201d type=\u201dfull_width\u201d angled_section=\u201dno\u201d text_align=\u201dleft\u201d background_image_as_pattern=\u201dwithout_pattern\u201d][vc_column][vc_empty_space height=\u201d10px\u201d][vc_gallery type=\u201dimage_grid\u201d images=\u201d6453,6459,6462,6465,6468,6471,6474,1030,1031,1027,1574,1570,6477,1029,1028,6480\u2033 img_size=\u201dmedium\u201d css_animation=\u201drollIn\u201d column_number=\u201d4\u2033 grayscale=\u201dno\u201d images_space=\u201dgallery_with_space\u201d el_class=\u201dprettyphoto\u201d][\/vc_column][\/vc_row]<\/p>\n<\/div>","protected":false},"excerpt":{"rendered":"<p>[vc_row css_animation=\u201d\u201d row_type=\u201drow\u201d use_row_as_full_screen_section=\u201dno\u201d type=\u201dfull_width\u201d angled_section=\u201dno\u201d text_align=\u201dleft\u201d background_image_as_pattern=\u201dwithout_pattern\u201d][vc_column width=\u201d1\/2\u2033][vc_empty_space][vc_column_text]AUTOMATYZACJA \u2013 monta\u017c sterownik\u00f3w automatycznych produkowanych w \u201dNIGOS-elektronik\u201d \u2013 jest standardowa us\u0142uga, kt\u00f3r\u0105 oferujemy dla wi\u0119kszo\u015bci suszarni innych producent\u00f3w. \u00a0 Instaluj\u0105c nowe sterowniki automatyczne, u\u017cytkownik uzyskuje wiele korzy\u015bci: wyd\u0142u\u017cenie \u017cywotno\u015bci suszarni dok\u0142adny pomiar (najcz\u0119stszy problem ze starymi\u2026<\/p>\n","protected":false},"author":1,"featured_media":0,"parent":3143,"menu_order":0,"comment_status":"closed","ping_status":"closed","template":"","meta":{"footnotes":"","_links_to":"","_links_to_target":""},"class_list":["post-3134","page","type-page","status-publish","hentry"],"yoast_head":"<!-- This site is optimized with the Yoast SEO plugin v27.4 - https:\/\/yoast.com\/product\/yoast-seo-wordpress\/ -->\n<title>AUTOMATYZACJA I MODERNIZACJA - Nigos elektronik<\/title>\n<meta name=\"robots\" content=\"index, follow, max-snippet:-1, max-image-preview:large, max-video-preview:-1\" \/>\n<link rel=\"canonical\" href=\"https:\/\/nigossusare.rs\/pl\/uslugi\/automatyzacja-i-modernizacja\/\" \/>\n<meta property=\"og:locale\" content=\"pl_PL\" \/>\n<meta property=\"og:type\" content=\"article\" \/>\n<meta property=\"og:title\" content=\"AUTOMATYZACJA I MODERNIZACJA - Nigos elektronik\" \/>\n<meta property=\"og:description\" content=\"[vc_row css_animation=\u201d\u201d row_type=\u201drow\u201d use_row_as_full_screen_section=\u201dno\u201d type=\u201dfull_width\u201d angled_section=\u201dno\u201d text_align=\u201dleft\u201d background_image_as_pattern=\u201dwithout_pattern\u201d][vc_column width=\u201d1\/2\u2033][vc_empty_space][vc_column_text]AUTOMATYZACJA \u2013 monta\u017c sterownik\u00f3w automatycznych produkowanych w \u201dNIGOS-elektronik\u201d \u2013 jest standardowa us\u0142uga, kt\u00f3r\u0105 oferujemy dla wi\u0119kszo\u015bci suszarni innych producent\u00f3w. \u00a0 Instaluj\u0105c nowe sterowniki automatyczne, u\u017cytkownik uzyskuje wiele korzy\u015bci: wyd\u0142u\u017cenie \u017cywotno\u015bci suszarni dok\u0142adny pomiar (najcz\u0119stszy problem ze starymi...\" \/>\n<meta property=\"og:url\" content=\"https:\/\/nigossusare.rs\/pl\/uslugi\/automatyzacja-i-modernizacja\/\" \/>\n<meta property=\"og:site_name\" content=\"Nigos elektronik\" \/>\n<meta property=\"article:modified_time\" content=\"2024-07-15T07:57:43+00:00\" \/>\n<meta property=\"og:image\" content=\"https:\/\/nigossusare.rs\/wp-content\/uploads\/2024\/08\/vks-1200x675-2.jpg\" \/>\n\t<meta property=\"og:image:width\" content=\"1200\" \/>\n\t<meta property=\"og:image:height\" content=\"675\" \/>\n\t<meta property=\"og:image:type\" content=\"image\/jpeg\" \/>\n<meta name=\"twitter:card\" content=\"summary_large_image\" \/>\n<meta name=\"twitter:label1\" content=\"Est. reading time\" \/>\n\t<meta name=\"twitter:data1\" content=\"4 minuty\" \/>\n<script type=\"application\/ld+json\" class=\"yoast-schema-graph\">{\"@context\":\"https:\\\/\\\/schema.org\",\"@graph\":[{\"@type\":\"WebPage\",\"@id\":\"https:\\\/\\\/nigossusare.rs\\\/pl\\\/uslugi\\\/automatyzacja-i-modernizacja\\\/\",\"url\":\"https:\\\/\\\/nigossusare.rs\\\/pl\\\/uslugi\\\/automatyzacja-i-modernizacja\\\/\",\"name\":\"AUTOMATYZACJA I MODERNIZACJA - Nigos elektronik\",\"isPartOf\":{\"@id\":\"https:\\\/\\\/nigossusare.rs\\\/#website\"},\"datePublished\":\"2020-11-02T21:57:16+00:00\",\"dateModified\":\"2024-07-15T07:57:43+00:00\",\"breadcrumb\":{\"@id\":\"https:\\\/\\\/nigossusare.rs\\\/pl\\\/uslugi\\\/automatyzacja-i-modernizacja\\\/#breadcrumb\"},\"inLanguage\":\"pl-PL\",\"potentialAction\":[{\"@type\":\"ReadAction\",\"target\":[\"https:\\\/\\\/nigossusare.rs\\\/pl\\\/uslugi\\\/automatyzacja-i-modernizacja\\\/\"]}]},{\"@type\":\"BreadcrumbList\",\"@id\":\"https:\\\/\\\/nigossusare.rs\\\/pl\\\/uslugi\\\/automatyzacja-i-modernizacja\\\/#breadcrumb\",\"itemListElement\":[{\"@type\":\"ListItem\",\"position\":1,\"name\":\"Home\",\"item\":\"https:\\\/\\\/nigossusare.rs\\\/pl\\\/glowna\\\/\"},{\"@type\":\"ListItem\",\"position\":2,\"name\":\"Us\u0142ugi\",\"item\":\"\\\/pl\\\/\"},{\"@type\":\"ListItem\",\"position\":3,\"name\":\"AUTOMATYZACJA I MODERNIZACJA\"}]},{\"@type\":\"WebSite\",\"@id\":\"https:\\\/\\\/nigossusare.rs\\\/#website\",\"url\":\"https:\\\/\\\/nigossusare.rs\\\/\",\"name\":\"Nigos elektronik\",\"description\":\"Susare za drvo, wood dryers, drying kilns, moisture meters\",\"publisher\":{\"@id\":\"https:\\\/\\\/nigossusare.rs\\\/#organization\"},\"alternateName\":\"Nigos-elektronik\",\"potentialAction\":[{\"@type\":\"SearchAction\",\"target\":{\"@type\":\"EntryPoint\",\"urlTemplate\":\"https:\\\/\\\/nigossusare.rs\\\/?s={search_term_string}\"},\"query-input\":{\"@type\":\"PropertyValueSpecification\",\"valueRequired\":true,\"valueName\":\"search_term_string\"}}],\"inLanguage\":\"pl-PL\"},{\"@type\":\"Organization\",\"@id\":\"https:\\\/\\\/nigossusare.rs\\\/#organization\",\"name\":\"Nigos elektronik\",\"url\":\"https:\\\/\\\/nigossusare.rs\\\/\",\"logo\":{\"@type\":\"ImageObject\",\"inLanguage\":\"pl-PL\",\"@id\":\"https:\\\/\\\/nigossusare.rs\\\/#\\\/schema\\\/logo\\\/image\\\/\",\"url\":\"https:\\\/\\\/nigossusare.rs\\\/wp-content\\\/uploads\\\/2020\\\/06\\\/NIGOS-elektronik-logo.png\",\"contentUrl\":\"https:\\\/\\\/nigossusare.rs\\\/wp-content\\\/uploads\\\/2020\\\/06\\\/NIGOS-elektronik-logo.png\",\"width\":205,\"height\":70,\"caption\":\"Nigos elektronik\"},\"image\":{\"@id\":\"https:\\\/\\\/nigossusare.rs\\\/#\\\/schema\\\/logo\\\/image\\\/\"},\"sameAs\":[\"https:\\\/\\\/rs.linkedin.com\\\/in\\\/nigos-elektronik-nis-b82b2037\",\"https:\\\/\\\/www.youtube.com\\\/watch?v=2LPdHiVUvu8\"]}]}<\/script>\n<!-- \/ Yoast SEO plugin. -->","yoast_head_json":{"title":"AUTOMATYZACJA I MODERNIZACJA - Nigos elektronik","robots":{"index":"index","follow":"follow","max-snippet":"max-snippet:-1","max-image-preview":"max-image-preview:large","max-video-preview":"max-video-preview:-1"},"canonical":"https:\/\/nigossusare.rs\/pl\/uslugi\/automatyzacja-i-modernizacja\/","og_locale":"pl_PL","og_type":"article","og_title":"AUTOMATYZACJA I MODERNIZACJA - Nigos elektronik","og_description":"[vc_row css_animation=\u201d\u201d row_type=\u201drow\u201d use_row_as_full_screen_section=\u201dno\u201d type=\u201dfull_width\u201d angled_section=\u201dno\u201d text_align=\u201dleft\u201d background_image_as_pattern=\u201dwithout_pattern\u201d][vc_column width=\u201d1\/2\u2033][vc_empty_space][vc_column_text]AUTOMATYZACJA \u2013 monta\u017c sterownik\u00f3w automatycznych produkowanych w \u201dNIGOS-elektronik\u201d \u2013 jest standardowa us\u0142uga, kt\u00f3r\u0105 oferujemy dla wi\u0119kszo\u015bci suszarni innych producent\u00f3w. \u00a0 Instaluj\u0105c nowe sterowniki automatyczne, u\u017cytkownik uzyskuje wiele korzy\u015bci: wyd\u0142u\u017cenie \u017cywotno\u015bci suszarni dok\u0142adny pomiar (najcz\u0119stszy problem ze starymi...","og_url":"https:\/\/nigossusare.rs\/pl\/uslugi\/automatyzacja-i-modernizacja\/","og_site_name":"Nigos elektronik","article_modified_time":"2024-07-15T07:57:43+00:00","og_image":[{"width":1200,"height":675,"url":"https:\/\/nigossusare.rs\/wp-content\/uploads\/2024\/08\/vks-1200x675-2.jpg","type":"image\/jpeg"}],"twitter_card":"summary_large_image","twitter_misc":{"Est. reading time":"4 minuty"},"schema":{"@context":"https:\/\/schema.org","@graph":[{"@type":"WebPage","@id":"https:\/\/nigossusare.rs\/pl\/uslugi\/automatyzacja-i-modernizacja\/","url":"https:\/\/nigossusare.rs\/pl\/uslugi\/automatyzacja-i-modernizacja\/","name":"AUTOMATYZACJA I MODERNIZACJA - Nigos elektronik","isPartOf":{"@id":"https:\/\/nigossusare.rs\/#website"},"datePublished":"2020-11-02T21:57:16+00:00","dateModified":"2024-07-15T07:57:43+00:00","breadcrumb":{"@id":"https:\/\/nigossusare.rs\/pl\/uslugi\/automatyzacja-i-modernizacja\/#breadcrumb"},"inLanguage":"pl-PL","potentialAction":[{"@type":"ReadAction","target":["https:\/\/nigossusare.rs\/pl\/uslugi\/automatyzacja-i-modernizacja\/"]}]},{"@type":"BreadcrumbList","@id":"https:\/\/nigossusare.rs\/pl\/uslugi\/automatyzacja-i-modernizacja\/#breadcrumb","itemListElement":[{"@type":"ListItem","position":1,"name":"Home","item":"https:\/\/nigossusare.rs\/pl\/glowna\/"},{"@type":"ListItem","position":2,"name":"Us\u0142ugi","item":"\/pl\/"},{"@type":"ListItem","position":3,"name":"AUTOMATYZACJA I MODERNIZACJA"}]},{"@type":"WebSite","@id":"https:\/\/nigossusare.rs\/#website","url":"https:\/\/nigossusare.rs\/","name":"Nigos elektronik","description":"Susare za drvo, wood dryers, drying kilns, moisture meters","publisher":{"@id":"https:\/\/nigossusare.rs\/#organization"},"alternateName":"Nigos-elektronik","potentialAction":[{"@type":"SearchAction","target":{"@type":"EntryPoint","urlTemplate":"https:\/\/nigossusare.rs\/?s={search_term_string}"},"query-input":{"@type":"PropertyValueSpecification","valueRequired":true,"valueName":"search_term_string"}}],"inLanguage":"pl-PL"},{"@type":"Organization","@id":"https:\/\/nigossusare.rs\/#organization","name":"Nigos elektronik","url":"https:\/\/nigossusare.rs\/","logo":{"@type":"ImageObject","inLanguage":"pl-PL","@id":"https:\/\/nigossusare.rs\/#\/schema\/logo\/image\/","url":"https:\/\/nigossusare.rs\/wp-content\/uploads\/2020\/06\/NIGOS-elektronik-logo.png","contentUrl":"https:\/\/nigossusare.rs\/wp-content\/uploads\/2020\/06\/NIGOS-elektronik-logo.png","width":205,"height":70,"caption":"Nigos elektronik"},"image":{"@id":"https:\/\/nigossusare.rs\/#\/schema\/logo\/image\/"},"sameAs":["https:\/\/rs.linkedin.com\/in\/nigos-elektronik-nis-b82b2037","https:\/\/www.youtube.com\/watch?v=2LPdHiVUvu8"]}]}},"_links":{"self":[{"href":"https:\/\/nigossusare.rs\/pl\/wp-json\/wp\/v2\/pages\/3134","targetHints":{"allow":["GET"]}}],"collection":[{"href":"https:\/\/nigossusare.rs\/pl\/wp-json\/wp\/v2\/pages"}],"about":[{"href":"https:\/\/nigossusare.rs\/pl\/wp-json\/wp\/v2\/types\/page"}],"author":[{"embeddable":true,"href":"https:\/\/nigossusare.rs\/pl\/wp-json\/wp\/v2\/users\/1"}],"replies":[{"embeddable":true,"href":"https:\/\/nigossusare.rs\/pl\/wp-json\/wp\/v2\/comments?post=3134"}],"version-history":[{"count":5,"href":"https:\/\/nigossusare.rs\/pl\/wp-json\/wp\/v2\/pages\/3134\/revisions"}],"predecessor-version":[{"id":6491,"href":"https:\/\/nigossusare.rs\/pl\/wp-json\/wp\/v2\/pages\/3134\/revisions\/6491"}],"up":[{"embeddable":true,"href":"https:\/\/nigossusare.rs\/pl\/wp-json\/wp\/v2\/pages\/3143"}],"wp:attachment":[{"href":"https:\/\/nigossusare.rs\/pl\/wp-json\/wp\/v2\/media?parent=3134"}],"curies":[{"name":"wp","href":"https:\/\/api.w.org\/{rel}","templated":true}]}}